{"id":970,"date":"2021-05-11T10:52:45","date_gmt":"2021-05-11T10:52:45","guid":{"rendered":"https:\/\/biozoon.de\/webshop\/?post_type=product&#038;p=970"},"modified":"2022-09-04T11:46:36","modified_gmt":"2022-09-04T11:46:36","slug":"maltoplus-4kg-eimer","status":"publish","type":"product","link":"https:\/\/biozoon.de\/shop\/product\/maltoplus-4kg-eimer\/","title":{"rendered":"MALTOplus 4 kg Eimer"},"content":{"rendered":"<p><span style=\"color: #008080;\"><strong><em>Malto<\/em><\/strong><\/span><span style=\"color: #808080;\"><strong>plus<\/strong><\/span> im 4 kg Eimer<\/p>\n<p>Es ist ein hervorragendes, wasserl\u00f6sliches Kohlenhydratgemisch zur Energieanreicherung von Speisen &amp; Getr\u00e4nken.<\/p>\n<p><strong>Zutaten<\/strong>: 100 % Maltodextrin enzymatisch gewonnen aus Maisst\u00e4rke<\/p>\n<p><strong>Eigenschaften und Anwendung:\u00a0<\/strong><\/p>\n<p><span style=\"color: #008080;\"><em><strong>Mal<\/strong><\/em><em><strong>to<\/strong><\/em><\/span><span style=\"color: #808080;\"><strong>Plus<\/strong><\/span> ist ein Gemisch von verschiedenen Kohlenhydraten (Zuckerarten), das geschmacklich neutral und sehr leicht zu verdauen ist. Der Wirkstoff wird enzymatisch aus Maisst\u00e4rke gewonnen. Die normale St\u00e4rke ist ein sogenanntes Polysaccharid (Vielfachzucker), das hei\u00dft, sie besteht aus vielen aneinandergereihten Zuckermolek\u00fclen (wie eine Perlenschnur). Durch Behandlung mit Enzymen wird die St\u00e4rke in kurze St\u00fccke gespalten. Das dabei entstehende Maltodextrin ist ein Gemisch aus kurzkettigen Zuckern (unterschiedlich gro\u00dfe Teile der Perlenschnur). Durch die verk\u00fcrzte Kettenl\u00e4nge wird es, genauso schnell wie der Einfachzucker Glucose Traubenzucker, aus dem Darm ins Blut aufgenommen, das hei\u00dft verstoffwechselt . Weil es kaum s\u00fc\u00df schmeckt, kann eine gro\u00dfe Menge eingesetzt werden, ohne, dass es den Geschmack des Getr\u00e4nkes oder der Speise wesentlich beeinflusst. <strong>Maltodextrin\u00a0<\/strong>wird in der Regel t\u00e4glich zus\u00e4tzlich zur anderen Nahrung eingenommen.<\/p>\n<p><strong>Maltodextrin<\/strong> wird bei Aufnahme durch den K\u00f6rper sofort verstoffwechselt und sorgt so f\u00fcr eine <b>schnelle Energiezufuhr (der\/die Betroffene wirkt wacher). <\/b>Des Weiteren wirkt <strong>Maltodextrin<\/strong> auch <b>appetitanregend<\/b>. Je nach Energiebedarf in kalte und\/oder war\u00adme Speisen und Getr\u00e4nke einr\u00fchren. Ein ge\u00adh\u00e4ufter Essl\u00f6ffel (ca. 9 g) entspricht ca. 147 kJ \/ 35 kcal. Die t\u00e4gliche Gesamtmenge <span style=\"color: #008080;\"><em><strong>Mal<\/strong><\/em><em><strong>to<\/strong><\/em><\/span><span style=\"color: #808080;\"><strong>Plus <\/strong><\/span>richtet sich nach dem individuellen Energiebedarf des Betroffenen und der g\u00fcltigen Di\u00e4tvorschrift.<\/p>\n<p>Pro Tag sollte idealerweise zwischen 40 bis 100 g Maltodextrin verwendet werden. Pro Gramm\u00a0 <strong>Maltodextrin<\/strong> sind etwas 95 Gramm Kohlenhydrate enthalten, die etwa 380 Kilokalorien (kcal) enthalten. Ein Essl\u00f6ffel <strong>Maltodextrin<\/strong> entspricht ungef\u00e4hr 35 kcal.*<\/p>\n<p><strong>Anwendungsbeispiele<\/strong><\/p>\n<ul>\n<li>200 ml Wasser mit 40 g <strong>Maltodextrin<\/strong><\/li>\n<li>200 ml warmer Tee mit 80 g <strong>Maltodextrin<\/strong><\/li>\n<li>200 ml Fruchtsaft mit 40 g <strong>Maltodextrin<\/strong><\/li>\n<li>180 g Joghurt mit 30 g <strong>Maltodextrin<\/strong><\/li>\n<\/ul>\n<p>*Falls der\/die Betroffene Diabetes mellitus (Zuckerkrankheit leiden), sprechen Sie den Einsatz von <strong>Maltodextrin<\/strong> mit Ihrem Arzt, Apotheker oder der Ern\u00e4hrungsberatung ab.<\/p>\n","protected":false},"excerpt":{"rendered":"<div class=\"logo-right\" style=\"margin-top: 10px;\">\n<div class=\"row\">\n<div class=\"col-md-12\"><img loading=\"lazy\" decoding=\"async\" class=\"alignnone size-full wp-image-1425\" src=\"https:\/\/biozoon.de\/shop\/wp-content\/uploads\/2021\/05\/Logo-Malto-Plus.png\" alt=\"\" width=\"417\" height=\"133\" srcset=\"https:\/\/biozoon.de\/shop\/wp-content\/uploads\/2021\/05\/Logo-Malto-Plus.png 417w, https:\/\/biozoon.de\/shop\/wp-content\/uploads\/2021\/05\/Logo-Malto-Plus-246x78.png 246w\" sizes=\"auto, (max-width: 417px) 100vw, 417px\" \/><\/div>\n<\/div>\n<\/div>\n","protected":false},"featured_media":971,"comment_status":"open","ping_status":"closed","template":"","meta":[],"product_brand":[],"product_cat":[201],"product_tag":[428,1078],"class_list":{"0":"post-970","1":"product","2":"type-product","3":"status-publish","4":"has-post-thumbnail","6":"product_cat-texturgeber-smoothfood-produkte","7":"product_tag-anreicherung","8":"product_tag-maltodextrin","10":"first","11":"instock","12":"taxable","13":"shipping-taxable","14":"product-type-simple","15":"add-to-wishlist-before_image"},"yoast_head":"<!-- This site is optimized with the Yoast SEO plugin v27.3 - https:\/\/yoast.com\/product\/yoast-seo-wordpress\/ -->\n<title>Maltodextrin - 4kg Eimer nur 6\u20ac\/kg<\/title>\n<meta name=\"description\" content=\"MaltoPlus -hochwertiges, wasserl\u00f6sliches Kohlenhydratgemisch zur Energieanreicherung von Speisen &amp; Getr\u00e4nken bei Mangelern\u00e4hrung\" \/>\n<meta name=\"robots\" content=\"index, follow, max-snippet:-1, max-image-preview:large, max-video-preview:-1\" \/>\n<link rel=\"canonical\" href=\"https:\/\/biozoon.de\/shop\/product\/maltoplus-4kg-eimer\/\" \/>\n<meta property=\"og:locale\" content=\"en_US\" \/>\n<meta property=\"og:type\" content=\"article\" \/>\n<meta property=\"og:title\" content=\"Maltodextrin - 4kg Eimer nur 6\u20ac\/kg\" \/>\n<meta property=\"og:description\" content=\"MaltoPlus -hochwertiges, wasserl\u00f6sliches Kohlenhydratgemisch zur Energieanreicherung von Speisen &amp; Getr\u00e4nken bei Mangelern\u00e4hrung\" \/>\n<meta property=\"og:url\" content=\"https:\/\/biozoon.de\/shop\/product\/maltoplus-4kg-eimer\/\" \/>\n<meta property=\"og:site_name\" content=\"Biozoon Shop\" \/>\n<meta property=\"article:publisher\" content=\"https:\/\/www.facebook.com\/pages\/category\/Food---Beverage\/biozoon-113514145340245\/\" \/>\n<meta property=\"article:modified_time\" content=\"2022-09-04T11:46:36+00:00\" \/>\n<meta property=\"og:image\" content=\"https:\/\/biozoon.de\/shop\/wp-content\/uploads\/2021\/05\/maltoplus-eimer-4kg-600x600-1.jpg\" \/>\n\t<meta property=\"og:image:width\" content=\"600\" \/>\n\t<meta property=\"og:image:height\" content=\"600\" \/>\n\t<meta property=\"og:image:type\" content=\"image\/jpeg\" \/>\n<meta name=\"twitter:card\" content=\"summary_large_image\" \/>\n<meta name=\"twitter:label1\" content=\"Est. reading time\" \/>\n\t<meta name=\"twitter:data1\" content=\"2 minutes\" \/>\n<script type=\"application\/ld+json\" class=\"yoast-schema-graph\">{\"@context\":\"https:\\\/\\\/schema.org\",\"@graph\":[{\"@type\":\"WebPage\",\"@id\":\"https:\\\/\\\/biozoon.de\\\/shop\\\/product\\\/maltoplus-4kg-eimer\\\/\",\"url\":\"https:\\\/\\\/biozoon.de\\\/shop\\\/product\\\/maltoplus-4kg-eimer\\\/\",\"name\":\"Maltodextrin - 4kg Eimer nur 6\u20ac\\\/kg\",\"isPartOf\":{\"@id\":\"https:\\\/\\\/biozoon.de\\\/shop\\\/#website\"},\"primaryImageOfPage\":{\"@id\":\"https:\\\/\\\/biozoon.de\\\/shop\\\/product\\\/maltoplus-4kg-eimer\\\/#primaryimage\"},\"image\":{\"@id\":\"https:\\\/\\\/biozoon.de\\\/shop\\\/product\\\/maltoplus-4kg-eimer\\\/#primaryimage\"},\"thumbnailUrl\":\"https:\\\/\\\/biozoon.de\\\/shop\\\/wp-content\\\/uploads\\\/2021\\\/05\\\/maltoplus-eimer-4kg-600x600-1.jpg\",\"datePublished\":\"2021-05-11T10:52:45+00:00\",\"dateModified\":\"2022-09-04T11:46:36+00:00\",\"description\":\"MaltoPlus -hochwertiges, wasserl\u00f6sliches Kohlenhydratgemisch zur Energieanreicherung von Speisen & Getr\u00e4nken bei Mangelern\u00e4hrung\",\"breadcrumb\":{\"@id\":\"https:\\\/\\\/biozoon.de\\\/shop\\\/product\\\/maltoplus-4kg-eimer\\\/#breadcrumb\"},\"inLanguage\":\"en-US\",\"potentialAction\":[{\"@type\":\"ReadAction\",\"target\":[\"https:\\\/\\\/biozoon.de\\\/shop\\\/product\\\/maltoplus-4kg-eimer\\\/\"]}]},{\"@type\":\"ImageObject\",\"inLanguage\":\"en-US\",\"@id\":\"https:\\\/\\\/biozoon.de\\\/shop\\\/product\\\/maltoplus-4kg-eimer\\\/#primaryimage\",\"url\":\"https:\\\/\\\/biozoon.de\\\/shop\\\/wp-content\\\/uploads\\\/2021\\\/05\\\/maltoplus-eimer-4kg-600x600-1.jpg\",\"contentUrl\":\"https:\\\/\\\/biozoon.de\\\/shop\\\/wp-content\\\/uploads\\\/2021\\\/05\\\/maltoplus-eimer-4kg-600x600-1.jpg\",\"width\":600,\"height\":600,\"caption\":\"MALTOplus 4kg Eimer\"},{\"@type\":\"BreadcrumbList\",\"@id\":\"https:\\\/\\\/biozoon.de\\\/shop\\\/product\\\/maltoplus-4kg-eimer\\\/#breadcrumb\",\"itemListElement\":[{\"@type\":\"ListItem\",\"position\":1,\"name\":\"Home\",\"item\":\"https:\\\/\\\/biozoon.de\\\/shop\\\/\"},{\"@type\":\"ListItem\",\"position\":2,\"name\":\"Shop\",\"item\":\"https:\\\/\\\/biozoon.de\\\/shop\\\/shop\\\/\"},{\"@type\":\"ListItem\",\"position\":3,\"name\":\"smoothfood Produkte\",\"item\":\"https:\\\/\\\/biozoon.de\\\/shop\\\/product-category\\\/smoothfood-produkte\\\/\"},{\"@type\":\"ListItem\",\"position\":4,\"name\":\"Texturgeber\",\"item\":\"https:\\\/\\\/biozoon.de\\\/shop\\\/product-category\\\/smoothfood-produkte\\\/texturgeber-smoothfood-produkte\\\/\"},{\"@type\":\"ListItem\",\"position\":5,\"name\":\"MALTOplus 4 kg Eimer\"}]},{\"@type\":\"WebSite\",\"@id\":\"https:\\\/\\\/biozoon.de\\\/shop\\\/#website\",\"url\":\"https:\\\/\\\/biozoon.de\\\/shop\\\/\",\"name\":\"Biozoon Shop\",\"description\":\"\",\"potentialAction\":[{\"@type\":\"SearchAction\",\"target\":{\"@type\":\"EntryPoint\",\"urlTemplate\":\"https:\\\/\\\/biozoon.de\\\/shop\\\/?s={search_term_string}\"},\"query-input\":{\"@type\":\"PropertyValueSpecification\",\"valueRequired\":true,\"valueName\":\"search_term_string\"}}],\"inLanguage\":\"en-US\"}]}<\/script>\n<!-- \/ Yoast SEO plugin. -->","yoast_head_json":{"title":"Maltodextrin - 4kg Eimer nur 6\u20ac\/kg","description":"MaltoPlus -hochwertiges, wasserl\u00f6sliches Kohlenhydratgemisch zur Energieanreicherung von Speisen & Getr\u00e4nken bei Mangelern\u00e4hrung","robots":{"index":"index","follow":"follow","max-snippet":"max-snippet:-1","max-image-preview":"max-image-preview:large","max-video-preview":"max-video-preview:-1"},"canonical":"https:\/\/biozoon.de\/shop\/product\/maltoplus-4kg-eimer\/","og_locale":"en_US","og_type":"article","og_title":"Maltodextrin - 4kg Eimer nur 6\u20ac\/kg","og_description":"MaltoPlus -hochwertiges, wasserl\u00f6sliches Kohlenhydratgemisch zur Energieanreicherung von Speisen & Getr\u00e4nken bei Mangelern\u00e4hrung","og_url":"https:\/\/biozoon.de\/shop\/product\/maltoplus-4kg-eimer\/","og_site_name":"Biozoon Shop","article_publisher":"https:\/\/www.facebook.com\/pages\/category\/Food---Beverage\/biozoon-113514145340245\/","article_modified_time":"2022-09-04T11:46:36+00:00","og_image":[{"width":600,"height":600,"url":"https:\/\/biozoon.de\/shop\/wp-content\/uploads\/2021\/05\/maltoplus-eimer-4kg-600x600-1.jpg","type":"image\/jpeg"}],"twitter_card":"summary_large_image","twitter_misc":{"Est. reading time":"2 minutes"},"schema":{"@context":"https:\/\/schema.org","@graph":[{"@type":"WebPage","@id":"https:\/\/biozoon.de\/shop\/product\/maltoplus-4kg-eimer\/","url":"https:\/\/biozoon.de\/shop\/product\/maltoplus-4kg-eimer\/","name":"Maltodextrin - 4kg Eimer nur 6\u20ac\/kg","isPartOf":{"@id":"https:\/\/biozoon.de\/shop\/#website"},"primaryImageOfPage":{"@id":"https:\/\/biozoon.de\/shop\/product\/maltoplus-4kg-eimer\/#primaryimage"},"image":{"@id":"https:\/\/biozoon.de\/shop\/product\/maltoplus-4kg-eimer\/#primaryimage"},"thumbnailUrl":"https:\/\/biozoon.de\/shop\/wp-content\/uploads\/2021\/05\/maltoplus-eimer-4kg-600x600-1.jpg","datePublished":"2021-05-11T10:52:45+00:00","dateModified":"2022-09-04T11:46:36+00:00","description":"MaltoPlus -hochwertiges, wasserl\u00f6sliches Kohlenhydratgemisch zur Energieanreicherung von Speisen & Getr\u00e4nken bei Mangelern\u00e4hrung","breadcrumb":{"@id":"https:\/\/biozoon.de\/shop\/product\/maltoplus-4kg-eimer\/#breadcrumb"},"inLanguage":"en-US","potentialAction":[{"@type":"ReadAction","target":["https:\/\/biozoon.de\/shop\/product\/maltoplus-4kg-eimer\/"]}]},{"@type":"ImageObject","inLanguage":"en-US","@id":"https:\/\/biozoon.de\/shop\/product\/maltoplus-4kg-eimer\/#primaryimage","url":"https:\/\/biozoon.de\/shop\/wp-content\/uploads\/2021\/05\/maltoplus-eimer-4kg-600x600-1.jpg","contentUrl":"https:\/\/biozoon.de\/shop\/wp-content\/uploads\/2021\/05\/maltoplus-eimer-4kg-600x600-1.jpg","width":600,"height":600,"caption":"MALTOplus 4kg Eimer"},{"@type":"BreadcrumbList","@id":"https:\/\/biozoon.de\/shop\/product\/maltoplus-4kg-eimer\/#breadcrumb","itemListElement":[{"@type":"ListItem","position":1,"name":"Home","item":"https:\/\/biozoon.de\/shop\/"},{"@type":"ListItem","position":2,"name":"Shop","item":"https:\/\/biozoon.de\/shop\/shop\/"},{"@type":"ListItem","position":3,"name":"smoothfood Produkte","item":"https:\/\/biozoon.de\/shop\/product-category\/smoothfood-produkte\/"},{"@type":"ListItem","position":4,"name":"Texturgeber","item":"https:\/\/biozoon.de\/shop\/product-category\/smoothfood-produkte\/texturgeber-smoothfood-produkte\/"},{"@type":"ListItem","position":5,"name":"MALTOplus 4 kg Eimer"}]},{"@type":"WebSite","@id":"https:\/\/biozoon.de\/shop\/#website","url":"https:\/\/biozoon.de\/shop\/","name":"Biozoon Shop","description":"","potentialAction":[{"@type":"SearchAction","target":{"@type":"EntryPoint","urlTemplate":"https:\/\/biozoon.de\/shop\/?s={search_term_string}"},"query-input":{"@type":"PropertyValueSpecification","valueRequired":true,"valueName":"search_term_string"}}],"inLanguage":"en-US"}]}},"lang":"de","translations":{"de":970,"en":972},"pll_sync_post":[],"_links":{"self":[{"href":"https:\/\/biozoon.de\/shop\/wp-json\/wp\/v2\/product\/970","targetHints":{"allow":["GET"]}}],"collection":[{"href":"https:\/\/biozoon.de\/shop\/wp-json\/wp\/v2\/product"}],"about":[{"href":"https:\/\/biozoon.de\/shop\/wp-json\/wp\/v2\/types\/product"}],"replies":[{"embeddable":true,"href":"https:\/\/biozoon.de\/shop\/wp-json\/wp\/v2\/comments?post=970"}],"wp:featuredmedia":[{"embeddable":true,"href":"https:\/\/biozoon.de\/shop\/wp-json\/wp\/v2\/media\/971"}],"wp:attachment":[{"href":"https:\/\/biozoon.de\/shop\/wp-json\/wp\/v2\/media?parent=970"}],"wp:term":[{"taxonomy":"product_brand","embeddable":true,"href":"https:\/\/biozoon.de\/shop\/wp-json\/wp\/v2\/product_brand?post=970"},{"taxonomy":"product_cat","embeddable":true,"href":"https:\/\/biozoon.de\/shop\/wp-json\/wp\/v2\/product_cat?post=970"},{"taxonomy":"product_tag","embeddable":true,"href":"https:\/\/biozoon.de\/shop\/wp-json\/wp\/v2\/product_tag?post=970"}],"curies":[{"name":"wp","href":"https:\/\/api.w.org\/{rel}","templated":true}]}}