{"id":921,"date":"2021-05-10T09:37:38","date_gmt":"2021-05-10T09:37:38","guid":{"rendered":"https:\/\/biozoon.de\/webshop\/?post_type=product&#038;p=921"},"modified":"2025-05-22T07:50:03","modified_gmt":"2025-05-22T07:50:03","slug":"geleacold-instant-15-kg-eimer","status":"publish","type":"product","link":"https:\/\/biozoon.de\/shop\/product\/geleacold-instant-15-kg-eimer\/","title":{"rendered":"GELEAcold instant 1,5 kg Eimer"},"content":{"rendered":"<p><span style=\"color: #008080\"><strong><em>GELEA<\/em><\/strong><\/span><span style=\"color: #00ccff\"><strong>cold<\/strong><\/span> <span style=\"color: #808080\">instant<\/span> im 1,5 kg Eimer<\/p>\n<p><strong>Bindemittel <\/strong>f\u00fcr die Herstellung von p\u00fcrierter\/passierter Kost in Form.<\/p>\n<p><strong>Zutaten:<\/strong> Maltodextrin, Geliermittel Methylcellulose, Geliermittel Carrageen, Verdickungsmittel Xanthan, Geliermittel Agar Agar und Guarkernmehl, S\u00e4ureregulator Calciumlaktat<\/p>\n<p><strong>Eigenschaften und Anwendung:<\/strong><\/p>\n<p>Menschen, die in der Nahrungsaufnahme eingeschr\u00e4nkt sind, wie z. B. Menschen mit <a href=\"https:\/\/biozoon.de\/shop\/product-tag\/puerierte-passierte-kost-in-form\/\"><strong>Kau- und Schluckst\u00f6rungen<\/strong><\/a>, bed\u00fcrfen einer in der Textur angepassten Ern\u00e4hrung. Ziel sollte dabei sein, dass das Essen ern\u00e4hrungsphysiologisch hochwertig und m\u00f6glichst authentisch im Geschmack und Aussehen ist. Entscheidend f\u00fcr die schlucksichere Nahrungsaufnahme bei <strong>Dysphagie<\/strong> -Patienten ist es, dass die Nahrung im Mund st\u00fcckfrei zergeht- dabei aber <strong>amylaseresistent<\/strong> bleibt, d.h. ein kontrollierter Fluss der fl\u00fcssigen Nahrung in den Magen-Darmtrakt erfolgen. Ein wichtiges Hilfsmittel sind dabei die <strong>smoothfood Andickungsmittel\u00a0<\/strong>in Kombination mit <strong>smoothfood Silikonformen.<\/strong> Damit lassen sich bei geringem Kosten- und Zeitaufwand hochwertige Men\u00fcs im Bereich <strong>passierter\/p\u00fcrierter Kost in Form<\/strong> herstellen.<\/p>\n<p><strong>GELEAcold<\/strong> ist weltweit das einzige <a href=\"https:\/\/biozoon.de\/shop\/product\/viscoclear-18kg-karton\/\"><strong>Bindemittel<\/strong><\/a>, welches durch Einfrieren geliert. Einfach z.B.\u00a0 <strong>TK Gem\u00fcse oder gegartes Fleisch\/ gegarten Fisch mit einer <\/strong>standardisierten Fl\u00fcssigkeitsmenge (Br\u00fche, Wasser oder \u00e4hnlich) in den Kutter geben, p\u00fcrieren, anschlie\u00dfend das <strong>Andickungsmittel\u00a0GELEAcold<\/strong> unterheben.<\/p>\n<p><strong>P\u00fcrieren\u2013 einfrieren &#8211; regenerieren<\/strong>.<\/p>\n<p>Mit dem <strong><a href=\"https:\/\/biozoon.de\/shop\/product\/viscoclear-instant-240g-andickungsmittel\/\">Andickungsmittel<\/a>\u00a0<\/strong>ist es Ihnen m\u00f6glich in standardisierter Art und Weise die <strong>p\u00fcrierte\/passierte Kost in Form<\/strong> mit einem deutlich geringerem Zeit- und Personalaufwand herzustellen. Das fertige Produkt l\u00e4sst sich bei bis zu 120\u00b0C regenerieren, ohne dass sich die Textur ver\u00e4ndert. Beim Regenerieren haben Sie keine Syn\u00e4rese. Damit lassen sich auch hochangereicherte Men\u00fcs im Bereich der Dysphagie herstellen, z. B. mit 20 % Raps\u00f6l. \u00a0Da das Produkt auf Algenbasis arbeitet, entf\u00e4llt hier die Allergenkennzeichnung und auch die Einsatzmenge ist mit max. 4 % (egal welches Lebensmittel) gering. Mittlerweile setzen mehr als 1.000 Einrichtungen auf unser Produkt.<\/p>\n<p><strong>Anwendung<\/strong>:<\/p>\n<p>Das gegarte Fleisch, Fisch oder Gem\u00fcse (TK, blanchiert oder gegart) zusammen mit einer standardisierten Fl\u00fcssigkeitsmenge (Br\u00fche, Fond, So\u00dfe) feinst p\u00fcrieren. die auf der Packung empfohlene Menge vom <strong>Andickungsmittel\u00a0<\/strong><em><strong>GELEA<\/strong><\/em><strong>cold<\/strong> instant unterheben und mit dem Spritzbeutel in die Form geben oder zu Rosetten (Gem\u00fcse) spritzen. Einfrieren &#8211; aufw\u00e4rmen &#8211; servieren &#8211; fertig!<\/p>\n<p>mehr Produkte:<\/p>\n<p><a href=\"https:\/\/biozoon.de\/shop\/product-category\/smoothfood-produkte\/texturgeber-smoothfood-produkte\/\">smoothfood Produkte Texturgeber<\/a><\/p>\n<p>Rezepte:<\/p>\n<p><a href=\"https:\/\/smoothfood.de\/recipe-category\/gelea-cold\/\" target=\"_blank\" rel=\"noopener\">Gelea Cold<\/a><\/p>\n","protected":false},"excerpt":{"rendered":"<div class=\"row\">\n<div class=\"col-md-12\">\n<div class=\"logo-right\"><img decoding=\"async\" title=\"GELEAcold\" src=\"https:\/\/biozoon.de\/shop\/wp-content\/uploads\/2021\/05\/GELEAcold.png\" alt=\"GELEAcold\" \/><\/div>\n<\/div>\n<\/div>\n","protected":false},"featured_media":922,"comment_status":"open","ping_status":"closed","template":"","meta":[],"product_brand":[],"product_cat":[201],"product_tag":[1082,411],"class_list":{"0":"post-921","1":"product","2":"type-product","3":"status-publish","4":"has-post-thumbnail","6":"product_cat-texturgeber-smoothfood-produkte","7":"product_tag-gelea","8":"product_tag-puerierte-passierte-kost-in-form","10":"first","11":"instock","12":"taxable","13":"shipping-taxable","14":"product-type-simple","15":"add-to-wishlist-before_image"},"yoast_head":"<!-- This site is optimized with the Yoast SEO plugin v27.3 - https:\/\/yoast.com\/product\/yoast-seo-wordpress\/ -->\n<title>GELEAcold Eimer - Biozoon Shop<\/title>\n<meta name=\"description\" content=\"GELEAcold - gelieren ohne Kochen. Allergenfreies Bindemittel f\u00fcr die Herstellung von konsistenz-definierter p\u00fcrierter\/passierter Kost in Form\" \/>\n<meta name=\"robots\" content=\"index, follow, max-snippet:-1, max-image-preview:large, max-video-preview:-1\" \/>\n<link rel=\"canonical\" href=\"https:\/\/biozoon.de\/shop\/product\/geleacold-instant-15-kg-eimer\/\" \/>\n<meta property=\"og:locale\" content=\"en_US\" \/>\n<meta property=\"og:type\" content=\"article\" \/>\n<meta property=\"og:title\" content=\"GELEAcold Eimer - Biozoon Shop\" \/>\n<meta property=\"og:description\" content=\"GELEAcold - gelieren ohne Kochen. Allergenfreies Bindemittel f\u00fcr die Herstellung von konsistenz-definierter p\u00fcrierter\/passierter Kost in Form\" \/>\n<meta property=\"og:url\" content=\"https:\/\/biozoon.de\/shop\/product\/geleacold-instant-15-kg-eimer\/\" \/>\n<meta property=\"og:site_name\" content=\"Biozoon Shop\" \/>\n<meta property=\"article:publisher\" content=\"https:\/\/www.facebook.com\/pages\/category\/Food---Beverage\/biozoon-113514145340245\/\" \/>\n<meta property=\"article:modified_time\" content=\"2025-05-22T07:50:03+00:00\" \/>\n<meta property=\"og:image\" content=\"https:\/\/biozoon.de\/shop\/wp-content\/uploads\/2021\/05\/GELEA-Cold-instant-15-kg-Eimer.jpg\" \/>\n\t<meta property=\"og:image:width\" content=\"600\" \/>\n\t<meta property=\"og:image:height\" content=\"600\" \/>\n\t<meta property=\"og:image:type\" content=\"image\/jpeg\" \/>\n<meta name=\"twitter:card\" content=\"summary_large_image\" \/>\n<meta name=\"twitter:label1\" content=\"Est. reading time\" \/>\n\t<meta name=\"twitter:data1\" content=\"2 minutes\" \/>\n<script type=\"application\/ld+json\" class=\"yoast-schema-graph\">{\"@context\":\"https:\\\/\\\/schema.org\",\"@graph\":[{\"@type\":\"WebPage\",\"@id\":\"https:\\\/\\\/biozoon.de\\\/shop\\\/product\\\/geleacold-instant-15-kg-eimer\\\/\",\"url\":\"https:\\\/\\\/biozoon.de\\\/shop\\\/product\\\/geleacold-instant-15-kg-eimer\\\/\",\"name\":\"GELEAcold Eimer - Biozoon Shop\",\"isPartOf\":{\"@id\":\"https:\\\/\\\/biozoon.de\\\/shop\\\/#website\"},\"primaryImageOfPage\":{\"@id\":\"https:\\\/\\\/biozoon.de\\\/shop\\\/product\\\/geleacold-instant-15-kg-eimer\\\/#primaryimage\"},\"image\":{\"@id\":\"https:\\\/\\\/biozoon.de\\\/shop\\\/product\\\/geleacold-instant-15-kg-eimer\\\/#primaryimage\"},\"thumbnailUrl\":\"https:\\\/\\\/biozoon.de\\\/shop\\\/wp-content\\\/uploads\\\/2021\\\/05\\\/GELEA-Cold-instant-15-kg-Eimer.jpg\",\"datePublished\":\"2021-05-10T09:37:38+00:00\",\"dateModified\":\"2025-05-22T07:50:03+00:00\",\"description\":\"GELEAcold - gelieren ohne Kochen. Allergenfreies Bindemittel f\u00fcr die Herstellung von konsistenz-definierter p\u00fcrierter\\\/passierter Kost in Form\",\"breadcrumb\":{\"@id\":\"https:\\\/\\\/biozoon.de\\\/shop\\\/product\\\/geleacold-instant-15-kg-eimer\\\/#breadcrumb\"},\"inLanguage\":\"en-US\",\"potentialAction\":[{\"@type\":\"ReadAction\",\"target\":[\"https:\\\/\\\/biozoon.de\\\/shop\\\/product\\\/geleacold-instant-15-kg-eimer\\\/\"]}]},{\"@type\":\"ImageObject\",\"inLanguage\":\"en-US\",\"@id\":\"https:\\\/\\\/biozoon.de\\\/shop\\\/product\\\/geleacold-instant-15-kg-eimer\\\/#primaryimage\",\"url\":\"https:\\\/\\\/biozoon.de\\\/shop\\\/wp-content\\\/uploads\\\/2021\\\/05\\\/GELEA-Cold-instant-15-kg-Eimer.jpg\",\"contentUrl\":\"https:\\\/\\\/biozoon.de\\\/shop\\\/wp-content\\\/uploads\\\/2021\\\/05\\\/GELEA-Cold-instant-15-kg-Eimer.jpg\",\"width\":600,\"height\":600,\"caption\":\"GELEAcold\"},{\"@type\":\"BreadcrumbList\",\"@id\":\"https:\\\/\\\/biozoon.de\\\/shop\\\/product\\\/geleacold-instant-15-kg-eimer\\\/#breadcrumb\",\"itemListElement\":[{\"@type\":\"ListItem\",\"position\":1,\"name\":\"Home\",\"item\":\"https:\\\/\\\/biozoon.de\\\/shop\\\/\"},{\"@type\":\"ListItem\",\"position\":2,\"name\":\"Shop\",\"item\":\"https:\\\/\\\/biozoon.de\\\/shop\\\/shop\\\/\"},{\"@type\":\"ListItem\",\"position\":3,\"name\":\"smoothfood Produkte\",\"item\":\"https:\\\/\\\/biozoon.de\\\/shop\\\/product-category\\\/smoothfood-produkte\\\/\"},{\"@type\":\"ListItem\",\"position\":4,\"name\":\"Texturgeber\",\"item\":\"https:\\\/\\\/biozoon.de\\\/shop\\\/product-category\\\/smoothfood-produkte\\\/texturgeber-smoothfood-produkte\\\/\"},{\"@type\":\"ListItem\",\"position\":5,\"name\":\"GELEAcold instant 1,5 kg Eimer\"}]},{\"@type\":\"WebSite\",\"@id\":\"https:\\\/\\\/biozoon.de\\\/shop\\\/#website\",\"url\":\"https:\\\/\\\/biozoon.de\\\/shop\\\/\",\"name\":\"Biozoon Shop\",\"description\":\"\",\"potentialAction\":[{\"@type\":\"SearchAction\",\"target\":{\"@type\":\"EntryPoint\",\"urlTemplate\":\"https:\\\/\\\/biozoon.de\\\/shop\\\/?s={search_term_string}\"},\"query-input\":{\"@type\":\"PropertyValueSpecification\",\"valueRequired\":true,\"valueName\":\"search_term_string\"}}],\"inLanguage\":\"en-US\"}]}<\/script>\n<!-- \/ Yoast SEO plugin. -->","yoast_head_json":{"title":"GELEAcold Eimer - Biozoon Shop","description":"GELEAcold - gelieren ohne Kochen. Allergenfreies Bindemittel f\u00fcr die Herstellung von konsistenz-definierter p\u00fcrierter\/passierter Kost in Form","robots":{"index":"index","follow":"follow","max-snippet":"max-snippet:-1","max-image-preview":"max-image-preview:large","max-video-preview":"max-video-preview:-1"},"canonical":"https:\/\/biozoon.de\/shop\/product\/geleacold-instant-15-kg-eimer\/","og_locale":"en_US","og_type":"article","og_title":"GELEAcold Eimer - Biozoon Shop","og_description":"GELEAcold - gelieren ohne Kochen. Allergenfreies Bindemittel f\u00fcr die Herstellung von konsistenz-definierter p\u00fcrierter\/passierter Kost in Form","og_url":"https:\/\/biozoon.de\/shop\/product\/geleacold-instant-15-kg-eimer\/","og_site_name":"Biozoon Shop","article_publisher":"https:\/\/www.facebook.com\/pages\/category\/Food---Beverage\/biozoon-113514145340245\/","article_modified_time":"2025-05-22T07:50:03+00:00","og_image":[{"width":600,"height":600,"url":"https:\/\/biozoon.de\/shop\/wp-content\/uploads\/2021\/05\/GELEA-Cold-instant-15-kg-Eimer.jpg","type":"image\/jpeg"}],"twitter_card":"summary_large_image","twitter_misc":{"Est. reading time":"2 minutes"},"schema":{"@context":"https:\/\/schema.org","@graph":[{"@type":"WebPage","@id":"https:\/\/biozoon.de\/shop\/product\/geleacold-instant-15-kg-eimer\/","url":"https:\/\/biozoon.de\/shop\/product\/geleacold-instant-15-kg-eimer\/","name":"GELEAcold Eimer - Biozoon Shop","isPartOf":{"@id":"https:\/\/biozoon.de\/shop\/#website"},"primaryImageOfPage":{"@id":"https:\/\/biozoon.de\/shop\/product\/geleacold-instant-15-kg-eimer\/#primaryimage"},"image":{"@id":"https:\/\/biozoon.de\/shop\/product\/geleacold-instant-15-kg-eimer\/#primaryimage"},"thumbnailUrl":"https:\/\/biozoon.de\/shop\/wp-content\/uploads\/2021\/05\/GELEA-Cold-instant-15-kg-Eimer.jpg","datePublished":"2021-05-10T09:37:38+00:00","dateModified":"2025-05-22T07:50:03+00:00","description":"GELEAcold - gelieren ohne Kochen. Allergenfreies Bindemittel f\u00fcr die Herstellung von konsistenz-definierter p\u00fcrierter\/passierter Kost in Form","breadcrumb":{"@id":"https:\/\/biozoon.de\/shop\/product\/geleacold-instant-15-kg-eimer\/#breadcrumb"},"inLanguage":"en-US","potentialAction":[{"@type":"ReadAction","target":["https:\/\/biozoon.de\/shop\/product\/geleacold-instant-15-kg-eimer\/"]}]},{"@type":"ImageObject","inLanguage":"en-US","@id":"https:\/\/biozoon.de\/shop\/product\/geleacold-instant-15-kg-eimer\/#primaryimage","url":"https:\/\/biozoon.de\/shop\/wp-content\/uploads\/2021\/05\/GELEA-Cold-instant-15-kg-Eimer.jpg","contentUrl":"https:\/\/biozoon.de\/shop\/wp-content\/uploads\/2021\/05\/GELEA-Cold-instant-15-kg-Eimer.jpg","width":600,"height":600,"caption":"GELEAcold"},{"@type":"BreadcrumbList","@id":"https:\/\/biozoon.de\/shop\/product\/geleacold-instant-15-kg-eimer\/#breadcrumb","itemListElement":[{"@type":"ListItem","position":1,"name":"Home","item":"https:\/\/biozoon.de\/shop\/"},{"@type":"ListItem","position":2,"name":"Shop","item":"https:\/\/biozoon.de\/shop\/shop\/"},{"@type":"ListItem","position":3,"name":"smoothfood Produkte","item":"https:\/\/biozoon.de\/shop\/product-category\/smoothfood-produkte\/"},{"@type":"ListItem","position":4,"name":"Texturgeber","item":"https:\/\/biozoon.de\/shop\/product-category\/smoothfood-produkte\/texturgeber-smoothfood-produkte\/"},{"@type":"ListItem","position":5,"name":"GELEAcold instant 1,5 kg Eimer"}]},{"@type":"WebSite","@id":"https:\/\/biozoon.de\/shop\/#website","url":"https:\/\/biozoon.de\/shop\/","name":"Biozoon Shop","description":"","potentialAction":[{"@type":"SearchAction","target":{"@type":"EntryPoint","urlTemplate":"https:\/\/biozoon.de\/shop\/?s={search_term_string}"},"query-input":{"@type":"PropertyValueSpecification","valueRequired":true,"valueName":"search_term_string"}}],"inLanguage":"en-US"}]}},"lang":"de","translations":{"de":921,"en":923},"pll_sync_post":[],"_links":{"self":[{"href":"https:\/\/biozoon.de\/shop\/wp-json\/wp\/v2\/product\/921","targetHints":{"allow":["GET"]}}],"collection":[{"href":"https:\/\/biozoon.de\/shop\/wp-json\/wp\/v2\/product"}],"about":[{"href":"https:\/\/biozoon.de\/shop\/wp-json\/wp\/v2\/types\/product"}],"replies":[{"embeddable":true,"href":"https:\/\/biozoon.de\/shop\/wp-json\/wp\/v2\/comments?post=921"}],"wp:featuredmedia":[{"embeddable":true,"href":"https:\/\/biozoon.de\/shop\/wp-json\/wp\/v2\/media\/922"}],"wp:attachment":[{"href":"https:\/\/biozoon.de\/shop\/wp-json\/wp\/v2\/media?parent=921"}],"wp:term":[{"taxonomy":"product_brand","embeddable":true,"href":"https:\/\/biozoon.de\/shop\/wp-json\/wp\/v2\/product_brand?post=921"},{"taxonomy":"product_cat","embeddable":true,"href":"https:\/\/biozoon.de\/shop\/wp-json\/wp\/v2\/product_cat?post=921"},{"taxonomy":"product_tag","embeddable":true,"href":"https:\/\/biozoon.de\/shop\/wp-json\/wp\/v2\/product_tag?post=921"}],"curies":[{"name":"wp","href":"https:\/\/api.w.org\/{rel}","templated":true}]}}