{"id":915,"date":"2021-05-10T06:43:29","date_gmt":"2021-05-10T06:43:29","guid":{"rendered":"https:\/\/biozoon.de\/webshop\/?post_type=product&#038;p=915"},"modified":"2022-09-04T11:52:19","modified_gmt":"2022-09-04T11:52:19","slug":"proteinplus-35kg-eimer","status":"publish","type":"product","link":"https:\/\/biozoon.de\/shop\/product\/proteinplus-35kg-eimer\/","title":{"rendered":"PROTEINplus 3,5 kg Eimer"},"content":{"rendered":"<p><strong><em>PROTEIN<\/em><\/strong><strong>plus <\/strong>im 3,5 kg Eimer<\/p>\n<p>Hochwertiges, instantisiertes Molkenproteinisolat f\u00fcr die Eiwei\u00dfanreicherung von Speisen &amp; Getr\u00e4nken.<\/p>\n<p><strong>Zutaten<\/strong>: <strong>Molkenproteinisolat<\/strong> (max. 1 % Laktose), Emulgator <strong>Soja Lecithin<\/strong><\/p>\n<p><strong>Eigenschaften und Anwendung<\/strong><\/p>\n<p>Die Mangelern\u00e4hrung stellt eine zentrale Herausforderung in der Seniorenverpflegung dar. Die K\u00fcche kann einen hohen Beitrag zur Pr\u00e4vention und Therapie einer Mangelern\u00e4hrung leisten! Denn in erster Linie muss das Essen schmecken und viele N\u00e4hrstoffe liefern.<\/p>\n<p>\u00dcberdurchschnittlich betroffen von Mangelern\u00e4hrung sind Menschen mit <strong>Kau- und Schluckst\u00f6rungen (Dysphagie). <\/strong><\/p>\n<p>Bei der Mangelern\u00e4hrung unterscheidet man zwischen der quantitativen (Unterversorgung an Energie) und der qualitativen (Fehlern\u00e4hrung) Mangelern\u00e4hrung. Wenn einmal diagnostiziert, k\u00f6nnen beide Formen durch entrichtende Umstellung der Ern\u00e4hrung therapiert werden. H\u00e4ufig treten beide Formen der Mangelern\u00e4hrung zusammen auf. Wird die Mangelern\u00e4hrung nicht behandelt, steigt das Sterblichkeitsrisiko.<\/p>\n<p>Bei einer quantitativen Mangelern\u00e4hrung ist Energieanreicherung von Speisen und Getr\u00e4nken sinnvoll. Hier kommen <strong>Maltodextrine<\/strong> wie unser <strong>MALTOplus<\/strong> zum Einsatz, da sie sehr gut l\u00f6slich und weitestgehend geschmacksneutral sind. <strong>Maltodextrin <\/strong>ist ein Kohlenhydratgemisch, welches umgehend verstoffwechselt wird und so zu einem \u201eEnergieschub\u201c bei den Betroffenen f\u00fchrt.<\/p>\n<p>Sollte eine quantitative Mangelern\u00e4hrung vorliegen, so sind hochwertige <strong>Proteine<\/strong> wie das <strong>PROTEINplus<\/strong> das Mittel der Wahl. Man sollte dabei darauf achten, dass man m\u00f6glichst ein Proteinisolat wie das <strong>PROTEINplus<\/strong> verwendet, weil nur diese \u00fcber die notwendige biologische Wertigkeit verf\u00fcgen.<\/p>\n<p>Das <strong>PROTEINplus<\/strong> ist geschmacksneutral und hervorragend l\u00f6slich \u2013 sowohl in kalten als auch in warmen Speisen und hat es einen Proteingehalt von ca. 85 %.<\/p>\n<p>Im Rahmen des Ern\u00e4hrungskonzeptes <strong>smoothfood<\/strong>, welches auf passierten und oder fl\u00fcssigen\/verfl\u00fcssigten Lebensmitteln basiert und sich an Menschen mit <strong>Kau- und Schluckst\u00f6rungen (Dysphagie)<\/strong> richtet, kann der Einsatz von <strong>Maltodextrin<\/strong> und <strong>Protein<\/strong> eine sinnvolle Erg\u00e4nzung sein.<\/p>\n<p>Zusammen mit den<strong> Bindemitteln<\/strong> und <strong>Verdickungsmitteln, <\/strong>die die Herstellung von hochwertigen, konsistenz-adaptierten Speisen das Essen f\u00fcr bei <strong>Kau- und Schluckst\u00f6rungen (Dysphagie) <\/strong>erm\u00f6glichen, k\u00f6nnen die Speisen durch den Einsatz<strong> MALTOplus <\/strong>und oder<strong> PROTEINplus<\/strong> hochkalorisch gemacht werden.<\/p>\n<p><strong>Anwendung: <\/strong><\/p>\n<p>Die t\u00e4gliche Gesamtmenge <strong><em>PROTEIN<\/em>plus<\/strong> richtet sich nach dem individuellen Proteinbedarf des Betroffenen und der g\u00fcltigen Di\u00e4tvorschrift.<\/p>\n<p>Je nach Eiwei\u00dfbedarf in kalte und\/oder warme Speisen und Getr\u00e4nke einr\u00fchren. Ein geh\u00e4ufter Essl\u00f6ffel (ca. 5 g) entspricht ca. 4,3 g hochwertigem Eiwei\u00df.<\/p>\n<p><strong>Durchschnittliche N\u00e4hrwertangaben<\/strong> <strong>pro 100g:<\/strong><\/p>\n<table>\n<tbody>\n<tr>\n<td width=\"307\">Brennwert kJ \/ kcal<\/td>\n<td width=\"307\">1514 kJ \/357 kcal<\/td>\n<\/tr>\n<tr>\n<td width=\"307\">Eiwei\u00df (g)<\/td>\n<td width=\"307\">85,4<\/td>\n<\/tr>\n<tr>\n<td width=\"307\">Kohlenhydrate (g)<\/td>\n<td width=\"307\">&lt;0,5<\/td>\n<\/tr>\n<tr>\n<td width=\"307\">davon Zucker (g)<\/td>\n<td width=\"307\">&lt;0,5<\/td>\n<\/tr>\n<tr>\n<td width=\"307\">Fett (g)<\/td>\n<td width=\"307\">1,6<\/td>\n<\/tr>\n<tr>\n<td width=\"307\">davon ges\u00e4ttigte Fetts\u00e4uren (g)<\/td>\n<td width=\"307\">1<\/td>\n<\/tr>\n<tr>\n<td width=\"307\">Ballaststoffe (g)<\/td>\n<td width=\"307\">0<\/td>\n<\/tr>\n<tr>\n<td width=\"307\">Salz (g)<\/td>\n<td width=\"307\">1,3<\/td>\n<\/tr>\n<\/tbody>\n<\/table>\n","protected":false},"excerpt":{"rendered":"<div class=\"logo-right\" style=\"margin-top: 10px;\">\n<div class=\"row\">\n<div class=\"col-md-12\"><img loading=\"lazy\" decoding=\"async\" class=\"alignnone size-full wp-image-1426\" src=\"https:\/\/biozoon.de\/shop\/wp-content\/uploads\/2021\/05\/Logo-Protein-Plus.png\" alt=\"\" width=\"422\" height=\"109\" srcset=\"https:\/\/biozoon.de\/shop\/wp-content\/uploads\/2021\/05\/Logo-Protein-Plus.png 422w, https:\/\/biozoon.de\/shop\/wp-content\/uploads\/2021\/05\/Logo-Protein-Plus-246x64.png 246w\" sizes=\"auto, (max-width: 422px) 100vw, 422px\" \/><\/div>\n<\/div>\n<\/div>\n","protected":false},"featured_media":916,"comment_status":"open","ping_status":"closed","template":"","meta":[],"product_brand":[],"product_cat":[201],"product_tag":[428],"class_list":{"0":"post-915","1":"product","2":"type-product","3":"status-publish","4":"has-post-thumbnail","6":"product_cat-texturgeber-smoothfood-produkte","7":"product_tag-anreicherung","9":"first","10":"instock","11":"taxable","12":"shipping-taxable","13":"product-type-simple","14":"add-to-wishlist-before_image"},"yoast_head":"<!-- This site is optimized with the Yoast SEO plugin v27.3 - https:\/\/yoast.com\/product\/yoast-seo-wordpress\/ -->\n<title>PROTEINplus 3,5 kg Eimer - Biozoon Shop<\/title>\n<meta name=\"description\" content=\"ProteinPlus - hochwertiges Molkenproteinisolat f\u00fcr die Eiwei\u00dfanreicherung von Speisen &amp; Getr\u00e4nken. zum Muskelaufbau und Gewichtszunahme\" \/>\n<meta name=\"robots\" content=\"index, follow, max-snippet:-1, max-image-preview:large, max-video-preview:-1\" \/>\n<link rel=\"canonical\" href=\"https:\/\/biozoon.de\/shop\/product\/proteinplus-35kg-eimer\/\" \/>\n<meta property=\"og:locale\" content=\"en_US\" \/>\n<meta property=\"og:type\" content=\"article\" \/>\n<meta property=\"og:title\" content=\"PROTEINplus 3,5 kg Eimer - Biozoon Shop\" \/>\n<meta property=\"og:description\" content=\"ProteinPlus - hochwertiges Molkenproteinisolat f\u00fcr die Eiwei\u00dfanreicherung von Speisen &amp; Getr\u00e4nken. zum Muskelaufbau und Gewichtszunahme\" \/>\n<meta property=\"og:url\" content=\"https:\/\/biozoon.de\/shop\/product\/proteinplus-35kg-eimer\/\" \/>\n<meta property=\"og:site_name\" content=\"Biozoon Shop\" \/>\n<meta property=\"article:publisher\" content=\"https:\/\/www.facebook.com\/pages\/category\/Food---Beverage\/biozoon-113514145340245\/\" \/>\n<meta property=\"article:modified_time\" content=\"2022-09-04T11:52:19+00:00\" \/>\n<meta property=\"og:image\" content=\"https:\/\/biozoon.de\/shop\/wp-content\/uploads\/2021\/05\/PROTEINplus-35kg-Eimer.jpg\" \/>\n\t<meta property=\"og:image:width\" content=\"600\" \/>\n\t<meta property=\"og:image:height\" content=\"600\" \/>\n\t<meta property=\"og:image:type\" content=\"image\/jpeg\" \/>\n<meta name=\"twitter:card\" content=\"summary_large_image\" \/>\n<meta name=\"twitter:label1\" content=\"Est. reading time\" \/>\n\t<meta name=\"twitter:data1\" content=\"2 minutes\" \/>\n<script type=\"application\/ld+json\" class=\"yoast-schema-graph\">{\"@context\":\"https:\\\/\\\/schema.org\",\"@graph\":[{\"@type\":\"WebPage\",\"@id\":\"https:\\\/\\\/biozoon.de\\\/shop\\\/product\\\/proteinplus-35kg-eimer\\\/\",\"url\":\"https:\\\/\\\/biozoon.de\\\/shop\\\/product\\\/proteinplus-35kg-eimer\\\/\",\"name\":\"PROTEINplus 3,5 kg Eimer - Biozoon Shop\",\"isPartOf\":{\"@id\":\"https:\\\/\\\/biozoon.de\\\/shop\\\/#website\"},\"primaryImageOfPage\":{\"@id\":\"https:\\\/\\\/biozoon.de\\\/shop\\\/product\\\/proteinplus-35kg-eimer\\\/#primaryimage\"},\"image\":{\"@id\":\"https:\\\/\\\/biozoon.de\\\/shop\\\/product\\\/proteinplus-35kg-eimer\\\/#primaryimage\"},\"thumbnailUrl\":\"https:\\\/\\\/biozoon.de\\\/shop\\\/wp-content\\\/uploads\\\/2021\\\/05\\\/PROTEINplus-35kg-Eimer.jpg\",\"datePublished\":\"2021-05-10T06:43:29+00:00\",\"dateModified\":\"2022-09-04T11:52:19+00:00\",\"description\":\"ProteinPlus - hochwertiges Molkenproteinisolat f\u00fcr die Eiwei\u00dfanreicherung von Speisen & Getr\u00e4nken. zum Muskelaufbau und Gewichtszunahme\",\"breadcrumb\":{\"@id\":\"https:\\\/\\\/biozoon.de\\\/shop\\\/product\\\/proteinplus-35kg-eimer\\\/#breadcrumb\"},\"inLanguage\":\"en-US\",\"potentialAction\":[{\"@type\":\"ReadAction\",\"target\":[\"https:\\\/\\\/biozoon.de\\\/shop\\\/product\\\/proteinplus-35kg-eimer\\\/\"]}]},{\"@type\":\"ImageObject\",\"inLanguage\":\"en-US\",\"@id\":\"https:\\\/\\\/biozoon.de\\\/shop\\\/product\\\/proteinplus-35kg-eimer\\\/#primaryimage\",\"url\":\"https:\\\/\\\/biozoon.de\\\/shop\\\/wp-content\\\/uploads\\\/2021\\\/05\\\/PROTEINplus-35kg-Eimer.jpg\",\"contentUrl\":\"https:\\\/\\\/biozoon.de\\\/shop\\\/wp-content\\\/uploads\\\/2021\\\/05\\\/PROTEINplus-35kg-Eimer.jpg\",\"width\":600,\"height\":600,\"caption\":\"PROTEINplus 3,5kg Eimer\"},{\"@type\":\"BreadcrumbList\",\"@id\":\"https:\\\/\\\/biozoon.de\\\/shop\\\/product\\\/proteinplus-35kg-eimer\\\/#breadcrumb\",\"itemListElement\":[{\"@type\":\"ListItem\",\"position\":1,\"name\":\"Home\",\"item\":\"https:\\\/\\\/biozoon.de\\\/shop\\\/\"},{\"@type\":\"ListItem\",\"position\":2,\"name\":\"Shop\",\"item\":\"https:\\\/\\\/biozoon.de\\\/shop\\\/shop\\\/\"},{\"@type\":\"ListItem\",\"position\":3,\"name\":\"smoothfood Produkte\",\"item\":\"https:\\\/\\\/biozoon.de\\\/shop\\\/product-category\\\/smoothfood-produkte\\\/\"},{\"@type\":\"ListItem\",\"position\":4,\"name\":\"Texturgeber\",\"item\":\"https:\\\/\\\/biozoon.de\\\/shop\\\/product-category\\\/smoothfood-produkte\\\/texturgeber-smoothfood-produkte\\\/\"},{\"@type\":\"ListItem\",\"position\":5,\"name\":\"PROTEINplus 3,5 kg Eimer\"}]},{\"@type\":\"WebSite\",\"@id\":\"https:\\\/\\\/biozoon.de\\\/shop\\\/#website\",\"url\":\"https:\\\/\\\/biozoon.de\\\/shop\\\/\",\"name\":\"Biozoon Shop\",\"description\":\"\",\"potentialAction\":[{\"@type\":\"SearchAction\",\"target\":{\"@type\":\"EntryPoint\",\"urlTemplate\":\"https:\\\/\\\/biozoon.de\\\/shop\\\/?s={search_term_string}\"},\"query-input\":{\"@type\":\"PropertyValueSpecification\",\"valueRequired\":true,\"valueName\":\"search_term_string\"}}],\"inLanguage\":\"en-US\"}]}<\/script>\n<!-- \/ Yoast SEO plugin. -->","yoast_head_json":{"title":"PROTEINplus 3,5 kg Eimer - Biozoon Shop","description":"ProteinPlus - hochwertiges Molkenproteinisolat f\u00fcr die Eiwei\u00dfanreicherung von Speisen & Getr\u00e4nken. zum Muskelaufbau und Gewichtszunahme","robots":{"index":"index","follow":"follow","max-snippet":"max-snippet:-1","max-image-preview":"max-image-preview:large","max-video-preview":"max-video-preview:-1"},"canonical":"https:\/\/biozoon.de\/shop\/product\/proteinplus-35kg-eimer\/","og_locale":"en_US","og_type":"article","og_title":"PROTEINplus 3,5 kg Eimer - Biozoon Shop","og_description":"ProteinPlus - hochwertiges Molkenproteinisolat f\u00fcr die Eiwei\u00dfanreicherung von Speisen & Getr\u00e4nken. zum Muskelaufbau und Gewichtszunahme","og_url":"https:\/\/biozoon.de\/shop\/product\/proteinplus-35kg-eimer\/","og_site_name":"Biozoon Shop","article_publisher":"https:\/\/www.facebook.com\/pages\/category\/Food---Beverage\/biozoon-113514145340245\/","article_modified_time":"2022-09-04T11:52:19+00:00","og_image":[{"width":600,"height":600,"url":"https:\/\/biozoon.de\/shop\/wp-content\/uploads\/2021\/05\/PROTEINplus-35kg-Eimer.jpg","type":"image\/jpeg"}],"twitter_card":"summary_large_image","twitter_misc":{"Est. reading time":"2 minutes"},"schema":{"@context":"https:\/\/schema.org","@graph":[{"@type":"WebPage","@id":"https:\/\/biozoon.de\/shop\/product\/proteinplus-35kg-eimer\/","url":"https:\/\/biozoon.de\/shop\/product\/proteinplus-35kg-eimer\/","name":"PROTEINplus 3,5 kg Eimer - Biozoon Shop","isPartOf":{"@id":"https:\/\/biozoon.de\/shop\/#website"},"primaryImageOfPage":{"@id":"https:\/\/biozoon.de\/shop\/product\/proteinplus-35kg-eimer\/#primaryimage"},"image":{"@id":"https:\/\/biozoon.de\/shop\/product\/proteinplus-35kg-eimer\/#primaryimage"},"thumbnailUrl":"https:\/\/biozoon.de\/shop\/wp-content\/uploads\/2021\/05\/PROTEINplus-35kg-Eimer.jpg","datePublished":"2021-05-10T06:43:29+00:00","dateModified":"2022-09-04T11:52:19+00:00","description":"ProteinPlus - hochwertiges Molkenproteinisolat f\u00fcr die Eiwei\u00dfanreicherung von Speisen & Getr\u00e4nken. zum Muskelaufbau und Gewichtszunahme","breadcrumb":{"@id":"https:\/\/biozoon.de\/shop\/product\/proteinplus-35kg-eimer\/#breadcrumb"},"inLanguage":"en-US","potentialAction":[{"@type":"ReadAction","target":["https:\/\/biozoon.de\/shop\/product\/proteinplus-35kg-eimer\/"]}]},{"@type":"ImageObject","inLanguage":"en-US","@id":"https:\/\/biozoon.de\/shop\/product\/proteinplus-35kg-eimer\/#primaryimage","url":"https:\/\/biozoon.de\/shop\/wp-content\/uploads\/2021\/05\/PROTEINplus-35kg-Eimer.jpg","contentUrl":"https:\/\/biozoon.de\/shop\/wp-content\/uploads\/2021\/05\/PROTEINplus-35kg-Eimer.jpg","width":600,"height":600,"caption":"PROTEINplus 3,5kg Eimer"},{"@type":"BreadcrumbList","@id":"https:\/\/biozoon.de\/shop\/product\/proteinplus-35kg-eimer\/#breadcrumb","itemListElement":[{"@type":"ListItem","position":1,"name":"Home","item":"https:\/\/biozoon.de\/shop\/"},{"@type":"ListItem","position":2,"name":"Shop","item":"https:\/\/biozoon.de\/shop\/shop\/"},{"@type":"ListItem","position":3,"name":"smoothfood Produkte","item":"https:\/\/biozoon.de\/shop\/product-category\/smoothfood-produkte\/"},{"@type":"ListItem","position":4,"name":"Texturgeber","item":"https:\/\/biozoon.de\/shop\/product-category\/smoothfood-produkte\/texturgeber-smoothfood-produkte\/"},{"@type":"ListItem","position":5,"name":"PROTEINplus 3,5 kg Eimer"}]},{"@type":"WebSite","@id":"https:\/\/biozoon.de\/shop\/#website","url":"https:\/\/biozoon.de\/shop\/","name":"Biozoon Shop","description":"","potentialAction":[{"@type":"SearchAction","target":{"@type":"EntryPoint","urlTemplate":"https:\/\/biozoon.de\/shop\/?s={search_term_string}"},"query-input":{"@type":"PropertyValueSpecification","valueRequired":true,"valueName":"search_term_string"}}],"inLanguage":"en-US"}]}},"lang":"de","translations":{"de":915,"en":917},"pll_sync_post":[],"_links":{"self":[{"href":"https:\/\/biozoon.de\/shop\/wp-json\/wp\/v2\/product\/915","targetHints":{"allow":["GET"]}}],"collection":[{"href":"https:\/\/biozoon.de\/shop\/wp-json\/wp\/v2\/product"}],"about":[{"href":"https:\/\/biozoon.de\/shop\/wp-json\/wp\/v2\/types\/product"}],"replies":[{"embeddable":true,"href":"https:\/\/biozoon.de\/shop\/wp-json\/wp\/v2\/comments?post=915"}],"wp:featuredmedia":[{"embeddable":true,"href":"https:\/\/biozoon.de\/shop\/wp-json\/wp\/v2\/media\/916"}],"wp:attachment":[{"href":"https:\/\/biozoon.de\/shop\/wp-json\/wp\/v2\/media?parent=915"}],"wp:term":[{"taxonomy":"product_brand","embeddable":true,"href":"https:\/\/biozoon.de\/shop\/wp-json\/wp\/v2\/product_brand?post=915"},{"taxonomy":"product_cat","embeddable":true,"href":"https:\/\/biozoon.de\/shop\/wp-json\/wp\/v2\/product_cat?post=915"},{"taxonomy":"product_tag","embeddable":true,"href":"https:\/\/biozoon.de\/shop\/wp-json\/wp\/v2\/product_tag?post=915"}],"curies":[{"name":"wp","href":"https:\/\/api.w.org\/{rel}","templated":true}]}}