{"id":91,"date":"2021-04-11T11:51:42","date_gmt":"2021-04-11T11:51:42","guid":{"rendered":"http:\/\/localhost:8585\/bshop\/?post_type=product&#038;p=91"},"modified":"2022-09-04T12:18:53","modified_gmt":"2022-09-04T12:18:53","slug":"maltozoon-t-1000g-tapioca-maltodextrin-n-zorbit-m","status":"publish","type":"product","link":"https:\/\/biozoon.de\/shop\/product\/maltozoon-t-1000g-tapioca-maltodextrin-n-zorbit-m\/","title":{"rendered":"Maltozoon T 1 kg Eimer"},"content":{"rendered":"<p><strong><span style=\"color: #008000;\">Malto<em><span style=\"color: #808080;\">zoon<\/span><\/em><\/span> <span style=\"color: #008000;\">T <\/span><\/strong><span style=\"color: #333333;\">im 1 kg Eimer<\/span><\/p>\n<p>F\u00fcll- und Tr\u00e4gerstoff bestehend aus Tapioka-Maltodextrin (N-Zorbit M), welches zu den Polysacchariden geh\u00f6rt und als Lebensmittelzutat verwendet werden kann.<\/p>\n<p><strong>Zutaten:<\/strong> Tapiocamaltodextrin<\/p>\n<p><strong>Anwendung:<\/strong> 50 ml Schoko-Nougat-Creme mit 5 Dosierl\u00f6ffeln <b><strong><span style=\"color: #008000;\">Malto<em><span style=\"color: #808080;\">zoon<\/span><\/em><\/span> <span style=\"color: #008000;\">T <\/span><\/strong><\/b>gr\u00fcndlich vermischen und durch ein Sieb streichen. Das Schoko-Nougat-Pulver kann nun als Topping f\u00fcr viele Desserts verwendet werden.<\/p>\n<p>Preis per kg :\u00a0 57,78 \u20ac<\/p>\n","protected":false},"excerpt":{"rendered":"<p>Maltozoon T im 1 kg Eimer F\u00fcll- und Tr\u00e4gerstoff bestehend aus Tapioka-Maltodextrin (N-Zorbit M), welches zu den Polysacchariden geh\u00f6rt und als Lebensmittelzutat verwendet werden kann. Zutaten: Tapiocamaltodextrin Anwendung: 50 ml Schoko-Nougat-Creme mit 5 Dosierl\u00f6ffeln Maltozoon T gr\u00fcndlich vermischen und durch ein Sieb streichen. Das Schoko-Nougat-Pulver kann nun als Topping f\u00fcr viele Desserts verwendet werden. Preis [&hellip;]<\/p>\n","protected":false},"featured_media":594,"comment_status":"open","ping_status":"closed","template":"","meta":[],"product_brand":[],"product_cat":[165],"product_tag":[],"class_list":{"0":"post-91","1":"product","2":"type-product","3":"status-publish","4":"has-post-thumbnail","6":"product_cat-texturgeber","8":"first","9":"instock","10":"taxable","11":"shipping-taxable","12":"purchasable","13":"product-type-simple","14":"add-to-wishlist-before_image"},"yoast_head":"<!-- This site is optimized with the Yoast SEO plugin v27.0 - https:\/\/yoast.com\/product\/yoast-seo-wordpress\/ -->\n<title>Maltozoon Eimer - Maltozoon T - Tapiokamaltodextrin - Biozoon Shop<\/title>\n<meta name=\"description\" content=\"50 ml Schoko-Nougat-Creme mit 5 Dosierl\u00f6ffeln Maltozoon T gr\u00fcndlich vermischen und durch ein Sieb streichen.\" \/>\n<meta name=\"robots\" content=\"index, follow, max-snippet:-1, max-image-preview:large, max-video-preview:-1\" \/>\n<link rel=\"canonical\" href=\"https:\/\/biozoon.de\/shop\/product\/maltozoon-t-1000g-tapioca-maltodextrin-n-zorbit-m\/\" \/>\n<meta property=\"og:locale\" content=\"en_US\" \/>\n<meta property=\"og:type\" content=\"article\" \/>\n<meta property=\"og:title\" content=\"Maltozoon Eimer - Maltozoon T - Tapiokamaltodextrin - Biozoon Shop\" \/>\n<meta property=\"og:description\" content=\"50 ml Schoko-Nougat-Creme mit 5 Dosierl\u00f6ffeln Maltozoon T gr\u00fcndlich vermischen und durch ein Sieb streichen.\" \/>\n<meta property=\"og:url\" content=\"https:\/\/biozoon.de\/shop\/product\/maltozoon-t-1000g-tapioca-maltodextrin-n-zorbit-m\/\" \/>\n<meta property=\"og:site_name\" content=\"Biozoon Shop\" \/>\n<meta property=\"article:publisher\" content=\"https:\/\/www.facebook.com\/pages\/category\/Food---Beverage\/biozoon-113514145340245\/\" \/>\n<meta property=\"article:modified_time\" content=\"2022-09-04T12:18:53+00:00\" \/>\n<meta property=\"og:image\" content=\"https:\/\/biozoon.de\/shop\/wp-content\/uploads\/2021\/04\/Maltozoon-T-1000g-2.jpg\" \/>\n\t<meta property=\"og:image:width\" content=\"600\" \/>\n\t<meta property=\"og:image:height\" content=\"600\" \/>\n\t<meta property=\"og:image:type\" content=\"image\/jpeg\" \/>\n<meta name=\"twitter:card\" content=\"summary_large_image\" \/>\n<meta name=\"twitter:label1\" content=\"Est. reading time\" \/>\n\t<meta name=\"twitter:data1\" content=\"1 minute\" \/>\n<script type=\"application\/ld+json\" class=\"yoast-schema-graph\">{\"@context\":\"https:\/\/schema.org\",\"@graph\":[{\"@type\":\"WebPage\",\"@id\":\"https:\/\/biozoon.de\/shop\/product\/maltozoon-t-1000g-tapioca-maltodextrin-n-zorbit-m\/\",\"url\":\"https:\/\/biozoon.de\/shop\/product\/maltozoon-t-1000g-tapioca-maltodextrin-n-zorbit-m\/\",\"name\":\"Maltozoon Eimer - Maltozoon T - Tapiokamaltodextrin - Biozoon Shop\",\"isPartOf\":{\"@id\":\"https:\/\/biozoon.de\/shop\/#website\"},\"primaryImageOfPage\":{\"@id\":\"https:\/\/biozoon.de\/shop\/product\/maltozoon-t-1000g-tapioca-maltodextrin-n-zorbit-m\/#primaryimage\"},\"image\":{\"@id\":\"https:\/\/biozoon.de\/shop\/product\/maltozoon-t-1000g-tapioca-maltodextrin-n-zorbit-m\/#primaryimage\"},\"thumbnailUrl\":\"https:\/\/biozoon.de\/shop\/wp-content\/uploads\/2021\/04\/Maltozoon-T-1000g-2.jpg\",\"datePublished\":\"2021-04-11T11:51:42+00:00\",\"dateModified\":\"2022-09-04T12:18:53+00:00\",\"description\":\"50 ml Schoko-Nougat-Creme mit 5 Dosierl\u00f6ffeln Maltozoon T gr\u00fcndlich vermischen und durch ein Sieb streichen.\",\"breadcrumb\":{\"@id\":\"https:\/\/biozoon.de\/shop\/product\/maltozoon-t-1000g-tapioca-maltodextrin-n-zorbit-m\/#breadcrumb\"},\"inLanguage\":\"en-US\",\"potentialAction\":[{\"@type\":\"ReadAction\",\"target\":[\"https:\/\/biozoon.de\/shop\/product\/maltozoon-t-1000g-tapioca-maltodextrin-n-zorbit-m\/\"]}]},{\"@type\":\"ImageObject\",\"inLanguage\":\"en-US\",\"@id\":\"https:\/\/biozoon.de\/shop\/product\/maltozoon-t-1000g-tapioca-maltodextrin-n-zorbit-m\/#primaryimage\",\"url\":\"https:\/\/biozoon.de\/shop\/wp-content\/uploads\/2021\/04\/Maltozoon-T-1000g-2.jpg\",\"contentUrl\":\"https:\/\/biozoon.de\/shop\/wp-content\/uploads\/2021\/04\/Maltozoon-T-1000g-2.jpg\",\"width\":600,\"height\":600,\"caption\":\"Maltozoon T\"},{\"@type\":\"BreadcrumbList\",\"@id\":\"https:\/\/biozoon.de\/shop\/product\/maltozoon-t-1000g-tapioca-maltodextrin-n-zorbit-m\/#breadcrumb\",\"itemListElement\":[{\"@type\":\"ListItem\",\"position\":1,\"name\":\"Home\",\"item\":\"https:\/\/biozoon.de\/shop\/\"},{\"@type\":\"ListItem\",\"position\":2,\"name\":\"Shop\",\"item\":\"https:\/\/biozoon.de\/shop\/shop\/\"},{\"@type\":\"ListItem\",\"position\":3,\"name\":\"Molekulare Texturgeber\",\"item\":\"https:\/\/biozoon.de\/shop\/product-category\/molekulare-texturgeber\/\"},{\"@type\":\"ListItem\",\"position\":4,\"name\":\"Texturgeber\",\"item\":\"https:\/\/biozoon.de\/shop\/product-category\/molekulare-texturgeber\/texturgeber\/\"},{\"@type\":\"ListItem\",\"position\":5,\"name\":\"Maltozoon T 1 kg Eimer\"}]},{\"@type\":\"WebSite\",\"@id\":\"https:\/\/biozoon.de\/shop\/#website\",\"url\":\"https:\/\/biozoon.de\/shop\/\",\"name\":\"Biozoon Shop\",\"description\":\"\",\"potentialAction\":[{\"@type\":\"SearchAction\",\"target\":{\"@type\":\"EntryPoint\",\"urlTemplate\":\"https:\/\/biozoon.de\/shop\/?s={search_term_string}\"},\"query-input\":{\"@type\":\"PropertyValueSpecification\",\"valueRequired\":true,\"valueName\":\"search_term_string\"}}],\"inLanguage\":\"en-US\"}]}<\/script>\n<!-- \/ Yoast SEO plugin. -->","yoast_head_json":{"title":"Maltozoon Eimer - Maltozoon T - Tapiokamaltodextrin - Biozoon Shop","description":"50 ml Schoko-Nougat-Creme mit 5 Dosierl\u00f6ffeln Maltozoon T gr\u00fcndlich vermischen und durch ein Sieb streichen.","robots":{"index":"index","follow":"follow","max-snippet":"max-snippet:-1","max-image-preview":"max-image-preview:large","max-video-preview":"max-video-preview:-1"},"canonical":"https:\/\/biozoon.de\/shop\/product\/maltozoon-t-1000g-tapioca-maltodextrin-n-zorbit-m\/","og_locale":"en_US","og_type":"article","og_title":"Maltozoon Eimer - Maltozoon T - Tapiokamaltodextrin - Biozoon Shop","og_description":"50 ml Schoko-Nougat-Creme mit 5 Dosierl\u00f6ffeln Maltozoon T gr\u00fcndlich vermischen und durch ein Sieb streichen.","og_url":"https:\/\/biozoon.de\/shop\/product\/maltozoon-t-1000g-tapioca-maltodextrin-n-zorbit-m\/","og_site_name":"Biozoon Shop","article_publisher":"https:\/\/www.facebook.com\/pages\/category\/Food---Beverage\/biozoon-113514145340245\/","article_modified_time":"2022-09-04T12:18:53+00:00","og_image":[{"width":600,"height":600,"url":"https:\/\/biozoon.de\/shop\/wp-content\/uploads\/2021\/04\/Maltozoon-T-1000g-2.jpg","type":"image\/jpeg"}],"twitter_card":"summary_large_image","twitter_misc":{"Est. reading time":"1 minute"},"schema":{"@context":"https:\/\/schema.org","@graph":[{"@type":"WebPage","@id":"https:\/\/biozoon.de\/shop\/product\/maltozoon-t-1000g-tapioca-maltodextrin-n-zorbit-m\/","url":"https:\/\/biozoon.de\/shop\/product\/maltozoon-t-1000g-tapioca-maltodextrin-n-zorbit-m\/","name":"Maltozoon Eimer - Maltozoon T - Tapiokamaltodextrin - Biozoon Shop","isPartOf":{"@id":"https:\/\/biozoon.de\/shop\/#website"},"primaryImageOfPage":{"@id":"https:\/\/biozoon.de\/shop\/product\/maltozoon-t-1000g-tapioca-maltodextrin-n-zorbit-m\/#primaryimage"},"image":{"@id":"https:\/\/biozoon.de\/shop\/product\/maltozoon-t-1000g-tapioca-maltodextrin-n-zorbit-m\/#primaryimage"},"thumbnailUrl":"https:\/\/biozoon.de\/shop\/wp-content\/uploads\/2021\/04\/Maltozoon-T-1000g-2.jpg","datePublished":"2021-04-11T11:51:42+00:00","dateModified":"2022-09-04T12:18:53+00:00","description":"50 ml Schoko-Nougat-Creme mit 5 Dosierl\u00f6ffeln Maltozoon T gr\u00fcndlich vermischen und durch ein Sieb streichen.","breadcrumb":{"@id":"https:\/\/biozoon.de\/shop\/product\/maltozoon-t-1000g-tapioca-maltodextrin-n-zorbit-m\/#breadcrumb"},"inLanguage":"en-US","potentialAction":[{"@type":"ReadAction","target":["https:\/\/biozoon.de\/shop\/product\/maltozoon-t-1000g-tapioca-maltodextrin-n-zorbit-m\/"]}]},{"@type":"ImageObject","inLanguage":"en-US","@id":"https:\/\/biozoon.de\/shop\/product\/maltozoon-t-1000g-tapioca-maltodextrin-n-zorbit-m\/#primaryimage","url":"https:\/\/biozoon.de\/shop\/wp-content\/uploads\/2021\/04\/Maltozoon-T-1000g-2.jpg","contentUrl":"https:\/\/biozoon.de\/shop\/wp-content\/uploads\/2021\/04\/Maltozoon-T-1000g-2.jpg","width":600,"height":600,"caption":"Maltozoon T"},{"@type":"BreadcrumbList","@id":"https:\/\/biozoon.de\/shop\/product\/maltozoon-t-1000g-tapioca-maltodextrin-n-zorbit-m\/#breadcrumb","itemListElement":[{"@type":"ListItem","position":1,"name":"Home","item":"https:\/\/biozoon.de\/shop\/"},{"@type":"ListItem","position":2,"name":"Shop","item":"https:\/\/biozoon.de\/shop\/shop\/"},{"@type":"ListItem","position":3,"name":"Molekulare Texturgeber","item":"https:\/\/biozoon.de\/shop\/product-category\/molekulare-texturgeber\/"},{"@type":"ListItem","position":4,"name":"Texturgeber","item":"https:\/\/biozoon.de\/shop\/product-category\/molekulare-texturgeber\/texturgeber\/"},{"@type":"ListItem","position":5,"name":"Maltozoon T 1 kg Eimer"}]},{"@type":"WebSite","@id":"https:\/\/biozoon.de\/shop\/#website","url":"https:\/\/biozoon.de\/shop\/","name":"Biozoon Shop","description":"","potentialAction":[{"@type":"SearchAction","target":{"@type":"EntryPoint","urlTemplate":"https:\/\/biozoon.de\/shop\/?s={search_term_string}"},"query-input":{"@type":"PropertyValueSpecification","valueRequired":true,"valueName":"search_term_string"}}],"inLanguage":"en-US"}]}},"lang":"de","translations":{"de":91,"en":94},"pll_sync_post":[],"_links":{"self":[{"href":"https:\/\/biozoon.de\/shop\/wp-json\/wp\/v2\/product\/91","targetHints":{"allow":["GET"]}}],"collection":[{"href":"https:\/\/biozoon.de\/shop\/wp-json\/wp\/v2\/product"}],"about":[{"href":"https:\/\/biozoon.de\/shop\/wp-json\/wp\/v2\/types\/product"}],"replies":[{"embeddable":true,"href":"https:\/\/biozoon.de\/shop\/wp-json\/wp\/v2\/comments?post=91"}],"wp:featuredmedia":[{"embeddable":true,"href":"https:\/\/biozoon.de\/shop\/wp-json\/wp\/v2\/media\/594"}],"wp:attachment":[{"href":"https:\/\/biozoon.de\/shop\/wp-json\/wp\/v2\/media?parent=91"}],"wp:term":[{"taxonomy":"product_brand","embeddable":true,"href":"https:\/\/biozoon.de\/shop\/wp-json\/wp\/v2\/product_brand?post=91"},{"taxonomy":"product_cat","embeddable":true,"href":"https:\/\/biozoon.de\/shop\/wp-json\/wp\/v2\/product_cat?post=91"},{"taxonomy":"product_tag","embeddable":true,"href":"https:\/\/biozoon.de\/shop\/wp-json\/wp\/v2\/product_tag?post=91"}],"curies":[{"name":"wp","href":"https:\/\/api.w.org\/{rel}","templated":true}]}}