{"id":7600,"date":"2025-06-15T06:46:04","date_gmt":"2025-06-15T06:46:04","guid":{"rendered":"https:\/\/biozoon.de\/shop\/?post_type=product&#038;p=7600"},"modified":"2025-06-16T10:08:58","modified_gmt":"2025-06-16T10:08:58","slug":"seneoforte-soup-4-kg","status":"publish","type":"product","link":"https:\/\/biozoon.de\/shop\/product\/seneoforte-soup-4-kg\/","title":{"rendered":"Seneoforte\u00ae soup 4 kg"},"content":{"rendered":"<p>Hochkalorische Pulvermischung zur Herstellung einer hochkalorischen Suppe \u2013 einfach mit hei\u00dfem Wasser zubereitet.<\/p>\n<p><strong>Zutaten:<\/strong><br \/>\nMaltodextrin, Sonnenblumenkern\u00f6lpulver, Hefeprotein, Gem\u00fcsebr\u00fche (Salz, Karotte, Pastinake, Zwiebel, K\u00fcrbis, Shiitake, Petersilie, Liebstockwurzel, Sonnenblumen\u00f6l), resistentes Dextrin, nat\u00fcrliches Aroma, <strong>Emulgator Sojalecithin<\/strong><\/p>\n<p><strong>Eigenschaften und Anwendung:<\/strong><\/p>\n<p><strong>seneoforte\u00ae soup \u2013 herzhafte Hochkalorik neu gedacht<\/strong><br \/>\nViele Menschen mit Mangel- oder Unterern\u00e4hrung \u2013 etwa durch Alter, Krankheit oder Appetitlosigkeit \u2013 ben\u00f6tigen eine gezielte N\u00e4hrstoffversorgung. Klassische hochkalorische Produkte sind oft s\u00fc\u00df, milchbasiert und wenig flexibel in der Anwendung. Viele Betroffene lehnen sie aufgrund des s\u00fc\u00dfen Geschmacks, der eingeschr\u00e4nkten Aromenvielfalt oder Unvertr\u00e4glichkeiten ab.<\/p>\n<p><strong>seneoforte\u00ae soup<\/strong> ist eine herzhafte Alternative zu s\u00fc\u00dfer Trinknahrung oder Milchpulvern. Das Pulver l\u00e4sst sich einfach mit hei\u00dfem Wasser zubereiten und ergibt eine schmackhafte, kr\u00e4ftige Br\u00fche. Dank der intelligenten Zusammensetzung ist es <strong>hochkalorisch, ballaststoffreich und eiwei\u00dfhaltig<\/strong> \u2013 und das herzhaft!<\/p>\n<p>Die enthaltenen pflanzlichen Fette und Proteine sowie die w\u00fcrzige Gem\u00fcsebr\u00fche sorgen f\u00fcr eine ausgewogene N\u00e4hrstoffversorgung und ein wohltuendes Geschmackserlebnis \u2013 ideal f\u00fcr Menschen, die eine herzhafte Variante bevorzugen oder auf Milchprodukte verzichten m\u00f6chten oder m\u00fcssen.<\/p>\n<p><strong>Einfache Zubereitung:<\/strong><br \/>\n1 Portion (75 g Pulver) in eine hitzebest\u00e4ndige Sch\u00fcssel oder Tasse geben, mit 200 ml hei\u00dfem Wasser \u00fcbergie\u00dfen, umr\u00fchren \u2013 fertig!<\/p>\n<p><strong>Durchschnittliche N\u00e4hrwertangaben: <\/strong><\/p>\n<p><img loading=\"lazy\" decoding=\"async\" class=\"alignnone size-medium wp-image-7598\" src=\"https:\/\/biozoon.de\/shop\/wp-content\/uploads\/2025\/06\/Picture1-600x378.png\" alt=\"\" width=\"600\" height=\"378\" srcset=\"https:\/\/biozoon.de\/shop\/wp-content\/uploads\/2025\/06\/Picture1-600x378.png 600w, https:\/\/biozoon.de\/shop\/wp-content\/uploads\/2025\/06\/Picture1-246x155.png 246w, https:\/\/biozoon.de\/shop\/wp-content\/uploads\/2025\/06\/Picture1.png 605w\" sizes=\"auto, (max-width: 600px) 100vw, 600px\" \/><\/p>\n","protected":false},"excerpt":{"rendered":"<p>Hochkalorische Pulvermischung zur Herstellung einer hochkalorischen Suppe \u2013 einfach mit hei\u00dfem Wasser zubereitet. Zutaten: Maltodextrin, Sonnenblumenkern\u00f6lpulver, Hefeprotein, Gem\u00fcsebr\u00fche (Salz, Karotte, Pastinake, Zwiebel, K\u00fcrbis, Shiitake, Petersilie, Liebstockwurzel, Sonnenblumen\u00f6l), resistentes Dextrin, nat\u00fcrliches Aroma, Emulgator Sojalecithin Eigenschaften und Anwendung: seneoforte\u00ae soup \u2013 herzhafte Hochkalorik neu gedacht Viele Menschen mit Mangel- oder Unterern\u00e4hrung \u2013 etwa durch Alter, Krankheit oder [&hellip;]<\/p>\n","protected":false},"featured_media":7601,"comment_status":"open","ping_status":"closed","template":"","meta":[],"product_brand":[],"product_cat":[201],"product_tag":[1157,1246],"class_list":{"0":"post-7600","1":"product","2":"type-product","3":"status-publish","4":"has-post-thumbnail","6":"product_cat-texturgeber-smoothfood-produkte","7":"product_tag-seneoforte","8":"product_tag-seneoforte-soup","10":"first","11":"instock","12":"taxable","13":"shipping-taxable","14":"product-type-simple","15":"add-to-wishlist-before_image"},"yoast_head":"<!-- This site is optimized with the Yoast SEO plugin v27.3 - https:\/\/yoast.com\/product\/yoast-seo-wordpress\/ -->\n<title>Seneoforte\u00ae soup 4 kg - Biozoon Shop<\/title>\n<meta name=\"robots\" content=\"index, follow, max-snippet:-1, max-image-preview:large, max-video-preview:-1\" \/>\n<link rel=\"canonical\" href=\"https:\/\/biozoon.de\/shop\/product\/seneoforte-soup-4-kg\/\" \/>\n<meta property=\"og:locale\" content=\"en_US\" \/>\n<meta property=\"og:type\" content=\"article\" \/>\n<meta property=\"og:title\" content=\"Seneoforte\u00ae soup 4 kg - Biozoon Shop\" \/>\n<meta property=\"og:description\" content=\"Hochkalorische Pulvermischung zur Herstellung einer hochkalorischen Suppe \u2013 einfach mit hei\u00dfem Wasser zubereitet. Zutaten: Maltodextrin, Sonnenblumenkern\u00f6lpulver, Hefeprotein, Gem\u00fcsebr\u00fche (Salz, Karotte, Pastinake, Zwiebel, K\u00fcrbis, Shiitake, Petersilie, Liebstockwurzel, Sonnenblumen\u00f6l), resistentes Dextrin, nat\u00fcrliches Aroma, Emulgator Sojalecithin Eigenschaften und Anwendung: seneoforte\u00ae soup \u2013 herzhafte Hochkalorik neu gedacht Viele Menschen mit Mangel- oder Unterern\u00e4hrung \u2013 etwa durch Alter, Krankheit oder [&hellip;]\" \/>\n<meta property=\"og:url\" content=\"https:\/\/biozoon.de\/shop\/product\/seneoforte-soup-4-kg\/\" \/>\n<meta property=\"og:site_name\" content=\"Biozoon Shop\" \/>\n<meta property=\"article:publisher\" content=\"https:\/\/www.facebook.com\/pages\/category\/Food---Beverage\/biozoon-113514145340245\/\" \/>\n<meta property=\"article:modified_time\" content=\"2025-06-16T10:08:58+00:00\" \/>\n<meta property=\"og:image\" content=\"https:\/\/biozoon.de\/shop\/wp-content\/uploads\/2025\/06\/13.jpg\" \/>\n\t<meta property=\"og:image:width\" content=\"1000\" \/>\n\t<meta property=\"og:image:height\" content=\"1000\" \/>\n\t<meta property=\"og:image:type\" content=\"image\/jpeg\" \/>\n<meta name=\"twitter:card\" content=\"summary_large_image\" \/>\n<meta name=\"twitter:label1\" content=\"Est. reading time\" \/>\n\t<meta name=\"twitter:data1\" content=\"2 minutes\" \/>\n<script type=\"application\/ld+json\" class=\"yoast-schema-graph\">{\"@context\":\"https:\\\/\\\/schema.org\",\"@graph\":[{\"@type\":\"WebPage\",\"@id\":\"https:\\\/\\\/biozoon.de\\\/shop\\\/product\\\/seneoforte-soup-4-kg\\\/\",\"url\":\"https:\\\/\\\/biozoon.de\\\/shop\\\/product\\\/seneoforte-soup-4-kg\\\/\",\"name\":\"Seneoforte\u00ae soup 4 kg - Biozoon Shop\",\"isPartOf\":{\"@id\":\"https:\\\/\\\/biozoon.de\\\/shop\\\/#website\"},\"primaryImageOfPage\":{\"@id\":\"https:\\\/\\\/biozoon.de\\\/shop\\\/product\\\/seneoforte-soup-4-kg\\\/#primaryimage\"},\"image\":{\"@id\":\"https:\\\/\\\/biozoon.de\\\/shop\\\/product\\\/seneoforte-soup-4-kg\\\/#primaryimage\"},\"thumbnailUrl\":\"https:\\\/\\\/biozoon.de\\\/shop\\\/wp-content\\\/uploads\\\/2025\\\/06\\\/13.jpg\",\"datePublished\":\"2025-06-15T06:46:04+00:00\",\"dateModified\":\"2025-06-16T10:08:58+00:00\",\"breadcrumb\":{\"@id\":\"https:\\\/\\\/biozoon.de\\\/shop\\\/product\\\/seneoforte-soup-4-kg\\\/#breadcrumb\"},\"inLanguage\":\"en-US\",\"potentialAction\":[{\"@type\":\"ReadAction\",\"target\":[\"https:\\\/\\\/biozoon.de\\\/shop\\\/product\\\/seneoforte-soup-4-kg\\\/\"]}]},{\"@type\":\"ImageObject\",\"inLanguage\":\"en-US\",\"@id\":\"https:\\\/\\\/biozoon.de\\\/shop\\\/product\\\/seneoforte-soup-4-kg\\\/#primaryimage\",\"url\":\"https:\\\/\\\/biozoon.de\\\/shop\\\/wp-content\\\/uploads\\\/2025\\\/06\\\/13.jpg\",\"contentUrl\":\"https:\\\/\\\/biozoon.de\\\/shop\\\/wp-content\\\/uploads\\\/2025\\\/06\\\/13.jpg\",\"width\":1000,\"height\":1000},{\"@type\":\"BreadcrumbList\",\"@id\":\"https:\\\/\\\/biozoon.de\\\/shop\\\/product\\\/seneoforte-soup-4-kg\\\/#breadcrumb\",\"itemListElement\":[{\"@type\":\"ListItem\",\"position\":1,\"name\":\"Home\",\"item\":\"https:\\\/\\\/biozoon.de\\\/shop\\\/\"},{\"@type\":\"ListItem\",\"position\":2,\"name\":\"Shop\",\"item\":\"https:\\\/\\\/biozoon.de\\\/shop\\\/shop\\\/\"},{\"@type\":\"ListItem\",\"position\":3,\"name\":\"smoothfood Produkte\",\"item\":\"https:\\\/\\\/biozoon.de\\\/shop\\\/product-category\\\/smoothfood-produkte\\\/\"},{\"@type\":\"ListItem\",\"position\":4,\"name\":\"Texturgeber\",\"item\":\"https:\\\/\\\/biozoon.de\\\/shop\\\/product-category\\\/smoothfood-produkte\\\/texturgeber-smoothfood-produkte\\\/\"},{\"@type\":\"ListItem\",\"position\":5,\"name\":\"Seneoforte\u00ae soup 4 kg\"}]},{\"@type\":\"WebSite\",\"@id\":\"https:\\\/\\\/biozoon.de\\\/shop\\\/#website\",\"url\":\"https:\\\/\\\/biozoon.de\\\/shop\\\/\",\"name\":\"Biozoon Shop\",\"description\":\"\",\"potentialAction\":[{\"@type\":\"SearchAction\",\"target\":{\"@type\":\"EntryPoint\",\"urlTemplate\":\"https:\\\/\\\/biozoon.de\\\/shop\\\/?s={search_term_string}\"},\"query-input\":{\"@type\":\"PropertyValueSpecification\",\"valueRequired\":true,\"valueName\":\"search_term_string\"}}],\"inLanguage\":\"en-US\"}]}<\/script>\n<!-- \/ Yoast SEO plugin. -->","yoast_head_json":{"title":"Seneoforte\u00ae soup 4 kg - Biozoon Shop","robots":{"index":"index","follow":"follow","max-snippet":"max-snippet:-1","max-image-preview":"max-image-preview:large","max-video-preview":"max-video-preview:-1"},"canonical":"https:\/\/biozoon.de\/shop\/product\/seneoforte-soup-4-kg\/","og_locale":"en_US","og_type":"article","og_title":"Seneoforte\u00ae soup 4 kg - Biozoon Shop","og_description":"Hochkalorische Pulvermischung zur Herstellung einer hochkalorischen Suppe \u2013 einfach mit hei\u00dfem Wasser zubereitet. Zutaten: Maltodextrin, Sonnenblumenkern\u00f6lpulver, Hefeprotein, Gem\u00fcsebr\u00fche (Salz, Karotte, Pastinake, Zwiebel, K\u00fcrbis, Shiitake, Petersilie, Liebstockwurzel, Sonnenblumen\u00f6l), resistentes Dextrin, nat\u00fcrliches Aroma, Emulgator Sojalecithin Eigenschaften und Anwendung: seneoforte\u00ae soup \u2013 herzhafte Hochkalorik neu gedacht Viele Menschen mit Mangel- oder Unterern\u00e4hrung \u2013 etwa durch Alter, Krankheit oder [&hellip;]","og_url":"https:\/\/biozoon.de\/shop\/product\/seneoforte-soup-4-kg\/","og_site_name":"Biozoon Shop","article_publisher":"https:\/\/www.facebook.com\/pages\/category\/Food---Beverage\/biozoon-113514145340245\/","article_modified_time":"2025-06-16T10:08:58+00:00","og_image":[{"width":1000,"height":1000,"url":"https:\/\/biozoon.de\/shop\/wp-content\/uploads\/2025\/06\/13.jpg","type":"image\/jpeg"}],"twitter_card":"summary_large_image","twitter_misc":{"Est. reading time":"2 minutes"},"schema":{"@context":"https:\/\/schema.org","@graph":[{"@type":"WebPage","@id":"https:\/\/biozoon.de\/shop\/product\/seneoforte-soup-4-kg\/","url":"https:\/\/biozoon.de\/shop\/product\/seneoforte-soup-4-kg\/","name":"Seneoforte\u00ae soup 4 kg - Biozoon Shop","isPartOf":{"@id":"https:\/\/biozoon.de\/shop\/#website"},"primaryImageOfPage":{"@id":"https:\/\/biozoon.de\/shop\/product\/seneoforte-soup-4-kg\/#primaryimage"},"image":{"@id":"https:\/\/biozoon.de\/shop\/product\/seneoforte-soup-4-kg\/#primaryimage"},"thumbnailUrl":"https:\/\/biozoon.de\/shop\/wp-content\/uploads\/2025\/06\/13.jpg","datePublished":"2025-06-15T06:46:04+00:00","dateModified":"2025-06-16T10:08:58+00:00","breadcrumb":{"@id":"https:\/\/biozoon.de\/shop\/product\/seneoforte-soup-4-kg\/#breadcrumb"},"inLanguage":"en-US","potentialAction":[{"@type":"ReadAction","target":["https:\/\/biozoon.de\/shop\/product\/seneoforte-soup-4-kg\/"]}]},{"@type":"ImageObject","inLanguage":"en-US","@id":"https:\/\/biozoon.de\/shop\/product\/seneoforte-soup-4-kg\/#primaryimage","url":"https:\/\/biozoon.de\/shop\/wp-content\/uploads\/2025\/06\/13.jpg","contentUrl":"https:\/\/biozoon.de\/shop\/wp-content\/uploads\/2025\/06\/13.jpg","width":1000,"height":1000},{"@type":"BreadcrumbList","@id":"https:\/\/biozoon.de\/shop\/product\/seneoforte-soup-4-kg\/#breadcrumb","itemListElement":[{"@type":"ListItem","position":1,"name":"Home","item":"https:\/\/biozoon.de\/shop\/"},{"@type":"ListItem","position":2,"name":"Shop","item":"https:\/\/biozoon.de\/shop\/shop\/"},{"@type":"ListItem","position":3,"name":"smoothfood Produkte","item":"https:\/\/biozoon.de\/shop\/product-category\/smoothfood-produkte\/"},{"@type":"ListItem","position":4,"name":"Texturgeber","item":"https:\/\/biozoon.de\/shop\/product-category\/smoothfood-produkte\/texturgeber-smoothfood-produkte\/"},{"@type":"ListItem","position":5,"name":"Seneoforte\u00ae soup 4 kg"}]},{"@type":"WebSite","@id":"https:\/\/biozoon.de\/shop\/#website","url":"https:\/\/biozoon.de\/shop\/","name":"Biozoon Shop","description":"","potentialAction":[{"@type":"SearchAction","target":{"@type":"EntryPoint","urlTemplate":"https:\/\/biozoon.de\/shop\/?s={search_term_string}"},"query-input":{"@type":"PropertyValueSpecification","valueRequired":true,"valueName":"search_term_string"}}],"inLanguage":"en-US"}]}},"lang":"de","translations":{"de":7600},"pll_sync_post":[],"_links":{"self":[{"href":"https:\/\/biozoon.de\/shop\/wp-json\/wp\/v2\/product\/7600","targetHints":{"allow":["GET"]}}],"collection":[{"href":"https:\/\/biozoon.de\/shop\/wp-json\/wp\/v2\/product"}],"about":[{"href":"https:\/\/biozoon.de\/shop\/wp-json\/wp\/v2\/types\/product"}],"replies":[{"embeddable":true,"href":"https:\/\/biozoon.de\/shop\/wp-json\/wp\/v2\/comments?post=7600"}],"wp:featuredmedia":[{"embeddable":true,"href":"https:\/\/biozoon.de\/shop\/wp-json\/wp\/v2\/media\/7601"}],"wp:attachment":[{"href":"https:\/\/biozoon.de\/shop\/wp-json\/wp\/v2\/media?parent=7600"}],"wp:term":[{"taxonomy":"product_brand","embeddable":true,"href":"https:\/\/biozoon.de\/shop\/wp-json\/wp\/v2\/product_brand?post=7600"},{"taxonomy":"product_cat","embeddable":true,"href":"https:\/\/biozoon.de\/shop\/wp-json\/wp\/v2\/product_cat?post=7600"},{"taxonomy":"product_tag","embeddable":true,"href":"https:\/\/biozoon.de\/shop\/wp-json\/wp\/v2\/product_tag?post=7600"}],"curies":[{"name":"wp","href":"https:\/\/api.w.org\/{rel}","templated":true}]}}