{"id":71,"date":"2021-04-11T11:05:20","date_gmt":"2021-04-11T11:05:20","guid":{"rendered":"http:\/\/localhost:8585\/bshop\/?post_type=product&#038;p=71"},"modified":"2022-09-04T12:19:54","modified_gmt":"2022-09-04T12:19:54","slug":"xanthazoon-300g","status":"publish","type":"product","link":"https:\/\/biozoon.de\/shop\/product\/xanthazoon-300g\/","title":{"rendered":"Xanthazoon 300 g Dose"},"content":{"rendered":"<p><b><span style=\"color: #00b050;\"><i>Xantha<\/i><\/span><span style=\"color: #808080;\">zoon<\/span><\/b><span style=\"color: #333333;\">, 300 g Dose<\/span><\/p>\n<p><b>Verdickungsmittel und Stabilisator<\/b><\/p>\n<p><b><span style=\"color: #00b050;\"><i>Xantha<\/i><\/span><span style=\"color: #808080;\">zoon<\/span><\/b><b><span style=\"color: #808080;\">\u00a0<\/span><\/b>besteht aus Xanthan (E415) und bietet gute Verdickungs- und Stabilisierungseigenschaften in Dressings und So\u00dfen, Getr\u00e4nken, Milchprodukten, Fruchtzubereitungen und Eiscreme. <b><span style=\"color: #00b050;\"><i>Xantha<\/i><\/span><span style=\"color: #808080;\">zoon <\/span><\/b>ist sowohl in kalten als auch hei\u00dfen Fl\u00fcssigkeiten l\u00f6slich und erh\u00e4lt die Viskosit\u00e4t der Produkte \u00fcber einen weiten Temperaturbereich.<\/p>\n<p><b>Zutaten: <\/b>Verdickungsmittel Xanthan (E415), Maltodextrin<\/p>\n<p><b>Anwendung: <\/b><em>Dosierung zur Bindung von So\u00dfen oder Dressings: <\/em>2 gestrichene L\u00f6ffel <b><span style=\"color: #00b050;\"><i>Xantha<\/i><\/span><span style=\"color: #808080;\">zoon <\/span><\/b>in 300 &#8211; 400 ml kalter oder hei\u00dfer Fl\u00fcssigkeit (Br\u00fche, Saft, etc.) vollst\u00e4ndig l\u00f6sen. Unter Verwendung eines Sahnesiphons kann die So\u00dfe bzw. das Dressing auch aufgesch\u00e4umt werden. Wir empfehlen die Kombination mit <b><span style=\"color: #00b050;\"><i>Iota<\/i><\/span><span style=\"color: #808080;\">zoon <\/span><\/b>oder <b><span style=\"color: #00b050;\"><i>Cellu<\/i><\/span><span style=\"color: #808080;\">zoon <\/span><\/b>zur Herstellung stabiler Sch\u00e4ume.<\/p>\n<div>Preis per kg : 63 \u20ac<\/div>\n","protected":false},"excerpt":{"rendered":"<p>Xanthazoon, 300 g Dose Verdickungsmittel und Stabilisator Xanthazoon\u00a0besteht aus Xanthan (E415) und bietet gute Verdickungs- und Stabilisierungseigenschaften in Dressings und So\u00dfen, Getr\u00e4nken, Milchprodukten, Fruchtzubereitungen und Eiscreme. Xanthazoon ist sowohl in kalten als auch hei\u00dfen Fl\u00fcssigkeiten l\u00f6slich und erh\u00e4lt die Viskosit\u00e4t der Produkte \u00fcber einen weiten Temperaturbereich. Zutaten: Verdickungsmittel Xanthan (E415), Maltodextrin Anwendung: Dosierung zur Bindung [&hellip;]<\/p>\n","protected":false},"featured_media":604,"comment_status":"open","ping_status":"closed","template":"","meta":[],"product_brand":[],"product_cat":[165],"product_tag":[1064,473],"class_list":{"0":"post-71","1":"product","2":"type-product","3":"status-publish","4":"has-post-thumbnail","6":"product_cat-texturgeber","7":"product_tag-molekulare-kueche","8":"product_tag-verdickungsmittel","10":"first","11":"instock","12":"taxable","13":"shipping-taxable","14":"purchasable","15":"product-type-simple","16":"add-to-wishlist-before_image"},"yoast_head":"<!-- This site is optimized with the Yoast SEO plugin v27.3 - https:\/\/yoast.com\/product\/yoast-seo-wordpress\/ -->\n<title>Xanthazoon - Verdickungsmittel und Stabilisator - Biozoon Shop<\/title>\n<meta name=\"description\" content=\"In der Molekulark\u00fcche genutzt um Dressings, Saucen etc. zu stabilisieren und kleine Partikel wie Kr\u00e4uter\/Aromakapseln in Schwebe zu halten .\" \/>\n<meta name=\"robots\" content=\"index, follow, max-snippet:-1, max-image-preview:large, max-video-preview:-1\" \/>\n<link rel=\"canonical\" href=\"https:\/\/biozoon.de\/shop\/product\/xanthazoon-300g\/\" \/>\n<meta property=\"og:locale\" content=\"en_US\" \/>\n<meta property=\"og:type\" content=\"article\" \/>\n<meta property=\"og:title\" content=\"Xanthazoon - Verdickungsmittel und Stabilisator - Biozoon Shop\" \/>\n<meta property=\"og:description\" content=\"In der Molekulark\u00fcche genutzt um Dressings, Saucen etc. zu stabilisieren und kleine Partikel wie Kr\u00e4uter\/Aromakapseln in Schwebe zu halten .\" \/>\n<meta property=\"og:url\" content=\"https:\/\/biozoon.de\/shop\/product\/xanthazoon-300g\/\" \/>\n<meta property=\"og:site_name\" content=\"Biozoon Shop\" \/>\n<meta property=\"article:publisher\" content=\"https:\/\/www.facebook.com\/pages\/category\/Food---Beverage\/biozoon-113514145340245\/\" \/>\n<meta property=\"article:modified_time\" content=\"2022-09-04T12:19:54+00:00\" \/>\n<meta property=\"og:image\" content=\"https:\/\/biozoon.de\/shop\/wp-content\/uploads\/2021\/04\/Dose-Xanthazoon-2.jpg\" \/>\n\t<meta property=\"og:image:width\" content=\"600\" \/>\n\t<meta property=\"og:image:height\" content=\"600\" \/>\n\t<meta property=\"og:image:type\" content=\"image\/jpeg\" \/>\n<meta name=\"twitter:card\" content=\"summary_large_image\" \/>\n<meta name=\"twitter:label1\" content=\"Est. reading time\" \/>\n\t<meta name=\"twitter:data1\" content=\"1 minute\" \/>\n<script type=\"application\/ld+json\" class=\"yoast-schema-graph\">{\"@context\":\"https:\\\/\\\/schema.org\",\"@graph\":[{\"@type\":\"WebPage\",\"@id\":\"https:\\\/\\\/biozoon.de\\\/shop\\\/product\\\/xanthazoon-300g\\\/\",\"url\":\"https:\\\/\\\/biozoon.de\\\/shop\\\/product\\\/xanthazoon-300g\\\/\",\"name\":\"Xanthazoon - Verdickungsmittel und Stabilisator - Biozoon Shop\",\"isPartOf\":{\"@id\":\"https:\\\/\\\/biozoon.de\\\/shop\\\/#website\"},\"primaryImageOfPage\":{\"@id\":\"https:\\\/\\\/biozoon.de\\\/shop\\\/product\\\/xanthazoon-300g\\\/#primaryimage\"},\"image\":{\"@id\":\"https:\\\/\\\/biozoon.de\\\/shop\\\/product\\\/xanthazoon-300g\\\/#primaryimage\"},\"thumbnailUrl\":\"https:\\\/\\\/biozoon.de\\\/shop\\\/wp-content\\\/uploads\\\/2021\\\/04\\\/Dose-Xanthazoon-2.jpg\",\"datePublished\":\"2021-04-11T11:05:20+00:00\",\"dateModified\":\"2022-09-04T12:19:54+00:00\",\"description\":\"In der Molekulark\u00fcche genutzt um Dressings, Saucen etc. zu stabilisieren und kleine Partikel wie Kr\u00e4uter\\\/Aromakapseln in Schwebe zu halten .\",\"breadcrumb\":{\"@id\":\"https:\\\/\\\/biozoon.de\\\/shop\\\/product\\\/xanthazoon-300g\\\/#breadcrumb\"},\"inLanguage\":\"en-US\",\"potentialAction\":[{\"@type\":\"ReadAction\",\"target\":[\"https:\\\/\\\/biozoon.de\\\/shop\\\/product\\\/xanthazoon-300g\\\/\"]}]},{\"@type\":\"ImageObject\",\"inLanguage\":\"en-US\",\"@id\":\"https:\\\/\\\/biozoon.de\\\/shop\\\/product\\\/xanthazoon-300g\\\/#primaryimage\",\"url\":\"https:\\\/\\\/biozoon.de\\\/shop\\\/wp-content\\\/uploads\\\/2021\\\/04\\\/Dose-Xanthazoon-2.jpg\",\"contentUrl\":\"https:\\\/\\\/biozoon.de\\\/shop\\\/wp-content\\\/uploads\\\/2021\\\/04\\\/Dose-Xanthazoon-2.jpg\",\"width\":600,\"height\":600,\"caption\":\"Xanthazoon\"},{\"@type\":\"BreadcrumbList\",\"@id\":\"https:\\\/\\\/biozoon.de\\\/shop\\\/product\\\/xanthazoon-300g\\\/#breadcrumb\",\"itemListElement\":[{\"@type\":\"ListItem\",\"position\":1,\"name\":\"Home\",\"item\":\"https:\\\/\\\/biozoon.de\\\/shop\\\/\"},{\"@type\":\"ListItem\",\"position\":2,\"name\":\"Shop\",\"item\":\"https:\\\/\\\/biozoon.de\\\/shop\\\/shop\\\/\"},{\"@type\":\"ListItem\",\"position\":3,\"name\":\"Molekulare Texturgeber\",\"item\":\"https:\\\/\\\/biozoon.de\\\/shop\\\/product-category\\\/molekulare-texturgeber\\\/\"},{\"@type\":\"ListItem\",\"position\":4,\"name\":\"Texturgeber\",\"item\":\"https:\\\/\\\/biozoon.de\\\/shop\\\/product-category\\\/molekulare-texturgeber\\\/texturgeber\\\/\"},{\"@type\":\"ListItem\",\"position\":5,\"name\":\"Xanthazoon 300 g Dose\"}]},{\"@type\":\"WebSite\",\"@id\":\"https:\\\/\\\/biozoon.de\\\/shop\\\/#website\",\"url\":\"https:\\\/\\\/biozoon.de\\\/shop\\\/\",\"name\":\"Biozoon Shop\",\"description\":\"\",\"potentialAction\":[{\"@type\":\"SearchAction\",\"target\":{\"@type\":\"EntryPoint\",\"urlTemplate\":\"https:\\\/\\\/biozoon.de\\\/shop\\\/?s={search_term_string}\"},\"query-input\":{\"@type\":\"PropertyValueSpecification\",\"valueRequired\":true,\"valueName\":\"search_term_string\"}}],\"inLanguage\":\"en-US\"}]}<\/script>\n<!-- \/ Yoast SEO plugin. -->","yoast_head_json":{"title":"Xanthazoon - Verdickungsmittel und Stabilisator - Biozoon Shop","description":"In der Molekulark\u00fcche genutzt um Dressings, Saucen etc. zu stabilisieren und kleine Partikel wie Kr\u00e4uter\/Aromakapseln in Schwebe zu halten .","robots":{"index":"index","follow":"follow","max-snippet":"max-snippet:-1","max-image-preview":"max-image-preview:large","max-video-preview":"max-video-preview:-1"},"canonical":"https:\/\/biozoon.de\/shop\/product\/xanthazoon-300g\/","og_locale":"en_US","og_type":"article","og_title":"Xanthazoon - Verdickungsmittel und Stabilisator - Biozoon Shop","og_description":"In der Molekulark\u00fcche genutzt um Dressings, Saucen etc. zu stabilisieren und kleine Partikel wie Kr\u00e4uter\/Aromakapseln in Schwebe zu halten .","og_url":"https:\/\/biozoon.de\/shop\/product\/xanthazoon-300g\/","og_site_name":"Biozoon Shop","article_publisher":"https:\/\/www.facebook.com\/pages\/category\/Food---Beverage\/biozoon-113514145340245\/","article_modified_time":"2022-09-04T12:19:54+00:00","og_image":[{"width":600,"height":600,"url":"https:\/\/biozoon.de\/shop\/wp-content\/uploads\/2021\/04\/Dose-Xanthazoon-2.jpg","type":"image\/jpeg"}],"twitter_card":"summary_large_image","twitter_misc":{"Est. reading time":"1 minute"},"schema":{"@context":"https:\/\/schema.org","@graph":[{"@type":"WebPage","@id":"https:\/\/biozoon.de\/shop\/product\/xanthazoon-300g\/","url":"https:\/\/biozoon.de\/shop\/product\/xanthazoon-300g\/","name":"Xanthazoon - Verdickungsmittel und Stabilisator - Biozoon Shop","isPartOf":{"@id":"https:\/\/biozoon.de\/shop\/#website"},"primaryImageOfPage":{"@id":"https:\/\/biozoon.de\/shop\/product\/xanthazoon-300g\/#primaryimage"},"image":{"@id":"https:\/\/biozoon.de\/shop\/product\/xanthazoon-300g\/#primaryimage"},"thumbnailUrl":"https:\/\/biozoon.de\/shop\/wp-content\/uploads\/2021\/04\/Dose-Xanthazoon-2.jpg","datePublished":"2021-04-11T11:05:20+00:00","dateModified":"2022-09-04T12:19:54+00:00","description":"In der Molekulark\u00fcche genutzt um Dressings, Saucen etc. zu stabilisieren und kleine Partikel wie Kr\u00e4uter\/Aromakapseln in Schwebe zu halten .","breadcrumb":{"@id":"https:\/\/biozoon.de\/shop\/product\/xanthazoon-300g\/#breadcrumb"},"inLanguage":"en-US","potentialAction":[{"@type":"ReadAction","target":["https:\/\/biozoon.de\/shop\/product\/xanthazoon-300g\/"]}]},{"@type":"ImageObject","inLanguage":"en-US","@id":"https:\/\/biozoon.de\/shop\/product\/xanthazoon-300g\/#primaryimage","url":"https:\/\/biozoon.de\/shop\/wp-content\/uploads\/2021\/04\/Dose-Xanthazoon-2.jpg","contentUrl":"https:\/\/biozoon.de\/shop\/wp-content\/uploads\/2021\/04\/Dose-Xanthazoon-2.jpg","width":600,"height":600,"caption":"Xanthazoon"},{"@type":"BreadcrumbList","@id":"https:\/\/biozoon.de\/shop\/product\/xanthazoon-300g\/#breadcrumb","itemListElement":[{"@type":"ListItem","position":1,"name":"Home","item":"https:\/\/biozoon.de\/shop\/"},{"@type":"ListItem","position":2,"name":"Shop","item":"https:\/\/biozoon.de\/shop\/shop\/"},{"@type":"ListItem","position":3,"name":"Molekulare Texturgeber","item":"https:\/\/biozoon.de\/shop\/product-category\/molekulare-texturgeber\/"},{"@type":"ListItem","position":4,"name":"Texturgeber","item":"https:\/\/biozoon.de\/shop\/product-category\/molekulare-texturgeber\/texturgeber\/"},{"@type":"ListItem","position":5,"name":"Xanthazoon 300 g Dose"}]},{"@type":"WebSite","@id":"https:\/\/biozoon.de\/shop\/#website","url":"https:\/\/biozoon.de\/shop\/","name":"Biozoon Shop","description":"","potentialAction":[{"@type":"SearchAction","target":{"@type":"EntryPoint","urlTemplate":"https:\/\/biozoon.de\/shop\/?s={search_term_string}"},"query-input":{"@type":"PropertyValueSpecification","valueRequired":true,"valueName":"search_term_string"}}],"inLanguage":"en-US"}]}},"lang":"de","translations":{"de":71,"en":74},"pll_sync_post":[],"_links":{"self":[{"href":"https:\/\/biozoon.de\/shop\/wp-json\/wp\/v2\/product\/71","targetHints":{"allow":["GET"]}}],"collection":[{"href":"https:\/\/biozoon.de\/shop\/wp-json\/wp\/v2\/product"}],"about":[{"href":"https:\/\/biozoon.de\/shop\/wp-json\/wp\/v2\/types\/product"}],"replies":[{"embeddable":true,"href":"https:\/\/biozoon.de\/shop\/wp-json\/wp\/v2\/comments?post=71"}],"wp:featuredmedia":[{"embeddable":true,"href":"https:\/\/biozoon.de\/shop\/wp-json\/wp\/v2\/media\/604"}],"wp:attachment":[{"href":"https:\/\/biozoon.de\/shop\/wp-json\/wp\/v2\/media?parent=71"}],"wp:term":[{"taxonomy":"product_brand","embeddable":true,"href":"https:\/\/biozoon.de\/shop\/wp-json\/wp\/v2\/product_brand?post=71"},{"taxonomy":"product_cat","embeddable":true,"href":"https:\/\/biozoon.de\/shop\/wp-json\/wp\/v2\/product_cat?post=71"},{"taxonomy":"product_tag","embeddable":true,"href":"https:\/\/biozoon.de\/shop\/wp-json\/wp\/v2\/product_tag?post=71"}],"curies":[{"name":"wp","href":"https:\/\/api.w.org\/{rel}","templated":true}]}}