{"id":68,"date":"2021-04-11T11:00:01","date_gmt":"2021-04-11T11:00:01","guid":{"rendered":"http:\/\/localhost:8585\/bshop\/?post_type=product&#038;p=68"},"modified":"2022-09-04T12:19:59","modified_gmt":"2022-09-04T12:19:59","slug":"maltozoon-300g","status":"publish","type":"product","link":"https:\/\/biozoon.de\/shop\/product\/maltozoon-300g\/","title":{"rendered":"Maltozoon 300 g Dose"},"content":{"rendered":"<p><b><span style=\"color: #00b050;\"><i>Malto<\/i><\/span><span style=\"color: #808080;\">zoon<\/span><\/b><span style=\"color: #808080;\"><span style=\"color: #333333;\">, 300 g Dose<\/span><\/span><\/p>\n<p>Maltodextrin und kann vielfach eingesetzt werden, meistens als Tr\u00e4ger- oder F\u00fcllstoff.<\/p>\n<p><strong>Zutaten:<\/strong> Maltodextrin<\/p>\n<p>Preis per kg :\u00a0 36,70 \u20ac<\/p>\n","protected":false},"excerpt":{"rendered":"<p>Maltozoon, 300 g Dose Maltodextrin und kann vielfach eingesetzt werden, meistens als Tr\u00e4ger- oder F\u00fcllstoff. Zutaten: Maltodextrin Preis per kg :\u00a0 36,70 \u20ac<\/p>\n","protected":false},"featured_media":479,"comment_status":"open","ping_status":"closed","template":"","meta":[],"product_brand":[],"product_cat":[165],"product_tag":[1064],"class_list":{"0":"post-68","1":"product","2":"type-product","3":"status-publish","4":"has-post-thumbnail","6":"product_cat-texturgeber","7":"product_tag-molekulare-kueche","9":"first","10":"instock","11":"taxable","12":"shipping-taxable","13":"purchasable","14":"product-type-simple","15":"add-to-wishlist-before_image"},"yoast_head":"<!-- This site is optimized with the Yoast SEO plugin v27.3 - https:\/\/yoast.com\/product\/yoast-seo-wordpress\/ -->\n<title>Maltodextrin aus Kartoffelst\u00e4rke - Absorptions\/Tr\u00e4gerstoff<\/title>\n<meta name=\"description\" content=\"Maltozoon, 300 g - DoseMaltodextrin und kann vielfach eingesetzt werden, meistens als Tr\u00e4ger- oder F\u00fcllstoff.\" \/>\n<meta name=\"robots\" content=\"index, follow, max-snippet:-1, max-image-preview:large, max-video-preview:-1\" \/>\n<link rel=\"canonical\" href=\"https:\/\/biozoon.de\/shop\/product\/maltozoon-300g\/\" \/>\n<meta property=\"og:locale\" content=\"en_US\" \/>\n<meta property=\"og:type\" content=\"article\" \/>\n<meta property=\"og:title\" content=\"Maltodextrin aus Kartoffelst\u00e4rke - Absorptions\/Tr\u00e4gerstoff\" \/>\n<meta property=\"og:description\" content=\"Maltozoon, 300 g - DoseMaltodextrin und kann vielfach eingesetzt werden, meistens als Tr\u00e4ger- oder F\u00fcllstoff.\" \/>\n<meta property=\"og:url\" content=\"https:\/\/biozoon.de\/shop\/product\/maltozoon-300g\/\" \/>\n<meta property=\"og:site_name\" content=\"Biozoon Shop\" \/>\n<meta property=\"article:publisher\" content=\"https:\/\/www.facebook.com\/pages\/category\/Food---Beverage\/biozoon-113514145340245\/\" \/>\n<meta property=\"article:modified_time\" content=\"2022-09-04T12:19:59+00:00\" \/>\n<meta property=\"og:image\" content=\"https:\/\/biozoon.de\/shop\/wp-content\/uploads\/2021\/04\/Dose-Maltozoon.jpg\" \/>\n\t<meta property=\"og:image:width\" content=\"600\" \/>\n\t<meta property=\"og:image:height\" content=\"600\" \/>\n\t<meta property=\"og:image:type\" content=\"image\/jpeg\" \/>\n<meta name=\"twitter:card\" content=\"summary_large_image\" \/>\n<meta name=\"twitter:label1\" content=\"Est. reading time\" \/>\n\t<meta name=\"twitter:data1\" content=\"1 minute\" \/>\n<script type=\"application\/ld+json\" class=\"yoast-schema-graph\">{\"@context\":\"https:\\\/\\\/schema.org\",\"@graph\":[{\"@type\":\"WebPage\",\"@id\":\"https:\\\/\\\/biozoon.de\\\/shop\\\/product\\\/maltozoon-300g\\\/\",\"url\":\"https:\\\/\\\/biozoon.de\\\/shop\\\/product\\\/maltozoon-300g\\\/\",\"name\":\"Maltodextrin aus Kartoffelst\u00e4rke - Absorptions\\\/Tr\u00e4gerstoff\",\"isPartOf\":{\"@id\":\"https:\\\/\\\/biozoon.de\\\/shop\\\/#website\"},\"primaryImageOfPage\":{\"@id\":\"https:\\\/\\\/biozoon.de\\\/shop\\\/product\\\/maltozoon-300g\\\/#primaryimage\"},\"image\":{\"@id\":\"https:\\\/\\\/biozoon.de\\\/shop\\\/product\\\/maltozoon-300g\\\/#primaryimage\"},\"thumbnailUrl\":\"https:\\\/\\\/biozoon.de\\\/shop\\\/wp-content\\\/uploads\\\/2021\\\/04\\\/Dose-Maltozoon.jpg\",\"datePublished\":\"2021-04-11T11:00:01+00:00\",\"dateModified\":\"2022-09-04T12:19:59+00:00\",\"description\":\"Maltozoon, 300 g - DoseMaltodextrin und kann vielfach eingesetzt werden, meistens als Tr\u00e4ger- oder F\u00fcllstoff.\",\"breadcrumb\":{\"@id\":\"https:\\\/\\\/biozoon.de\\\/shop\\\/product\\\/maltozoon-300g\\\/#breadcrumb\"},\"inLanguage\":\"en-US\",\"potentialAction\":[{\"@type\":\"ReadAction\",\"target\":[\"https:\\\/\\\/biozoon.de\\\/shop\\\/product\\\/maltozoon-300g\\\/\"]}]},{\"@type\":\"ImageObject\",\"inLanguage\":\"en-US\",\"@id\":\"https:\\\/\\\/biozoon.de\\\/shop\\\/product\\\/maltozoon-300g\\\/#primaryimage\",\"url\":\"https:\\\/\\\/biozoon.de\\\/shop\\\/wp-content\\\/uploads\\\/2021\\\/04\\\/Dose-Maltozoon.jpg\",\"contentUrl\":\"https:\\\/\\\/biozoon.de\\\/shop\\\/wp-content\\\/uploads\\\/2021\\\/04\\\/Dose-Maltozoon.jpg\",\"width\":600,\"height\":600,\"caption\":\"Maltozoon\"},{\"@type\":\"BreadcrumbList\",\"@id\":\"https:\\\/\\\/biozoon.de\\\/shop\\\/product\\\/maltozoon-300g\\\/#breadcrumb\",\"itemListElement\":[{\"@type\":\"ListItem\",\"position\":1,\"name\":\"Home\",\"item\":\"https:\\\/\\\/biozoon.de\\\/shop\\\/\"},{\"@type\":\"ListItem\",\"position\":2,\"name\":\"Shop\",\"item\":\"https:\\\/\\\/biozoon.de\\\/shop\\\/shop\\\/\"},{\"@type\":\"ListItem\",\"position\":3,\"name\":\"Molekulare Texturgeber\",\"item\":\"https:\\\/\\\/biozoon.de\\\/shop\\\/product-category\\\/molekulare-texturgeber\\\/\"},{\"@type\":\"ListItem\",\"position\":4,\"name\":\"Texturgeber\",\"item\":\"https:\\\/\\\/biozoon.de\\\/shop\\\/product-category\\\/molekulare-texturgeber\\\/texturgeber\\\/\"},{\"@type\":\"ListItem\",\"position\":5,\"name\":\"Maltozoon 300 g Dose\"}]},{\"@type\":\"WebSite\",\"@id\":\"https:\\\/\\\/biozoon.de\\\/shop\\\/#website\",\"url\":\"https:\\\/\\\/biozoon.de\\\/shop\\\/\",\"name\":\"Biozoon Shop\",\"description\":\"\",\"potentialAction\":[{\"@type\":\"SearchAction\",\"target\":{\"@type\":\"EntryPoint\",\"urlTemplate\":\"https:\\\/\\\/biozoon.de\\\/shop\\\/?s={search_term_string}\"},\"query-input\":{\"@type\":\"PropertyValueSpecification\",\"valueRequired\":true,\"valueName\":\"search_term_string\"}}],\"inLanguage\":\"en-US\"}]}<\/script>\n<!-- \/ Yoast SEO plugin. -->","yoast_head_json":{"title":"Maltodextrin aus Kartoffelst\u00e4rke - Absorptions\/Tr\u00e4gerstoff","description":"Maltozoon, 300 g - DoseMaltodextrin und kann vielfach eingesetzt werden, meistens als Tr\u00e4ger- oder F\u00fcllstoff.","robots":{"index":"index","follow":"follow","max-snippet":"max-snippet:-1","max-image-preview":"max-image-preview:large","max-video-preview":"max-video-preview:-1"},"canonical":"https:\/\/biozoon.de\/shop\/product\/maltozoon-300g\/","og_locale":"en_US","og_type":"article","og_title":"Maltodextrin aus Kartoffelst\u00e4rke - Absorptions\/Tr\u00e4gerstoff","og_description":"Maltozoon, 300 g - DoseMaltodextrin und kann vielfach eingesetzt werden, meistens als Tr\u00e4ger- oder F\u00fcllstoff.","og_url":"https:\/\/biozoon.de\/shop\/product\/maltozoon-300g\/","og_site_name":"Biozoon Shop","article_publisher":"https:\/\/www.facebook.com\/pages\/category\/Food---Beverage\/biozoon-113514145340245\/","article_modified_time":"2022-09-04T12:19:59+00:00","og_image":[{"width":600,"height":600,"url":"https:\/\/biozoon.de\/shop\/wp-content\/uploads\/2021\/04\/Dose-Maltozoon.jpg","type":"image\/jpeg"}],"twitter_card":"summary_large_image","twitter_misc":{"Est. reading time":"1 minute"},"schema":{"@context":"https:\/\/schema.org","@graph":[{"@type":"WebPage","@id":"https:\/\/biozoon.de\/shop\/product\/maltozoon-300g\/","url":"https:\/\/biozoon.de\/shop\/product\/maltozoon-300g\/","name":"Maltodextrin aus Kartoffelst\u00e4rke - Absorptions\/Tr\u00e4gerstoff","isPartOf":{"@id":"https:\/\/biozoon.de\/shop\/#website"},"primaryImageOfPage":{"@id":"https:\/\/biozoon.de\/shop\/product\/maltozoon-300g\/#primaryimage"},"image":{"@id":"https:\/\/biozoon.de\/shop\/product\/maltozoon-300g\/#primaryimage"},"thumbnailUrl":"https:\/\/biozoon.de\/shop\/wp-content\/uploads\/2021\/04\/Dose-Maltozoon.jpg","datePublished":"2021-04-11T11:00:01+00:00","dateModified":"2022-09-04T12:19:59+00:00","description":"Maltozoon, 300 g - DoseMaltodextrin und kann vielfach eingesetzt werden, meistens als Tr\u00e4ger- oder F\u00fcllstoff.","breadcrumb":{"@id":"https:\/\/biozoon.de\/shop\/product\/maltozoon-300g\/#breadcrumb"},"inLanguage":"en-US","potentialAction":[{"@type":"ReadAction","target":["https:\/\/biozoon.de\/shop\/product\/maltozoon-300g\/"]}]},{"@type":"ImageObject","inLanguage":"en-US","@id":"https:\/\/biozoon.de\/shop\/product\/maltozoon-300g\/#primaryimage","url":"https:\/\/biozoon.de\/shop\/wp-content\/uploads\/2021\/04\/Dose-Maltozoon.jpg","contentUrl":"https:\/\/biozoon.de\/shop\/wp-content\/uploads\/2021\/04\/Dose-Maltozoon.jpg","width":600,"height":600,"caption":"Maltozoon"},{"@type":"BreadcrumbList","@id":"https:\/\/biozoon.de\/shop\/product\/maltozoon-300g\/#breadcrumb","itemListElement":[{"@type":"ListItem","position":1,"name":"Home","item":"https:\/\/biozoon.de\/shop\/"},{"@type":"ListItem","position":2,"name":"Shop","item":"https:\/\/biozoon.de\/shop\/shop\/"},{"@type":"ListItem","position":3,"name":"Molekulare Texturgeber","item":"https:\/\/biozoon.de\/shop\/product-category\/molekulare-texturgeber\/"},{"@type":"ListItem","position":4,"name":"Texturgeber","item":"https:\/\/biozoon.de\/shop\/product-category\/molekulare-texturgeber\/texturgeber\/"},{"@type":"ListItem","position":5,"name":"Maltozoon 300 g Dose"}]},{"@type":"WebSite","@id":"https:\/\/biozoon.de\/shop\/#website","url":"https:\/\/biozoon.de\/shop\/","name":"Biozoon Shop","description":"","potentialAction":[{"@type":"SearchAction","target":{"@type":"EntryPoint","urlTemplate":"https:\/\/biozoon.de\/shop\/?s={search_term_string}"},"query-input":{"@type":"PropertyValueSpecification","valueRequired":true,"valueName":"search_term_string"}}],"inLanguage":"en-US"}]}},"lang":"de","translations":{"de":68,"en":70},"pll_sync_post":[],"_links":{"self":[{"href":"https:\/\/biozoon.de\/shop\/wp-json\/wp\/v2\/product\/68","targetHints":{"allow":["GET"]}}],"collection":[{"href":"https:\/\/biozoon.de\/shop\/wp-json\/wp\/v2\/product"}],"about":[{"href":"https:\/\/biozoon.de\/shop\/wp-json\/wp\/v2\/types\/product"}],"replies":[{"embeddable":true,"href":"https:\/\/biozoon.de\/shop\/wp-json\/wp\/v2\/comments?post=68"}],"wp:featuredmedia":[{"embeddable":true,"href":"https:\/\/biozoon.de\/shop\/wp-json\/wp\/v2\/media\/479"}],"wp:attachment":[{"href":"https:\/\/biozoon.de\/shop\/wp-json\/wp\/v2\/media?parent=68"}],"wp:term":[{"taxonomy":"product_brand","embeddable":true,"href":"https:\/\/biozoon.de\/shop\/wp-json\/wp\/v2\/product_brand?post=68"},{"taxonomy":"product_cat","embeddable":true,"href":"https:\/\/biozoon.de\/shop\/wp-json\/wp\/v2\/product_cat?post=68"},{"taxonomy":"product_tag","embeddable":true,"href":"https:\/\/biozoon.de\/shop\/wp-json\/wp\/v2\/product_tag?post=68"}],"curies":[{"name":"wp","href":"https:\/\/api.w.org\/{rel}","templated":true}]}}