{"id":65,"date":"2021-04-11T10:56:21","date_gmt":"2021-04-11T10:56:21","guid":{"rendered":"http:\/\/localhost:8585\/bshop\/?post_type=product&#038;p=65"},"modified":"2025-01-15T04:56:39","modified_gmt":"2025-01-15T04:56:39","slug":"locuzoon-250g","status":"publish","type":"product","link":"https:\/\/biozoon.de\/shop\/product\/locuzoon-250g\/","title":{"rendered":"Locuzoon 250 g Dose"},"content":{"rendered":"<p><b><span style=\"color: #00b050;\"><i>Locu<\/i><\/span><span style=\"color: #808080;\">zoon<\/span><\/b><span style=\"color: #333333;\">, 250 g Dose<\/span><\/p>\n<div><b>Gelier- und Verdickungsmittel<\/b><\/div>\n<div>\n<p><b><span style=\"color: #00b050;\"><i>Locu<\/i><\/span><span style=\"color: #808080;\">zoon<\/span><\/b><b>\u00a0<\/b>besteht aus Johannisbrotkernmehl (E410) und wirkt in kalten Fl\u00fcssigkeiten als \u00e4hnlich gutes Verdickungsmittel wie <b><span style=\"color: #00b050;\"><i>Xantha<\/i><\/span><span style=\"color: #808080;\">zoon <\/span><\/b>zur Verarbeitung von Milchprodukten, Desserts, Fruchtzubereitungen sowie Dressings und So\u00dfen. In gefrorenen Gelen verz\u00f6gert <b><span style=\"color: #00b050;\"><i>Locu<\/i><\/span><span style=\"color: #808080;\">zoon<\/span><\/b><b>\u00a0<\/b>die Ausbildung von Kristallen und sorgt dadurch f\u00fcr ein angenehmeres Mundgef\u00fchl gefrorener Produkte.<\/p>\n<p><b>Zutaten: <\/b>Verdickungsmittel Johannisbrotkernmehl (E410), Maltodextrin<\/p>\n<p><b>Anwendung: <\/b>2 gestrichene L\u00f6ffel <b><span style=\"color: #00b050;\">Locuzoon<\/span> <\/b>in 100 ml kalte Fl\u00fcssigkeit (Fruchtsaft) einr\u00fchren. Mischung in Schokoladenformen f\u00fcllen und diese dann zu Pralinen verschlie\u00dfen.<\/p>\n<p>Preis per kg :\u00a0 87,60 \u20ac<\/p>\n<\/div>\n","protected":false},"excerpt":{"rendered":"<p>Locuzoon, 250 g Dose Gelier- und Verdickungsmittel Locuzoon\u00a0besteht aus Johannisbrotkernmehl (E410) und wirkt in kalten Fl\u00fcssigkeiten als \u00e4hnlich gutes Verdickungsmittel wie Xanthazoon zur Verarbeitung von Milchprodukten, Desserts, Fruchtzubereitungen sowie Dressings und So\u00dfen. In gefrorenen Gelen verz\u00f6gert Locuzoon\u00a0die Ausbildung von Kristallen und sorgt dadurch f\u00fcr ein angenehmeres Mundgef\u00fchl gefrorener Produkte. Zutaten: Verdickungsmittel Johannisbrotkernmehl (E410), Maltodextrin Anwendung: [&hellip;]<\/p>\n","protected":false},"featured_media":812,"comment_status":"open","ping_status":"closed","template":"","meta":[],"product_brand":[],"product_cat":[165],"product_tag":[1064,473],"class_list":{"0":"post-65","1":"product","2":"type-product","3":"status-publish","4":"has-post-thumbnail","6":"product_cat-texturgeber","7":"product_tag-molekulare-kueche","8":"product_tag-verdickungsmittel","10":"first","11":"instock","12":"taxable","13":"shipping-taxable","14":"purchasable","15":"product-type-simple","16":"add-to-wishlist-before_image"},"yoast_head":"<!-- This site is optimized with the Yoast SEO plugin v27.3 - https:\/\/yoast.com\/product\/yoast-seo-wordpress\/ -->\n<title>Locuzoon 250 g Dose - Gelier- und Verdickungsmittel - Biozoon Shop<\/title>\n<meta name=\"description\" content=\"In gefrorenen Gelen verz\u00f6gert Locuzoon\u00a0die Ausbildung von Kristallen und sorgt dadurch f\u00fcr ein angenehmeres Mundgef\u00fchl gefrorener Produkte.\" \/>\n<meta name=\"robots\" content=\"index, follow, max-snippet:-1, max-image-preview:large, max-video-preview:-1\" \/>\n<link rel=\"canonical\" href=\"https:\/\/biozoon.de\/shop\/product\/locuzoon-250g\/\" \/>\n<meta property=\"og:locale\" content=\"en_US\" \/>\n<meta property=\"og:type\" content=\"article\" \/>\n<meta property=\"og:title\" content=\"Locuzoon 250 g Dose - Gelier- und Verdickungsmittel - Biozoon Shop\" \/>\n<meta property=\"og:description\" content=\"In gefrorenen Gelen verz\u00f6gert Locuzoon\u00a0die Ausbildung von Kristallen und sorgt dadurch f\u00fcr ein angenehmeres Mundgef\u00fchl gefrorener Produkte.\" \/>\n<meta property=\"og:url\" content=\"https:\/\/biozoon.de\/shop\/product\/locuzoon-250g\/\" \/>\n<meta property=\"og:site_name\" content=\"Biozoon Shop\" \/>\n<meta property=\"article:publisher\" content=\"https:\/\/www.facebook.com\/pages\/category\/Food---Beverage\/biozoon-113514145340245\/\" \/>\n<meta property=\"article:modified_time\" content=\"2025-01-15T04:56:39+00:00\" \/>\n<meta property=\"og:image\" content=\"https:\/\/biozoon.de\/shop\/wp-content\/uploads\/2021\/04\/Locuzoon-1.jpg\" \/>\n\t<meta property=\"og:image:width\" content=\"600\" \/>\n\t<meta property=\"og:image:height\" content=\"600\" \/>\n\t<meta property=\"og:image:type\" content=\"image\/jpeg\" \/>\n<meta name=\"twitter:card\" content=\"summary_large_image\" \/>\n<meta name=\"twitter:label1\" content=\"Est. reading time\" \/>\n\t<meta name=\"twitter:data1\" content=\"1 minute\" \/>\n<script type=\"application\/ld+json\" class=\"yoast-schema-graph\">{\"@context\":\"https:\\\/\\\/schema.org\",\"@graph\":[{\"@type\":\"WebPage\",\"@id\":\"https:\\\/\\\/biozoon.de\\\/shop\\\/product\\\/locuzoon-250g\\\/\",\"url\":\"https:\\\/\\\/biozoon.de\\\/shop\\\/product\\\/locuzoon-250g\\\/\",\"name\":\"Locuzoon 250 g Dose - Gelier- und Verdickungsmittel - Biozoon Shop\",\"isPartOf\":{\"@id\":\"https:\\\/\\\/biozoon.de\\\/shop\\\/#website\"},\"primaryImageOfPage\":{\"@id\":\"https:\\\/\\\/biozoon.de\\\/shop\\\/product\\\/locuzoon-250g\\\/#primaryimage\"},\"image\":{\"@id\":\"https:\\\/\\\/biozoon.de\\\/shop\\\/product\\\/locuzoon-250g\\\/#primaryimage\"},\"thumbnailUrl\":\"https:\\\/\\\/biozoon.de\\\/shop\\\/wp-content\\\/uploads\\\/2021\\\/04\\\/Locuzoon-1.jpg\",\"datePublished\":\"2021-04-11T10:56:21+00:00\",\"dateModified\":\"2025-01-15T04:56:39+00:00\",\"description\":\"In gefrorenen Gelen verz\u00f6gert Locuzoon\u00a0die Ausbildung von Kristallen und sorgt dadurch f\u00fcr ein angenehmeres Mundgef\u00fchl gefrorener Produkte.\",\"breadcrumb\":{\"@id\":\"https:\\\/\\\/biozoon.de\\\/shop\\\/product\\\/locuzoon-250g\\\/#breadcrumb\"},\"inLanguage\":\"en-US\",\"potentialAction\":[{\"@type\":\"ReadAction\",\"target\":[\"https:\\\/\\\/biozoon.de\\\/shop\\\/product\\\/locuzoon-250g\\\/\"]}]},{\"@type\":\"ImageObject\",\"inLanguage\":\"en-US\",\"@id\":\"https:\\\/\\\/biozoon.de\\\/shop\\\/product\\\/locuzoon-250g\\\/#primaryimage\",\"url\":\"https:\\\/\\\/biozoon.de\\\/shop\\\/wp-content\\\/uploads\\\/2021\\\/04\\\/Locuzoon-1.jpg\",\"contentUrl\":\"https:\\\/\\\/biozoon.de\\\/shop\\\/wp-content\\\/uploads\\\/2021\\\/04\\\/Locuzoon-1.jpg\",\"width\":600,\"height\":600,\"caption\":\"Locuzoon\"},{\"@type\":\"BreadcrumbList\",\"@id\":\"https:\\\/\\\/biozoon.de\\\/shop\\\/product\\\/locuzoon-250g\\\/#breadcrumb\",\"itemListElement\":[{\"@type\":\"ListItem\",\"position\":1,\"name\":\"Home\",\"item\":\"https:\\\/\\\/biozoon.de\\\/shop\\\/\"},{\"@type\":\"ListItem\",\"position\":2,\"name\":\"Shop\",\"item\":\"https:\\\/\\\/biozoon.de\\\/shop\\\/shop\\\/\"},{\"@type\":\"ListItem\",\"position\":3,\"name\":\"Molekulare Texturgeber\",\"item\":\"https:\\\/\\\/biozoon.de\\\/shop\\\/product-category\\\/molekulare-texturgeber\\\/\"},{\"@type\":\"ListItem\",\"position\":4,\"name\":\"Texturgeber\",\"item\":\"https:\\\/\\\/biozoon.de\\\/shop\\\/product-category\\\/molekulare-texturgeber\\\/texturgeber\\\/\"},{\"@type\":\"ListItem\",\"position\":5,\"name\":\"Locuzoon 250 g Dose\"}]},{\"@type\":\"WebSite\",\"@id\":\"https:\\\/\\\/biozoon.de\\\/shop\\\/#website\",\"url\":\"https:\\\/\\\/biozoon.de\\\/shop\\\/\",\"name\":\"Biozoon Shop\",\"description\":\"\",\"potentialAction\":[{\"@type\":\"SearchAction\",\"target\":{\"@type\":\"EntryPoint\",\"urlTemplate\":\"https:\\\/\\\/biozoon.de\\\/shop\\\/?s={search_term_string}\"},\"query-input\":{\"@type\":\"PropertyValueSpecification\",\"valueRequired\":true,\"valueName\":\"search_term_string\"}}],\"inLanguage\":\"en-US\"}]}<\/script>\n<!-- \/ Yoast SEO plugin. -->","yoast_head_json":{"title":"Locuzoon 250 g Dose - Gelier- und Verdickungsmittel - Biozoon Shop","description":"In gefrorenen Gelen verz\u00f6gert Locuzoon\u00a0die Ausbildung von Kristallen und sorgt dadurch f\u00fcr ein angenehmeres Mundgef\u00fchl gefrorener Produkte.","robots":{"index":"index","follow":"follow","max-snippet":"max-snippet:-1","max-image-preview":"max-image-preview:large","max-video-preview":"max-video-preview:-1"},"canonical":"https:\/\/biozoon.de\/shop\/product\/locuzoon-250g\/","og_locale":"en_US","og_type":"article","og_title":"Locuzoon 250 g Dose - Gelier- und Verdickungsmittel - Biozoon Shop","og_description":"In gefrorenen Gelen verz\u00f6gert Locuzoon\u00a0die Ausbildung von Kristallen und sorgt dadurch f\u00fcr ein angenehmeres Mundgef\u00fchl gefrorener Produkte.","og_url":"https:\/\/biozoon.de\/shop\/product\/locuzoon-250g\/","og_site_name":"Biozoon Shop","article_publisher":"https:\/\/www.facebook.com\/pages\/category\/Food---Beverage\/biozoon-113514145340245\/","article_modified_time":"2025-01-15T04:56:39+00:00","og_image":[{"width":600,"height":600,"url":"https:\/\/biozoon.de\/shop\/wp-content\/uploads\/2021\/04\/Locuzoon-1.jpg","type":"image\/jpeg"}],"twitter_card":"summary_large_image","twitter_misc":{"Est. reading time":"1 minute"},"schema":{"@context":"https:\/\/schema.org","@graph":[{"@type":"WebPage","@id":"https:\/\/biozoon.de\/shop\/product\/locuzoon-250g\/","url":"https:\/\/biozoon.de\/shop\/product\/locuzoon-250g\/","name":"Locuzoon 250 g Dose - Gelier- und Verdickungsmittel - Biozoon Shop","isPartOf":{"@id":"https:\/\/biozoon.de\/shop\/#website"},"primaryImageOfPage":{"@id":"https:\/\/biozoon.de\/shop\/product\/locuzoon-250g\/#primaryimage"},"image":{"@id":"https:\/\/biozoon.de\/shop\/product\/locuzoon-250g\/#primaryimage"},"thumbnailUrl":"https:\/\/biozoon.de\/shop\/wp-content\/uploads\/2021\/04\/Locuzoon-1.jpg","datePublished":"2021-04-11T10:56:21+00:00","dateModified":"2025-01-15T04:56:39+00:00","description":"In gefrorenen Gelen verz\u00f6gert Locuzoon\u00a0die Ausbildung von Kristallen und sorgt dadurch f\u00fcr ein angenehmeres Mundgef\u00fchl gefrorener Produkte.","breadcrumb":{"@id":"https:\/\/biozoon.de\/shop\/product\/locuzoon-250g\/#breadcrumb"},"inLanguage":"en-US","potentialAction":[{"@type":"ReadAction","target":["https:\/\/biozoon.de\/shop\/product\/locuzoon-250g\/"]}]},{"@type":"ImageObject","inLanguage":"en-US","@id":"https:\/\/biozoon.de\/shop\/product\/locuzoon-250g\/#primaryimage","url":"https:\/\/biozoon.de\/shop\/wp-content\/uploads\/2021\/04\/Locuzoon-1.jpg","contentUrl":"https:\/\/biozoon.de\/shop\/wp-content\/uploads\/2021\/04\/Locuzoon-1.jpg","width":600,"height":600,"caption":"Locuzoon"},{"@type":"BreadcrumbList","@id":"https:\/\/biozoon.de\/shop\/product\/locuzoon-250g\/#breadcrumb","itemListElement":[{"@type":"ListItem","position":1,"name":"Home","item":"https:\/\/biozoon.de\/shop\/"},{"@type":"ListItem","position":2,"name":"Shop","item":"https:\/\/biozoon.de\/shop\/shop\/"},{"@type":"ListItem","position":3,"name":"Molekulare Texturgeber","item":"https:\/\/biozoon.de\/shop\/product-category\/molekulare-texturgeber\/"},{"@type":"ListItem","position":4,"name":"Texturgeber","item":"https:\/\/biozoon.de\/shop\/product-category\/molekulare-texturgeber\/texturgeber\/"},{"@type":"ListItem","position":5,"name":"Locuzoon 250 g Dose"}]},{"@type":"WebSite","@id":"https:\/\/biozoon.de\/shop\/#website","url":"https:\/\/biozoon.de\/shop\/","name":"Biozoon Shop","description":"","potentialAction":[{"@type":"SearchAction","target":{"@type":"EntryPoint","urlTemplate":"https:\/\/biozoon.de\/shop\/?s={search_term_string}"},"query-input":{"@type":"PropertyValueSpecification","valueRequired":true,"valueName":"search_term_string"}}],"inLanguage":"en-US"}]}},"lang":"de","translations":{"de":65,"en":67},"pll_sync_post":[],"_links":{"self":[{"href":"https:\/\/biozoon.de\/shop\/wp-json\/wp\/v2\/product\/65","targetHints":{"allow":["GET"]}}],"collection":[{"href":"https:\/\/biozoon.de\/shop\/wp-json\/wp\/v2\/product"}],"about":[{"href":"https:\/\/biozoon.de\/shop\/wp-json\/wp\/v2\/types\/product"}],"replies":[{"embeddable":true,"href":"https:\/\/biozoon.de\/shop\/wp-json\/wp\/v2\/comments?post=65"}],"wp:featuredmedia":[{"embeddable":true,"href":"https:\/\/biozoon.de\/shop\/wp-json\/wp\/v2\/media\/812"}],"wp:attachment":[{"href":"https:\/\/biozoon.de\/shop\/wp-json\/wp\/v2\/media?parent=65"}],"wp:term":[{"taxonomy":"product_brand","embeddable":true,"href":"https:\/\/biozoon.de\/shop\/wp-json\/wp\/v2\/product_brand?post=65"},{"taxonomy":"product_cat","embeddable":true,"href":"https:\/\/biozoon.de\/shop\/wp-json\/wp\/v2\/product_cat?post=65"},{"taxonomy":"product_tag","embeddable":true,"href":"https:\/\/biozoon.de\/shop\/wp-json\/wp\/v2\/product_tag?post=65"}],"curies":[{"name":"wp","href":"https:\/\/api.w.org\/{rel}","templated":true}]}}