{"id":55,"date":"2021-04-11T10:37:23","date_gmt":"2021-04-11T10:37:23","guid":{"rendered":"http:\/\/localhost:8585\/bshop\/?post_type=product&#038;p=55"},"modified":"2025-01-15T04:57:08","modified_gmt":"2025-01-15T04:57:08","slug":"guarzoon-300g","status":"publish","type":"product","link":"https:\/\/biozoon.de\/shop\/product\/guarzoon-300g\/","title":{"rendered":"Guarzoon 300 g Dose"},"content":{"rendered":"<p><span style=\"color: #00b050;\"><b><strong><i>Guar<\/i><span style=\"color: #808080;\">zoon<\/span><\/strong><\/b><\/span>, 300 g Dose<\/p>\n<p><b>Verdickungsmittel und Stabilisator<br \/>\n<\/b><span style=\"color: #00b050;\"><b><strong><i>Guar<\/i><span style=\"color: #808080;\">zoon <\/span><\/strong><\/b><\/span>besteht aus Guar Gum (E412), einem Verdickungsmittel das Fl\u00fcssigkeiten eine hohe Viskosit\u00e4t (fast wie ein Gel) verleiht. <span style=\"color: #00b050;\"><b><strong><i>Guar<\/i><span style=\"color: #808080;\">zoon <\/span><\/strong><\/b><\/span>ist s\u00e4urestabil und daher gut geeignet, um Saucen oder Sch\u00e4ume aus Essig und Weinreduktionen herzustellen. In Salatdressings k\u00f6nnen z. B. Kr\u00e4uter und andere Partikel in der Schwebe gehalten werden.<\/p>\n<p><b>Zutaten: <\/b>Verdickungsmittel Guar Gum (E412), Maltodextrin<\/p>\n<p><b><\/b><b>Anwendung:<\/b> <em>Dosierung zur Herstellung eines Kr\u00e4uterdressings:\u00a0<\/em>4 gestrichene L\u00f6ffel <span style=\"color: #00b050;\"><b><strong><i>Guar<\/i><span style=\"color: #808080;\">zoon <\/span><\/strong><\/b><\/span>in 200 ml Fl\u00fcssigkeit (hier Kr\u00e4uterdressing) einr\u00fchren. Zugef\u00fcgte Kr\u00e4uter werden in der Schwebe gehalten. Wir empfehlen die Kombination mit <span style=\"color: #00b050;\"><b><strong><i>Xantha<\/i><span style=\"color: #808080;\">zoon <\/span><\/strong><\/b><\/span>um starke, elastische Texturen zu erhalten.<\/p>\n<p>&nbsp;<\/p>\n<p>Preis per kg :\u00a0 44,10 \u20ac<\/p>\n","protected":false},"excerpt":{"rendered":"<p>Guarzoon, 300 g Dose Verdickungsmittel und Stabilisator Guarzoon besteht aus Guar Gum (E412), einem Verdickungsmittel das Fl\u00fcssigkeiten eine hohe Viskosit\u00e4t (fast wie ein Gel) verleiht. Guarzoon ist s\u00e4urestabil und daher gut geeignet, um Saucen oder Sch\u00e4ume aus Essig und Weinreduktionen herzustellen. In Salatdressings k\u00f6nnen z. B. Kr\u00e4uter und andere Partikel in der Schwebe gehalten werden. [&hellip;]<\/p>\n","protected":false},"featured_media":695,"comment_status":"open","ping_status":"closed","template":"","meta":[],"product_brand":[],"product_cat":[165],"product_tag":[1064,473],"class_list":{"0":"post-55","1":"product","2":"type-product","3":"status-publish","4":"has-post-thumbnail","6":"product_cat-texturgeber","7":"product_tag-molekulare-kueche","8":"product_tag-verdickungsmittel","10":"first","11":"instock","12":"taxable","13":"shipping-taxable","14":"purchasable","15":"product-type-simple","16":"add-to-wishlist-before_image"},"yoast_head":"<!-- This site is optimized with the Yoast SEO plugin v27.3 - https:\/\/yoast.com\/product\/yoast-seo-wordpress\/ -->\n<title>Guarzoon 300 g Dose - Verdickungsmittel und Stabilisator - Biozoon Shop<\/title>\n<meta name=\"description\" content=\"Verdickungsmittel und Stabilisator welcher in der Molekulark\u00fcche eingesetzt wird um bei So\u00dfen plastische Formen oder Reduktionen herzustellen\" \/>\n<meta name=\"robots\" content=\"index, follow, max-snippet:-1, max-image-preview:large, max-video-preview:-1\" \/>\n<link rel=\"canonical\" href=\"https:\/\/biozoon.de\/shop\/product\/guarzoon-300g\/\" \/>\n<meta property=\"og:locale\" content=\"en_US\" \/>\n<meta property=\"og:type\" content=\"article\" \/>\n<meta property=\"og:title\" content=\"Guarzoon 300 g Dose - Verdickungsmittel und Stabilisator - Biozoon Shop\" \/>\n<meta property=\"og:description\" content=\"Verdickungsmittel und Stabilisator welcher in der Molekulark\u00fcche eingesetzt wird um bei So\u00dfen plastische Formen oder Reduktionen herzustellen\" \/>\n<meta property=\"og:url\" content=\"https:\/\/biozoon.de\/shop\/product\/guarzoon-300g\/\" \/>\n<meta property=\"og:site_name\" content=\"Biozoon Shop\" \/>\n<meta property=\"article:publisher\" content=\"https:\/\/www.facebook.com\/pages\/category\/Food---Beverage\/biozoon-113514145340245\/\" \/>\n<meta property=\"article:modified_time\" content=\"2025-01-15T04:57:08+00:00\" \/>\n<meta property=\"og:image\" content=\"https:\/\/biozoon.de\/shop\/wp-content\/uploads\/2021\/04\/Guarzoon-300g-1.jpg\" \/>\n\t<meta property=\"og:image:width\" content=\"600\" \/>\n\t<meta property=\"og:image:height\" content=\"600\" \/>\n\t<meta property=\"og:image:type\" content=\"image\/jpeg\" \/>\n<meta name=\"twitter:card\" content=\"summary_large_image\" \/>\n<meta name=\"twitter:label1\" content=\"Est. reading time\" \/>\n\t<meta name=\"twitter:data1\" content=\"1 minute\" \/>\n<script type=\"application\/ld+json\" class=\"yoast-schema-graph\">{\"@context\":\"https:\\\/\\\/schema.org\",\"@graph\":[{\"@type\":\"WebPage\",\"@id\":\"https:\\\/\\\/biozoon.de\\\/shop\\\/product\\\/guarzoon-300g\\\/\",\"url\":\"https:\\\/\\\/biozoon.de\\\/shop\\\/product\\\/guarzoon-300g\\\/\",\"name\":\"Guarzoon 300 g Dose - Verdickungsmittel und Stabilisator - Biozoon Shop\",\"isPartOf\":{\"@id\":\"https:\\\/\\\/biozoon.de\\\/shop\\\/#website\"},\"primaryImageOfPage\":{\"@id\":\"https:\\\/\\\/biozoon.de\\\/shop\\\/product\\\/guarzoon-300g\\\/#primaryimage\"},\"image\":{\"@id\":\"https:\\\/\\\/biozoon.de\\\/shop\\\/product\\\/guarzoon-300g\\\/#primaryimage\"},\"thumbnailUrl\":\"https:\\\/\\\/biozoon.de\\\/shop\\\/wp-content\\\/uploads\\\/2021\\\/04\\\/Guarzoon-300g-1.jpg\",\"datePublished\":\"2021-04-11T10:37:23+00:00\",\"dateModified\":\"2025-01-15T04:57:08+00:00\",\"description\":\"Verdickungsmittel und Stabilisator welcher in der Molekulark\u00fcche eingesetzt wird um bei So\u00dfen plastische Formen oder Reduktionen herzustellen\",\"breadcrumb\":{\"@id\":\"https:\\\/\\\/biozoon.de\\\/shop\\\/product\\\/guarzoon-300g\\\/#breadcrumb\"},\"inLanguage\":\"en-US\",\"potentialAction\":[{\"@type\":\"ReadAction\",\"target\":[\"https:\\\/\\\/biozoon.de\\\/shop\\\/product\\\/guarzoon-300g\\\/\"]}]},{\"@type\":\"ImageObject\",\"inLanguage\":\"en-US\",\"@id\":\"https:\\\/\\\/biozoon.de\\\/shop\\\/product\\\/guarzoon-300g\\\/#primaryimage\",\"url\":\"https:\\\/\\\/biozoon.de\\\/shop\\\/wp-content\\\/uploads\\\/2021\\\/04\\\/Guarzoon-300g-1.jpg\",\"contentUrl\":\"https:\\\/\\\/biozoon.de\\\/shop\\\/wp-content\\\/uploads\\\/2021\\\/04\\\/Guarzoon-300g-1.jpg\",\"width\":600,\"height\":600,\"caption\":\"Guarzoon\"},{\"@type\":\"BreadcrumbList\",\"@id\":\"https:\\\/\\\/biozoon.de\\\/shop\\\/product\\\/guarzoon-300g\\\/#breadcrumb\",\"itemListElement\":[{\"@type\":\"ListItem\",\"position\":1,\"name\":\"Home\",\"item\":\"https:\\\/\\\/biozoon.de\\\/shop\\\/\"},{\"@type\":\"ListItem\",\"position\":2,\"name\":\"Shop\",\"item\":\"https:\\\/\\\/biozoon.de\\\/shop\\\/shop\\\/\"},{\"@type\":\"ListItem\",\"position\":3,\"name\":\"Molekulare Texturgeber\",\"item\":\"https:\\\/\\\/biozoon.de\\\/shop\\\/product-category\\\/molekulare-texturgeber\\\/\"},{\"@type\":\"ListItem\",\"position\":4,\"name\":\"Texturgeber\",\"item\":\"https:\\\/\\\/biozoon.de\\\/shop\\\/product-category\\\/molekulare-texturgeber\\\/texturgeber\\\/\"},{\"@type\":\"ListItem\",\"position\":5,\"name\":\"Guarzoon 300 g Dose\"}]},{\"@type\":\"WebSite\",\"@id\":\"https:\\\/\\\/biozoon.de\\\/shop\\\/#website\",\"url\":\"https:\\\/\\\/biozoon.de\\\/shop\\\/\",\"name\":\"Biozoon Shop\",\"description\":\"\",\"potentialAction\":[{\"@type\":\"SearchAction\",\"target\":{\"@type\":\"EntryPoint\",\"urlTemplate\":\"https:\\\/\\\/biozoon.de\\\/shop\\\/?s={search_term_string}\"},\"query-input\":{\"@type\":\"PropertyValueSpecification\",\"valueRequired\":true,\"valueName\":\"search_term_string\"}}],\"inLanguage\":\"en-US\"}]}<\/script>\n<!-- \/ Yoast SEO plugin. -->","yoast_head_json":{"title":"Guarzoon 300 g Dose - Verdickungsmittel und Stabilisator - Biozoon Shop","description":"Verdickungsmittel und Stabilisator welcher in der Molekulark\u00fcche eingesetzt wird um bei So\u00dfen plastische Formen oder Reduktionen herzustellen","robots":{"index":"index","follow":"follow","max-snippet":"max-snippet:-1","max-image-preview":"max-image-preview:large","max-video-preview":"max-video-preview:-1"},"canonical":"https:\/\/biozoon.de\/shop\/product\/guarzoon-300g\/","og_locale":"en_US","og_type":"article","og_title":"Guarzoon 300 g Dose - Verdickungsmittel und Stabilisator - Biozoon Shop","og_description":"Verdickungsmittel und Stabilisator welcher in der Molekulark\u00fcche eingesetzt wird um bei So\u00dfen plastische Formen oder Reduktionen herzustellen","og_url":"https:\/\/biozoon.de\/shop\/product\/guarzoon-300g\/","og_site_name":"Biozoon Shop","article_publisher":"https:\/\/www.facebook.com\/pages\/category\/Food---Beverage\/biozoon-113514145340245\/","article_modified_time":"2025-01-15T04:57:08+00:00","og_image":[{"width":600,"height":600,"url":"https:\/\/biozoon.de\/shop\/wp-content\/uploads\/2021\/04\/Guarzoon-300g-1.jpg","type":"image\/jpeg"}],"twitter_card":"summary_large_image","twitter_misc":{"Est. reading time":"1 minute"},"schema":{"@context":"https:\/\/schema.org","@graph":[{"@type":"WebPage","@id":"https:\/\/biozoon.de\/shop\/product\/guarzoon-300g\/","url":"https:\/\/biozoon.de\/shop\/product\/guarzoon-300g\/","name":"Guarzoon 300 g Dose - Verdickungsmittel und Stabilisator - Biozoon Shop","isPartOf":{"@id":"https:\/\/biozoon.de\/shop\/#website"},"primaryImageOfPage":{"@id":"https:\/\/biozoon.de\/shop\/product\/guarzoon-300g\/#primaryimage"},"image":{"@id":"https:\/\/biozoon.de\/shop\/product\/guarzoon-300g\/#primaryimage"},"thumbnailUrl":"https:\/\/biozoon.de\/shop\/wp-content\/uploads\/2021\/04\/Guarzoon-300g-1.jpg","datePublished":"2021-04-11T10:37:23+00:00","dateModified":"2025-01-15T04:57:08+00:00","description":"Verdickungsmittel und Stabilisator welcher in der Molekulark\u00fcche eingesetzt wird um bei So\u00dfen plastische Formen oder Reduktionen herzustellen","breadcrumb":{"@id":"https:\/\/biozoon.de\/shop\/product\/guarzoon-300g\/#breadcrumb"},"inLanguage":"en-US","potentialAction":[{"@type":"ReadAction","target":["https:\/\/biozoon.de\/shop\/product\/guarzoon-300g\/"]}]},{"@type":"ImageObject","inLanguage":"en-US","@id":"https:\/\/biozoon.de\/shop\/product\/guarzoon-300g\/#primaryimage","url":"https:\/\/biozoon.de\/shop\/wp-content\/uploads\/2021\/04\/Guarzoon-300g-1.jpg","contentUrl":"https:\/\/biozoon.de\/shop\/wp-content\/uploads\/2021\/04\/Guarzoon-300g-1.jpg","width":600,"height":600,"caption":"Guarzoon"},{"@type":"BreadcrumbList","@id":"https:\/\/biozoon.de\/shop\/product\/guarzoon-300g\/#breadcrumb","itemListElement":[{"@type":"ListItem","position":1,"name":"Home","item":"https:\/\/biozoon.de\/shop\/"},{"@type":"ListItem","position":2,"name":"Shop","item":"https:\/\/biozoon.de\/shop\/shop\/"},{"@type":"ListItem","position":3,"name":"Molekulare Texturgeber","item":"https:\/\/biozoon.de\/shop\/product-category\/molekulare-texturgeber\/"},{"@type":"ListItem","position":4,"name":"Texturgeber","item":"https:\/\/biozoon.de\/shop\/product-category\/molekulare-texturgeber\/texturgeber\/"},{"@type":"ListItem","position":5,"name":"Guarzoon 300 g Dose"}]},{"@type":"WebSite","@id":"https:\/\/biozoon.de\/shop\/#website","url":"https:\/\/biozoon.de\/shop\/","name":"Biozoon Shop","description":"","potentialAction":[{"@type":"SearchAction","target":{"@type":"EntryPoint","urlTemplate":"https:\/\/biozoon.de\/shop\/?s={search_term_string}"},"query-input":{"@type":"PropertyValueSpecification","valueRequired":true,"valueName":"search_term_string"}}],"inLanguage":"en-US"}]}},"lang":"de","translations":{"de":55,"en":58},"pll_sync_post":[],"_links":{"self":[{"href":"https:\/\/biozoon.de\/shop\/wp-json\/wp\/v2\/product\/55","targetHints":{"allow":["GET"]}}],"collection":[{"href":"https:\/\/biozoon.de\/shop\/wp-json\/wp\/v2\/product"}],"about":[{"href":"https:\/\/biozoon.de\/shop\/wp-json\/wp\/v2\/types\/product"}],"replies":[{"embeddable":true,"href":"https:\/\/biozoon.de\/shop\/wp-json\/wp\/v2\/comments?post=55"}],"wp:featuredmedia":[{"embeddable":true,"href":"https:\/\/biozoon.de\/shop\/wp-json\/wp\/v2\/media\/695"}],"wp:attachment":[{"href":"https:\/\/biozoon.de\/shop\/wp-json\/wp\/v2\/media?parent=55"}],"wp:term":[{"taxonomy":"product_brand","embeddable":true,"href":"https:\/\/biozoon.de\/shop\/wp-json\/wp\/v2\/product_brand?post=55"},{"taxonomy":"product_cat","embeddable":true,"href":"https:\/\/biozoon.de\/shop\/wp-json\/wp\/v2\/product_cat?post=55"},{"taxonomy":"product_tag","embeddable":true,"href":"https:\/\/biozoon.de\/shop\/wp-json\/wp\/v2\/product_tag?post=55"}],"curies":[{"name":"wp","href":"https:\/\/api.w.org\/{rel}","templated":true}]}}