{"id":548,"date":"2021-04-20T08:44:41","date_gmt":"2021-04-20T08:44:41","guid":{"rendered":"https:\/\/biozoon.de\/webshop\/?post_type=product&#038;p=548"},"modified":"2025-06-16T09:16:22","modified_gmt":"2025-06-16T09:16:22","slug":"air-set-mit-pumpe-50-x-2-g-air-instant-sticks-100g-30-lochpipetten","status":"publish","type":"product","link":"https:\/\/biozoon.de\/shop\/product\/air-set-mit-pumpe-50-x-2-g-air-instant-sticks-100g-30-lochpipetten\/","title":{"rendered":"Air-Set mit Pumpe + 50 x 2 g Air instant Sticks (100g) + 30 Lochpipetten"},"content":{"rendered":"<p><b><span style=\"color: #00b0f0\">Air<\/span>-Set <\/b><\/p>\n<div><b>Das <span style=\"color: #00b0f0\">Air<\/span>-Set enth\u00e4lt alle Artikel, die man zur Herstellung von luftigen Sch\u00e4umen f\u00fcr die basale Stimulation ben\u00f6tigt.<\/b><\/div>\n<div><\/div>\n<div>Das Angebot beinhaltet:<\/div>\n<ul>\n<li>1 Membranpumpe<\/li>\n<li>2 x 0,75m Silikonschlauch (lebensmittelecht)<\/li>\n<li>30 Lochpipetten (lebensmittelecht)<\/li>\n<li>50 x 2g <i>seneo<\/i><b>Pro <strong><span style=\"color: #00b0f0\">AIR<\/span>\u00a0<em><sub>instant<\/sub><\/em><\/strong><\/b><i>\u00a0<\/i><strong>Portions-Sticks<\/strong> (Gesamtvolumen 100g)<\/li>\n<li>Gebrauchsanleitung <em>(bitte beachten: Sie ben\u00f6tigen 2 Batterien f\u00fcr die Pumpe, die Batterien sind nicht im Lieferumfang enthalten)<\/em><\/li>\n<\/ul>\n<div><b>Information zu<\/b><span style=\"color: #808080\"><strong><i> seneo<\/i><\/strong><b>Pro<\/b><\/span> <strong><span style=\"color: #00b0f0\">AIR<\/span>\u00a0<em><sub>instant<\/sub><\/em> <\/strong><i>:<\/i><\/div>\n<div>\n<p>Mischung aus nat\u00fcrlichen Zutaten zur Herstellung von aromatischen Sch\u00e4umen. S\u00e4fte, fl\u00fcssige Extrakte oder jegliche Getr\u00e4nke k\u00f6nnen in einen feinporigen, leichten Schaum mit der Hilfe des <b><span style=\"color: #00b0f0\">Air<\/span>-Sets<\/b> \u00fcberf\u00fchrt werden.<\/p>\n<p><b>Zutaten: <\/b>Maltodextrin, <strong>Emulgator<\/strong><b> Soja-Lecithin<\/b><\/p>\n<p><b>Anwendung: <\/b>Geben Sie den Inhalt eines <strong><span style=\"color: #00b0f0\">AIR<\/span>\u00a0<em><sub>instant<\/sub><\/em>\u00a0Sticks<\/strong> auf ca. 100ml (ca. 50 ml\/g) Fl\u00fcssigkeit (z.B. Fruchtsaft, Bouillon). Mit einem L\u00f6ffel kurz mischen und mit dem biozoon <span style=\"color: #00b0f0\"><b>AIR<\/b><\/span> Set aufsch\u00e4umen. Der Schaum kann direkt mit einem L\u00f6ffel abgenommen und serviert werden.<\/p>\n<p>mehr Produkte:<\/p>\n<p><a href=\"https:\/\/biozoon.de\/shop\/product-category\/smoothfood-produkte\/zubehoer-smoothfood-produkte\/\">smoothfood Produkte Zubeh\u00f6r<\/a><\/p>\n<p>Rezepte:<\/p>\n<p><a href=\"https:\/\/smoothfood.de\/recipe-category\/basale-stimulation-mit-air\/\" target=\"_blank\" rel=\"noopener\">Basale Stimulation mit Air<\/a><\/p>\n<\/div>\n","protected":false},"excerpt":{"rendered":"<div class=\"logo-right\">\n<div class=\"row\">\n<div class=\"col-md-12\"><img decoding=\"async\" title=\"Air instant\" src=\"https:\/\/biozoon.de\/shop\/wp-content\/uploads\/2021\/05\/air-instant.png\" alt=\"Air instant\" \/><\/div>\n<\/div>\n<\/div>\n","protected":false},"featured_media":2669,"comment_status":"open","ping_status":"closed","template":"","meta":[],"product_brand":[],"product_cat":[513,197],"product_tag":[395,457],"class_list":{"0":"post-548","1":"product","2":"type-product","3":"status-publish","4":"has-post-thumbnail","6":"product_cat-smoothfood-produkte-angebote","7":"product_cat-smoothfood-produkte","8":"product_tag-basale-stimulation","9":"product_tag-starter-sets","11":"first","12":"instock","13":"taxable","14":"shipping-taxable","15":"purchasable","16":"product-type-simple","17":"add-to-wishlist-before_image"},"yoast_head":"<!-- This site is optimized with the Yoast SEO plugin v27.3 - https:\/\/yoast.com\/product\/yoast-seo-wordpress\/ -->\n<title>Air-Set mit Pumpe + 50 x 2 g Air instant Sticks (100g) + 30 Lochpipetten<\/title>\n<meta name=\"description\" content=\"Einsteiger-Set- Luft mit Geschmack f\u00fcr die basale Stimulation&amp;Mundbefeuchtung f\u00fcr Personen, die enteral, parenteral oder PEG versorgt werden.\" \/>\n<meta name=\"robots\" content=\"index, follow, max-snippet:-1, max-image-preview:large, max-video-preview:-1\" \/>\n<link rel=\"canonical\" href=\"https:\/\/biozoon.de\/shop\/product\/air-set-mit-pumpe-50-x-2-g-air-instant-sticks-100g-30-lochpipetten\/\" \/>\n<meta property=\"og:locale\" content=\"en_US\" \/>\n<meta property=\"og:type\" content=\"article\" \/>\n<meta property=\"og:title\" content=\"Air-Set mit Pumpe + 50 x 2 g Air instant Sticks (100g) + 30 Lochpipetten\" \/>\n<meta property=\"og:description\" content=\"Einsteiger-Set- Luft mit Geschmack f\u00fcr die basale Stimulation&amp;Mundbefeuchtung f\u00fcr Personen, die enteral, parenteral oder PEG versorgt werden.\" \/>\n<meta property=\"og:url\" content=\"https:\/\/biozoon.de\/shop\/product\/air-set-mit-pumpe-50-x-2-g-air-instant-sticks-100g-30-lochpipetten\/\" \/>\n<meta property=\"og:site_name\" content=\"Biozoon Shop\" \/>\n<meta property=\"article:publisher\" content=\"https:\/\/www.facebook.com\/pages\/category\/Food---Beverage\/biozoon-113514145340245\/\" \/>\n<meta property=\"article:modified_time\" content=\"2025-06-16T09:16:22+00:00\" \/>\n<meta property=\"og:image\" content=\"https:\/\/biozoon.de\/shop\/wp-content\/uploads\/2021\/04\/Angebot-Air-Set-mit-Pumpe-50-X-2-g-Air-instant-Sticks-100g-30-1.jpg\" \/>\n\t<meta property=\"og:image:width\" content=\"600\" \/>\n\t<meta property=\"og:image:height\" content=\"600\" \/>\n\t<meta property=\"og:image:type\" content=\"image\/jpeg\" \/>\n<meta name=\"twitter:card\" content=\"summary_large_image\" \/>\n<meta name=\"twitter:label1\" content=\"Est. reading time\" \/>\n\t<meta name=\"twitter:data1\" content=\"1 minute\" \/>\n<script type=\"application\/ld+json\" class=\"yoast-schema-graph\">{\"@context\":\"https:\\\/\\\/schema.org\",\"@graph\":[{\"@type\":\"WebPage\",\"@id\":\"https:\\\/\\\/biozoon.de\\\/shop\\\/product\\\/air-set-mit-pumpe-50-x-2-g-air-instant-sticks-100g-30-lochpipetten\\\/\",\"url\":\"https:\\\/\\\/biozoon.de\\\/shop\\\/product\\\/air-set-mit-pumpe-50-x-2-g-air-instant-sticks-100g-30-lochpipetten\\\/\",\"name\":\"Air-Set mit Pumpe + 50 x 2 g Air instant Sticks (100g) + 30 Lochpipetten\",\"isPartOf\":{\"@id\":\"https:\\\/\\\/biozoon.de\\\/shop\\\/#website\"},\"primaryImageOfPage\":{\"@id\":\"https:\\\/\\\/biozoon.de\\\/shop\\\/product\\\/air-set-mit-pumpe-50-x-2-g-air-instant-sticks-100g-30-lochpipetten\\\/#primaryimage\"},\"image\":{\"@id\":\"https:\\\/\\\/biozoon.de\\\/shop\\\/product\\\/air-set-mit-pumpe-50-x-2-g-air-instant-sticks-100g-30-lochpipetten\\\/#primaryimage\"},\"thumbnailUrl\":\"https:\\\/\\\/biozoon.de\\\/shop\\\/wp-content\\\/uploads\\\/2021\\\/04\\\/Angebot-Air-Set-mit-Pumpe-50-X-2-g-Air-instant-Sticks-100g-30-1.jpg\",\"datePublished\":\"2021-04-20T08:44:41+00:00\",\"dateModified\":\"2025-06-16T09:16:22+00:00\",\"description\":\"Einsteiger-Set- Luft mit Geschmack f\u00fcr die basale Stimulation&Mundbefeuchtung f\u00fcr Personen, die enteral, parenteral oder PEG versorgt werden.\",\"breadcrumb\":{\"@id\":\"https:\\\/\\\/biozoon.de\\\/shop\\\/product\\\/air-set-mit-pumpe-50-x-2-g-air-instant-sticks-100g-30-lochpipetten\\\/#breadcrumb\"},\"inLanguage\":\"en-US\",\"potentialAction\":[{\"@type\":\"ReadAction\",\"target\":[\"https:\\\/\\\/biozoon.de\\\/shop\\\/product\\\/air-set-mit-pumpe-50-x-2-g-air-instant-sticks-100g-30-lochpipetten\\\/\"]}]},{\"@type\":\"ImageObject\",\"inLanguage\":\"en-US\",\"@id\":\"https:\\\/\\\/biozoon.de\\\/shop\\\/product\\\/air-set-mit-pumpe-50-x-2-g-air-instant-sticks-100g-30-lochpipetten\\\/#primaryimage\",\"url\":\"https:\\\/\\\/biozoon.de\\\/shop\\\/wp-content\\\/uploads\\\/2021\\\/04\\\/Angebot-Air-Set-mit-Pumpe-50-X-2-g-Air-instant-Sticks-100g-30-1.jpg\",\"contentUrl\":\"https:\\\/\\\/biozoon.de\\\/shop\\\/wp-content\\\/uploads\\\/2021\\\/04\\\/Angebot-Air-Set-mit-Pumpe-50-X-2-g-Air-instant-Sticks-100g-30-1.jpg\",\"width\":600,\"height\":600,\"caption\":\"Air-Set mit Pumpe + 50 x 2 g Air instant Sticks (100g) + 30 Lochpipetten\"},{\"@type\":\"BreadcrumbList\",\"@id\":\"https:\\\/\\\/biozoon.de\\\/shop\\\/product\\\/air-set-mit-pumpe-50-x-2-g-air-instant-sticks-100g-30-lochpipetten\\\/#breadcrumb\",\"itemListElement\":[{\"@type\":\"ListItem\",\"position\":1,\"name\":\"Home\",\"item\":\"https:\\\/\\\/biozoon.de\\\/shop\\\/\"},{\"@type\":\"ListItem\",\"position\":2,\"name\":\"Shop\",\"item\":\"https:\\\/\\\/biozoon.de\\\/shop\\\/shop\\\/\"},{\"@type\":\"ListItem\",\"position\":3,\"name\":\"smoothfood Produkte\",\"item\":\"https:\\\/\\\/biozoon.de\\\/shop\\\/product-category\\\/smoothfood-produkte\\\/\"},{\"@type\":\"ListItem\",\"position\":4,\"name\":\"Air-Set mit Pumpe + 50 x 2 g Air instant Sticks (100g) + 30 Lochpipetten\"}]},{\"@type\":\"WebSite\",\"@id\":\"https:\\\/\\\/biozoon.de\\\/shop\\\/#website\",\"url\":\"https:\\\/\\\/biozoon.de\\\/shop\\\/\",\"name\":\"Biozoon Shop\",\"description\":\"\",\"potentialAction\":[{\"@type\":\"SearchAction\",\"target\":{\"@type\":\"EntryPoint\",\"urlTemplate\":\"https:\\\/\\\/biozoon.de\\\/shop\\\/?s={search_term_string}\"},\"query-input\":{\"@type\":\"PropertyValueSpecification\",\"valueRequired\":true,\"valueName\":\"search_term_string\"}}],\"inLanguage\":\"en-US\"}]}<\/script>\n<!-- \/ Yoast SEO plugin. -->","yoast_head_json":{"title":"Air-Set mit Pumpe + 50 x 2 g Air instant Sticks (100g) + 30 Lochpipetten","description":"Einsteiger-Set- Luft mit Geschmack f\u00fcr die basale Stimulation&Mundbefeuchtung f\u00fcr Personen, die enteral, parenteral oder PEG versorgt werden.","robots":{"index":"index","follow":"follow","max-snippet":"max-snippet:-1","max-image-preview":"max-image-preview:large","max-video-preview":"max-video-preview:-1"},"canonical":"https:\/\/biozoon.de\/shop\/product\/air-set-mit-pumpe-50-x-2-g-air-instant-sticks-100g-30-lochpipetten\/","og_locale":"en_US","og_type":"article","og_title":"Air-Set mit Pumpe + 50 x 2 g Air instant Sticks (100g) + 30 Lochpipetten","og_description":"Einsteiger-Set- Luft mit Geschmack f\u00fcr die basale Stimulation&Mundbefeuchtung f\u00fcr Personen, die enteral, parenteral oder PEG versorgt werden.","og_url":"https:\/\/biozoon.de\/shop\/product\/air-set-mit-pumpe-50-x-2-g-air-instant-sticks-100g-30-lochpipetten\/","og_site_name":"Biozoon Shop","article_publisher":"https:\/\/www.facebook.com\/pages\/category\/Food---Beverage\/biozoon-113514145340245\/","article_modified_time":"2025-06-16T09:16:22+00:00","og_image":[{"width":600,"height":600,"url":"https:\/\/biozoon.de\/shop\/wp-content\/uploads\/2021\/04\/Angebot-Air-Set-mit-Pumpe-50-X-2-g-Air-instant-Sticks-100g-30-1.jpg","type":"image\/jpeg"}],"twitter_card":"summary_large_image","twitter_misc":{"Est. reading time":"1 minute"},"schema":{"@context":"https:\/\/schema.org","@graph":[{"@type":"WebPage","@id":"https:\/\/biozoon.de\/shop\/product\/air-set-mit-pumpe-50-x-2-g-air-instant-sticks-100g-30-lochpipetten\/","url":"https:\/\/biozoon.de\/shop\/product\/air-set-mit-pumpe-50-x-2-g-air-instant-sticks-100g-30-lochpipetten\/","name":"Air-Set mit Pumpe + 50 x 2 g Air instant Sticks (100g) + 30 Lochpipetten","isPartOf":{"@id":"https:\/\/biozoon.de\/shop\/#website"},"primaryImageOfPage":{"@id":"https:\/\/biozoon.de\/shop\/product\/air-set-mit-pumpe-50-x-2-g-air-instant-sticks-100g-30-lochpipetten\/#primaryimage"},"image":{"@id":"https:\/\/biozoon.de\/shop\/product\/air-set-mit-pumpe-50-x-2-g-air-instant-sticks-100g-30-lochpipetten\/#primaryimage"},"thumbnailUrl":"https:\/\/biozoon.de\/shop\/wp-content\/uploads\/2021\/04\/Angebot-Air-Set-mit-Pumpe-50-X-2-g-Air-instant-Sticks-100g-30-1.jpg","datePublished":"2021-04-20T08:44:41+00:00","dateModified":"2025-06-16T09:16:22+00:00","description":"Einsteiger-Set- Luft mit Geschmack f\u00fcr die basale Stimulation&Mundbefeuchtung f\u00fcr Personen, die enteral, parenteral oder PEG versorgt werden.","breadcrumb":{"@id":"https:\/\/biozoon.de\/shop\/product\/air-set-mit-pumpe-50-x-2-g-air-instant-sticks-100g-30-lochpipetten\/#breadcrumb"},"inLanguage":"en-US","potentialAction":[{"@type":"ReadAction","target":["https:\/\/biozoon.de\/shop\/product\/air-set-mit-pumpe-50-x-2-g-air-instant-sticks-100g-30-lochpipetten\/"]}]},{"@type":"ImageObject","inLanguage":"en-US","@id":"https:\/\/biozoon.de\/shop\/product\/air-set-mit-pumpe-50-x-2-g-air-instant-sticks-100g-30-lochpipetten\/#primaryimage","url":"https:\/\/biozoon.de\/shop\/wp-content\/uploads\/2021\/04\/Angebot-Air-Set-mit-Pumpe-50-X-2-g-Air-instant-Sticks-100g-30-1.jpg","contentUrl":"https:\/\/biozoon.de\/shop\/wp-content\/uploads\/2021\/04\/Angebot-Air-Set-mit-Pumpe-50-X-2-g-Air-instant-Sticks-100g-30-1.jpg","width":600,"height":600,"caption":"Air-Set mit Pumpe + 50 x 2 g Air instant Sticks (100g) + 30 Lochpipetten"},{"@type":"BreadcrumbList","@id":"https:\/\/biozoon.de\/shop\/product\/air-set-mit-pumpe-50-x-2-g-air-instant-sticks-100g-30-lochpipetten\/#breadcrumb","itemListElement":[{"@type":"ListItem","position":1,"name":"Home","item":"https:\/\/biozoon.de\/shop\/"},{"@type":"ListItem","position":2,"name":"Shop","item":"https:\/\/biozoon.de\/shop\/shop\/"},{"@type":"ListItem","position":3,"name":"smoothfood Produkte","item":"https:\/\/biozoon.de\/shop\/product-category\/smoothfood-produkte\/"},{"@type":"ListItem","position":4,"name":"Air-Set mit Pumpe + 50 x 2 g Air instant Sticks (100g) + 30 Lochpipetten"}]},{"@type":"WebSite","@id":"https:\/\/biozoon.de\/shop\/#website","url":"https:\/\/biozoon.de\/shop\/","name":"Biozoon Shop","description":"","potentialAction":[{"@type":"SearchAction","target":{"@type":"EntryPoint","urlTemplate":"https:\/\/biozoon.de\/shop\/?s={search_term_string}"},"query-input":{"@type":"PropertyValueSpecification","valueRequired":true,"valueName":"search_term_string"}}],"inLanguage":"en-US"}]}},"lang":"de","translations":{"de":548,"en":655},"pll_sync_post":[],"_links":{"self":[{"href":"https:\/\/biozoon.de\/shop\/wp-json\/wp\/v2\/product\/548","targetHints":{"allow":["GET"]}}],"collection":[{"href":"https:\/\/biozoon.de\/shop\/wp-json\/wp\/v2\/product"}],"about":[{"href":"https:\/\/biozoon.de\/shop\/wp-json\/wp\/v2\/types\/product"}],"replies":[{"embeddable":true,"href":"https:\/\/biozoon.de\/shop\/wp-json\/wp\/v2\/comments?post=548"}],"wp:featuredmedia":[{"embeddable":true,"href":"https:\/\/biozoon.de\/shop\/wp-json\/wp\/v2\/media\/2669"}],"wp:attachment":[{"href":"https:\/\/biozoon.de\/shop\/wp-json\/wp\/v2\/media?parent=548"}],"wp:term":[{"taxonomy":"product_brand","embeddable":true,"href":"https:\/\/biozoon.de\/shop\/wp-json\/wp\/v2\/product_brand?post=548"},{"taxonomy":"product_cat","embeddable":true,"href":"https:\/\/biozoon.de\/shop\/wp-json\/wp\/v2\/product_cat?post=548"},{"taxonomy":"product_tag","embeddable":true,"href":"https:\/\/biozoon.de\/shop\/wp-json\/wp\/v2\/product_tag?post=548"}],"curies":[{"name":"wp","href":"https:\/\/api.w.org\/{rel}","templated":true}]}}