{"id":52,"date":"2021-04-11T10:25:51","date_gmt":"2021-04-11T10:25:51","guid":{"rendered":"http:\/\/localhost:8585\/bshop\/?post_type=product&#038;p=52"},"modified":"2025-01-15T04:56:58","modified_gmt":"2025-01-15T04:56:58","slug":"gellazoon-low-250g","status":"publish","type":"product","link":"https:\/\/biozoon.de\/shop\/product\/gellazoon-low-250g\/","title":{"rendered":"Gellazoon low 250 g Dose"},"content":{"rendered":"<p><span style=\"color: #00b050;\"><b><em>Gella<\/em><span style=\"color: #808080;\">zoon low<\/span><\/b><span style=\"color: #808080;\"><span style=\"color: #333333;\">, 250 g Dose<\/span><\/span><\/span><\/p>\n<div><b>Geliermittel zur Herstellung fester, flexibler Gele. <\/b><\/div>\n<div>\n<p><span style=\"color: #00b050;\"><b><em>Gella<\/em><span style=\"color: #808080;\">zoon low <\/span><\/b><\/span>besteht aus Gellan Gum (E418), einem Geliermittel, welches durch Fermentation gewonnen wird. <span style=\"color: #00b050;\"><b><em>Gella<\/em><span style=\"color: #808080;\">zoon low <\/span><\/b><\/span>bildet schon in geringen Konzentrationen (0.5 %) nach Erhitzung und anschlie\u00dfender Abk\u00fchlung feste Gele aus, die sich durch eine hohe Klarheit sowohl in Farbe als auch im Aroma auszeichnen. <span style=\"color: #00b050;\"><b><em>Gella<\/em><span style=\"color: #808080;\">zoon low <\/span><\/b><\/span>zeigt dabei eine h\u00f6here Gelierkraft als <span style=\"color: #00b050;\"><b><em>Aga<\/em><span style=\"color: #808080;\">zoon<\/span><\/b><\/span>, und die Elastizit\u00e4t der Gele kann \u00fcber die Dosierung des Geliermittels gesteuert werden.<\/p>\n<p><b>Zutaten:<\/b> Geliermittel Gellan Gum (E418), Maltodextrin<\/p>\n<p><b>Anwendung:\u00a0<\/b><em>Rezeptvorschlag: Dosierung zur Herstellung von Gelnudeln:\u00a0<\/em>2 gestrichene L\u00f6ffel <span style=\"color: #00b050;\"><b><em>Gella<\/em><span style=\"color: #808080;\">zoon low <\/span><\/b><\/span>in 100ml kalte Fl\u00fcssigkeit (Br\u00fche, Saft etc.) einr\u00fchren. Die L\u00f6sung unter R\u00fchren kurz aufkochen, in eine Form oder als d\u00fcnne Schicht ausgie\u00dfen und zum Abk\u00fchlen und Gelieren stehen lassen. Die fest gelierte Schicht in schmale Streifen schneiden.<\/p>\n<p>Preis per kg :\u00a0 157,04 \u20ac<\/p>\n<\/div>\n","protected":false},"excerpt":{"rendered":"<p>Gellazoon low, 250 g Dose Geliermittel zur Herstellung fester, flexibler Gele. Gellazoon low besteht aus Gellan Gum (E418), einem Geliermittel, welches durch Fermentation gewonnen wird. Gellazoon low bildet schon in geringen Konzentrationen (0.5 %) nach Erhitzung und anschlie\u00dfender Abk\u00fchlung feste Gele aus, die sich durch eine hohe Klarheit sowohl in Farbe als auch im Aroma [&hellip;]<\/p>\n","protected":false},"featured_media":586,"comment_status":"open","ping_status":"closed","template":"","meta":[],"product_brand":[],"product_cat":[165],"product_tag":[467,1064],"class_list":{"0":"post-52","1":"product","2":"type-product","3":"status-publish","4":"has-post-thumbnail","6":"product_cat-texturgeber","7":"product_tag-gelierung","8":"product_tag-molekulare-kueche","10":"first","11":"instock","12":"taxable","13":"shipping-taxable","14":"purchasable","15":"product-type-simple","16":"add-to-wishlist-before_image"},"yoast_head":"<!-- This site is optimized with the Yoast SEO plugin v27.3 - https:\/\/yoast.com\/product\/yoast-seo-wordpress\/ -->\n<title>Gellazoon low 250 g Dose - Geliermittel zur Herstellung fester Gele<\/title>\n<meta name=\"description\" content=\"Gellazoon low besteht aus Gellan Gum (E418), einem Geliermittel, welches durch Fermentation gewonnen wird.\" \/>\n<meta name=\"robots\" content=\"index, follow, max-snippet:-1, max-image-preview:large, max-video-preview:-1\" \/>\n<link rel=\"canonical\" href=\"https:\/\/biozoon.de\/shop\/product\/gellazoon-low-250g\/\" \/>\n<meta property=\"og:locale\" content=\"en_US\" \/>\n<meta property=\"og:type\" content=\"article\" \/>\n<meta property=\"og:title\" content=\"Gellazoon low 250 g Dose - Geliermittel zur Herstellung fester Gele\" \/>\n<meta property=\"og:description\" content=\"Gellazoon low besteht aus Gellan Gum (E418), einem Geliermittel, welches durch Fermentation gewonnen wird.\" \/>\n<meta property=\"og:url\" content=\"https:\/\/biozoon.de\/shop\/product\/gellazoon-low-250g\/\" \/>\n<meta property=\"og:site_name\" content=\"Biozoon Shop\" \/>\n<meta property=\"article:publisher\" content=\"https:\/\/www.facebook.com\/pages\/category\/Food---Beverage\/biozoon-113514145340245\/\" \/>\n<meta property=\"article:modified_time\" content=\"2025-01-15T04:56:58+00:00\" \/>\n<meta property=\"og:image\" content=\"https:\/\/biozoon.de\/shop\/wp-content\/uploads\/2021\/04\/Dose-Gellazoon-3.jpg\" \/>\n\t<meta property=\"og:image:width\" content=\"600\" \/>\n\t<meta property=\"og:image:height\" content=\"600\" \/>\n\t<meta property=\"og:image:type\" content=\"image\/jpeg\" \/>\n<meta name=\"twitter:card\" content=\"summary_large_image\" \/>\n<meta name=\"twitter:label1\" content=\"Est. reading time\" \/>\n\t<meta name=\"twitter:data1\" content=\"1 minute\" \/>\n<script type=\"application\/ld+json\" class=\"yoast-schema-graph\">{\"@context\":\"https:\\\/\\\/schema.org\",\"@graph\":[{\"@type\":\"WebPage\",\"@id\":\"https:\\\/\\\/biozoon.de\\\/shop\\\/product\\\/gellazoon-low-250g\\\/\",\"url\":\"https:\\\/\\\/biozoon.de\\\/shop\\\/product\\\/gellazoon-low-250g\\\/\",\"name\":\"Gellazoon low 250 g Dose - Geliermittel zur Herstellung fester Gele\",\"isPartOf\":{\"@id\":\"https:\\\/\\\/biozoon.de\\\/shop\\\/#website\"},\"primaryImageOfPage\":{\"@id\":\"https:\\\/\\\/biozoon.de\\\/shop\\\/product\\\/gellazoon-low-250g\\\/#primaryimage\"},\"image\":{\"@id\":\"https:\\\/\\\/biozoon.de\\\/shop\\\/product\\\/gellazoon-low-250g\\\/#primaryimage\"},\"thumbnailUrl\":\"https:\\\/\\\/biozoon.de\\\/shop\\\/wp-content\\\/uploads\\\/2021\\\/04\\\/Dose-Gellazoon-3.jpg\",\"datePublished\":\"2021-04-11T10:25:51+00:00\",\"dateModified\":\"2025-01-15T04:56:58+00:00\",\"description\":\"Gellazoon low besteht aus Gellan Gum (E418), einem Geliermittel, welches durch Fermentation gewonnen wird.\",\"breadcrumb\":{\"@id\":\"https:\\\/\\\/biozoon.de\\\/shop\\\/product\\\/gellazoon-low-250g\\\/#breadcrumb\"},\"inLanguage\":\"en-US\",\"potentialAction\":[{\"@type\":\"ReadAction\",\"target\":[\"https:\\\/\\\/biozoon.de\\\/shop\\\/product\\\/gellazoon-low-250g\\\/\"]}]},{\"@type\":\"ImageObject\",\"inLanguage\":\"en-US\",\"@id\":\"https:\\\/\\\/biozoon.de\\\/shop\\\/product\\\/gellazoon-low-250g\\\/#primaryimage\",\"url\":\"https:\\\/\\\/biozoon.de\\\/shop\\\/wp-content\\\/uploads\\\/2021\\\/04\\\/Dose-Gellazoon-3.jpg\",\"contentUrl\":\"https:\\\/\\\/biozoon.de\\\/shop\\\/wp-content\\\/uploads\\\/2021\\\/04\\\/Dose-Gellazoon-3.jpg\",\"width\":600,\"height\":600,\"caption\":\"Gellazoon low\"},{\"@type\":\"BreadcrumbList\",\"@id\":\"https:\\\/\\\/biozoon.de\\\/shop\\\/product\\\/gellazoon-low-250g\\\/#breadcrumb\",\"itemListElement\":[{\"@type\":\"ListItem\",\"position\":1,\"name\":\"Home\",\"item\":\"https:\\\/\\\/biozoon.de\\\/shop\\\/\"},{\"@type\":\"ListItem\",\"position\":2,\"name\":\"Shop\",\"item\":\"https:\\\/\\\/biozoon.de\\\/shop\\\/shop\\\/\"},{\"@type\":\"ListItem\",\"position\":3,\"name\":\"Molekulare Texturgeber\",\"item\":\"https:\\\/\\\/biozoon.de\\\/shop\\\/product-category\\\/molekulare-texturgeber\\\/\"},{\"@type\":\"ListItem\",\"position\":4,\"name\":\"Texturgeber\",\"item\":\"https:\\\/\\\/biozoon.de\\\/shop\\\/product-category\\\/molekulare-texturgeber\\\/texturgeber\\\/\"},{\"@type\":\"ListItem\",\"position\":5,\"name\":\"Gellazoon low 250 g Dose\"}]},{\"@type\":\"WebSite\",\"@id\":\"https:\\\/\\\/biozoon.de\\\/shop\\\/#website\",\"url\":\"https:\\\/\\\/biozoon.de\\\/shop\\\/\",\"name\":\"Biozoon Shop\",\"description\":\"\",\"potentialAction\":[{\"@type\":\"SearchAction\",\"target\":{\"@type\":\"EntryPoint\",\"urlTemplate\":\"https:\\\/\\\/biozoon.de\\\/shop\\\/?s={search_term_string}\"},\"query-input\":{\"@type\":\"PropertyValueSpecification\",\"valueRequired\":true,\"valueName\":\"search_term_string\"}}],\"inLanguage\":\"en-US\"}]}<\/script>\n<!-- \/ Yoast SEO plugin. -->","yoast_head_json":{"title":"Gellazoon low 250 g Dose - Geliermittel zur Herstellung fester Gele","description":"Gellazoon low besteht aus Gellan Gum (E418), einem Geliermittel, welches durch Fermentation gewonnen wird.","robots":{"index":"index","follow":"follow","max-snippet":"max-snippet:-1","max-image-preview":"max-image-preview:large","max-video-preview":"max-video-preview:-1"},"canonical":"https:\/\/biozoon.de\/shop\/product\/gellazoon-low-250g\/","og_locale":"en_US","og_type":"article","og_title":"Gellazoon low 250 g Dose - Geliermittel zur Herstellung fester Gele","og_description":"Gellazoon low besteht aus Gellan Gum (E418), einem Geliermittel, welches durch Fermentation gewonnen wird.","og_url":"https:\/\/biozoon.de\/shop\/product\/gellazoon-low-250g\/","og_site_name":"Biozoon Shop","article_publisher":"https:\/\/www.facebook.com\/pages\/category\/Food---Beverage\/biozoon-113514145340245\/","article_modified_time":"2025-01-15T04:56:58+00:00","og_image":[{"width":600,"height":600,"url":"https:\/\/biozoon.de\/shop\/wp-content\/uploads\/2021\/04\/Dose-Gellazoon-3.jpg","type":"image\/jpeg"}],"twitter_card":"summary_large_image","twitter_misc":{"Est. reading time":"1 minute"},"schema":{"@context":"https:\/\/schema.org","@graph":[{"@type":"WebPage","@id":"https:\/\/biozoon.de\/shop\/product\/gellazoon-low-250g\/","url":"https:\/\/biozoon.de\/shop\/product\/gellazoon-low-250g\/","name":"Gellazoon low 250 g Dose - Geliermittel zur Herstellung fester Gele","isPartOf":{"@id":"https:\/\/biozoon.de\/shop\/#website"},"primaryImageOfPage":{"@id":"https:\/\/biozoon.de\/shop\/product\/gellazoon-low-250g\/#primaryimage"},"image":{"@id":"https:\/\/biozoon.de\/shop\/product\/gellazoon-low-250g\/#primaryimage"},"thumbnailUrl":"https:\/\/biozoon.de\/shop\/wp-content\/uploads\/2021\/04\/Dose-Gellazoon-3.jpg","datePublished":"2021-04-11T10:25:51+00:00","dateModified":"2025-01-15T04:56:58+00:00","description":"Gellazoon low besteht aus Gellan Gum (E418), einem Geliermittel, welches durch Fermentation gewonnen wird.","breadcrumb":{"@id":"https:\/\/biozoon.de\/shop\/product\/gellazoon-low-250g\/#breadcrumb"},"inLanguage":"en-US","potentialAction":[{"@type":"ReadAction","target":["https:\/\/biozoon.de\/shop\/product\/gellazoon-low-250g\/"]}]},{"@type":"ImageObject","inLanguage":"en-US","@id":"https:\/\/biozoon.de\/shop\/product\/gellazoon-low-250g\/#primaryimage","url":"https:\/\/biozoon.de\/shop\/wp-content\/uploads\/2021\/04\/Dose-Gellazoon-3.jpg","contentUrl":"https:\/\/biozoon.de\/shop\/wp-content\/uploads\/2021\/04\/Dose-Gellazoon-3.jpg","width":600,"height":600,"caption":"Gellazoon low"},{"@type":"BreadcrumbList","@id":"https:\/\/biozoon.de\/shop\/product\/gellazoon-low-250g\/#breadcrumb","itemListElement":[{"@type":"ListItem","position":1,"name":"Home","item":"https:\/\/biozoon.de\/shop\/"},{"@type":"ListItem","position":2,"name":"Shop","item":"https:\/\/biozoon.de\/shop\/shop\/"},{"@type":"ListItem","position":3,"name":"Molekulare Texturgeber","item":"https:\/\/biozoon.de\/shop\/product-category\/molekulare-texturgeber\/"},{"@type":"ListItem","position":4,"name":"Texturgeber","item":"https:\/\/biozoon.de\/shop\/product-category\/molekulare-texturgeber\/texturgeber\/"},{"@type":"ListItem","position":5,"name":"Gellazoon low 250 g Dose"}]},{"@type":"WebSite","@id":"https:\/\/biozoon.de\/shop\/#website","url":"https:\/\/biozoon.de\/shop\/","name":"Biozoon Shop","description":"","potentialAction":[{"@type":"SearchAction","target":{"@type":"EntryPoint","urlTemplate":"https:\/\/biozoon.de\/shop\/?s={search_term_string}"},"query-input":{"@type":"PropertyValueSpecification","valueRequired":true,"valueName":"search_term_string"}}],"inLanguage":"en-US"}]}},"lang":"de","translations":{"de":52,"en":54},"pll_sync_post":[],"_links":{"self":[{"href":"https:\/\/biozoon.de\/shop\/wp-json\/wp\/v2\/product\/52","targetHints":{"allow":["GET"]}}],"collection":[{"href":"https:\/\/biozoon.de\/shop\/wp-json\/wp\/v2\/product"}],"about":[{"href":"https:\/\/biozoon.de\/shop\/wp-json\/wp\/v2\/types\/product"}],"replies":[{"embeddable":true,"href":"https:\/\/biozoon.de\/shop\/wp-json\/wp\/v2\/comments?post=52"}],"wp:featuredmedia":[{"embeddable":true,"href":"https:\/\/biozoon.de\/shop\/wp-json\/wp\/v2\/media\/586"}],"wp:attachment":[{"href":"https:\/\/biozoon.de\/shop\/wp-json\/wp\/v2\/media?parent=52"}],"wp:term":[{"taxonomy":"product_brand","embeddable":true,"href":"https:\/\/biozoon.de\/shop\/wp-json\/wp\/v2\/product_brand?post=52"},{"taxonomy":"product_cat","embeddable":true,"href":"https:\/\/biozoon.de\/shop\/wp-json\/wp\/v2\/product_cat?post=52"},{"taxonomy":"product_tag","embeddable":true,"href":"https:\/\/biozoon.de\/shop\/wp-json\/wp\/v2\/product_tag?post=52"}],"curies":[{"name":"wp","href":"https:\/\/api.w.org\/{rel}","templated":true}]}}