{"id":4962,"date":"2023-08-16T07:26:12","date_gmt":"2023-08-16T07:26:12","guid":{"rendered":"https:\/\/biozoon.de\/shop\/?post_type=product&#038;p=4962"},"modified":"2025-05-22T08:09:08","modified_gmt":"2025-05-22T08:09:08","slug":"seneoforte-plus-4-kg","status":"publish","type":"product","link":"https:\/\/biozoon.de\/shop\/product\/seneoforte-plus-4-kg\/","title":{"rendered":"Seneoforte\u00ae plus 4 kg"},"content":{"rendered":"<p><strong>Hochkalorische Mischung zur Anreicherung UND Andickung von Getr\u00e4nken<\/strong><\/p>\n<p>Zutaten: Maltodextrin, pflanzliches Fettpulver (Sonnenblume), <strong>Molkenproteinisolat<\/strong>, modifizierte Kartoffelst\u00e4rke, resistentes Dextrin, Verdickungsmittel Methylcellulose, Emulgator <strong>Sojalecithin<\/strong><\/p>\n<p><strong>Eigenschaften und Anwendung:<\/strong><\/p>\n<p>Gleichzeitig an einer Mangelern\u00e4hrung <strong>UND<\/strong> einer Dysphagie zu leiden, bedeutet f\u00fcr viele Betroffene oftmals einen hohen Leidensdruck. Verzehrfertige hochkalorische Getr\u00e4nke haben h\u00e4ufig keine Dysphagie-gerechte Konsistenz, d.h. sie sind zu fl\u00fcssig. Mit herk\u00f6mmlichen Andickungsmitteln lassen sich diese nur schwer andicken.<\/p>\n<p>Mit <strong><span style=\"color: #668dc1\"><em>Seneo<\/em><\/span><span style=\"color: #6b6868\">forte<\/span><\/strong><span style=\"color: #668dc1\"><strong><sup>\u00ae<\/sup><\/strong><\/span> <strong><span style=\"color: #6b6868\">plus<\/span><\/strong> ist es biozoon nun gelungen, beide Herausforderungen kombiniert zu meistern \u2013 ein Pulver zur hochkalorischen Anreicherung von Getr\u00e4nken <strong>UND<\/strong> gleichzeitiger Andickung (Andickungsstufe: honigartig). Dieses Konzept funktioniert mit allen beliebigen Fl\u00fcssigkeiten. <strong><span style=\"color: #668dc1\"><em>Seneo<\/em><\/span><span style=\"color: #6b6868\">forte<\/span><\/strong><span style=\"color: #668dc1\"><strong><sup>\u00ae<\/sup><\/strong><\/span> <strong><span style=\"color: #6b6868\">plus<\/span><\/strong>\u00a0ist dabei geschmacksneutral und verf\u00e4lscht damit nicht den Geschmack der urspr\u00fcnglichen Fl\u00fcssigkeit. So kann selbst der Lieblingssaft in ein hochkalorisches und gleichzeitig Dysphagie-gerechtes Getr\u00e4nk gewandelt werden.<\/p>\n<p><strong>Durchschnittliche N\u00e4hrwertangaben<\/strong> <strong><span style=\"color: #668dc1\"><em>Seneo<\/em><\/span><span style=\"color: #6b6868\">forte<\/span><\/strong><span style=\"color: #668dc1\"><strong><sup>\u00ae<\/sup><\/strong><\/span> <strong><span style=\"color: #6b6868\">plus<\/span><\/strong><strong>:<\/strong><\/p>\n<p>&nbsp;<\/p>\n<p><img loading=\"lazy\" decoding=\"async\" class=\"alignnone wp-image-4953 size-full\" src=\"https:\/\/biozoon.de\/shop\/wp-content\/uploads\/2023\/08\/table-18.jpg\" alt=\"\" width=\"1200\" height=\"508\" srcset=\"https:\/\/biozoon.de\/shop\/wp-content\/uploads\/2023\/08\/table-18.jpg 1200w, https:\/\/biozoon.de\/shop\/wp-content\/uploads\/2023\/08\/table-18-600x254.jpg 600w, https:\/\/biozoon.de\/shop\/wp-content\/uploads\/2023\/08\/table-18-1024x433.jpg 1024w, https:\/\/biozoon.de\/shop\/wp-content\/uploads\/2023\/08\/table-18-768x325.jpg 768w, https:\/\/biozoon.de\/shop\/wp-content\/uploads\/2023\/08\/table-18-246x104.jpg 246w\" sizes=\"auto, (max-width: 1200px) 100vw, 1200px\" \/><\/p>\n<p>&nbsp;<\/p>\n<p><strong>Anwendung<\/strong>:<\/p>\n<p>70g <strong><span style=\"color: #668dc1\"><em>Seneo<\/em><\/span><span style=\"color: #6b6868\">forte<\/span><\/strong><span style=\"color: #668dc1\"><strong><sup>\u00ae<\/sup><\/strong><\/span> <strong><span style=\"color: #6b6868\">plus<\/span><\/strong>\u00a0Pulver in einen Messbecher geben und mit 200ml fl\u00fcssigem Lebensmittel (z.B. Orangensaft, Eistee etc.) aufgie\u00dfen. Mit einem Schneebesen kr\u00e4ftig umr\u00fchren und danach zwei Minuten ruhen lassen. Nochmals mit dem Schneebesen das restliche Pulver aufl\u00f6sen \u2013 servieren!<\/p>\n<p>Hinweis: Funktioniert besonders gut in Kaltgetr\u00e4nken. Bei Anwendung in warmen und hei\u00dfen Fl\u00fcssigkeiten ist ein Nachdicken m\u00f6glich!<\/p>\n<p><strong>Aufbewahrungshinweis<\/strong>:<\/p>\n<p>Verpackung grunds\u00e4tzlich trocken, lichtgesch\u00fctzt und k\u00fchl lagern und zur Entnahme ausschlie\u00dflich sauberes und trockenes Besteck nutzen.<\/p>\n","protected":false},"excerpt":{"rendered":"<p>Hochkalorische Mischung zur Anreicherung UND Andickung von Getr\u00e4nken Zutaten: Maltodextrin, pflanzliches Fettpulver (Sonnenblume), Molkenproteinisolat, modifizierte Kartoffelst\u00e4rke, resistentes Dextrin, Verdickungsmittel Methylcellulose, Emulgator Sojalecithin Eigenschaften und Anwendung: Gleichzeitig an einer Mangelern\u00e4hrung UND einer Dysphagie zu leiden, bedeutet f\u00fcr viele Betroffene oftmals einen hohen Leidensdruck. Verzehrfertige hochkalorische Getr\u00e4nke haben h\u00e4ufig keine Dysphagie-gerechte Konsistenz, d.h. sie sind zu fl\u00fcssig. [&hellip;]<\/p>\n","protected":false},"featured_media":4959,"comment_status":"open","ping_status":"closed","template":"","meta":[],"product_brand":[],"product_cat":[201],"product_tag":[1157,1198],"class_list":{"0":"post-4962","1":"product","2":"type-product","3":"status-publish","4":"has-post-thumbnail","6":"product_cat-texturgeber-smoothfood-produkte","7":"product_tag-seneoforte","8":"product_tag-seneoforte-plus","10":"first","11":"instock","12":"taxable","13":"shipping-taxable","14":"product-type-simple","15":"add-to-wishlist-before_image"},"yoast_head":"<!-- This site is optimized with the Yoast SEO plugin v27.3 - https:\/\/yoast.com\/product\/yoast-seo-wordpress\/ -->\n<title>Seneoforte\u00ae plus 4 kg - Biozoon Shop<\/title>\n<meta name=\"description\" content=\"70g Seneoforte\u00ae plus\u00a0Pulver in einen Messbecher geben und mit 200ml fl\u00fcssigem Lebensmittel (z.B. Orangensaft, Eistee etc.) aufgie\u00dfen.\" \/>\n<meta name=\"robots\" content=\"index, follow, max-snippet:-1, max-image-preview:large, max-video-preview:-1\" \/>\n<link rel=\"canonical\" href=\"https:\/\/biozoon.de\/shop\/product\/seneoforte-plus-4-kg\/\" \/>\n<meta property=\"og:locale\" content=\"en_US\" \/>\n<meta property=\"og:type\" content=\"article\" \/>\n<meta property=\"og:title\" content=\"Seneoforte\u00ae plus 4 kg - Biozoon Shop\" \/>\n<meta property=\"og:description\" content=\"70g Seneoforte\u00ae plus\u00a0Pulver in einen Messbecher geben und mit 200ml fl\u00fcssigem Lebensmittel (z.B. Orangensaft, Eistee etc.) aufgie\u00dfen.\" \/>\n<meta property=\"og:url\" content=\"https:\/\/biozoon.de\/shop\/product\/seneoforte-plus-4-kg\/\" \/>\n<meta property=\"og:site_name\" content=\"Biozoon Shop\" \/>\n<meta property=\"article:publisher\" content=\"https:\/\/www.facebook.com\/pages\/category\/Food---Beverage\/biozoon-113514145340245\/\" \/>\n<meta property=\"article:modified_time\" content=\"2025-05-22T08:09:08+00:00\" \/>\n<meta property=\"og:image\" content=\"https:\/\/biozoon.de\/shop\/wp-content\/uploads\/2023\/08\/seneoforte-plus-4kg-scaled.jpg\" \/>\n\t<meta property=\"og:image:width\" content=\"2560\" \/>\n\t<meta property=\"og:image:height\" content=\"2560\" \/>\n\t<meta property=\"og:image:type\" content=\"image\/jpeg\" \/>\n<meta name=\"twitter:card\" content=\"summary_large_image\" \/>\n<meta name=\"twitter:label1\" content=\"Est. reading time\" \/>\n\t<meta name=\"twitter:data1\" content=\"2 minutes\" \/>\n<script type=\"application\/ld+json\" class=\"yoast-schema-graph\">{\"@context\":\"https:\\\/\\\/schema.org\",\"@graph\":[{\"@type\":\"WebPage\",\"@id\":\"https:\\\/\\\/biozoon.de\\\/shop\\\/product\\\/seneoforte-plus-4-kg\\\/\",\"url\":\"https:\\\/\\\/biozoon.de\\\/shop\\\/product\\\/seneoforte-plus-4-kg\\\/\",\"name\":\"Seneoforte\u00ae plus 4 kg - Biozoon Shop\",\"isPartOf\":{\"@id\":\"https:\\\/\\\/biozoon.de\\\/shop\\\/#website\"},\"primaryImageOfPage\":{\"@id\":\"https:\\\/\\\/biozoon.de\\\/shop\\\/product\\\/seneoforte-plus-4-kg\\\/#primaryimage\"},\"image\":{\"@id\":\"https:\\\/\\\/biozoon.de\\\/shop\\\/product\\\/seneoforte-plus-4-kg\\\/#primaryimage\"},\"thumbnailUrl\":\"https:\\\/\\\/biozoon.de\\\/shop\\\/wp-content\\\/uploads\\\/2023\\\/08\\\/seneoforte-plus-4kg-scaled.jpg\",\"datePublished\":\"2023-08-16T07:26:12+00:00\",\"dateModified\":\"2025-05-22T08:09:08+00:00\",\"description\":\"70g Seneoforte\u00ae plus\u00a0Pulver in einen Messbecher geben und mit 200ml fl\u00fcssigem Lebensmittel (z.B. Orangensaft, Eistee etc.) aufgie\u00dfen.\",\"breadcrumb\":{\"@id\":\"https:\\\/\\\/biozoon.de\\\/shop\\\/product\\\/seneoforte-plus-4-kg\\\/#breadcrumb\"},\"inLanguage\":\"en-US\",\"potentialAction\":[{\"@type\":\"ReadAction\",\"target\":[\"https:\\\/\\\/biozoon.de\\\/shop\\\/product\\\/seneoforte-plus-4-kg\\\/\"]}]},{\"@type\":\"ImageObject\",\"inLanguage\":\"en-US\",\"@id\":\"https:\\\/\\\/biozoon.de\\\/shop\\\/product\\\/seneoforte-plus-4-kg\\\/#primaryimage\",\"url\":\"https:\\\/\\\/biozoon.de\\\/shop\\\/wp-content\\\/uploads\\\/2023\\\/08\\\/seneoforte-plus-4kg-scaled.jpg\",\"contentUrl\":\"https:\\\/\\\/biozoon.de\\\/shop\\\/wp-content\\\/uploads\\\/2023\\\/08\\\/seneoforte-plus-4kg-scaled.jpg\",\"width\":2560,\"height\":2560},{\"@type\":\"BreadcrumbList\",\"@id\":\"https:\\\/\\\/biozoon.de\\\/shop\\\/product\\\/seneoforte-plus-4-kg\\\/#breadcrumb\",\"itemListElement\":[{\"@type\":\"ListItem\",\"position\":1,\"name\":\"Home\",\"item\":\"https:\\\/\\\/biozoon.de\\\/shop\\\/\"},{\"@type\":\"ListItem\",\"position\":2,\"name\":\"Shop\",\"item\":\"https:\\\/\\\/biozoon.de\\\/shop\\\/shop\\\/\"},{\"@type\":\"ListItem\",\"position\":3,\"name\":\"smoothfood Produkte\",\"item\":\"https:\\\/\\\/biozoon.de\\\/shop\\\/product-category\\\/smoothfood-produkte\\\/\"},{\"@type\":\"ListItem\",\"position\":4,\"name\":\"Texturgeber\",\"item\":\"https:\\\/\\\/biozoon.de\\\/shop\\\/product-category\\\/smoothfood-produkte\\\/texturgeber-smoothfood-produkte\\\/\"},{\"@type\":\"ListItem\",\"position\":5,\"name\":\"Seneoforte\u00ae plus 4 kg\"}]},{\"@type\":\"WebSite\",\"@id\":\"https:\\\/\\\/biozoon.de\\\/shop\\\/#website\",\"url\":\"https:\\\/\\\/biozoon.de\\\/shop\\\/\",\"name\":\"Biozoon Shop\",\"description\":\"\",\"potentialAction\":[{\"@type\":\"SearchAction\",\"target\":{\"@type\":\"EntryPoint\",\"urlTemplate\":\"https:\\\/\\\/biozoon.de\\\/shop\\\/?s={search_term_string}\"},\"query-input\":{\"@type\":\"PropertyValueSpecification\",\"valueRequired\":true,\"valueName\":\"search_term_string\"}}],\"inLanguage\":\"en-US\"}]}<\/script>\n<!-- \/ Yoast SEO plugin. -->","yoast_head_json":{"title":"Seneoforte\u00ae plus 4 kg - Biozoon Shop","description":"70g Seneoforte\u00ae plus\u00a0Pulver in einen Messbecher geben und mit 200ml fl\u00fcssigem Lebensmittel (z.B. Orangensaft, Eistee etc.) aufgie\u00dfen.","robots":{"index":"index","follow":"follow","max-snippet":"max-snippet:-1","max-image-preview":"max-image-preview:large","max-video-preview":"max-video-preview:-1"},"canonical":"https:\/\/biozoon.de\/shop\/product\/seneoforte-plus-4-kg\/","og_locale":"en_US","og_type":"article","og_title":"Seneoforte\u00ae plus 4 kg - Biozoon Shop","og_description":"70g Seneoforte\u00ae plus\u00a0Pulver in einen Messbecher geben und mit 200ml fl\u00fcssigem Lebensmittel (z.B. Orangensaft, Eistee etc.) aufgie\u00dfen.","og_url":"https:\/\/biozoon.de\/shop\/product\/seneoforte-plus-4-kg\/","og_site_name":"Biozoon Shop","article_publisher":"https:\/\/www.facebook.com\/pages\/category\/Food---Beverage\/biozoon-113514145340245\/","article_modified_time":"2025-05-22T08:09:08+00:00","og_image":[{"width":2560,"height":2560,"url":"https:\/\/biozoon.de\/shop\/wp-content\/uploads\/2023\/08\/seneoforte-plus-4kg-scaled.jpg","type":"image\/jpeg"}],"twitter_card":"summary_large_image","twitter_misc":{"Est. reading time":"2 minutes"},"schema":{"@context":"https:\/\/schema.org","@graph":[{"@type":"WebPage","@id":"https:\/\/biozoon.de\/shop\/product\/seneoforte-plus-4-kg\/","url":"https:\/\/biozoon.de\/shop\/product\/seneoforte-plus-4-kg\/","name":"Seneoforte\u00ae plus 4 kg - Biozoon Shop","isPartOf":{"@id":"https:\/\/biozoon.de\/shop\/#website"},"primaryImageOfPage":{"@id":"https:\/\/biozoon.de\/shop\/product\/seneoforte-plus-4-kg\/#primaryimage"},"image":{"@id":"https:\/\/biozoon.de\/shop\/product\/seneoforte-plus-4-kg\/#primaryimage"},"thumbnailUrl":"https:\/\/biozoon.de\/shop\/wp-content\/uploads\/2023\/08\/seneoforte-plus-4kg-scaled.jpg","datePublished":"2023-08-16T07:26:12+00:00","dateModified":"2025-05-22T08:09:08+00:00","description":"70g Seneoforte\u00ae plus\u00a0Pulver in einen Messbecher geben und mit 200ml fl\u00fcssigem Lebensmittel (z.B. Orangensaft, Eistee etc.) aufgie\u00dfen.","breadcrumb":{"@id":"https:\/\/biozoon.de\/shop\/product\/seneoforte-plus-4-kg\/#breadcrumb"},"inLanguage":"en-US","potentialAction":[{"@type":"ReadAction","target":["https:\/\/biozoon.de\/shop\/product\/seneoforte-plus-4-kg\/"]}]},{"@type":"ImageObject","inLanguage":"en-US","@id":"https:\/\/biozoon.de\/shop\/product\/seneoforte-plus-4-kg\/#primaryimage","url":"https:\/\/biozoon.de\/shop\/wp-content\/uploads\/2023\/08\/seneoforte-plus-4kg-scaled.jpg","contentUrl":"https:\/\/biozoon.de\/shop\/wp-content\/uploads\/2023\/08\/seneoforte-plus-4kg-scaled.jpg","width":2560,"height":2560},{"@type":"BreadcrumbList","@id":"https:\/\/biozoon.de\/shop\/product\/seneoforte-plus-4-kg\/#breadcrumb","itemListElement":[{"@type":"ListItem","position":1,"name":"Home","item":"https:\/\/biozoon.de\/shop\/"},{"@type":"ListItem","position":2,"name":"Shop","item":"https:\/\/biozoon.de\/shop\/shop\/"},{"@type":"ListItem","position":3,"name":"smoothfood Produkte","item":"https:\/\/biozoon.de\/shop\/product-category\/smoothfood-produkte\/"},{"@type":"ListItem","position":4,"name":"Texturgeber","item":"https:\/\/biozoon.de\/shop\/product-category\/smoothfood-produkte\/texturgeber-smoothfood-produkte\/"},{"@type":"ListItem","position":5,"name":"Seneoforte\u00ae plus 4 kg"}]},{"@type":"WebSite","@id":"https:\/\/biozoon.de\/shop\/#website","url":"https:\/\/biozoon.de\/shop\/","name":"Biozoon Shop","description":"","potentialAction":[{"@type":"SearchAction","target":{"@type":"EntryPoint","urlTemplate":"https:\/\/biozoon.de\/shop\/?s={search_term_string}"},"query-input":{"@type":"PropertyValueSpecification","valueRequired":true,"valueName":"search_term_string"}}],"inLanguage":"en-US"}]}},"lang":"de","translations":{"de":4962},"pll_sync_post":[],"_links":{"self":[{"href":"https:\/\/biozoon.de\/shop\/wp-json\/wp\/v2\/product\/4962","targetHints":{"allow":["GET"]}}],"collection":[{"href":"https:\/\/biozoon.de\/shop\/wp-json\/wp\/v2\/product"}],"about":[{"href":"https:\/\/biozoon.de\/shop\/wp-json\/wp\/v2\/types\/product"}],"replies":[{"embeddable":true,"href":"https:\/\/biozoon.de\/shop\/wp-json\/wp\/v2\/comments?post=4962"}],"wp:featuredmedia":[{"embeddable":true,"href":"https:\/\/biozoon.de\/shop\/wp-json\/wp\/v2\/media\/4959"}],"wp:attachment":[{"href":"https:\/\/biozoon.de\/shop\/wp-json\/wp\/v2\/media?parent=4962"}],"wp:term":[{"taxonomy":"product_brand","embeddable":true,"href":"https:\/\/biozoon.de\/shop\/wp-json\/wp\/v2\/product_brand?post=4962"},{"taxonomy":"product_cat","embeddable":true,"href":"https:\/\/biozoon.de\/shop\/wp-json\/wp\/v2\/product_cat?post=4962"},{"taxonomy":"product_tag","embeddable":true,"href":"https:\/\/biozoon.de\/shop\/wp-json\/wp\/v2\/product_tag?post=4962"}],"curies":[{"name":"wp","href":"https:\/\/api.w.org\/{rel}","templated":true}]}}