{"id":4947,"date":"2023-08-16T06:24:55","date_gmt":"2023-08-16T06:24:55","guid":{"rendered":"https:\/\/biozoon.de\/shop\/?post_type=product&#038;p=4947"},"modified":"2026-03-17T11:46:14","modified_gmt":"2026-03-17T11:46:14","slug":"seneoforte-complete-4-kg","status":"publish","type":"product","link":"https:\/\/biozoon.de\/shop\/product\/seneoforte-complete-4-kg\/","title":{"rendered":"Seneoforte\u00ae complete 4 kg"},"content":{"rendered":"<p><strong>Hochkalorische Mischung zur Anreicherung von Getr\u00e4nken und Speisen.<\/strong><\/p>\n<p>Lebensmittel f\u00fcr besondere medizinische Zwecke (bilanzierte Di\u00e4t).<\/p>\n<p><strong>Wichtige Hinweise:<\/strong> Zur ausschlie\u00dflichen Ern\u00e4hrung geeignet. Zum Di\u00e4tmanagement bei drohender oder bestehender Mangelern\u00e4hrung. Nur unter \u00e4rztlicher Aufsicht verwenden. Nicht geeignet f\u00fcr S\u00e4uglinge und Kinder unter 10 Jahren. Nicht parenteral verwenden. Nur verwenden bei normaler und voll funktionsf\u00e4higer Stoffwechsellage. Nicht anzuwenden bei bekannter Intoleranz gegen einen oder mehrere Inhaltsstoffe. Eine ad\u00e4quate Fl\u00fcssigkeitszufuhr ist zu beachten.<\/p>\n<p><strong>Beschreibung<\/strong><\/p>\n<p>Zutaten: Maltodextrin, pflanzliches Fettpulver (Sonnenblume), <strong>Molkenproteinisolat<\/strong>, resistentes Dextrin, Emulgator <strong>Sojalecithin<\/strong>, Calciumchlorid, Dicalciumphosphat, Calciumcarbonat, Kaliumcitrat, Dinatriumphosphat, Eisendiphosphat, Natriumcarbonat, Vitamin C, Magnesiumoxid, Nicotinamid, Vitamin E, Zinkoxid, Panthotens\u00e4ure, Vitamin B2, Vitamin B6, Vitamin B1, Mangansulfat, Vitamin A, Kupfergluconat, Fols\u00e4ure, Vitamin K, Kaliumiodat, Natriumselenat, D-Biotin, Natriummolybdat, Chrom-III-Chlorid, Vitamin D3, Vitamin B12<\/p>\n<div style=\"margin:30px 0px;background:#eee;padding:30px;\">\n<strong style=\"color:black !important;\">Informationen zur Verschreibung von Seneoforte Complete f\u00fcr Arztpraxen finden Sie<\/strong> <a href=\"https:\/\/biozoon.de\/shop\/wp-content\/uploads\/2026\/03\/Infoblatt-fur-Arztpraxen_Biozoon_seneoforte-complete.pdf\" target=\"_blank\" rel=\"noopener\"><strong>hier<\/strong><\/a>.\n<\/div>\n<p><strong>Eigenschaften und Anwendung<\/strong>:<\/p>\n<p><strong><span style=\"color: #b2384f;\"><em>Seneo<\/em><\/span><span style=\"color: #6b6969;\">forte<\/span><span style=\"color: #b2384f;\"><sup>\u00ae<\/sup><\/span><\/strong> <span style=\"color: #6b6969;\"><strong>complete<\/strong><\/span><\/p>\n<p>Mangel- und\/oder Unterern\u00e4hrung ist f\u00fcr viele Menschen eine der Begleitsymptome einer Krankheit oder dem Alter. Wenn der K\u00f6rper daraus resultierend nicht mehr ausreichend N\u00e4hrstoffe aufnimmt, helfen sich viele davon Betroffene mit hochkalorischen, bereits verzehrfertigen Shakes. Diese Shakes sind aufgrund Ihrer Zusammensetzung ein Lebensmittel f\u00fcr besondere medizinische Zwecke (bilanzierte Di\u00e4t) und damit zur ausschlie\u00dflichen Ern\u00e4hrung geeignet &#8211; und dadurch auch verschreibungsf\u00e4hig. Dies ist f\u00fcr viele Betroffene sehr hilfreich, da nicht zu viel Volumen aufgenommen werden muss, aber die Gefahr einer mangelnden Versorgung mit Vitaminen und Mineralstoffen minimiert wird. Leider ist man hier oftmals auf festgelegte Geschmacksrichtungen limitiert, was auf Dauer sehr monoton sein kann.<\/p>\n<p>Mit <strong><span style=\"color: #b2384f;\"><em>Seneo<\/em><\/span><span style=\"color: #6b6969;\">forte<\/span><span style=\"color: #b2384f;\"><sup>\u00ae<\/sup><\/span><\/strong> <span style=\"color: #6b6969;\"><strong>complete<\/strong><\/span>\u00a0hat biozoon eine Pulvermischung entwickelt, welches jedes Getr\u00e4nk auf ein hochkalorisches Level anreichern kann und gleichzeitig zur ausschlie\u00dflichen Ern\u00e4hrung geeignet ist. Sie ist somit auf die individuellen Vorlieben anpassbar und eine Alternative zu den standardisierten Geschmacksrichtungen von verzehrfertigen Drinks. Es kann zum Beispiel in den liebsten Saft (Traube, Apfel,\u00a0 ..) oder semi-fl\u00fcssige Speise (zum Beispiel Kartoffelp\u00fcree, bestenfalls nicht \u00fcber 60\u00b0C, da sonst die Aktivit\u00e4t der enthaltenen Vitamine leiden kann) einger\u00fchrt werden und bringt pro Portion mindestens 328 kcal mit sich.<\/p>\n<p><strong>Durchschnittliche N\u00e4hrwertangaben:<\/strong><\/p>\n<p>&nbsp;<\/p>\n<p><img loading=\"lazy\" decoding=\"async\" class=\"wp-image-4954 size-full aligncenter\" src=\"https:\/\/biozoon.de\/shop\/wp-content\/uploads\/2023\/08\/table-19.jpg\" alt=\"\" width=\"1200\" height=\"356\" srcset=\"https:\/\/biozoon.de\/shop\/wp-content\/uploads\/2023\/08\/table-19.jpg 1200w, https:\/\/biozoon.de\/shop\/wp-content\/uploads\/2023\/08\/table-19-600x178.jpg 600w, https:\/\/biozoon.de\/shop\/wp-content\/uploads\/2023\/08\/table-19-1024x304.jpg 1024w, https:\/\/biozoon.de\/shop\/wp-content\/uploads\/2023\/08\/table-19-768x228.jpg 768w, https:\/\/biozoon.de\/shop\/wp-content\/uploads\/2023\/08\/table-19-246x73.jpg 246w\" sizes=\"auto, (max-width: 1200px) 100vw, 1200px\" \/><\/p>\n<p>&nbsp;<\/p>\n<p><img loading=\"lazy\" decoding=\"async\" class=\"aligncenter wp-image-4955 size-large\" src=\"https:\/\/biozoon.de\/shop\/wp-content\/uploads\/2023\/08\/table-20-779x1024.jpg\" alt=\"\" width=\"779\" height=\"1024\" srcset=\"https:\/\/biozoon.de\/shop\/wp-content\/uploads\/2023\/08\/table-20-779x1024.jpg 779w, https:\/\/biozoon.de\/shop\/wp-content\/uploads\/2023\/08\/table-20-456x600.jpg 456w, https:\/\/biozoon.de\/shop\/wp-content\/uploads\/2023\/08\/table-20-768x1010.jpg 768w, https:\/\/biozoon.de\/shop\/wp-content\/uploads\/2023\/08\/table-20-1168x1536.jpg 1168w, https:\/\/biozoon.de\/shop\/wp-content\/uploads\/2023\/08\/table-20-187x246.jpg 187w, https:\/\/biozoon.de\/shop\/wp-content\/uploads\/2023\/08\/table-20.jpg 1200w\" sizes=\"auto, (max-width: 779px) 100vw, 779px\" \/><\/p>\n<p>&nbsp;<\/p>\n<p><strong>Anwendung<\/strong>:<\/p>\n<p>70g <strong><span style=\"color: #b2384f;\"><em>Seneo<\/em><\/span><span style=\"color: #6b6969;\">forte<\/span><span style=\"color: #b2384f;\"><sup>\u00ae<\/sup><\/span><\/strong> <span style=\"color: #6b6969;\"><strong>complete<\/strong><\/span>\u00a0Pulver in einen Messbecher geben und mit 200ml fl\u00fcssigem Lebensmittel (z.B. Br\u00fche, Kaffee, Saft, Kartoffelp\u00fcree \u2013 nicht hei\u00dfer als 60\u00b0C!) aufgie\u00dfen. Mit einem Schneebesen kr\u00e4ftig umr\u00fchren und danach zwei Minuten ruhen lassen. Nochmals mit dem Schneebesen das restliche Pulver aufl\u00f6sen \u2013 servieren!<\/p>\n<p><strong>Anmerkung<\/strong>:<\/p>\n<p>Nach einiger Zeit, in die fertig anger\u00fchrte Fl\u00fcssigkeit ruht, kommt es zu einem leichten Absatz auf der Oberfl\u00e4che. Dies ist keinen Qualit\u00e4tsmangel, sondern ist auf die enthaltenen Zutaten zur\u00fcckzuf\u00fchren und kann durch nochmaliges R\u00fchren wieder homogenisiert werden.<\/p>\n<p><strong>Aufbewahrungshinweis<\/strong>:<\/p>\n<p>Verpackung grunds\u00e4tzlich trocken, lichtgesch\u00fctzt und k\u00fchl lagern und zur Entnahme ausschlie\u00dflich sauberes und trockenes Besteck nutzen.<\/p>\n","protected":false},"excerpt":{"rendered":"<p>Hochkalorische Mischung zur Anreicherung von Getr\u00e4nken und Speisen. Lebensmittel f\u00fcr besondere medizinische Zwecke (bilanzierte Di\u00e4t). Wichtige Hinweise: Zur ausschlie\u00dflichen Ern\u00e4hrung geeignet. Zum Di\u00e4tmanagement bei drohender oder bestehender Mangelern\u00e4hrung. Nur unter \u00e4rztlicher Aufsicht verwenden. Nicht geeignet f\u00fcr S\u00e4uglinge und Kinder unter 10 Jahren. Nicht parenteral verwenden. Nur verwenden bei normaler und voll funktionsf\u00e4higer Stoffwechsellage. Nicht anzuwenden [&hellip;]<\/p>\n","protected":false},"featured_media":4941,"comment_status":"open","ping_status":"closed","template":"","meta":[],"product_brand":[],"product_cat":[201],"product_tag":[1157,1200],"class_list":{"0":"post-4947","1":"product","2":"type-product","3":"status-publish","4":"has-post-thumbnail","6":"product_cat-texturgeber-smoothfood-produkte","7":"product_tag-seneoforte","8":"product_tag-seneoforte-complete","10":"first","11":"instock","12":"taxable","13":"shipping-taxable","14":"product-type-simple","15":"add-to-wishlist-before_image"},"yoast_head":"<!-- This site is optimized with the Yoast SEO plugin v27.3 - https:\/\/yoast.com\/product\/yoast-seo-wordpress\/ -->\n<title>Seneoforte\u00ae complete 4 kg - Biozoon Shop<\/title>\n<meta name=\"description\" content=\"Hochkalorische Mischung zur Anreicherung von Getr\u00e4nken und Speisen. Lebensmittel f\u00fcr besondere medizinische Zwecke (bilanzierte Di\u00e4t).\" \/>\n<meta name=\"robots\" content=\"index, follow, max-snippet:-1, max-image-preview:large, max-video-preview:-1\" \/>\n<link rel=\"canonical\" href=\"https:\/\/biozoon.de\/shop\/product\/seneoforte-complete-4-kg\/\" \/>\n<meta property=\"og:locale\" content=\"en_US\" \/>\n<meta property=\"og:type\" content=\"article\" \/>\n<meta property=\"og:title\" content=\"Seneoforte\u00ae complete 4 kg - Biozoon Shop\" \/>\n<meta property=\"og:description\" content=\"Hochkalorische Mischung zur Anreicherung von Getr\u00e4nken und Speisen. Lebensmittel f\u00fcr besondere medizinische Zwecke (bilanzierte Di\u00e4t).\" \/>\n<meta property=\"og:url\" content=\"https:\/\/biozoon.de\/shop\/product\/seneoforte-complete-4-kg\/\" \/>\n<meta property=\"og:site_name\" content=\"Biozoon Shop\" \/>\n<meta property=\"article:publisher\" content=\"https:\/\/www.facebook.com\/pages\/category\/Food---Beverage\/biozoon-113514145340245\/\" \/>\n<meta property=\"article:modified_time\" content=\"2026-03-17T11:46:14+00:00\" \/>\n<meta property=\"og:image\" content=\"https:\/\/biozoon.de\/shop\/wp-content\/uploads\/2023\/08\/seneoforte-complete-4kg.jpg\" \/>\n\t<meta property=\"og:image:width\" content=\"1000\" \/>\n\t<meta property=\"og:image:height\" content=\"1000\" \/>\n\t<meta property=\"og:image:type\" content=\"image\/jpeg\" \/>\n<meta name=\"twitter:card\" content=\"summary_large_image\" \/>\n<meta name=\"twitter:label1\" content=\"Est. reading time\" \/>\n\t<meta name=\"twitter:data1\" content=\"3 minutes\" \/>\n<script type=\"application\/ld+json\" class=\"yoast-schema-graph\">{\"@context\":\"https:\\\/\\\/schema.org\",\"@graph\":[{\"@type\":\"WebPage\",\"@id\":\"https:\\\/\\\/biozoon.de\\\/shop\\\/product\\\/seneoforte-complete-4-kg\\\/\",\"url\":\"https:\\\/\\\/biozoon.de\\\/shop\\\/product\\\/seneoforte-complete-4-kg\\\/\",\"name\":\"Seneoforte\u00ae complete 4 kg - Biozoon Shop\",\"isPartOf\":{\"@id\":\"https:\\\/\\\/biozoon.de\\\/shop\\\/#website\"},\"primaryImageOfPage\":{\"@id\":\"https:\\\/\\\/biozoon.de\\\/shop\\\/product\\\/seneoforte-complete-4-kg\\\/#primaryimage\"},\"image\":{\"@id\":\"https:\\\/\\\/biozoon.de\\\/shop\\\/product\\\/seneoforte-complete-4-kg\\\/#primaryimage\"},\"thumbnailUrl\":\"https:\\\/\\\/biozoon.de\\\/shop\\\/wp-content\\\/uploads\\\/2023\\\/08\\\/seneoforte-complete-4kg.jpg\",\"datePublished\":\"2023-08-16T06:24:55+00:00\",\"dateModified\":\"2026-03-17T11:46:14+00:00\",\"description\":\"Hochkalorische Mischung zur Anreicherung von Getr\u00e4nken und Speisen. Lebensmittel f\u00fcr besondere medizinische Zwecke (bilanzierte Di\u00e4t).\",\"breadcrumb\":{\"@id\":\"https:\\\/\\\/biozoon.de\\\/shop\\\/product\\\/seneoforte-complete-4-kg\\\/#breadcrumb\"},\"inLanguage\":\"en-US\",\"potentialAction\":[{\"@type\":\"ReadAction\",\"target\":[\"https:\\\/\\\/biozoon.de\\\/shop\\\/product\\\/seneoforte-complete-4-kg\\\/\"]}]},{\"@type\":\"ImageObject\",\"inLanguage\":\"en-US\",\"@id\":\"https:\\\/\\\/biozoon.de\\\/shop\\\/product\\\/seneoforte-complete-4-kg\\\/#primaryimage\",\"url\":\"https:\\\/\\\/biozoon.de\\\/shop\\\/wp-content\\\/uploads\\\/2023\\\/08\\\/seneoforte-complete-4kg.jpg\",\"contentUrl\":\"https:\\\/\\\/biozoon.de\\\/shop\\\/wp-content\\\/uploads\\\/2023\\\/08\\\/seneoforte-complete-4kg.jpg\",\"width\":1000,\"height\":1000,\"caption\":\"seneoforte complete 4kg\"},{\"@type\":\"BreadcrumbList\",\"@id\":\"https:\\\/\\\/biozoon.de\\\/shop\\\/product\\\/seneoforte-complete-4-kg\\\/#breadcrumb\",\"itemListElement\":[{\"@type\":\"ListItem\",\"position\":1,\"name\":\"Home\",\"item\":\"https:\\\/\\\/biozoon.de\\\/shop\\\/\"},{\"@type\":\"ListItem\",\"position\":2,\"name\":\"Shop\",\"item\":\"https:\\\/\\\/biozoon.de\\\/shop\\\/shop\\\/\"},{\"@type\":\"ListItem\",\"position\":3,\"name\":\"smoothfood Produkte\",\"item\":\"https:\\\/\\\/biozoon.de\\\/shop\\\/product-category\\\/smoothfood-produkte\\\/\"},{\"@type\":\"ListItem\",\"position\":4,\"name\":\"Texturgeber\",\"item\":\"https:\\\/\\\/biozoon.de\\\/shop\\\/product-category\\\/smoothfood-produkte\\\/texturgeber-smoothfood-produkte\\\/\"},{\"@type\":\"ListItem\",\"position\":5,\"name\":\"Seneoforte\u00ae complete 4 kg\"}]},{\"@type\":\"WebSite\",\"@id\":\"https:\\\/\\\/biozoon.de\\\/shop\\\/#website\",\"url\":\"https:\\\/\\\/biozoon.de\\\/shop\\\/\",\"name\":\"Biozoon Shop\",\"description\":\"\",\"potentialAction\":[{\"@type\":\"SearchAction\",\"target\":{\"@type\":\"EntryPoint\",\"urlTemplate\":\"https:\\\/\\\/biozoon.de\\\/shop\\\/?s={search_term_string}\"},\"query-input\":{\"@type\":\"PropertyValueSpecification\",\"valueRequired\":true,\"valueName\":\"search_term_string\"}}],\"inLanguage\":\"en-US\"}]}<\/script>\n<!-- \/ Yoast SEO plugin. -->","yoast_head_json":{"title":"Seneoforte\u00ae complete 4 kg - Biozoon Shop","description":"Hochkalorische Mischung zur Anreicherung von Getr\u00e4nken und Speisen. Lebensmittel f\u00fcr besondere medizinische Zwecke (bilanzierte Di\u00e4t).","robots":{"index":"index","follow":"follow","max-snippet":"max-snippet:-1","max-image-preview":"max-image-preview:large","max-video-preview":"max-video-preview:-1"},"canonical":"https:\/\/biozoon.de\/shop\/product\/seneoforte-complete-4-kg\/","og_locale":"en_US","og_type":"article","og_title":"Seneoforte\u00ae complete 4 kg - Biozoon Shop","og_description":"Hochkalorische Mischung zur Anreicherung von Getr\u00e4nken und Speisen. Lebensmittel f\u00fcr besondere medizinische Zwecke (bilanzierte Di\u00e4t).","og_url":"https:\/\/biozoon.de\/shop\/product\/seneoforte-complete-4-kg\/","og_site_name":"Biozoon Shop","article_publisher":"https:\/\/www.facebook.com\/pages\/category\/Food---Beverage\/biozoon-113514145340245\/","article_modified_time":"2026-03-17T11:46:14+00:00","og_image":[{"width":1000,"height":1000,"url":"https:\/\/biozoon.de\/shop\/wp-content\/uploads\/2023\/08\/seneoforte-complete-4kg.jpg","type":"image\/jpeg"}],"twitter_card":"summary_large_image","twitter_misc":{"Est. reading time":"3 minutes"},"schema":{"@context":"https:\/\/schema.org","@graph":[{"@type":"WebPage","@id":"https:\/\/biozoon.de\/shop\/product\/seneoforte-complete-4-kg\/","url":"https:\/\/biozoon.de\/shop\/product\/seneoforte-complete-4-kg\/","name":"Seneoforte\u00ae complete 4 kg - Biozoon Shop","isPartOf":{"@id":"https:\/\/biozoon.de\/shop\/#website"},"primaryImageOfPage":{"@id":"https:\/\/biozoon.de\/shop\/product\/seneoforte-complete-4-kg\/#primaryimage"},"image":{"@id":"https:\/\/biozoon.de\/shop\/product\/seneoforte-complete-4-kg\/#primaryimage"},"thumbnailUrl":"https:\/\/biozoon.de\/shop\/wp-content\/uploads\/2023\/08\/seneoforte-complete-4kg.jpg","datePublished":"2023-08-16T06:24:55+00:00","dateModified":"2026-03-17T11:46:14+00:00","description":"Hochkalorische Mischung zur Anreicherung von Getr\u00e4nken und Speisen. Lebensmittel f\u00fcr besondere medizinische Zwecke (bilanzierte Di\u00e4t).","breadcrumb":{"@id":"https:\/\/biozoon.de\/shop\/product\/seneoforte-complete-4-kg\/#breadcrumb"},"inLanguage":"en-US","potentialAction":[{"@type":"ReadAction","target":["https:\/\/biozoon.de\/shop\/product\/seneoforte-complete-4-kg\/"]}]},{"@type":"ImageObject","inLanguage":"en-US","@id":"https:\/\/biozoon.de\/shop\/product\/seneoforte-complete-4-kg\/#primaryimage","url":"https:\/\/biozoon.de\/shop\/wp-content\/uploads\/2023\/08\/seneoforte-complete-4kg.jpg","contentUrl":"https:\/\/biozoon.de\/shop\/wp-content\/uploads\/2023\/08\/seneoforte-complete-4kg.jpg","width":1000,"height":1000,"caption":"seneoforte complete 4kg"},{"@type":"BreadcrumbList","@id":"https:\/\/biozoon.de\/shop\/product\/seneoforte-complete-4-kg\/#breadcrumb","itemListElement":[{"@type":"ListItem","position":1,"name":"Home","item":"https:\/\/biozoon.de\/shop\/"},{"@type":"ListItem","position":2,"name":"Shop","item":"https:\/\/biozoon.de\/shop\/shop\/"},{"@type":"ListItem","position":3,"name":"smoothfood Produkte","item":"https:\/\/biozoon.de\/shop\/product-category\/smoothfood-produkte\/"},{"@type":"ListItem","position":4,"name":"Texturgeber","item":"https:\/\/biozoon.de\/shop\/product-category\/smoothfood-produkte\/texturgeber-smoothfood-produkte\/"},{"@type":"ListItem","position":5,"name":"Seneoforte\u00ae complete 4 kg"}]},{"@type":"WebSite","@id":"https:\/\/biozoon.de\/shop\/#website","url":"https:\/\/biozoon.de\/shop\/","name":"Biozoon Shop","description":"","potentialAction":[{"@type":"SearchAction","target":{"@type":"EntryPoint","urlTemplate":"https:\/\/biozoon.de\/shop\/?s={search_term_string}"},"query-input":{"@type":"PropertyValueSpecification","valueRequired":true,"valueName":"search_term_string"}}],"inLanguage":"en-US"}]}},"lang":"de","translations":{"de":4947},"pll_sync_post":[],"_links":{"self":[{"href":"https:\/\/biozoon.de\/shop\/wp-json\/wp\/v2\/product\/4947","targetHints":{"allow":["GET"]}}],"collection":[{"href":"https:\/\/biozoon.de\/shop\/wp-json\/wp\/v2\/product"}],"about":[{"href":"https:\/\/biozoon.de\/shop\/wp-json\/wp\/v2\/types\/product"}],"replies":[{"embeddable":true,"href":"https:\/\/biozoon.de\/shop\/wp-json\/wp\/v2\/comments?post=4947"}],"wp:featuredmedia":[{"embeddable":true,"href":"https:\/\/biozoon.de\/shop\/wp-json\/wp\/v2\/media\/4941"}],"wp:attachment":[{"href":"https:\/\/biozoon.de\/shop\/wp-json\/wp\/v2\/media?parent=4947"}],"wp:term":[{"taxonomy":"product_brand","embeddable":true,"href":"https:\/\/biozoon.de\/shop\/wp-json\/wp\/v2\/product_brand?post=4947"},{"taxonomy":"product_cat","embeddable":true,"href":"https:\/\/biozoon.de\/shop\/wp-json\/wp\/v2\/product_cat?post=4947"},{"taxonomy":"product_tag","embeddable":true,"href":"https:\/\/biozoon.de\/shop\/wp-json\/wp\/v2\/product_tag?post=4947"}],"curies":[{"name":"wp","href":"https:\/\/api.w.org\/{rel}","templated":true}]}}