{"id":49,"date":"2021-04-11T10:11:56","date_gmt":"2021-04-11T10:11:56","guid":{"rendered":"http:\/\/localhost:8585\/bshop\/?post_type=product&#038;p=49"},"modified":"2025-06-16T09:16:55","modified_gmt":"2025-06-16T09:16:55","slug":"einfuehrungsangebot-spuma-gastro-110g","status":"publish","type":"product","link":"https:\/\/biozoon.de\/shop\/product\/einfuehrungsangebot-spuma-gastro-110g\/","title":{"rendered":"Spuma Gastro 110 g Dose"},"content":{"rendered":"<p><span style=\"color: #00b050;\"><b><i>SPUMA<\/i><i><sub>Gastro<\/sub><\/i> <\/b><\/span><b>&#8211; Sch\u00e4ume sind Tr\u00e4ume<\/b><\/p>\n<p><b>Der Texturgeber zur einfachen Herstellung von Espumas, warm oder kalt &#8211; s\u00fc\u00df oder salzig.<\/b><\/p>\n<div><b>Inhalt\/Nettof\u00fcllmenge:<\/b> 110 g<\/div>\n<div><\/div>\n<div><b>Zutaten: <\/b>Maltodextrin, Geliermittel Methylcellulose (E461), Verdickungsmittel Xanthan<\/div>\n<div><\/div>\n<div><b>Produktinformation:<\/b> universelles und geschmacksneutrales Pulver zum Aufsch\u00e4umen von S\u00e4ften, fl\u00fcssigen Milchprodukten, Suppen, Saucen und vielem mehr.<\/div>\n<ul>\n<li>Gluten-, laktosefrei und vegetarisch<\/li>\n<li>bindet bis zu 50 % \u00d6l oder 20 % Alkoholanteil (Sauce Hollandaise ohne Gerinnen; Cocktails als Schaum)<\/li>\n<li>f\u00fcr kalte und warme Espumas geeignet (bis zu 60 Grad Celsius)<\/li>\n<li>ideal zur Herstellung von Amuse-Bouche<\/li>\n<li>schnelle und einfache Handhabung f\u00fcr Flying Buffets<\/li>\n<li>neuartige Pr\u00e4sentation von Cocktails und Aperitifs<\/li>\n<li>Topping f\u00fcr Desserts oder S\u00fc\u00dfgeb\u00e4ck<\/li>\n<\/ul>\n<div><\/div>\n<div><b>Rezeptvorschlag:<\/b><\/div>\n<div>3 &#8211; 4 kleine Dosierl\u00f6ffel\u00a0 <span style=\"color: #00b050;\"><b><i>SPUMA<\/i><i><sub>Gastro<\/sub><\/i><\/b><\/span><span style=\"color: #00b050;\"><b>\u00a0<\/b><\/span>in einen Sahnesiphon oder eine Sch\u00fcssel geben, dann 100 ml Fl\u00fcssigkeit zugeben. Die Mischung entweder im Sahnesiphon nach kurzem Sch\u00fctteln mit einer Sahnekapsel aufsch\u00e4umen oder 5 &#8211; 10 min mit einem elektrischen Handr\u00fchrger\u00e4t aufschlagen.<\/div>\n<p>&nbsp;<\/p>\n<p><b>Preis pro kg: 171,55 \u20ac<\/b><\/p>\n","protected":false},"excerpt":{"rendered":"<p>SPUMAGastro &#8211; Sch\u00e4ume sind Tr\u00e4ume Der Texturgeber zur einfachen Herstellung von Espumas, warm oder kalt &#8211; s\u00fc\u00df oder salzig. Inhalt\/Nettof\u00fcllmenge: 110 g Zutaten: Maltodextrin, Geliermittel Methylcellulose (E461), Verdickungsmittel Xanthan Produktinformation: universelles und geschmacksneutrales Pulver zum Aufsch\u00e4umen von S\u00e4ften, fl\u00fcssigen Milchprodukten, Suppen, Saucen und vielem mehr. Gluten-, laktosefrei und vegetarisch bindet bis zu 50 % \u00d6l [&hellip;]<\/p>\n","protected":false},"featured_media":3481,"comment_status":"open","ping_status":"closed","template":"","meta":[],"product_brand":[],"product_cat":[509,165],"product_tag":[],"class_list":{"0":"post-49","1":"product","2":"type-product","3":"status-publish","4":"has-post-thumbnail","6":"product_cat-molekulare-texturgeber-angebote","7":"product_cat-texturgeber","9":"first","10":"instock","11":"sale","12":"taxable","13":"shipping-taxable","14":"purchasable","15":"product-type-simple","16":"add-to-wishlist-before_image"},"yoast_head":"<!-- This site is optimized with the Yoast SEO plugin v27.3 - https:\/\/yoast.com\/product\/yoast-seo-wordpress\/ -->\n<title>Spuma Gastro 110 g Dose - Biozoon Shop<\/title>\n<meta name=\"description\" content=\"Wird in der Molekulark\u00fcche zur Herstellung kompakter Sch\u00e4ume (wie Softeis) verwendet. Funktioniert kalt&amp;hei\u00df und mit bis zu 50% \u00d6lanteil\" \/>\n<meta name=\"robots\" content=\"index, follow, max-snippet:-1, max-image-preview:large, max-video-preview:-1\" \/>\n<link rel=\"canonical\" href=\"https:\/\/biozoon.de\/shop\/product\/einfuehrungsangebot-spuma-gastro-110g\/\" \/>\n<meta property=\"og:locale\" content=\"en_US\" \/>\n<meta property=\"og:type\" content=\"article\" \/>\n<meta property=\"og:title\" content=\"Spuma Gastro 110 g Dose - Biozoon Shop\" \/>\n<meta property=\"og:description\" content=\"Wird in der Molekulark\u00fcche zur Herstellung kompakter Sch\u00e4ume (wie Softeis) verwendet. Funktioniert kalt&amp;hei\u00df und mit bis zu 50% \u00d6lanteil\" \/>\n<meta property=\"og:url\" content=\"https:\/\/biozoon.de\/shop\/product\/einfuehrungsangebot-spuma-gastro-110g\/\" \/>\n<meta property=\"og:site_name\" content=\"Biozoon Shop\" \/>\n<meta property=\"article:publisher\" content=\"https:\/\/www.facebook.com\/pages\/category\/Food---Beverage\/biozoon-113514145340245\/\" \/>\n<meta property=\"article:modified_time\" content=\"2025-06-16T09:16:55+00:00\" \/>\n<meta property=\"og:image\" content=\"https:\/\/biozoon.de\/shop\/wp-content\/uploads\/2021\/04\/Dose-Centhazoon-3-1.jpg\" \/>\n\t<meta property=\"og:image:width\" content=\"600\" \/>\n\t<meta property=\"og:image:height\" content=\"600\" \/>\n\t<meta property=\"og:image:type\" content=\"image\/jpeg\" \/>\n<meta name=\"twitter:card\" content=\"summary_large_image\" \/>\n<meta name=\"twitter:label1\" content=\"Est. reading time\" \/>\n\t<meta name=\"twitter:data1\" content=\"1 minute\" \/>\n<script type=\"application\/ld+json\" class=\"yoast-schema-graph\">{\"@context\":\"https:\\\/\\\/schema.org\",\"@graph\":[{\"@type\":\"WebPage\",\"@id\":\"https:\\\/\\\/biozoon.de\\\/shop\\\/product\\\/einfuehrungsangebot-spuma-gastro-110g\\\/\",\"url\":\"https:\\\/\\\/biozoon.de\\\/shop\\\/product\\\/einfuehrungsangebot-spuma-gastro-110g\\\/\",\"name\":\"Spuma Gastro 110 g Dose - Biozoon Shop\",\"isPartOf\":{\"@id\":\"https:\\\/\\\/biozoon.de\\\/shop\\\/#website\"},\"primaryImageOfPage\":{\"@id\":\"https:\\\/\\\/biozoon.de\\\/shop\\\/product\\\/einfuehrungsangebot-spuma-gastro-110g\\\/#primaryimage\"},\"image\":{\"@id\":\"https:\\\/\\\/biozoon.de\\\/shop\\\/product\\\/einfuehrungsangebot-spuma-gastro-110g\\\/#primaryimage\"},\"thumbnailUrl\":\"https:\\\/\\\/biozoon.de\\\/shop\\\/wp-content\\\/uploads\\\/2021\\\/04\\\/Dose-Centhazoon-3-1.jpg\",\"datePublished\":\"2021-04-11T10:11:56+00:00\",\"dateModified\":\"2025-06-16T09:16:55+00:00\",\"description\":\"Wird in der Molekulark\u00fcche zur Herstellung kompakter Sch\u00e4ume (wie Softeis) verwendet. Funktioniert kalt&hei\u00df und mit bis zu 50% \u00d6lanteil\",\"breadcrumb\":{\"@id\":\"https:\\\/\\\/biozoon.de\\\/shop\\\/product\\\/einfuehrungsangebot-spuma-gastro-110g\\\/#breadcrumb\"},\"inLanguage\":\"en-US\",\"potentialAction\":[{\"@type\":\"ReadAction\",\"target\":[\"https:\\\/\\\/biozoon.de\\\/shop\\\/product\\\/einfuehrungsangebot-spuma-gastro-110g\\\/\"]}]},{\"@type\":\"ImageObject\",\"inLanguage\":\"en-US\",\"@id\":\"https:\\\/\\\/biozoon.de\\\/shop\\\/product\\\/einfuehrungsangebot-spuma-gastro-110g\\\/#primaryimage\",\"url\":\"https:\\\/\\\/biozoon.de\\\/shop\\\/wp-content\\\/uploads\\\/2021\\\/04\\\/Dose-Centhazoon-3-1.jpg\",\"contentUrl\":\"https:\\\/\\\/biozoon.de\\\/shop\\\/wp-content\\\/uploads\\\/2021\\\/04\\\/Dose-Centhazoon-3-1.jpg\",\"width\":600,\"height\":600},{\"@type\":\"BreadcrumbList\",\"@id\":\"https:\\\/\\\/biozoon.de\\\/shop\\\/product\\\/einfuehrungsangebot-spuma-gastro-110g\\\/#breadcrumb\",\"itemListElement\":[{\"@type\":\"ListItem\",\"position\":1,\"name\":\"Home\",\"item\":\"https:\\\/\\\/biozoon.de\\\/shop\\\/\"},{\"@type\":\"ListItem\",\"position\":2,\"name\":\"Shop\",\"item\":\"https:\\\/\\\/biozoon.de\\\/shop\\\/shop\\\/\"},{\"@type\":\"ListItem\",\"position\":3,\"name\":\"Molekulare Texturgeber\",\"item\":\"https:\\\/\\\/biozoon.de\\\/shop\\\/product-category\\\/molekulare-texturgeber\\\/\"},{\"@type\":\"ListItem\",\"position\":4,\"name\":\"Texturgeber\",\"item\":\"https:\\\/\\\/biozoon.de\\\/shop\\\/product-category\\\/molekulare-texturgeber\\\/texturgeber\\\/\"},{\"@type\":\"ListItem\",\"position\":5,\"name\":\"Spuma Gastro 110 g Dose\"}]},{\"@type\":\"WebSite\",\"@id\":\"https:\\\/\\\/biozoon.de\\\/shop\\\/#website\",\"url\":\"https:\\\/\\\/biozoon.de\\\/shop\\\/\",\"name\":\"Biozoon Shop\",\"description\":\"\",\"potentialAction\":[{\"@type\":\"SearchAction\",\"target\":{\"@type\":\"EntryPoint\",\"urlTemplate\":\"https:\\\/\\\/biozoon.de\\\/shop\\\/?s={search_term_string}\"},\"query-input\":{\"@type\":\"PropertyValueSpecification\",\"valueRequired\":true,\"valueName\":\"search_term_string\"}}],\"inLanguage\":\"en-US\"}]}<\/script>\n<!-- \/ Yoast SEO plugin. -->","yoast_head_json":{"title":"Spuma Gastro 110 g Dose - Biozoon Shop","description":"Wird in der Molekulark\u00fcche zur Herstellung kompakter Sch\u00e4ume (wie Softeis) verwendet. Funktioniert kalt&hei\u00df und mit bis zu 50% \u00d6lanteil","robots":{"index":"index","follow":"follow","max-snippet":"max-snippet:-1","max-image-preview":"max-image-preview:large","max-video-preview":"max-video-preview:-1"},"canonical":"https:\/\/biozoon.de\/shop\/product\/einfuehrungsangebot-spuma-gastro-110g\/","og_locale":"en_US","og_type":"article","og_title":"Spuma Gastro 110 g Dose - Biozoon Shop","og_description":"Wird in der Molekulark\u00fcche zur Herstellung kompakter Sch\u00e4ume (wie Softeis) verwendet. Funktioniert kalt&hei\u00df und mit bis zu 50% \u00d6lanteil","og_url":"https:\/\/biozoon.de\/shop\/product\/einfuehrungsangebot-spuma-gastro-110g\/","og_site_name":"Biozoon Shop","article_publisher":"https:\/\/www.facebook.com\/pages\/category\/Food---Beverage\/biozoon-113514145340245\/","article_modified_time":"2025-06-16T09:16:55+00:00","og_image":[{"width":600,"height":600,"url":"https:\/\/biozoon.de\/shop\/wp-content\/uploads\/2021\/04\/Dose-Centhazoon-3-1.jpg","type":"image\/jpeg"}],"twitter_card":"summary_large_image","twitter_misc":{"Est. reading time":"1 minute"},"schema":{"@context":"https:\/\/schema.org","@graph":[{"@type":"WebPage","@id":"https:\/\/biozoon.de\/shop\/product\/einfuehrungsangebot-spuma-gastro-110g\/","url":"https:\/\/biozoon.de\/shop\/product\/einfuehrungsangebot-spuma-gastro-110g\/","name":"Spuma Gastro 110 g Dose - Biozoon Shop","isPartOf":{"@id":"https:\/\/biozoon.de\/shop\/#website"},"primaryImageOfPage":{"@id":"https:\/\/biozoon.de\/shop\/product\/einfuehrungsangebot-spuma-gastro-110g\/#primaryimage"},"image":{"@id":"https:\/\/biozoon.de\/shop\/product\/einfuehrungsangebot-spuma-gastro-110g\/#primaryimage"},"thumbnailUrl":"https:\/\/biozoon.de\/shop\/wp-content\/uploads\/2021\/04\/Dose-Centhazoon-3-1.jpg","datePublished":"2021-04-11T10:11:56+00:00","dateModified":"2025-06-16T09:16:55+00:00","description":"Wird in der Molekulark\u00fcche zur Herstellung kompakter Sch\u00e4ume (wie Softeis) verwendet. Funktioniert kalt&hei\u00df und mit bis zu 50% \u00d6lanteil","breadcrumb":{"@id":"https:\/\/biozoon.de\/shop\/product\/einfuehrungsangebot-spuma-gastro-110g\/#breadcrumb"},"inLanguage":"en-US","potentialAction":[{"@type":"ReadAction","target":["https:\/\/biozoon.de\/shop\/product\/einfuehrungsangebot-spuma-gastro-110g\/"]}]},{"@type":"ImageObject","inLanguage":"en-US","@id":"https:\/\/biozoon.de\/shop\/product\/einfuehrungsangebot-spuma-gastro-110g\/#primaryimage","url":"https:\/\/biozoon.de\/shop\/wp-content\/uploads\/2021\/04\/Dose-Centhazoon-3-1.jpg","contentUrl":"https:\/\/biozoon.de\/shop\/wp-content\/uploads\/2021\/04\/Dose-Centhazoon-3-1.jpg","width":600,"height":600},{"@type":"BreadcrumbList","@id":"https:\/\/biozoon.de\/shop\/product\/einfuehrungsangebot-spuma-gastro-110g\/#breadcrumb","itemListElement":[{"@type":"ListItem","position":1,"name":"Home","item":"https:\/\/biozoon.de\/shop\/"},{"@type":"ListItem","position":2,"name":"Shop","item":"https:\/\/biozoon.de\/shop\/shop\/"},{"@type":"ListItem","position":3,"name":"Molekulare Texturgeber","item":"https:\/\/biozoon.de\/shop\/product-category\/molekulare-texturgeber\/"},{"@type":"ListItem","position":4,"name":"Texturgeber","item":"https:\/\/biozoon.de\/shop\/product-category\/molekulare-texturgeber\/texturgeber\/"},{"@type":"ListItem","position":5,"name":"Spuma Gastro 110 g Dose"}]},{"@type":"WebSite","@id":"https:\/\/biozoon.de\/shop\/#website","url":"https:\/\/biozoon.de\/shop\/","name":"Biozoon Shop","description":"","potentialAction":[{"@type":"SearchAction","target":{"@type":"EntryPoint","urlTemplate":"https:\/\/biozoon.de\/shop\/?s={search_term_string}"},"query-input":{"@type":"PropertyValueSpecification","valueRequired":true,"valueName":"search_term_string"}}],"inLanguage":"en-US"}]}},"lang":"de","translations":{"de":49,"en":51},"pll_sync_post":[],"_links":{"self":[{"href":"https:\/\/biozoon.de\/shop\/wp-json\/wp\/v2\/product\/49","targetHints":{"allow":["GET"]}}],"collection":[{"href":"https:\/\/biozoon.de\/shop\/wp-json\/wp\/v2\/product"}],"about":[{"href":"https:\/\/biozoon.de\/shop\/wp-json\/wp\/v2\/types\/product"}],"replies":[{"embeddable":true,"href":"https:\/\/biozoon.de\/shop\/wp-json\/wp\/v2\/comments?post=49"}],"wp:featuredmedia":[{"embeddable":true,"href":"https:\/\/biozoon.de\/shop\/wp-json\/wp\/v2\/media\/3481"}],"wp:attachment":[{"href":"https:\/\/biozoon.de\/shop\/wp-json\/wp\/v2\/media?parent=49"}],"wp:term":[{"taxonomy":"product_brand","embeddable":true,"href":"https:\/\/biozoon.de\/shop\/wp-json\/wp\/v2\/product_brand?post=49"},{"taxonomy":"product_cat","embeddable":true,"href":"https:\/\/biozoon.de\/shop\/wp-json\/wp\/v2\/product_cat?post=49"},{"taxonomy":"product_tag","embeddable":true,"href":"https:\/\/biozoon.de\/shop\/wp-json\/wp\/v2\/product_tag?post=49"}],"curies":[{"name":"wp","href":"https:\/\/api.w.org\/{rel}","templated":true}]}}