{"id":4450,"date":"2023-04-16T07:17:24","date_gmt":"2023-04-16T07:17:24","guid":{"rendered":"https:\/\/biozoon.de\/shop\/?post_type=product&#038;p=4450"},"modified":"2026-04-27T06:39:44","modified_gmt":"2026-04-27T06:39:44","slug":"probierpackung-smoothbrot","status":"publish","type":"product","link":"https:\/\/biozoon.de\/shop\/product\/probierpackung-smoothbrot\/","title":{"rendered":"Probierpackung smoothbrot 300g"},"content":{"rendered":"<p><em><b>smooth<\/b><\/em><strong>Brot 300g Probierpaket f\u00fcr die Herstellung von p\u00fcriertem\/passiertem Brot zu Hause<\/strong><\/p>\n<p>Backmischung f\u00fcr sichere Herstellung von schlucksicherem, p\u00fcriertem\/passiertem smoothfood-Brot zu Hause.<\/p>\n<p><strong>Zutaten:\u00a0<\/strong><em><b>Gluten<\/b><\/em>, Maltodextrin,\u00a0<em><b>Molkenprotein<\/b><\/em>, Fettpulver, Agar Agar, Xanthan<\/p>\n<p><strong>Eigenschaften und Anwendung:<\/strong><\/p>\n<p>M\u00f6chten Sie Ihren Angeh\u00f6rigen oder Ihren Bewohnern, welche unter\u00a0<strong>Kau- und Schluckst\u00f6rungen (Dysphagie)<\/strong> leiden, wieder in den Genuss eines Brotes zum Fr\u00fchst\u00fcck oder zum Abendbrot bringen? Dann probieren Sie die neueste Erfindung aus dem Hause biozoon, dem Spezialisten f\u00fcr das Thema <a href=\"https:\/\/biozoon.de\/shop\/product\/gelea-instant-hot-150g\/\" target=\"_blank\" rel=\"noopener noreferrer\" data-auth=\"NotApplicable\" data-safelink=\"true\" data-linkindex=\"0\"><strong>Dysphagiekost<\/strong><\/a>: die smoothfood-Brotbackmischung.<\/p>\n<p>Die Zubereitung des\u00a0<strong>p\u00fcriertem<\/strong>\/<strong>passiertem<\/strong>\u00a0Brotes ist auch zu Hause ohne weiteres m\u00f6glich. Das \u201e<strong>smoothbrot Bindemittel<\/strong>\u201c funktioniert mit nahezu jedem Brot und erm\u00f6glicht so den Betroffenen, das Brot zu genie\u00dfen, welches Sie kennen und welches Sie am liebsten m\u00f6gen \u2013 ein wichtiger Beitrag zur Verbesserung der Lebensqualit\u00e4t der Betroffenen.<\/p>\n<p>Das Anreichen vom \u201e<strong>smoothbrot<\/strong>\u201c kann in verschiedenster Form erfolgen. Hier kommt es immer auf die noch vorhandene \u201eSelbstst\u00e4ndigkeit\u201c der Bewohner \/ des Patienten an. Von selbstst\u00e4ndig bestreichen und verzehren bis hin zum Darreichen von kleinen bestrichenen H\u00e4ppchen, die entweder selbst genommen werden, oder angereicht werden. Ein weiterer Pluspunkt bei diesem Brot ist, dass alle st\u00fcckfreien Aufstriche f\u00fcr das <strong>p\u00fcrierte<\/strong>\/<strong>passierte<\/strong> Brot geeignet sind. Von kernlosen, s\u00fc\u00dfen Aufstrichen, bis hin zur streichf\u00e4higen Mettwurst oder K\u00e4se. Auch selbst kreierte Aufstriche z.B. auf Basis von Frischk\u00e4se sind immer eine gro\u00dfe Abwechslung f\u00fcr den Bewohner.<\/p>\n<p>Es ist eines der vielf\u00e4ltigen\u00a0<strong>Bindemittel<\/strong>\u00a0die im Rahmen des\u00a0<a href=\"https:\/\/smoothfood.de\/\" target=\"_blank\" rel=\"noopener noreferrer\" data-auth=\"NotApplicable\" data-safelink=\"true\" data-linkindex=\"1\"><strong>smoothfood<\/strong><\/a>\u00a0Konzeptes, die eine ad\u00e4quate hochwertige Ern\u00e4hrung von Menschen mit\u00a0<strong>Kau- und Schluckst\u00f6rungen (Dysphagie)\u00a0<\/strong>erm\u00f6glichen. Das\u00a0<strong>p\u00fcrierte<\/strong>\/<strong>passierte<\/strong>\u00a0Brot hat noch einen netten Nebeneffekt \u2013 es ist hochkalorisch.<\/p>\n<p>Unser Anspruch ist es, mit seinen Produkten den von Kau- und Schluckst\u00f6rungen (Dysphagie) betroffenen Menschen Genuss und damit ein St\u00fcck Lebensqualit\u00e4t zur\u00fcckzugeben.<\/p>\n<p><strong>Einfache Zubereitung:<\/strong><\/p>\n<p>Das getrocknete Brot ca. 15 Minuten in Wasser einweichen. Masse p\u00fcrieren (z.B. Zauberstab, K\u00fcchenmaschine) und anschlie\u00dfend die <em>smooth<\/em>Brot Mischung dazugeben und unterheben\u2013 im Wasserbad d\u00e4mpfen \u2013 Fertig.<\/p>\n<p>Nach dem Abk\u00fchlen kann das\u00a0<strong>p\u00fcrierte<\/strong>\/<strong>passierte<\/strong>\u00a0Brot \u00a0geschnitten und bestrichen werden und bietet ein sicheres und leicht schluckbares Broterlebnis.<\/p>\n<p>Preis per kg:\u00a0 49,50 \u20ac<\/p>\n<p><strong>mehr Produkte:<\/strong><\/p>\n<p><a href=\"https:\/\/biozoon.de\/shop\/product-category\/smoothfood-produkte\/texturgeber-smoothfood-produkte\/\" target=\"_blank\" rel=\"noopener noreferrer\" data-auth=\"NotApplicable\" data-safelink=\"true\" data-linkindex=\"2\">smoothfood Produkte Texturgeber<\/a><\/p>\n<p><strong>Rezepte:<\/strong><\/p>\n<p><a href=\"https:\/\/smoothfood.de\/smoothbrot\/\" target=\"_blank\" rel=\"noopener noreferrer\" data-auth=\"NotApplicable\" data-safelink=\"true\" data-linkindex=\"3\">smoothBrot<\/a><\/p>\n<p>&nbsp;<\/p>\n<div class=\"mbtwhite\"><a class=\"theme-btn-1 btn btn-effect-1 text-uppercase \" style=\"color: white;\" tabindex=\"0\" href=\"https:\/\/biozoon.de\/shop\/wp-content\/uploads\/2025\/06\/DEsmoothbrot_Anleitung_2022_Wasserbad_15-fache-Menge-grose-ScheibenNEU-1.pdf\" target=\"_blank\" rel=\"noopener\">Anleitung herunterladen<\/a><\/div>\n","protected":false},"excerpt":{"rendered":"<p>smoothBrot 300g Probierpaket f\u00fcr die Herstellung von p\u00fcriertem\/passiertem Brot zu Hause Backmischung f\u00fcr sichere Herstellung von schlucksicherem, p\u00fcriertem\/passiertem smoothfood-Brot zu Hause. Zutaten:\u00a0Gluten, Maltodextrin,\u00a0Molkenprotein, Fettpulver, Agar Agar, Xanthan Eigenschaften und Anwendung: M\u00f6chten Sie Ihren Angeh\u00f6rigen oder Ihren Bewohnern, welche unter\u00a0Kau- und Schluckst\u00f6rungen (Dysphagie) leiden, wieder in den Genuss eines Brotes zum Fr\u00fchst\u00fcck oder zum Abendbrot bringen? [&hellip;]<\/p>\n","protected":false},"featured_media":7650,"comment_status":"open","ping_status":"closed","template":"","meta":[],"product_brand":[],"product_cat":[201],"product_tag":[1297],"class_list":{"0":"post-4450","1":"product","2":"type-product","3":"status-publish","4":"has-post-thumbnail","6":"product_cat-texturgeber-smoothfood-produkte","7":"product_tag-dysphagie-produkte","9":"first","10":"instock","11":"taxable","12":"shipping-taxable","13":"purchasable","14":"product-type-simple","15":"add-to-wishlist-before_image"},"yoast_head":"<!-- This site is optimized with the Yoast SEO plugin v27.3 - https:\/\/yoast.com\/product\/yoast-seo-wordpress\/ -->\n<title>Probierpackung smoothbrot 300g - Biozoon Shop<\/title>\n<meta name=\"description\" content=\"Probierpackung smoothbrot 300g - smoothBrot\u00a01,6\u00a0kg Probierpaket \u00fcr die Herstellung von p\u00fcriertem\/passiertem Brot zu Hause\" \/>\n<meta name=\"robots\" content=\"index, follow, max-snippet:-1, max-image-preview:large, max-video-preview:-1\" \/>\n<link rel=\"canonical\" href=\"https:\/\/biozoon.de\/shop\/product\/probierpackung-smoothbrot\/\" \/>\n<meta property=\"og:locale\" content=\"en_US\" \/>\n<meta property=\"og:type\" content=\"article\" \/>\n<meta property=\"og:title\" content=\"Probierpackung smoothbrot 300g - Biozoon Shop\" \/>\n<meta property=\"og:description\" content=\"Probierpackung smoothbrot 300g - smoothBrot\u00a01,6\u00a0kg Probierpaket \u00fcr die Herstellung von p\u00fcriertem\/passiertem Brot zu Hause\" \/>\n<meta property=\"og:url\" content=\"https:\/\/biozoon.de\/shop\/product\/probierpackung-smoothbrot\/\" \/>\n<meta property=\"og:site_name\" content=\"Biozoon Shop\" \/>\n<meta property=\"article:publisher\" content=\"https:\/\/www.facebook.com\/pages\/category\/Food---Beverage\/biozoon-113514145340245\/\" \/>\n<meta property=\"article:modified_time\" content=\"2026-04-27T06:39:44+00:00\" \/>\n<meta property=\"og:image\" content=\"https:\/\/biozoon.de\/shop\/wp-content\/uploads\/2023\/04\/14.jpg\" \/>\n\t<meta property=\"og:image:width\" content=\"1000\" \/>\n\t<meta property=\"og:image:height\" content=\"1000\" \/>\n\t<meta property=\"og:image:type\" content=\"image\/jpeg\" \/>\n<meta name=\"twitter:card\" content=\"summary_large_image\" \/>\n<meta name=\"twitter:label1\" content=\"Est. reading time\" \/>\n\t<meta name=\"twitter:data1\" content=\"2 minutes\" \/>\n<script type=\"application\/ld+json\" class=\"yoast-schema-graph\">{\"@context\":\"https:\\\/\\\/schema.org\",\"@graph\":[{\"@type\":\"WebPage\",\"@id\":\"https:\\\/\\\/biozoon.de\\\/shop\\\/product\\\/probierpackung-smoothbrot\\\/\",\"url\":\"https:\\\/\\\/biozoon.de\\\/shop\\\/product\\\/probierpackung-smoothbrot\\\/\",\"name\":\"Probierpackung smoothbrot 300g - Biozoon Shop\",\"isPartOf\":{\"@id\":\"https:\\\/\\\/biozoon.de\\\/shop\\\/#website\"},\"primaryImageOfPage\":{\"@id\":\"https:\\\/\\\/biozoon.de\\\/shop\\\/product\\\/probierpackung-smoothbrot\\\/#primaryimage\"},\"image\":{\"@id\":\"https:\\\/\\\/biozoon.de\\\/shop\\\/product\\\/probierpackung-smoothbrot\\\/#primaryimage\"},\"thumbnailUrl\":\"https:\\\/\\\/biozoon.de\\\/shop\\\/wp-content\\\/uploads\\\/2023\\\/04\\\/14.jpg\",\"datePublished\":\"2023-04-16T07:17:24+00:00\",\"dateModified\":\"2026-04-27T06:39:44+00:00\",\"description\":\"Probierpackung smoothbrot 300g - smoothBrot\u00a01,6\u00a0kg Probierpaket \u00fcr die Herstellung von p\u00fcriertem\\\/passiertem Brot zu Hause\",\"breadcrumb\":{\"@id\":\"https:\\\/\\\/biozoon.de\\\/shop\\\/product\\\/probierpackung-smoothbrot\\\/#breadcrumb\"},\"inLanguage\":\"en-US\",\"potentialAction\":[{\"@type\":\"ReadAction\",\"target\":[\"https:\\\/\\\/biozoon.de\\\/shop\\\/product\\\/probierpackung-smoothbrot\\\/\"]}]},{\"@type\":\"ImageObject\",\"inLanguage\":\"en-US\",\"@id\":\"https:\\\/\\\/biozoon.de\\\/shop\\\/product\\\/probierpackung-smoothbrot\\\/#primaryimage\",\"url\":\"https:\\\/\\\/biozoon.de\\\/shop\\\/wp-content\\\/uploads\\\/2023\\\/04\\\/14.jpg\",\"contentUrl\":\"https:\\\/\\\/biozoon.de\\\/shop\\\/wp-content\\\/uploads\\\/2023\\\/04\\\/14.jpg\",\"width\":1000,\"height\":1000},{\"@type\":\"BreadcrumbList\",\"@id\":\"https:\\\/\\\/biozoon.de\\\/shop\\\/product\\\/probierpackung-smoothbrot\\\/#breadcrumb\",\"itemListElement\":[{\"@type\":\"ListItem\",\"position\":1,\"name\":\"Home\",\"item\":\"https:\\\/\\\/biozoon.de\\\/shop\\\/\"},{\"@type\":\"ListItem\",\"position\":2,\"name\":\"Shop\",\"item\":\"https:\\\/\\\/biozoon.de\\\/shop\\\/shop\\\/\"},{\"@type\":\"ListItem\",\"position\":3,\"name\":\"smoothfood Produkte\",\"item\":\"https:\\\/\\\/biozoon.de\\\/shop\\\/product-category\\\/smoothfood-produkte\\\/\"},{\"@type\":\"ListItem\",\"position\":4,\"name\":\"Texturgeber\",\"item\":\"https:\\\/\\\/biozoon.de\\\/shop\\\/product-category\\\/smoothfood-produkte\\\/texturgeber-smoothfood-produkte\\\/\"},{\"@type\":\"ListItem\",\"position\":5,\"name\":\"Probierpackung smoothbrot 300g\"}]},{\"@type\":\"WebSite\",\"@id\":\"https:\\\/\\\/biozoon.de\\\/shop\\\/#website\",\"url\":\"https:\\\/\\\/biozoon.de\\\/shop\\\/\",\"name\":\"Biozoon Shop\",\"description\":\"\",\"potentialAction\":[{\"@type\":\"SearchAction\",\"target\":{\"@type\":\"EntryPoint\",\"urlTemplate\":\"https:\\\/\\\/biozoon.de\\\/shop\\\/?s={search_term_string}\"},\"query-input\":{\"@type\":\"PropertyValueSpecification\",\"valueRequired\":true,\"valueName\":\"search_term_string\"}}],\"inLanguage\":\"en-US\"}]}<\/script>\n<!-- \/ Yoast SEO plugin. -->","yoast_head_json":{"title":"Probierpackung smoothbrot 300g - Biozoon Shop","description":"Probierpackung smoothbrot 300g - smoothBrot\u00a01,6\u00a0kg Probierpaket \u00fcr die Herstellung von p\u00fcriertem\/passiertem Brot zu Hause","robots":{"index":"index","follow":"follow","max-snippet":"max-snippet:-1","max-image-preview":"max-image-preview:large","max-video-preview":"max-video-preview:-1"},"canonical":"https:\/\/biozoon.de\/shop\/product\/probierpackung-smoothbrot\/","og_locale":"en_US","og_type":"article","og_title":"Probierpackung smoothbrot 300g - Biozoon Shop","og_description":"Probierpackung smoothbrot 300g - smoothBrot\u00a01,6\u00a0kg Probierpaket \u00fcr die Herstellung von p\u00fcriertem\/passiertem Brot zu Hause","og_url":"https:\/\/biozoon.de\/shop\/product\/probierpackung-smoothbrot\/","og_site_name":"Biozoon Shop","article_publisher":"https:\/\/www.facebook.com\/pages\/category\/Food---Beverage\/biozoon-113514145340245\/","article_modified_time":"2026-04-27T06:39:44+00:00","og_image":[{"width":1000,"height":1000,"url":"https:\/\/biozoon.de\/shop\/wp-content\/uploads\/2023\/04\/14.jpg","type":"image\/jpeg"}],"twitter_card":"summary_large_image","twitter_misc":{"Est. reading time":"2 minutes"},"schema":{"@context":"https:\/\/schema.org","@graph":[{"@type":"WebPage","@id":"https:\/\/biozoon.de\/shop\/product\/probierpackung-smoothbrot\/","url":"https:\/\/biozoon.de\/shop\/product\/probierpackung-smoothbrot\/","name":"Probierpackung smoothbrot 300g - Biozoon Shop","isPartOf":{"@id":"https:\/\/biozoon.de\/shop\/#website"},"primaryImageOfPage":{"@id":"https:\/\/biozoon.de\/shop\/product\/probierpackung-smoothbrot\/#primaryimage"},"image":{"@id":"https:\/\/biozoon.de\/shop\/product\/probierpackung-smoothbrot\/#primaryimage"},"thumbnailUrl":"https:\/\/biozoon.de\/shop\/wp-content\/uploads\/2023\/04\/14.jpg","datePublished":"2023-04-16T07:17:24+00:00","dateModified":"2026-04-27T06:39:44+00:00","description":"Probierpackung smoothbrot 300g - smoothBrot\u00a01,6\u00a0kg Probierpaket \u00fcr die Herstellung von p\u00fcriertem\/passiertem Brot zu Hause","breadcrumb":{"@id":"https:\/\/biozoon.de\/shop\/product\/probierpackung-smoothbrot\/#breadcrumb"},"inLanguage":"en-US","potentialAction":[{"@type":"ReadAction","target":["https:\/\/biozoon.de\/shop\/product\/probierpackung-smoothbrot\/"]}]},{"@type":"ImageObject","inLanguage":"en-US","@id":"https:\/\/biozoon.de\/shop\/product\/probierpackung-smoothbrot\/#primaryimage","url":"https:\/\/biozoon.de\/shop\/wp-content\/uploads\/2023\/04\/14.jpg","contentUrl":"https:\/\/biozoon.de\/shop\/wp-content\/uploads\/2023\/04\/14.jpg","width":1000,"height":1000},{"@type":"BreadcrumbList","@id":"https:\/\/biozoon.de\/shop\/product\/probierpackung-smoothbrot\/#breadcrumb","itemListElement":[{"@type":"ListItem","position":1,"name":"Home","item":"https:\/\/biozoon.de\/shop\/"},{"@type":"ListItem","position":2,"name":"Shop","item":"https:\/\/biozoon.de\/shop\/shop\/"},{"@type":"ListItem","position":3,"name":"smoothfood Produkte","item":"https:\/\/biozoon.de\/shop\/product-category\/smoothfood-produkte\/"},{"@type":"ListItem","position":4,"name":"Texturgeber","item":"https:\/\/biozoon.de\/shop\/product-category\/smoothfood-produkte\/texturgeber-smoothfood-produkte\/"},{"@type":"ListItem","position":5,"name":"Probierpackung smoothbrot 300g"}]},{"@type":"WebSite","@id":"https:\/\/biozoon.de\/shop\/#website","url":"https:\/\/biozoon.de\/shop\/","name":"Biozoon Shop","description":"","potentialAction":[{"@type":"SearchAction","target":{"@type":"EntryPoint","urlTemplate":"https:\/\/biozoon.de\/shop\/?s={search_term_string}"},"query-input":{"@type":"PropertyValueSpecification","valueRequired":true,"valueName":"search_term_string"}}],"inLanguage":"en-US"}]}},"lang":"de","translations":{"de":4450},"pll_sync_post":[],"_links":{"self":[{"href":"https:\/\/biozoon.de\/shop\/wp-json\/wp\/v2\/product\/4450","targetHints":{"allow":["GET"]}}],"collection":[{"href":"https:\/\/biozoon.de\/shop\/wp-json\/wp\/v2\/product"}],"about":[{"href":"https:\/\/biozoon.de\/shop\/wp-json\/wp\/v2\/types\/product"}],"replies":[{"embeddable":true,"href":"https:\/\/biozoon.de\/shop\/wp-json\/wp\/v2\/comments?post=4450"}],"wp:featuredmedia":[{"embeddable":true,"href":"https:\/\/biozoon.de\/shop\/wp-json\/wp\/v2\/media\/7650"}],"wp:attachment":[{"href":"https:\/\/biozoon.de\/shop\/wp-json\/wp\/v2\/media?parent=4450"}],"wp:term":[{"taxonomy":"product_brand","embeddable":true,"href":"https:\/\/biozoon.de\/shop\/wp-json\/wp\/v2\/product_brand?post=4450"},{"taxonomy":"product_cat","embeddable":true,"href":"https:\/\/biozoon.de\/shop\/wp-json\/wp\/v2\/product_cat?post=4450"},{"taxonomy":"product_tag","embeddable":true,"href":"https:\/\/biozoon.de\/shop\/wp-json\/wp\/v2\/product_tag?post=4450"}],"curies":[{"name":"wp","href":"https:\/\/api.w.org\/{rel}","templated":true}]}}