{"id":410,"date":"2021-04-18T08:21:55","date_gmt":"2021-04-18T08:21:55","guid":{"rendered":"https:\/\/biozoon.de\/webshop\/?post_type=product&#038;p=410"},"modified":"2022-09-04T11:56:10","modified_gmt":"2022-09-04T11:56:10","slug":"robot-cook","status":"publish","type":"product","link":"https:\/\/biozoon.de\/shop\/product\/robot-cook\/","title":{"rendered":"Robot Cook 3,7 Liter"},"content":{"rendered":"<p class=\"plusprod noImage\">Wasserdichter Deckel mit Abstreifer und Deckelwischer<\/p>\n<p class=\"plusprod noImage\">3,7-Liter-Sch\u00fcssel aus Edelstahl mit Griff.<\/p>\n<p class=\"plusprod noImage\">Fassungsverm\u00f6gen bei Fl\u00fcssigkeiten 2,5 Liter.<\/p>\n<p class=\"plusprod noImage\">Heizkraft gradgenau bis 140 \u00b0C.<\/p>\n<p class=\"plusprod noImage\">4 Drehzahl-Funktionen:<br \/>\n&#8211; stufenlose Drehzahlregelung von 100 bis 3500 U\/min<br \/>\n&#8211; Moment\/Turbo-Betrieb mit 4500 U\/min<br \/>\n&#8211; R-Mix-Betrieb zum Mischen mit umgekehrter Drehrichtung von -100 bis -500 U\/min<br \/>\n&#8211; Intervall-Betrieb: mehrere Messerdrehungen mit niedriger Drehzahl alle 2 Sekunden<\/p>\n<p class=\"plusprod noImage\">Hochleistungsmotor f\u00fcr intensiven Gebrauch.<\/p>\n<p class=\"plusprod noImage\">Messer mit gekerbten Edelstahlklingen.<\/p>\n<p class=\"plusprod noImage\">Sch\u00fcssel, Messer und Deckel sp\u00fclmaschinenfest.<\/p>\n<div class=\"ctlg_colsf\">\n<p>Technische Daten:<\/p>\n<table class=\"prodspecs\" cellspacing=\"0\">\n<tbody>\n<tr class=\"odd\">\n<th><\/th>\n<td>3,7 Liter<\/td>\n<\/tr>\n<tr>\n<th>Leistung<\/th>\n<td>1800 Watt<\/td>\n<\/tr>\n<tr class=\"odd\">\n<th>Netzspannung<\/th>\n<td>Einphasig<\/td>\n<\/tr>\n<tr>\n<th>Fassungsverm\u00f6gen<\/th>\n<td>2,5 Liter<\/td>\n<\/tr>\n<tr class=\"odd\">\n<th>Drehzahl<\/th>\n<td>bis 140\u00b0C<\/td>\n<\/tr>\n<tr>\n<th>Hohe Drezahl<\/th>\n<td>Moment\/Turbo 4500 U\/min<\/td>\n<\/tr>\n<tr class=\"odd\">\n<th>Misch-Funktion R-Mix<\/th>\n<td>-100 bis -500 U\/min<\/td>\n<\/tr>\n<tr>\n<th>Intervall-Betrieb<\/th>\n<td>langsame Drehung des Messers alle 2 Sekunden<\/td>\n<\/tr>\n<\/tbody>\n<\/table>\n<\/div>\n","protected":false},"excerpt":{"rendered":"<p>Wasserdichter Deckel mit Abstreifer und Deckelwischer 3,7-Liter-Sch\u00fcssel aus Edelstahl mit Griff. Fassungsverm\u00f6gen bei Fl\u00fcssigkeiten 2,5 Liter. Heizkraft gradgenau bis 140 \u00b0C. 4 Drehzahl-Funktionen: &#8211; stufenlose Drehzahlregelung von 100 bis 3500 U\/min &#8211; Moment\/Turbo-Betrieb mit 4500 U\/min &#8211; R-Mix-Betrieb zum Mischen mit umgekehrter Drehrichtung von -100 bis -500 U\/min &#8211; Intervall-Betrieb: mehrere Messerdrehungen mit niedriger Drehzahl [&hellip;]<\/p>\n","protected":false},"featured_media":420,"comment_status":"open","ping_status":"closed","template":"","meta":[],"product_brand":[],"product_cat":[521,205],"product_tag":[],"class_list":{"0":"post-410","1":"product","2":"type-product","3":"status-publish","4":"has-post-thumbnail","6":"product_cat-smoothfood-produkte-neue-artikel","7":"product_cat-zubehoer-smoothfood-produkte","9":"first","10":"instock","11":"taxable","12":"shipping-taxable","13":"product-type-simple","14":"add-to-wishlist-before_image"},"yoast_head":"<!-- This site is optimized with the Yoast SEO plugin v27.3 - https:\/\/yoast.com\/product\/yoast-seo-wordpress\/ -->\n<title>Robot Cook 3,7 Liter - Biozoon Shop<\/title>\n<meta name=\"robots\" content=\"index, follow, max-snippet:-1, max-image-preview:large, max-video-preview:-1\" \/>\n<link rel=\"canonical\" href=\"https:\/\/biozoon.de\/shop\/product\/robot-cook\/\" \/>\n<meta property=\"og:locale\" content=\"en_US\" \/>\n<meta property=\"og:type\" content=\"article\" \/>\n<meta property=\"og:title\" content=\"Robot Cook 3,7 Liter - Biozoon Shop\" \/>\n<meta property=\"og:description\" content=\"Wasserdichter Deckel mit Abstreifer und Deckelwischer 3,7-Liter-Sch\u00fcssel aus Edelstahl mit Griff. Fassungsverm\u00f6gen bei Fl\u00fcssigkeiten 2,5 Liter. Heizkraft gradgenau bis 140 \u00b0C. 4 Drehzahl-Funktionen: &#8211; stufenlose Drehzahlregelung von 100 bis 3500 U\/min &#8211; Moment\/Turbo-Betrieb mit 4500 U\/min &#8211; R-Mix-Betrieb zum Mischen mit umgekehrter Drehrichtung von -100 bis -500 U\/min &#8211; Intervall-Betrieb: mehrere Messerdrehungen mit niedriger Drehzahl [&hellip;]\" \/>\n<meta property=\"og:url\" content=\"https:\/\/biozoon.de\/shop\/product\/robot-cook\/\" \/>\n<meta property=\"og:site_name\" content=\"Biozoon Shop\" \/>\n<meta property=\"article:publisher\" content=\"https:\/\/www.facebook.com\/pages\/category\/Food---Beverage\/biozoon-113514145340245\/\" \/>\n<meta property=\"article:modified_time\" content=\"2022-09-04T11:56:10+00:00\" \/>\n<meta property=\"og:image\" content=\"https:\/\/biozoon.de\/shop\/wp-content\/uploads\/2021\/04\/Robot-cook-rouge-3.jpg\" \/>\n\t<meta property=\"og:image:width\" content=\"600\" \/>\n\t<meta property=\"og:image:height\" content=\"600\" \/>\n\t<meta property=\"og:image:type\" content=\"image\/jpeg\" \/>\n<meta name=\"twitter:card\" content=\"summary_large_image\" \/>\n<meta name=\"twitter:label1\" content=\"Est. reading time\" \/>\n\t<meta name=\"twitter:data1\" content=\"1 minute\" \/>\n<script type=\"application\/ld+json\" class=\"yoast-schema-graph\">{\"@context\":\"https:\\\/\\\/schema.org\",\"@graph\":[{\"@type\":\"WebPage\",\"@id\":\"https:\\\/\\\/biozoon.de\\\/shop\\\/product\\\/robot-cook\\\/\",\"url\":\"https:\\\/\\\/biozoon.de\\\/shop\\\/product\\\/robot-cook\\\/\",\"name\":\"Robot Cook 3,7 Liter - Biozoon Shop\",\"isPartOf\":{\"@id\":\"https:\\\/\\\/biozoon.de\\\/shop\\\/#website\"},\"primaryImageOfPage\":{\"@id\":\"https:\\\/\\\/biozoon.de\\\/shop\\\/product\\\/robot-cook\\\/#primaryimage\"},\"image\":{\"@id\":\"https:\\\/\\\/biozoon.de\\\/shop\\\/product\\\/robot-cook\\\/#primaryimage\"},\"thumbnailUrl\":\"https:\\\/\\\/biozoon.de\\\/shop\\\/wp-content\\\/uploads\\\/2021\\\/04\\\/Robot-cook-rouge-3.jpg\",\"datePublished\":\"2021-04-18T08:21:55+00:00\",\"dateModified\":\"2022-09-04T11:56:10+00:00\",\"breadcrumb\":{\"@id\":\"https:\\\/\\\/biozoon.de\\\/shop\\\/product\\\/robot-cook\\\/#breadcrumb\"},\"inLanguage\":\"en-US\",\"potentialAction\":[{\"@type\":\"ReadAction\",\"target\":[\"https:\\\/\\\/biozoon.de\\\/shop\\\/product\\\/robot-cook\\\/\"]}]},{\"@type\":\"ImageObject\",\"inLanguage\":\"en-US\",\"@id\":\"https:\\\/\\\/biozoon.de\\\/shop\\\/product\\\/robot-cook\\\/#primaryimage\",\"url\":\"https:\\\/\\\/biozoon.de\\\/shop\\\/wp-content\\\/uploads\\\/2021\\\/04\\\/Robot-cook-rouge-3.jpg\",\"contentUrl\":\"https:\\\/\\\/biozoon.de\\\/shop\\\/wp-content\\\/uploads\\\/2021\\\/04\\\/Robot-cook-rouge-3.jpg\",\"width\":600,\"height\":600,\"caption\":\"Robot Cook 3,7 Liter\"},{\"@type\":\"BreadcrumbList\",\"@id\":\"https:\\\/\\\/biozoon.de\\\/shop\\\/product\\\/robot-cook\\\/#breadcrumb\",\"itemListElement\":[{\"@type\":\"ListItem\",\"position\":1,\"name\":\"Home\",\"item\":\"https:\\\/\\\/biozoon.de\\\/shop\\\/\"},{\"@type\":\"ListItem\",\"position\":2,\"name\":\"Shop\",\"item\":\"https:\\\/\\\/biozoon.de\\\/shop\\\/shop\\\/\"},{\"@type\":\"ListItem\",\"position\":3,\"name\":\"smoothfood Produkte\",\"item\":\"https:\\\/\\\/biozoon.de\\\/shop\\\/product-category\\\/smoothfood-produkte\\\/\"},{\"@type\":\"ListItem\",\"position\":4,\"name\":\"Zubeh\u00f6r\",\"item\":\"https:\\\/\\\/biozoon.de\\\/shop\\\/product-category\\\/smoothfood-produkte\\\/zubehoer-smoothfood-produkte\\\/\"},{\"@type\":\"ListItem\",\"position\":5,\"name\":\"Robot Cook 3,7 Liter\"}]},{\"@type\":\"WebSite\",\"@id\":\"https:\\\/\\\/biozoon.de\\\/shop\\\/#website\",\"url\":\"https:\\\/\\\/biozoon.de\\\/shop\\\/\",\"name\":\"Biozoon Shop\",\"description\":\"\",\"potentialAction\":[{\"@type\":\"SearchAction\",\"target\":{\"@type\":\"EntryPoint\",\"urlTemplate\":\"https:\\\/\\\/biozoon.de\\\/shop\\\/?s={search_term_string}\"},\"query-input\":{\"@type\":\"PropertyValueSpecification\",\"valueRequired\":true,\"valueName\":\"search_term_string\"}}],\"inLanguage\":\"en-US\"}]}<\/script>\n<!-- \/ Yoast SEO plugin. -->","yoast_head_json":{"title":"Robot Cook 3,7 Liter - Biozoon Shop","robots":{"index":"index","follow":"follow","max-snippet":"max-snippet:-1","max-image-preview":"max-image-preview:large","max-video-preview":"max-video-preview:-1"},"canonical":"https:\/\/biozoon.de\/shop\/product\/robot-cook\/","og_locale":"en_US","og_type":"article","og_title":"Robot Cook 3,7 Liter - Biozoon Shop","og_description":"Wasserdichter Deckel mit Abstreifer und Deckelwischer 3,7-Liter-Sch\u00fcssel aus Edelstahl mit Griff. Fassungsverm\u00f6gen bei Fl\u00fcssigkeiten 2,5 Liter. Heizkraft gradgenau bis 140 \u00b0C. 4 Drehzahl-Funktionen: &#8211; stufenlose Drehzahlregelung von 100 bis 3500 U\/min &#8211; Moment\/Turbo-Betrieb mit 4500 U\/min &#8211; R-Mix-Betrieb zum Mischen mit umgekehrter Drehrichtung von -100 bis -500 U\/min &#8211; Intervall-Betrieb: mehrere Messerdrehungen mit niedriger Drehzahl [&hellip;]","og_url":"https:\/\/biozoon.de\/shop\/product\/robot-cook\/","og_site_name":"Biozoon Shop","article_publisher":"https:\/\/www.facebook.com\/pages\/category\/Food---Beverage\/biozoon-113514145340245\/","article_modified_time":"2022-09-04T11:56:10+00:00","og_image":[{"width":600,"height":600,"url":"https:\/\/biozoon.de\/shop\/wp-content\/uploads\/2021\/04\/Robot-cook-rouge-3.jpg","type":"image\/jpeg"}],"twitter_card":"summary_large_image","twitter_misc":{"Est. reading time":"1 minute"},"schema":{"@context":"https:\/\/schema.org","@graph":[{"@type":"WebPage","@id":"https:\/\/biozoon.de\/shop\/product\/robot-cook\/","url":"https:\/\/biozoon.de\/shop\/product\/robot-cook\/","name":"Robot Cook 3,7 Liter - Biozoon Shop","isPartOf":{"@id":"https:\/\/biozoon.de\/shop\/#website"},"primaryImageOfPage":{"@id":"https:\/\/biozoon.de\/shop\/product\/robot-cook\/#primaryimage"},"image":{"@id":"https:\/\/biozoon.de\/shop\/product\/robot-cook\/#primaryimage"},"thumbnailUrl":"https:\/\/biozoon.de\/shop\/wp-content\/uploads\/2021\/04\/Robot-cook-rouge-3.jpg","datePublished":"2021-04-18T08:21:55+00:00","dateModified":"2022-09-04T11:56:10+00:00","breadcrumb":{"@id":"https:\/\/biozoon.de\/shop\/product\/robot-cook\/#breadcrumb"},"inLanguage":"en-US","potentialAction":[{"@type":"ReadAction","target":["https:\/\/biozoon.de\/shop\/product\/robot-cook\/"]}]},{"@type":"ImageObject","inLanguage":"en-US","@id":"https:\/\/biozoon.de\/shop\/product\/robot-cook\/#primaryimage","url":"https:\/\/biozoon.de\/shop\/wp-content\/uploads\/2021\/04\/Robot-cook-rouge-3.jpg","contentUrl":"https:\/\/biozoon.de\/shop\/wp-content\/uploads\/2021\/04\/Robot-cook-rouge-3.jpg","width":600,"height":600,"caption":"Robot Cook 3,7 Liter"},{"@type":"BreadcrumbList","@id":"https:\/\/biozoon.de\/shop\/product\/robot-cook\/#breadcrumb","itemListElement":[{"@type":"ListItem","position":1,"name":"Home","item":"https:\/\/biozoon.de\/shop\/"},{"@type":"ListItem","position":2,"name":"Shop","item":"https:\/\/biozoon.de\/shop\/shop\/"},{"@type":"ListItem","position":3,"name":"smoothfood Produkte","item":"https:\/\/biozoon.de\/shop\/product-category\/smoothfood-produkte\/"},{"@type":"ListItem","position":4,"name":"Zubeh\u00f6r","item":"https:\/\/biozoon.de\/shop\/product-category\/smoothfood-produkte\/zubehoer-smoothfood-produkte\/"},{"@type":"ListItem","position":5,"name":"Robot Cook 3,7 Liter"}]},{"@type":"WebSite","@id":"https:\/\/biozoon.de\/shop\/#website","url":"https:\/\/biozoon.de\/shop\/","name":"Biozoon Shop","description":"","potentialAction":[{"@type":"SearchAction","target":{"@type":"EntryPoint","urlTemplate":"https:\/\/biozoon.de\/shop\/?s={search_term_string}"},"query-input":{"@type":"PropertyValueSpecification","valueRequired":true,"valueName":"search_term_string"}}],"inLanguage":"en-US"}]}},"lang":"de","translations":{"de":410,"en":412},"pll_sync_post":[],"_links":{"self":[{"href":"https:\/\/biozoon.de\/shop\/wp-json\/wp\/v2\/product\/410","targetHints":{"allow":["GET"]}}],"collection":[{"href":"https:\/\/biozoon.de\/shop\/wp-json\/wp\/v2\/product"}],"about":[{"href":"https:\/\/biozoon.de\/shop\/wp-json\/wp\/v2\/types\/product"}],"replies":[{"embeddable":true,"href":"https:\/\/biozoon.de\/shop\/wp-json\/wp\/v2\/comments?post=410"}],"wp:featuredmedia":[{"embeddable":true,"href":"https:\/\/biozoon.de\/shop\/wp-json\/wp\/v2\/media\/420"}],"wp:attachment":[{"href":"https:\/\/biozoon.de\/shop\/wp-json\/wp\/v2\/media?parent=410"}],"wp:term":[{"taxonomy":"product_brand","embeddable":true,"href":"https:\/\/biozoon.de\/shop\/wp-json\/wp\/v2\/product_brand?post=410"},{"taxonomy":"product_cat","embeddable":true,"href":"https:\/\/biozoon.de\/shop\/wp-json\/wp\/v2\/product_cat?post=410"},{"taxonomy":"product_tag","embeddable":true,"href":"https:\/\/biozoon.de\/shop\/wp-json\/wp\/v2\/product_tag?post=410"}],"curies":[{"name":"wp","href":"https:\/\/api.w.org\/{rel}","templated":true}]}}