{"id":378,"date":"2021-04-18T06:52:42","date_gmt":"2021-04-18T06:52:42","guid":{"rendered":"https:\/\/biozoon.de\/webshop\/?post_type=product&#038;p=378"},"modified":"2025-10-08T14:23:02","modified_gmt":"2025-10-08T14:23:02","slug":"smoothfood-silikonform-spinat-mit-deckel","status":"publish","type":"product","link":"https:\/\/biozoon.de\/shop\/product\/smoothfood-silikonform-spinat-mit-deckel\/","title":{"rendered":"smoothfood Form Spinat mit Deckel (6 Nutzen  \u00e0 65g)"},"content":{"rendered":"<p><strong>Smoothfood Silikonformen Spinat<\/strong><\/p>\n<p>Bei dem Wort \u201eSilikon\u201c m\u00fcssen Sie nicht zur\u00fcckschrecken. Unsere <strong>smoothfood Silikonformen<\/strong> werden aus 100 % lebensmittelechtem Silikon hergestellt, zudem haben sie eine Anti-Haft Beschichtung. Selbstverst\u00e4ndlich sind die <strong>Silikonformen<\/strong> Sp\u00fclmaschinen geeignet. Ebenso sind sie gefrier- und hitzebest\u00e4ndig von -40 bis 230 Grad. Der dazugeh\u00f6rige Deckel hilft zur Vermeidung von Gefrierbrand und Hautbildung. Ob Lebensqualit\u00e4t der Bewohner sich verbessert ansteigt? Aber na sicher! Das Aussehen, Farbe, Geruch und der Geschmack machen sehr viel aus, probieren Sie es einfach und steigern Sie dadurch die Lebensqualit\u00e4t Ihrer Bewohner.<\/p>\n<ul>\n<li>Aus 100 % lebensmittelechtem Silikon mit Anti-Haft Beschichtung<\/li>\n<li>6 Portionen \u00e1 65 g<\/li>\n<li>Sp\u00fclmaschinengeeignet<\/li>\n<li>Hitzebest\u00e4ndig bis 230\u00b0C<\/li>\n<li>Gefrierbest\u00e4ndig bis -40\u00b0C<\/li>\n<li><strong>Mit Deckel zur Vermeidung von Gefrierbrand und Hautbildung<\/strong><\/li>\n<\/ul>\n<p><strong>Das Auge isst mit<\/strong><\/p>\n<p>Unsere <strong>smoothfood Silikonformen<\/strong> gibt es in verschiedenen Ausf\u00fchrungen. Sie erm\u00f6glichen es, das Essen, von<strong> p\u00fcrierter und passierter Kost,<\/strong> wieder neu zu entdecken. Die so hergestellte Kost in Form kommt dem \u201eOriginal\u201c sehr nahe in Aussehen, Farbe, Geruch und Geschmack und f\u00fchrt zu einer verbesserten Lebensqualit\u00e4t f\u00fcr Ihre Bewohner. Selbstverst\u00e4ndlich sind die <strong>Silikonformen<\/strong> Sp\u00fclmaschinen geeignet sowie gefrier- und hitzebest\u00e4ndig von -40 bis 230 Grad. Dank des mitgelieferten Deckels entf\u00e4llt das aufwendige Einstreichen mit einem Spachtel oder Schlesinger. Gleichzeitig verhindert er Gefrierbrand und Hautbildung. M\u00f6chten Sie Ihren Kunden eine attraktive Mahlzeit servieren, denken Sie an unsere smoothfood Silikonformen.<\/p>\n<p><strong>P\u00fcrierte\/ passierte Kost einmal anders<\/strong><\/p>\n<p>Unsere <strong>smoothfood Silikonformen<\/strong> gibt es in 15 verschiedenen Varianten. Sie bieten eine sch\u00f6ne Form f\u00fcr die<strong> p\u00fcrierte und passierte Kost.<\/strong> Mit ihnen erlebt man das Essen neu, und es macht sicherlich viel mehr Spa\u00df. Die Kost ist vom Original kaum zu unterscheiden. Wenn man den Geruch, die Farbe und den Geschmack betrachtet, gibt es keinen Unterschied. Diese Eigenschaften f\u00fchren zu einer besseren Lebensqualit\u00e4t Ihrer Bewohner. Bestimmt kam schon die Frage auf, wie es mit dem Saubermachen aussieht. Da habe ich eine gute Nachricht f\u00fcr Sie, unsere Silikonformen sind Sp\u00fclmaschinen geeignet.<\/p>\n<ul>\n<li><strong>P\u00fcrierte und passierte Kost genie\u00dfen:<\/strong><\/li>\n<\/ul>\n<ul>\n<li>attraktive Mahlzeitenpr\u00e4sentation<\/li>\n<li>Mahlzeiten auf Vorrat produzierbar<\/li>\n<li>N\u00e4hrstoffanreicherung m\u00f6glich<\/li>\n<li>geringe Produktionskosten<\/li>\n<li>einfaches Handling<\/li>\n<li>Verbesserung der Lebensqualit\u00e4t<\/li>\n<\/ul>\n","protected":false},"excerpt":{"rendered":"<p>Smoothfood Silikonformen Spinat Bei dem Wort \u201eSilikon\u201c m\u00fcssen Sie nicht zur\u00fcckschrecken. Unsere smoothfood Silikonformen werden aus 100 % lebensmittelechtem Silikon hergestellt, zudem haben sie eine Anti-Haft Beschichtung. Selbstverst\u00e4ndlich sind die Silikonformen Sp\u00fclmaschinen geeignet. Ebenso sind sie gefrier- und hitzebest\u00e4ndig von -40 bis 230 Grad. Der dazugeh\u00f6rige Deckel hilft zur Vermeidung von Gefrierbrand und Hautbildung. Ob [&hellip;]<\/p>\n","protected":false},"featured_media":1910,"comment_status":"open","ping_status":"closed","template":"","meta":[],"product_brand":[],"product_cat":[205],"product_tag":[437],"class_list":{"0":"post-378","1":"product","2":"type-product","3":"status-publish","4":"has-post-thumbnail","6":"product_cat-zubehoer-smoothfood-produkte","7":"product_tag-silikonformen-fuer-die-puerierte-kost","9":"first","10":"instock","11":"taxable","12":"shipping-taxable","13":"purchasable","14":"product-type-simple","15":"add-to-wishlist-before_image"},"yoast_head":"<!-- This site is optimized with the Yoast SEO plugin v27.3 - https:\/\/yoast.com\/product\/yoast-seo-wordpress\/ -->\n<title>smoothfood Form Spinat mit Deckel (6 Nutzen \u00e0 65g) - Biozoon Shop<\/title>\n<meta name=\"description\" content=\"Testen Sie unsere universell einsetzbare smoothfood Silikonform Spinat aus 100% lebensmittelechtem Silikon. Damit k\u00f6nnen u.a. s\u00e4mtliche Kohlsorten wie z.B. Rotkohl oder Wei\u00dfkohl authentisch pr\u00e4sentieren\" \/>\n<meta name=\"robots\" content=\"index, follow, max-snippet:-1, max-image-preview:large, max-video-preview:-1\" \/>\n<link rel=\"canonical\" href=\"https:\/\/biozoon.de\/shop\/product\/smoothfood-silikonform-spinat-mit-deckel\/\" \/>\n<meta property=\"og:locale\" content=\"en_US\" \/>\n<meta property=\"og:type\" content=\"article\" \/>\n<meta property=\"og:title\" content=\"smoothfood Form Spinat mit Deckel (6 Nutzen \u00e0 65g) - Biozoon Shop\" \/>\n<meta property=\"og:description\" content=\"Testen Sie unsere universell einsetzbare smoothfood Silikonform Spinat aus 100% lebensmittelechtem Silikon. Damit k\u00f6nnen u.a. s\u00e4mtliche Kohlsorten wie z.B. Rotkohl oder Wei\u00dfkohl authentisch pr\u00e4sentieren\" \/>\n<meta property=\"og:url\" content=\"https:\/\/biozoon.de\/shop\/product\/smoothfood-silikonform-spinat-mit-deckel\/\" \/>\n<meta property=\"og:site_name\" content=\"Biozoon Shop\" \/>\n<meta property=\"article:publisher\" content=\"https:\/\/www.facebook.com\/pages\/category\/Food---Beverage\/biozoon-113514145340245\/\" \/>\n<meta property=\"article:modified_time\" content=\"2025-10-08T14:23:02+00:00\" \/>\n<meta property=\"og:image\" content=\"https:\/\/biozoon.de\/shop\/wp-content\/uploads\/2021\/04\/Spinat.jpg\" \/>\n\t<meta property=\"og:image:width\" content=\"600\" \/>\n\t<meta property=\"og:image:height\" content=\"600\" \/>\n\t<meta property=\"og:image:type\" content=\"image\/jpeg\" \/>\n<meta name=\"twitter:card\" content=\"summary_large_image\" \/>\n<meta name=\"twitter:label1\" content=\"Est. reading time\" \/>\n\t<meta name=\"twitter:data1\" content=\"2 minutes\" \/>\n<script type=\"application\/ld+json\" class=\"yoast-schema-graph\">{\"@context\":\"https:\\\/\\\/schema.org\",\"@graph\":[{\"@type\":\"WebPage\",\"@id\":\"https:\\\/\\\/biozoon.de\\\/shop\\\/product\\\/smoothfood-silikonform-spinat-mit-deckel\\\/\",\"url\":\"https:\\\/\\\/biozoon.de\\\/shop\\\/product\\\/smoothfood-silikonform-spinat-mit-deckel\\\/\",\"name\":\"smoothfood Form Spinat mit Deckel (6 Nutzen \u00e0 65g) - Biozoon Shop\",\"isPartOf\":{\"@id\":\"https:\\\/\\\/biozoon.de\\\/shop\\\/#website\"},\"primaryImageOfPage\":{\"@id\":\"https:\\\/\\\/biozoon.de\\\/shop\\\/product\\\/smoothfood-silikonform-spinat-mit-deckel\\\/#primaryimage\"},\"image\":{\"@id\":\"https:\\\/\\\/biozoon.de\\\/shop\\\/product\\\/smoothfood-silikonform-spinat-mit-deckel\\\/#primaryimage\"},\"thumbnailUrl\":\"https:\\\/\\\/biozoon.de\\\/shop\\\/wp-content\\\/uploads\\\/2021\\\/04\\\/Spinat.jpg\",\"datePublished\":\"2021-04-18T06:52:42+00:00\",\"dateModified\":\"2025-10-08T14:23:02+00:00\",\"description\":\"Testen Sie unsere universell einsetzbare smoothfood Silikonform Spinat aus 100% lebensmittelechtem Silikon. Damit k\u00f6nnen u.a. s\u00e4mtliche Kohlsorten wie z.B. Rotkohl oder Wei\u00dfkohl authentisch pr\u00e4sentieren\",\"breadcrumb\":{\"@id\":\"https:\\\/\\\/biozoon.de\\\/shop\\\/product\\\/smoothfood-silikonform-spinat-mit-deckel\\\/#breadcrumb\"},\"inLanguage\":\"en-US\",\"potentialAction\":[{\"@type\":\"ReadAction\",\"target\":[\"https:\\\/\\\/biozoon.de\\\/shop\\\/product\\\/smoothfood-silikonform-spinat-mit-deckel\\\/\"]}]},{\"@type\":\"ImageObject\",\"inLanguage\":\"en-US\",\"@id\":\"https:\\\/\\\/biozoon.de\\\/shop\\\/product\\\/smoothfood-silikonform-spinat-mit-deckel\\\/#primaryimage\",\"url\":\"https:\\\/\\\/biozoon.de\\\/shop\\\/wp-content\\\/uploads\\\/2021\\\/04\\\/Spinat.jpg\",\"contentUrl\":\"https:\\\/\\\/biozoon.de\\\/shop\\\/wp-content\\\/uploads\\\/2021\\\/04\\\/Spinat.jpg\",\"width\":600,\"height\":600,\"caption\":\"Smoothfood Silikonform Spinat mit Deckel\"},{\"@type\":\"BreadcrumbList\",\"@id\":\"https:\\\/\\\/biozoon.de\\\/shop\\\/product\\\/smoothfood-silikonform-spinat-mit-deckel\\\/#breadcrumb\",\"itemListElement\":[{\"@type\":\"ListItem\",\"position\":1,\"name\":\"Home\",\"item\":\"https:\\\/\\\/biozoon.de\\\/shop\\\/\"},{\"@type\":\"ListItem\",\"position\":2,\"name\":\"Shop\",\"item\":\"https:\\\/\\\/biozoon.de\\\/shop\\\/shop\\\/\"},{\"@type\":\"ListItem\",\"position\":3,\"name\":\"smoothfood Produkte\",\"item\":\"https:\\\/\\\/biozoon.de\\\/shop\\\/product-category\\\/smoothfood-produkte\\\/\"},{\"@type\":\"ListItem\",\"position\":4,\"name\":\"Zubeh\u00f6r\",\"item\":\"https:\\\/\\\/biozoon.de\\\/shop\\\/product-category\\\/smoothfood-produkte\\\/zubehoer-smoothfood-produkte\\\/\"},{\"@type\":\"ListItem\",\"position\":5,\"name\":\"smoothfood Form Spinat mit Deckel (6 Nutzen \u00e0 65g)\"}]},{\"@type\":\"WebSite\",\"@id\":\"https:\\\/\\\/biozoon.de\\\/shop\\\/#website\",\"url\":\"https:\\\/\\\/biozoon.de\\\/shop\\\/\",\"name\":\"Biozoon Shop\",\"description\":\"\",\"potentialAction\":[{\"@type\":\"SearchAction\",\"target\":{\"@type\":\"EntryPoint\",\"urlTemplate\":\"https:\\\/\\\/biozoon.de\\\/shop\\\/?s={search_term_string}\"},\"query-input\":{\"@type\":\"PropertyValueSpecification\",\"valueRequired\":true,\"valueName\":\"search_term_string\"}}],\"inLanguage\":\"en-US\"}]}<\/script>\n<!-- \/ Yoast SEO plugin. -->","yoast_head_json":{"title":"smoothfood Form Spinat mit Deckel (6 Nutzen \u00e0 65g) - Biozoon Shop","description":"Testen Sie unsere universell einsetzbare smoothfood Silikonform Spinat aus 100% lebensmittelechtem Silikon. Damit k\u00f6nnen u.a. s\u00e4mtliche Kohlsorten wie z.B. Rotkohl oder Wei\u00dfkohl authentisch pr\u00e4sentieren","robots":{"index":"index","follow":"follow","max-snippet":"max-snippet:-1","max-image-preview":"max-image-preview:large","max-video-preview":"max-video-preview:-1"},"canonical":"https:\/\/biozoon.de\/shop\/product\/smoothfood-silikonform-spinat-mit-deckel\/","og_locale":"en_US","og_type":"article","og_title":"smoothfood Form Spinat mit Deckel (6 Nutzen \u00e0 65g) - Biozoon Shop","og_description":"Testen Sie unsere universell einsetzbare smoothfood Silikonform Spinat aus 100% lebensmittelechtem Silikon. Damit k\u00f6nnen u.a. s\u00e4mtliche Kohlsorten wie z.B. Rotkohl oder Wei\u00dfkohl authentisch pr\u00e4sentieren","og_url":"https:\/\/biozoon.de\/shop\/product\/smoothfood-silikonform-spinat-mit-deckel\/","og_site_name":"Biozoon Shop","article_publisher":"https:\/\/www.facebook.com\/pages\/category\/Food---Beverage\/biozoon-113514145340245\/","article_modified_time":"2025-10-08T14:23:02+00:00","og_image":[{"width":600,"height":600,"url":"https:\/\/biozoon.de\/shop\/wp-content\/uploads\/2021\/04\/Spinat.jpg","type":"image\/jpeg"}],"twitter_card":"summary_large_image","twitter_misc":{"Est. reading time":"2 minutes"},"schema":{"@context":"https:\/\/schema.org","@graph":[{"@type":"WebPage","@id":"https:\/\/biozoon.de\/shop\/product\/smoothfood-silikonform-spinat-mit-deckel\/","url":"https:\/\/biozoon.de\/shop\/product\/smoothfood-silikonform-spinat-mit-deckel\/","name":"smoothfood Form Spinat mit Deckel (6 Nutzen \u00e0 65g) - Biozoon Shop","isPartOf":{"@id":"https:\/\/biozoon.de\/shop\/#website"},"primaryImageOfPage":{"@id":"https:\/\/biozoon.de\/shop\/product\/smoothfood-silikonform-spinat-mit-deckel\/#primaryimage"},"image":{"@id":"https:\/\/biozoon.de\/shop\/product\/smoothfood-silikonform-spinat-mit-deckel\/#primaryimage"},"thumbnailUrl":"https:\/\/biozoon.de\/shop\/wp-content\/uploads\/2021\/04\/Spinat.jpg","datePublished":"2021-04-18T06:52:42+00:00","dateModified":"2025-10-08T14:23:02+00:00","description":"Testen Sie unsere universell einsetzbare smoothfood Silikonform Spinat aus 100% lebensmittelechtem Silikon. Damit k\u00f6nnen u.a. s\u00e4mtliche Kohlsorten wie z.B. Rotkohl oder Wei\u00dfkohl authentisch pr\u00e4sentieren","breadcrumb":{"@id":"https:\/\/biozoon.de\/shop\/product\/smoothfood-silikonform-spinat-mit-deckel\/#breadcrumb"},"inLanguage":"en-US","potentialAction":[{"@type":"ReadAction","target":["https:\/\/biozoon.de\/shop\/product\/smoothfood-silikonform-spinat-mit-deckel\/"]}]},{"@type":"ImageObject","inLanguage":"en-US","@id":"https:\/\/biozoon.de\/shop\/product\/smoothfood-silikonform-spinat-mit-deckel\/#primaryimage","url":"https:\/\/biozoon.de\/shop\/wp-content\/uploads\/2021\/04\/Spinat.jpg","contentUrl":"https:\/\/biozoon.de\/shop\/wp-content\/uploads\/2021\/04\/Spinat.jpg","width":600,"height":600,"caption":"Smoothfood Silikonform Spinat mit Deckel"},{"@type":"BreadcrumbList","@id":"https:\/\/biozoon.de\/shop\/product\/smoothfood-silikonform-spinat-mit-deckel\/#breadcrumb","itemListElement":[{"@type":"ListItem","position":1,"name":"Home","item":"https:\/\/biozoon.de\/shop\/"},{"@type":"ListItem","position":2,"name":"Shop","item":"https:\/\/biozoon.de\/shop\/shop\/"},{"@type":"ListItem","position":3,"name":"smoothfood Produkte","item":"https:\/\/biozoon.de\/shop\/product-category\/smoothfood-produkte\/"},{"@type":"ListItem","position":4,"name":"Zubeh\u00f6r","item":"https:\/\/biozoon.de\/shop\/product-category\/smoothfood-produkte\/zubehoer-smoothfood-produkte\/"},{"@type":"ListItem","position":5,"name":"smoothfood Form Spinat mit Deckel (6 Nutzen \u00e0 65g)"}]},{"@type":"WebSite","@id":"https:\/\/biozoon.de\/shop\/#website","url":"https:\/\/biozoon.de\/shop\/","name":"Biozoon Shop","description":"","potentialAction":[{"@type":"SearchAction","target":{"@type":"EntryPoint","urlTemplate":"https:\/\/biozoon.de\/shop\/?s={search_term_string}"},"query-input":{"@type":"PropertyValueSpecification","valueRequired":true,"valueName":"search_term_string"}}],"inLanguage":"en-US"}]}},"lang":"de","translations":{"de":378,"en":381},"pll_sync_post":[],"_links":{"self":[{"href":"https:\/\/biozoon.de\/shop\/wp-json\/wp\/v2\/product\/378","targetHints":{"allow":["GET"]}}],"collection":[{"href":"https:\/\/biozoon.de\/shop\/wp-json\/wp\/v2\/product"}],"about":[{"href":"https:\/\/biozoon.de\/shop\/wp-json\/wp\/v2\/types\/product"}],"replies":[{"embeddable":true,"href":"https:\/\/biozoon.de\/shop\/wp-json\/wp\/v2\/comments?post=378"}],"wp:featuredmedia":[{"embeddable":true,"href":"https:\/\/biozoon.de\/shop\/wp-json\/wp\/v2\/media\/1910"}],"wp:attachment":[{"href":"https:\/\/biozoon.de\/shop\/wp-json\/wp\/v2\/media?parent=378"}],"wp:term":[{"taxonomy":"product_brand","embeddable":true,"href":"https:\/\/biozoon.de\/shop\/wp-json\/wp\/v2\/product_brand?post=378"},{"taxonomy":"product_cat","embeddable":true,"href":"https:\/\/biozoon.de\/shop\/wp-json\/wp\/v2\/product_cat?post=378"},{"taxonomy":"product_tag","embeddable":true,"href":"https:\/\/biozoon.de\/shop\/wp-json\/wp\/v2\/product_tag?post=378"}],"curies":[{"name":"wp","href":"https:\/\/api.w.org\/{rel}","templated":true}]}}