{"id":343,"date":"2021-04-17T12:05:45","date_gmt":"2021-04-17T12:05:45","guid":{"rendered":"https:\/\/biozoon.de\/webshop\/?post_type=product&#038;p=343"},"modified":"2025-01-15T04:56:39","modified_gmt":"2025-01-15T04:56:39","slug":"gelea-instant-hot-150g","status":"publish","type":"product","link":"https:\/\/biozoon.de\/shop\/product\/gelea-instant-hot-150g\/","title":{"rendered":"GELEAhot instant 150 g Dose"},"content":{"rendered":"<div>\n<p><em><strong>GELEA<\/strong><\/em><strong>hot<\/strong> instant, 150 g<\/p>\n<p>Das Andickungsmittel <strong><em>GELEA<\/em>hot<\/strong>\u00a0instant war das erste <strong>Bindemittel<\/strong> seiner Art f\u00fcr die Herstellung von <strong>p\u00fcrierter\/passierter Kost<\/strong><strong> in Form<\/strong>. Es ist dabei sowohl f\u00fcr die Herstellung von p\u00fcrierter\/passierter Kost in Form als im Besonderen f\u00fcr Einsatz zur Herstellung von Produkten rund um das Thema \u201eEat-by-Walking\u201c geeignet.<\/p>\n<p><strong>Zutaten<\/strong>: Maltodextrin, Geliermittel Agar Agar, Verdickungsmittel Xanthan<\/p>\n<p><strong>Eigenschaften und Anwendung:<\/strong><\/p>\n<p>Mehr als f\u00fcnf Millionen Menschen alleine in Deutschland leiden unter <strong>Kau- und Schluckst\u00f6rungen <\/strong><strong>oder auch Dysphagie. <\/strong>Diese kann vielf\u00e4ltige Ursachen haben und daher bedarf die ad\u00e4quate Ern\u00e4hrung der besonderen Aufmerksamkeit. Daf\u00fcr wurde von uns das<strong> smoothfood<\/strong><strong> Ern\u00e4hrungskonzept <\/strong>mit seinen modernen <strong>Andickungsmitteln <\/strong><strong>und <a href=\"https:\/\/biozoon.de\/shop\/product-tag\/andickung-von-getraenke-und-speisen\/\">Verdickungsmitteln<\/a><\/strong><strong> entwickelt.<\/strong> S\u00e4mtliche Stufen im Bereich der <strong>Dysphagiekost<\/strong> k\u00f6nnen mit Hilfe der <strong>smoothfood-Andickungsmittel\u00a0 <\/strong>abgedeckt werden.<\/p>\n<p>Gerade im Bereich der station\u00e4ren Unterbringung spielt die Hauptmahlzeit eine wichtige Rolle in der sozialen Teilhabe. Hierf\u00fcr wurde u. a. das <strong>Verdickungsmittel<\/strong> <em><strong>GELEA<\/strong><\/em><strong>hot<\/strong>\u00a0instant<strong>\u00a0<\/strong>alle Lebensmittel wieder in eine feste und appetitliche Form gebracht werden k\u00f6nnen, entwickelt. Ein beliebtes Hilfsmittel zur einfachen und schnellen Produktion sind dabei die <strong>smoothfood Silikonformen<\/strong>, mit denen ern\u00e4hrungsphysiologisch<strong> v<\/strong>ollwertige, authentische Mahlzeiten im Bereich <strong>p\u00fcrierter\/passierter Kost<\/strong> hergestellt werden k\u00f6nnen.<\/p>\n<p>F\u00fcr den Bereich \u201eDemenz\u201c, deren Menschen \u00fcberdurchschnittlich von Kau- und Schluckst\u00f6rungen (Dysphagie) betroffen sind bietet das Verdickungsmittel <em>GELEA<\/em>hot\u00a0instant<strong>\u00a0<\/strong>die M\u00f6glichkeit Fingerfood f\u00fcr die \u201eEssenspfade\u201c herzustellen (sog. \u201eEat-by-walking\u201c). Durch die relativ feste Gel-Struktur k\u00f6nnen die H\u00e4ppchen zum Verzehr bequem in die Hand genommen werden und auch eine Anreicherung mit <strong>Protein<\/strong> und <a href=\"https:\/\/biozoon.de\/shop\/product-tag\/maltodextrin\/\"><strong>Maltodextrin<\/strong><\/a> ist m\u00f6glich.<\/p>\n<p><strong>Anwendung:<\/strong><\/p>\n<p>Fleisch\/Fisch (gegart) oder Gem\u00fcse (m\u00f6glichst TK) mit der im Grundrezept angegeben Fl\u00fcssigkeitsmenge (Br\u00fche, Fond, So\u00dfe) feinst p\u00fcrieren. Das P\u00fcree aufkochen und dazu auf 1 kg Masse ca. 40 g vom <strong>Andickungsmittel\u00a0 <\/strong> <em><strong>GELEA<\/strong><\/em><strong>hot<\/strong> instant, einr\u00fchren. Die gesamte Masse mindesten 1 &#8211; 2 Minuten durchkochen und dann in die entsprechende <strong>smoothfood <a href=\"https:\/\/biozoon.de\/shop\/product-tag\/silikonformen-fuer-die-puerierte-kost\/\">Silikonform<\/a><\/strong> f\u00fcllen. Die gef\u00fcllten Formen im K\u00fchlraum oder -schrank auf Raum\u00adtemperatur abk\u00fchlen lassen (ca. 30 Minuten) uns st\u00fcrzen. Die Ma\u00dfe ist bis max. 80\u00b0C hitzestabil.<\/p>\n<p>Anschlie\u00dfend st\u00fcrzen, regenerieren, servieren \u2013 fertig!<\/p>\n<\/div>\n<p>Preis per kg : 194,33 \u20ac<\/p>\n<p>mehr Produkte:<\/p>\n<p><a href=\"https:\/\/biozoon.de\/shop\/product-category\/smoothfood-produkte\/texturgeber-smoothfood-produkte\/\">smoothfood Produkte Texturgeber<\/a><\/p>\n<p>Rezepte:<\/p>\n<p><a href=\"https:\/\/smoothfood.de\/recipe-category\/gelea-hot\/\" target=\"_blank\" rel=\"noopener\">Gelea Hot<\/a><\/p>\n","protected":false},"excerpt":{"rendered":"<div class=\"row\" style=\"padding-left: 16px;\"><b style=\"font-size: 14px;\">Schnelle und einfache Zubereitung von festen Formen (Eat-by-walking)<\/b><\/div>\n<div class=\"logo-right\" style=\"margin-top: 10px;\">\n<div class=\"row\">\n<div class=\"col-md-12\"><img decoding=\"async\" title=\"GELEAhot\" src=\"https:\/\/biozoon.de\/shop\/wp-content\/uploads\/2021\/05\/GELEAhot.png\" alt=\"GELEAhot\" \/><\/div>\n<\/div>\n<\/div>\n","protected":false},"featured_media":477,"comment_status":"open","ping_status":"closed","template":"","meta":[],"product_brand":[],"product_cat":[201],"product_tag":[1082,411],"class_list":{"0":"post-343","1":"product","2":"type-product","3":"status-publish","4":"has-post-thumbnail","6":"product_cat-texturgeber-smoothfood-produkte","7":"product_tag-gelea","8":"product_tag-puerierte-passierte-kost-in-form","10":"first","11":"instock","12":"taxable","13":"shipping-taxable","14":"purchasable","15":"product-type-simple","16":"add-to-wishlist-before_image"},"yoast_head":"<!-- This site is optimized with the Yoast SEO plugin v27.0 - https:\/\/yoast.com\/product\/yoast-seo-wordpress\/ -->\n<title>GELEAhot instant 150 g Dose - Dysphagiekost - Ern\u00e4hrungskonzept<\/title>\n<meta name=\"description\" content=\"GELEAhot - vegetarisches Bindemitttel f\u00fcr die Herstellung fester, hitzebest\u00e4ndiger Gele (Eat-by-walking) im Rahmen der Dysphagiekost\" \/>\n<meta name=\"robots\" content=\"index, follow, max-snippet:-1, max-image-preview:large, max-video-preview:-1\" \/>\n<link rel=\"canonical\" href=\"https:\/\/biozoon.de\/shop\/product\/gelea-instant-hot-150g\/\" \/>\n<meta property=\"og:locale\" content=\"en_US\" \/>\n<meta property=\"og:type\" content=\"article\" \/>\n<meta property=\"og:title\" content=\"GELEAhot instant 150 g Dose - Dysphagiekost - Ern\u00e4hrungskonzept\" \/>\n<meta property=\"og:description\" content=\"GELEAhot - vegetarisches Bindemitttel f\u00fcr die Herstellung fester, hitzebest\u00e4ndiger Gele (Eat-by-walking) im Rahmen der Dysphagiekost\" \/>\n<meta property=\"og:url\" content=\"https:\/\/biozoon.de\/shop\/product\/gelea-instant-hot-150g\/\" \/>\n<meta property=\"og:site_name\" content=\"Biozoon Shop\" \/>\n<meta property=\"article:publisher\" content=\"https:\/\/www.facebook.com\/pages\/category\/Food---Beverage\/biozoon-113514145340245\/\" \/>\n<meta property=\"article:modified_time\" content=\"2025-01-15T04:56:39+00:00\" \/>\n<meta property=\"og:image\" content=\"https:\/\/biozoon.de\/shop\/wp-content\/uploads\/2021\/04\/Dose-gelea-hot-2.jpg\" \/>\n\t<meta property=\"og:image:width\" content=\"600\" \/>\n\t<meta property=\"og:image:height\" content=\"600\" \/>\n\t<meta property=\"og:image:type\" content=\"image\/jpeg\" \/>\n<meta name=\"twitter:card\" content=\"summary_large_image\" \/>\n<meta name=\"twitter:label1\" content=\"Est. reading time\" \/>\n\t<meta name=\"twitter:data1\" content=\"2 minutes\" \/>\n<script type=\"application\/ld+json\" class=\"yoast-schema-graph\">{\"@context\":\"https:\/\/schema.org\",\"@graph\":[{\"@type\":\"WebPage\",\"@id\":\"https:\/\/biozoon.de\/shop\/product\/gelea-instant-hot-150g\/\",\"url\":\"https:\/\/biozoon.de\/shop\/product\/gelea-instant-hot-150g\/\",\"name\":\"GELEAhot instant 150 g Dose - Dysphagiekost - Ern\u00e4hrungskonzept\",\"isPartOf\":{\"@id\":\"https:\/\/biozoon.de\/shop\/#website\"},\"primaryImageOfPage\":{\"@id\":\"https:\/\/biozoon.de\/shop\/product\/gelea-instant-hot-150g\/#primaryimage\"},\"image\":{\"@id\":\"https:\/\/biozoon.de\/shop\/product\/gelea-instant-hot-150g\/#primaryimage\"},\"thumbnailUrl\":\"https:\/\/biozoon.de\/shop\/wp-content\/uploads\/2021\/04\/Dose-gelea-hot-2.jpg\",\"datePublished\":\"2021-04-17T12:05:45+00:00\",\"dateModified\":\"2025-01-15T04:56:39+00:00\",\"description\":\"GELEAhot - vegetarisches Bindemitttel f\u00fcr die Herstellung fester, hitzebest\u00e4ndiger Gele (Eat-by-walking) im Rahmen der Dysphagiekost\",\"breadcrumb\":{\"@id\":\"https:\/\/biozoon.de\/shop\/product\/gelea-instant-hot-150g\/#breadcrumb\"},\"inLanguage\":\"en-US\",\"potentialAction\":[{\"@type\":\"ReadAction\",\"target\":[\"https:\/\/biozoon.de\/shop\/product\/gelea-instant-hot-150g\/\"]}]},{\"@type\":\"ImageObject\",\"inLanguage\":\"en-US\",\"@id\":\"https:\/\/biozoon.de\/shop\/product\/gelea-instant-hot-150g\/#primaryimage\",\"url\":\"https:\/\/biozoon.de\/shop\/wp-content\/uploads\/2021\/04\/Dose-gelea-hot-2.jpg\",\"contentUrl\":\"https:\/\/biozoon.de\/shop\/wp-content\/uploads\/2021\/04\/Dose-gelea-hot-2.jpg\",\"width\":600,\"height\":600,\"caption\":\"Dysphagiekost\"},{\"@type\":\"BreadcrumbList\",\"@id\":\"https:\/\/biozoon.de\/shop\/product\/gelea-instant-hot-150g\/#breadcrumb\",\"itemListElement\":[{\"@type\":\"ListItem\",\"position\":1,\"name\":\"Home\",\"item\":\"https:\/\/biozoon.de\/shop\/\"},{\"@type\":\"ListItem\",\"position\":2,\"name\":\"Shop\",\"item\":\"https:\/\/biozoon.de\/shop\/shop\/\"},{\"@type\":\"ListItem\",\"position\":3,\"name\":\"smoothfood Produkte\",\"item\":\"https:\/\/biozoon.de\/shop\/product-category\/smoothfood-produkte\/\"},{\"@type\":\"ListItem\",\"position\":4,\"name\":\"Texturgeber\",\"item\":\"https:\/\/biozoon.de\/shop\/product-category\/smoothfood-produkte\/texturgeber-smoothfood-produkte\/\"},{\"@type\":\"ListItem\",\"position\":5,\"name\":\"GELEAhot instant 150 g Dose\"}]},{\"@type\":\"WebSite\",\"@id\":\"https:\/\/biozoon.de\/shop\/#website\",\"url\":\"https:\/\/biozoon.de\/shop\/\",\"name\":\"Biozoon Shop\",\"description\":\"\",\"potentialAction\":[{\"@type\":\"SearchAction\",\"target\":{\"@type\":\"EntryPoint\",\"urlTemplate\":\"https:\/\/biozoon.de\/shop\/?s={search_term_string}\"},\"query-input\":{\"@type\":\"PropertyValueSpecification\",\"valueRequired\":true,\"valueName\":\"search_term_string\"}}],\"inLanguage\":\"en-US\"}]}<\/script>\n<!-- \/ Yoast SEO plugin. -->","yoast_head_json":{"title":"GELEAhot instant 150 g Dose - Dysphagiekost - Ern\u00e4hrungskonzept","description":"GELEAhot - vegetarisches Bindemitttel f\u00fcr die Herstellung fester, hitzebest\u00e4ndiger Gele (Eat-by-walking) im Rahmen der Dysphagiekost","robots":{"index":"index","follow":"follow","max-snippet":"max-snippet:-1","max-image-preview":"max-image-preview:large","max-video-preview":"max-video-preview:-1"},"canonical":"https:\/\/biozoon.de\/shop\/product\/gelea-instant-hot-150g\/","og_locale":"en_US","og_type":"article","og_title":"GELEAhot instant 150 g Dose - Dysphagiekost - Ern\u00e4hrungskonzept","og_description":"GELEAhot - vegetarisches Bindemitttel f\u00fcr die Herstellung fester, hitzebest\u00e4ndiger Gele (Eat-by-walking) im Rahmen der Dysphagiekost","og_url":"https:\/\/biozoon.de\/shop\/product\/gelea-instant-hot-150g\/","og_site_name":"Biozoon Shop","article_publisher":"https:\/\/www.facebook.com\/pages\/category\/Food---Beverage\/biozoon-113514145340245\/","article_modified_time":"2025-01-15T04:56:39+00:00","og_image":[{"width":600,"height":600,"url":"https:\/\/biozoon.de\/shop\/wp-content\/uploads\/2021\/04\/Dose-gelea-hot-2.jpg","type":"image\/jpeg"}],"twitter_card":"summary_large_image","twitter_misc":{"Est. reading time":"2 minutes"},"schema":{"@context":"https:\/\/schema.org","@graph":[{"@type":"WebPage","@id":"https:\/\/biozoon.de\/shop\/product\/gelea-instant-hot-150g\/","url":"https:\/\/biozoon.de\/shop\/product\/gelea-instant-hot-150g\/","name":"GELEAhot instant 150 g Dose - Dysphagiekost - Ern\u00e4hrungskonzept","isPartOf":{"@id":"https:\/\/biozoon.de\/shop\/#website"},"primaryImageOfPage":{"@id":"https:\/\/biozoon.de\/shop\/product\/gelea-instant-hot-150g\/#primaryimage"},"image":{"@id":"https:\/\/biozoon.de\/shop\/product\/gelea-instant-hot-150g\/#primaryimage"},"thumbnailUrl":"https:\/\/biozoon.de\/shop\/wp-content\/uploads\/2021\/04\/Dose-gelea-hot-2.jpg","datePublished":"2021-04-17T12:05:45+00:00","dateModified":"2025-01-15T04:56:39+00:00","description":"GELEAhot - vegetarisches Bindemitttel f\u00fcr die Herstellung fester, hitzebest\u00e4ndiger Gele (Eat-by-walking) im Rahmen der Dysphagiekost","breadcrumb":{"@id":"https:\/\/biozoon.de\/shop\/product\/gelea-instant-hot-150g\/#breadcrumb"},"inLanguage":"en-US","potentialAction":[{"@type":"ReadAction","target":["https:\/\/biozoon.de\/shop\/product\/gelea-instant-hot-150g\/"]}]},{"@type":"ImageObject","inLanguage":"en-US","@id":"https:\/\/biozoon.de\/shop\/product\/gelea-instant-hot-150g\/#primaryimage","url":"https:\/\/biozoon.de\/shop\/wp-content\/uploads\/2021\/04\/Dose-gelea-hot-2.jpg","contentUrl":"https:\/\/biozoon.de\/shop\/wp-content\/uploads\/2021\/04\/Dose-gelea-hot-2.jpg","width":600,"height":600,"caption":"Dysphagiekost"},{"@type":"BreadcrumbList","@id":"https:\/\/biozoon.de\/shop\/product\/gelea-instant-hot-150g\/#breadcrumb","itemListElement":[{"@type":"ListItem","position":1,"name":"Home","item":"https:\/\/biozoon.de\/shop\/"},{"@type":"ListItem","position":2,"name":"Shop","item":"https:\/\/biozoon.de\/shop\/shop\/"},{"@type":"ListItem","position":3,"name":"smoothfood Produkte","item":"https:\/\/biozoon.de\/shop\/product-category\/smoothfood-produkte\/"},{"@type":"ListItem","position":4,"name":"Texturgeber","item":"https:\/\/biozoon.de\/shop\/product-category\/smoothfood-produkte\/texturgeber-smoothfood-produkte\/"},{"@type":"ListItem","position":5,"name":"GELEAhot instant 150 g Dose"}]},{"@type":"WebSite","@id":"https:\/\/biozoon.de\/shop\/#website","url":"https:\/\/biozoon.de\/shop\/","name":"Biozoon Shop","description":"","potentialAction":[{"@type":"SearchAction","target":{"@type":"EntryPoint","urlTemplate":"https:\/\/biozoon.de\/shop\/?s={search_term_string}"},"query-input":{"@type":"PropertyValueSpecification","valueRequired":true,"valueName":"search_term_string"}}],"inLanguage":"en-US"}]}},"lang":"de","translations":{"de":343,"en":347},"pll_sync_post":[],"_links":{"self":[{"href":"https:\/\/biozoon.de\/shop\/wp-json\/wp\/v2\/product\/343","targetHints":{"allow":["GET"]}}],"collection":[{"href":"https:\/\/biozoon.de\/shop\/wp-json\/wp\/v2\/product"}],"about":[{"href":"https:\/\/biozoon.de\/shop\/wp-json\/wp\/v2\/types\/product"}],"replies":[{"embeddable":true,"href":"https:\/\/biozoon.de\/shop\/wp-json\/wp\/v2\/comments?post=343"}],"wp:featuredmedia":[{"embeddable":true,"href":"https:\/\/biozoon.de\/shop\/wp-json\/wp\/v2\/media\/477"}],"wp:attachment":[{"href":"https:\/\/biozoon.de\/shop\/wp-json\/wp\/v2\/media?parent=343"}],"wp:term":[{"taxonomy":"product_brand","embeddable":true,"href":"https:\/\/biozoon.de\/shop\/wp-json\/wp\/v2\/product_brand?post=343"},{"taxonomy":"product_cat","embeddable":true,"href":"https:\/\/biozoon.de\/shop\/wp-json\/wp\/v2\/product_cat?post=343"},{"taxonomy":"product_tag","embeddable":true,"href":"https:\/\/biozoon.de\/shop\/wp-json\/wp\/v2\/product_tag?post=343"}],"curies":[{"name":"wp","href":"https:\/\/api.w.org\/{rel}","templated":true}]}}