{"id":33,"date":"2021-04-10T11:28:04","date_gmt":"2021-04-10T11:28:04","guid":{"rendered":"http:\/\/localhost:8585\/bshop\/?post_type=product&#038;p=33"},"modified":"2025-06-16T09:16:40","modified_gmt":"2025-06-16T09:16:40","slug":"bubble-drop-kit","status":"publish","type":"product","link":"https:\/\/biozoon.de\/shop\/product\/bubble-drop-kit\/","title":{"rendered":"Bubble Tea Drop Kit"},"content":{"rendered":"<h2><b>Bubble Tea<\/b><\/h2>\n<p>F\u00fcr den perfekten Bubble Tea Spa\u00df zu Hause!<\/p>\n<p>Kreiere deine eigenen Bubble Drops aus leckeren und hochwertigen Zutaten!<\/p>\n<div>\n<p>Funktioniert nat\u00fcrlich auch mit Bio-Sirup!<\/p>\n<p><strong>Dieses Set enth\u00e4lt:<\/strong><\/p>\n<\/div>\n<ul>\n<li>Dose Calazoon (400 g)<\/li>\n<li>Dose Algizoon (300 g)<\/li>\n<li>Tropfflasche mit Silikonstopfen<\/li>\n<li>Bubble Tea Trinkhalme<\/li>\n<\/ul>\n<div>\n<p><b>Produktinformation:<\/b><\/p>\n<p><b><span style=\"color: #00b050;\"><em>Algi<\/em><span style=\"color: #808080;\">zoon<\/span><\/span>:<\/b><\/p>\n<\/div>\n<div>\n<p><b>Zutaten:<\/b> Geliermittel Natrium-Alginat, Maltodextrin<\/p>\n<p><a href=\"https:\/\/biozoon.de\/shop\/product\/algizoon-300g\/\"><span style=\"color: #00b050;\"><b><em>Algi<\/em><span style=\"color: #808080;\">zoon<\/span><\/b> <\/span><\/a>besteht aus Natrium-Alginat (E401), einem nat\u00fcrlichen Extrakt aus Braunalgen. <span style=\"color: #00b050;\"><b><em>Algi<\/em><span style=\"color: #808080;\">zoon <\/span><\/b><\/span>geliert in Gegenwart von Calcium-Ionen (<span style=\"color: #00b050;\"><b><em>Cala<\/em><span style=\"color: #808080;\">zoon<\/span><\/b><\/span>). Durch das Eintropfen einer Alginat-L\u00f6sung in ein <span style=\"color: #00b050;\"><b><em>Cala<\/em><span style=\"color: #808080;\">zoon<\/span><\/b><\/span>-Bad k\u00f6nnen Gel-Kugeln unterschiedlichster Gr\u00f6\u00dfe mit fl\u00fcssigem Kern hergestellt werden, die im Mund aufgehen und eine Geschmacksexplosion ausl\u00f6sen (Aromakapseln, falscher Kaviar, Liquid Drops).<\/p>\n<p><b><span style=\"color: #00b050;\"><em>Cala<\/em><span style=\"color: #808080;\">zoon<\/span><\/span>:<\/b><\/p>\n<\/div>\n<div>\n<p><b>Zutaten: <\/b>Festigungsmittel <strong>Calciumlaktat<\/strong><\/p>\n<p><a href=\"https:\/\/biozoon.de\/shop\/product\/calazoon-400g\/\"><b><span style=\"color: #00b050;\"><em>Cala<\/em><span style=\"color: #808080;\">zoon <\/span><\/span><\/b><\/a>ist Calcium-Laktat und dient als Hilfsstoff f\u00fcr die Texturgeber <span style=\"color: #00b050;\"><b><em>Algi<\/em><span style=\"color: #808080;\">zoon <\/span><\/b><\/span>und <span style=\"color: #00b050;\"><b><em>Iota<\/em><span style=\"color: #808080;\">zoon<\/span><\/b><\/span>, die zur Ausbildung von Gelstrukturen Calcium ben\u00f6tigen. <span style=\"color: #00b050;\"><b><em>Cala<\/em><span style=\"color: #808080;\">zoon <\/span><\/b><\/span>hat einen sehr milden und angenehmen Geschmack.<\/p>\n<\/div>\n<p>Preis per kg :\u00a0 34 \u20ac<\/p>\n<h2>Was ist Bubble Tea?<\/h2>\n<p><strong>Bubble Tea<\/strong>\u00a0wurde vor ca. 25 Jahren entwickelt, um Kindern das Tee trinken schmackhafter zu machen. Heute ist das Getr\u00e4nk eine leckere und s\u00fc\u00dfe Abwechslung f\u00fcr Jedermann. Ein\u00a0Bubble Tea\u00a0besteht meistens aus einem gr\u00fcnen oder schwarzen Tee, welcher dann mit Milch oder einem Sirup verfeinert wird. Die K\u00fcgelchen im Getr\u00e4nk, auch \u201ePopping Bobas\u201c genannt, bestehen aus einer Alginath\u00fclle, welche mit einer intensiv schmeckenden Fl\u00fcssigkeit wie einem Fruchtsirup oder -konzentrat gef\u00fcllt sind und platzen beim Zerbei\u00dfen. Die\u00a0<strong>Bubble Tea-Drops<\/strong>\u00a0saugt man durch einen extra gro\u00dfen Strohhalm.<\/p>\n<h2>Warum hei\u00dft es Bubble Tea?<\/h2>\n<p>\u00dcbrigens:\u00a0Den Namen \u201e<strong>Bubble Tea<\/strong>\u201c hat das Getr\u00e4nk gar nicht wegen der K\u00fcgelchen, sondern weil es urspr\u00fcnglich gesch\u00fcttelt wird, bis sich ein Schaum bzw. Luftblasen, also \u201eBubbles\u201c bilden.<\/p>\n<h2>Bubble Tea Rezept<\/h2>\n<p>Bubble Tea Drops-L\u00f6sung:<\/p>\n<ul>\n<li>100 ml Fruchtsirup (z. B. Himbeere oder Erdbeere)<\/li>\n<li>4 Dosierl\u00f6ffel Calazoon<\/li>\n<li>100 ml Tropfflasche<\/li>\n<\/ul>\n<p>Das Fruchtsirup mit Calazoon mischen, bis sich alles gel\u00f6st hat.<\/p>\n<p><strong>Algizoon-Bad:<\/strong><\/p>\n<ul>\n<li>7 Dosierl\u00f6ffel Algizoon<\/li>\n<li>1 l calciumarmes Wasser (z. B. Evian)<\/li>\n<li>1 tiefe Schale (f\u00fcr ca. 1 l Inhalt)<\/li>\n<\/ul>\n<p>Algizoon mit dem Wasser vermischen, bis alles gel\u00f6st ist. Es empfiehlt sich die L\u00f6sung am Tag zuvor anzumischen und bis zur Verwendung im K\u00fchlschrank aufzubewahren.<\/p>\n<p>Die <strong>Bubble Tea<\/strong> Drop-L\u00f6sung in die Tropfflasche f\u00fcllen, mit dem Silikon-Stopfen verschlie\u00dfen und senkrecht \u00fcber die mit dem Algizoon-Bad gef\u00fcllten Schale kippen. Den Silikon-Stopfen entfernen und mit leichtem Druck die Bubble Tea Drop-L\u00f6sung in das Algizoon-Bad tropfen lassen. W\u00e4hrend und bis drei Minuten nach dem Eintropfen, das Algizoon-Bad mit den Bubble Tea-Drops r\u00fchren, um ein Verkleben w\u00e4hrend des Gelierens zu vermeiden. Die fertigen Bubble Tea-Drops unter flie\u00dfendem Wasser absp\u00fclen, je nach Wunschmenge in gro\u00dfe Gl\u00e4ser f\u00fcllen und mit z. B. Hibiskus- oder Gr\u00fcntee auff\u00fcllen.<\/p>\n","protected":false},"excerpt":{"rendered":"<p>Bubble Tea F\u00fcr den perfekten Bubble Tea Spa\u00df zu Hause! Kreiere deine eigenen Bubble Drops aus leckeren und hochwertigen Zutaten! Funktioniert nat\u00fcrlich auch mit Bio-Sirup! Dieses Set enth\u00e4lt: Dose Calazoon (400 g) Dose Algizoon (300 g) Tropfflasche mit Silikonstopfen Bubble Tea Trinkhalme Produktinformation: Algizoon: Zutaten: Geliermittel Natrium-Alginat, Maltodextrin Algizoon besteht aus Natrium-Alginat (E401), einem nat\u00fcrlichen [&hellip;]<\/p>\n","protected":false},"featured_media":503,"comment_status":"open","ping_status":"closed","template":"","meta":[],"product_brand":[],"product_cat":[509,169],"product_tag":[488],"class_list":{"0":"post-33","1":"product","2":"type-product","3":"status-publish","4":"has-post-thumbnail","6":"product_cat-molekulare-texturgeber-angebote","7":"product_cat-starter-sets","8":"product_tag-molekulare-texturgeber-starter-sets","10":"first","11":"instock","12":"sale","13":"featured","14":"taxable","15":"shipping-taxable","16":"purchasable","17":"product-type-simple","18":"add-to-wishlist-before_image"},"yoast_head":"<!-- This site is optimized with the Yoast SEO plugin v27.3 - https:\/\/yoast.com\/product\/yoast-seo-wordpress\/ -->\n<title>Bubble Tea - Was ist Bubble Tea? - Bubble Tea Rezept - Biozoon Shop<\/title>\n<meta name=\"description\" content=\"F\u00fcr den perfekten Bubble Tea Spa\u00df zu Hause! Kreiere Deine eigenen Bubble Drops aus leckeren und hochwertigen Zutaten - auch mit Bio-Sirup!\" \/>\n<meta name=\"robots\" content=\"index, follow, max-snippet:-1, max-image-preview:large, max-video-preview:-1\" \/>\n<link rel=\"canonical\" href=\"https:\/\/biozoon.de\/shop\/product\/bubble-drop-kit\/\" \/>\n<meta property=\"og:locale\" content=\"en_US\" \/>\n<meta property=\"og:type\" content=\"article\" \/>\n<meta property=\"og:title\" content=\"Bubble Tea - Was ist Bubble Tea? - Bubble Tea Rezept - Biozoon Shop\" \/>\n<meta property=\"og:description\" content=\"F\u00fcr den perfekten Bubble Tea Spa\u00df zu Hause! Kreiere Deine eigenen Bubble Drops aus leckeren und hochwertigen Zutaten - auch mit Bio-Sirup!\" \/>\n<meta property=\"og:url\" content=\"https:\/\/biozoon.de\/shop\/product\/bubble-drop-kit\/\" \/>\n<meta property=\"og:site_name\" content=\"Biozoon Shop\" \/>\n<meta property=\"article:publisher\" content=\"https:\/\/www.facebook.com\/pages\/category\/Food---Beverage\/biozoon-113514145340245\/\" \/>\n<meta property=\"article:modified_time\" content=\"2025-06-16T09:16:40+00:00\" \/>\n<meta property=\"og:image\" content=\"https:\/\/biozoon.de\/shop\/wp-content\/uploads\/2021\/04\/Bubble-Drop-Kit-6.jpg\" \/>\n\t<meta property=\"og:image:width\" content=\"600\" \/>\n\t<meta property=\"og:image:height\" content=\"600\" \/>\n\t<meta property=\"og:image:type\" content=\"image\/jpeg\" \/>\n<meta name=\"twitter:card\" content=\"summary_large_image\" \/>\n<meta name=\"twitter:label1\" content=\"Est. reading time\" \/>\n\t<meta name=\"twitter:data1\" content=\"2 minutes\" \/>\n<script type=\"application\/ld+json\" class=\"yoast-schema-graph\">{\"@context\":\"https:\\\/\\\/schema.org\",\"@graph\":[{\"@type\":\"WebPage\",\"@id\":\"https:\\\/\\\/biozoon.de\\\/shop\\\/product\\\/bubble-drop-kit\\\/\",\"url\":\"https:\\\/\\\/biozoon.de\\\/shop\\\/product\\\/bubble-drop-kit\\\/\",\"name\":\"Bubble Tea - Was ist Bubble Tea? - Bubble Tea Rezept - Biozoon Shop\",\"isPartOf\":{\"@id\":\"https:\\\/\\\/biozoon.de\\\/shop\\\/#website\"},\"primaryImageOfPage\":{\"@id\":\"https:\\\/\\\/biozoon.de\\\/shop\\\/product\\\/bubble-drop-kit\\\/#primaryimage\"},\"image\":{\"@id\":\"https:\\\/\\\/biozoon.de\\\/shop\\\/product\\\/bubble-drop-kit\\\/#primaryimage\"},\"thumbnailUrl\":\"https:\\\/\\\/biozoon.de\\\/shop\\\/wp-content\\\/uploads\\\/2021\\\/04\\\/Bubble-Drop-Kit-6.jpg\",\"datePublished\":\"2021-04-10T11:28:04+00:00\",\"dateModified\":\"2025-06-16T09:16:40+00:00\",\"description\":\"F\u00fcr den perfekten Bubble Tea Spa\u00df zu Hause! Kreiere Deine eigenen Bubble Drops aus leckeren und hochwertigen Zutaten - auch mit Bio-Sirup!\",\"breadcrumb\":{\"@id\":\"https:\\\/\\\/biozoon.de\\\/shop\\\/product\\\/bubble-drop-kit\\\/#breadcrumb\"},\"inLanguage\":\"en-US\",\"potentialAction\":[{\"@type\":\"ReadAction\",\"target\":[\"https:\\\/\\\/biozoon.de\\\/shop\\\/product\\\/bubble-drop-kit\\\/\"]}]},{\"@type\":\"ImageObject\",\"inLanguage\":\"en-US\",\"@id\":\"https:\\\/\\\/biozoon.de\\\/shop\\\/product\\\/bubble-drop-kit\\\/#primaryimage\",\"url\":\"https:\\\/\\\/biozoon.de\\\/shop\\\/wp-content\\\/uploads\\\/2021\\\/04\\\/Bubble-Drop-Kit-6.jpg\",\"contentUrl\":\"https:\\\/\\\/biozoon.de\\\/shop\\\/wp-content\\\/uploads\\\/2021\\\/04\\\/Bubble-Drop-Kit-6.jpg\",\"width\":600,\"height\":600,\"caption\":\"Bubble Tea\"},{\"@type\":\"BreadcrumbList\",\"@id\":\"https:\\\/\\\/biozoon.de\\\/shop\\\/product\\\/bubble-drop-kit\\\/#breadcrumb\",\"itemListElement\":[{\"@type\":\"ListItem\",\"position\":1,\"name\":\"Home\",\"item\":\"https:\\\/\\\/biozoon.de\\\/shop\\\/\"},{\"@type\":\"ListItem\",\"position\":2,\"name\":\"Shop\",\"item\":\"https:\\\/\\\/biozoon.de\\\/shop\\\/shop\\\/\"},{\"@type\":\"ListItem\",\"position\":3,\"name\":\"Molekulare Texturgeber\",\"item\":\"https:\\\/\\\/biozoon.de\\\/shop\\\/product-category\\\/molekulare-texturgeber\\\/\"},{\"@type\":\"ListItem\",\"position\":4,\"name\":\"Starter Sets\",\"item\":\"https:\\\/\\\/biozoon.de\\\/shop\\\/product-category\\\/molekulare-texturgeber\\\/starter-sets\\\/\"},{\"@type\":\"ListItem\",\"position\":5,\"name\":\"Bubble Tea Drop Kit\"}]},{\"@type\":\"WebSite\",\"@id\":\"https:\\\/\\\/biozoon.de\\\/shop\\\/#website\",\"url\":\"https:\\\/\\\/biozoon.de\\\/shop\\\/\",\"name\":\"Biozoon Shop\",\"description\":\"\",\"potentialAction\":[{\"@type\":\"SearchAction\",\"target\":{\"@type\":\"EntryPoint\",\"urlTemplate\":\"https:\\\/\\\/biozoon.de\\\/shop\\\/?s={search_term_string}\"},\"query-input\":{\"@type\":\"PropertyValueSpecification\",\"valueRequired\":true,\"valueName\":\"search_term_string\"}}],\"inLanguage\":\"en-US\"}]}<\/script>\n<!-- \/ Yoast SEO plugin. -->","yoast_head_json":{"title":"Bubble Tea - Was ist Bubble Tea? - Bubble Tea Rezept - Biozoon Shop","description":"F\u00fcr den perfekten Bubble Tea Spa\u00df zu Hause! Kreiere Deine eigenen Bubble Drops aus leckeren und hochwertigen Zutaten - auch mit Bio-Sirup!","robots":{"index":"index","follow":"follow","max-snippet":"max-snippet:-1","max-image-preview":"max-image-preview:large","max-video-preview":"max-video-preview:-1"},"canonical":"https:\/\/biozoon.de\/shop\/product\/bubble-drop-kit\/","og_locale":"en_US","og_type":"article","og_title":"Bubble Tea - Was ist Bubble Tea? - Bubble Tea Rezept - Biozoon Shop","og_description":"F\u00fcr den perfekten Bubble Tea Spa\u00df zu Hause! Kreiere Deine eigenen Bubble Drops aus leckeren und hochwertigen Zutaten - auch mit Bio-Sirup!","og_url":"https:\/\/biozoon.de\/shop\/product\/bubble-drop-kit\/","og_site_name":"Biozoon Shop","article_publisher":"https:\/\/www.facebook.com\/pages\/category\/Food---Beverage\/biozoon-113514145340245\/","article_modified_time":"2025-06-16T09:16:40+00:00","og_image":[{"width":600,"height":600,"url":"https:\/\/biozoon.de\/shop\/wp-content\/uploads\/2021\/04\/Bubble-Drop-Kit-6.jpg","type":"image\/jpeg"}],"twitter_card":"summary_large_image","twitter_misc":{"Est. reading time":"2 minutes"},"schema":{"@context":"https:\/\/schema.org","@graph":[{"@type":"WebPage","@id":"https:\/\/biozoon.de\/shop\/product\/bubble-drop-kit\/","url":"https:\/\/biozoon.de\/shop\/product\/bubble-drop-kit\/","name":"Bubble Tea - Was ist Bubble Tea? - Bubble Tea Rezept - Biozoon Shop","isPartOf":{"@id":"https:\/\/biozoon.de\/shop\/#website"},"primaryImageOfPage":{"@id":"https:\/\/biozoon.de\/shop\/product\/bubble-drop-kit\/#primaryimage"},"image":{"@id":"https:\/\/biozoon.de\/shop\/product\/bubble-drop-kit\/#primaryimage"},"thumbnailUrl":"https:\/\/biozoon.de\/shop\/wp-content\/uploads\/2021\/04\/Bubble-Drop-Kit-6.jpg","datePublished":"2021-04-10T11:28:04+00:00","dateModified":"2025-06-16T09:16:40+00:00","description":"F\u00fcr den perfekten Bubble Tea Spa\u00df zu Hause! Kreiere Deine eigenen Bubble Drops aus leckeren und hochwertigen Zutaten - auch mit Bio-Sirup!","breadcrumb":{"@id":"https:\/\/biozoon.de\/shop\/product\/bubble-drop-kit\/#breadcrumb"},"inLanguage":"en-US","potentialAction":[{"@type":"ReadAction","target":["https:\/\/biozoon.de\/shop\/product\/bubble-drop-kit\/"]}]},{"@type":"ImageObject","inLanguage":"en-US","@id":"https:\/\/biozoon.de\/shop\/product\/bubble-drop-kit\/#primaryimage","url":"https:\/\/biozoon.de\/shop\/wp-content\/uploads\/2021\/04\/Bubble-Drop-Kit-6.jpg","contentUrl":"https:\/\/biozoon.de\/shop\/wp-content\/uploads\/2021\/04\/Bubble-Drop-Kit-6.jpg","width":600,"height":600,"caption":"Bubble Tea"},{"@type":"BreadcrumbList","@id":"https:\/\/biozoon.de\/shop\/product\/bubble-drop-kit\/#breadcrumb","itemListElement":[{"@type":"ListItem","position":1,"name":"Home","item":"https:\/\/biozoon.de\/shop\/"},{"@type":"ListItem","position":2,"name":"Shop","item":"https:\/\/biozoon.de\/shop\/shop\/"},{"@type":"ListItem","position":3,"name":"Molekulare Texturgeber","item":"https:\/\/biozoon.de\/shop\/product-category\/molekulare-texturgeber\/"},{"@type":"ListItem","position":4,"name":"Starter Sets","item":"https:\/\/biozoon.de\/shop\/product-category\/molekulare-texturgeber\/starter-sets\/"},{"@type":"ListItem","position":5,"name":"Bubble Tea Drop Kit"}]},{"@type":"WebSite","@id":"https:\/\/biozoon.de\/shop\/#website","url":"https:\/\/biozoon.de\/shop\/","name":"Biozoon Shop","description":"","potentialAction":[{"@type":"SearchAction","target":{"@type":"EntryPoint","urlTemplate":"https:\/\/biozoon.de\/shop\/?s={search_term_string}"},"query-input":{"@type":"PropertyValueSpecification","valueRequired":true,"valueName":"search_term_string"}}],"inLanguage":"en-US"}]}},"lang":"de","translations":{"de":33,"en":106},"pll_sync_post":[],"_links":{"self":[{"href":"https:\/\/biozoon.de\/shop\/wp-json\/wp\/v2\/product\/33","targetHints":{"allow":["GET"]}}],"collection":[{"href":"https:\/\/biozoon.de\/shop\/wp-json\/wp\/v2\/product"}],"about":[{"href":"https:\/\/biozoon.de\/shop\/wp-json\/wp\/v2\/types\/product"}],"replies":[{"embeddable":true,"href":"https:\/\/biozoon.de\/shop\/wp-json\/wp\/v2\/comments?post=33"}],"wp:featuredmedia":[{"embeddable":true,"href":"https:\/\/biozoon.de\/shop\/wp-json\/wp\/v2\/media\/503"}],"wp:attachment":[{"href":"https:\/\/biozoon.de\/shop\/wp-json\/wp\/v2\/media?parent=33"}],"wp:term":[{"taxonomy":"product_brand","embeddable":true,"href":"https:\/\/biozoon.de\/shop\/wp-json\/wp\/v2\/product_brand?post=33"},{"taxonomy":"product_cat","embeddable":true,"href":"https:\/\/biozoon.de\/shop\/wp-json\/wp\/v2\/product_cat?post=33"},{"taxonomy":"product_tag","embeddable":true,"href":"https:\/\/biozoon.de\/shop\/wp-json\/wp\/v2\/product_tag?post=33"}],"curies":[{"name":"wp","href":"https:\/\/api.w.org\/{rel}","templated":true}]}}