{"id":312,"date":"2021-04-17T09:43:27","date_gmt":"2021-04-17T09:43:27","guid":{"rendered":"https:\/\/biozoon.de\/webshop\/?post_type=product&#038;p=312"},"modified":"2025-10-01T02:25:00","modified_gmt":"2025-10-01T02:25:00","slug":"lochpipetten-90-stk-3-monatspackung","status":"publish","type":"product","link":"https:\/\/biozoon.de\/shop\/product\/lochpipetten-90-stk-3-monatspackung\/","title":{"rendered":"Lochpipetten (90 St\u00fcck)"},"content":{"rendered":"<p>Diese Lochpipetten k\u00f6nnen als Einmal-Diffusor zur Nutzung mit dem AIR-Set eingesetzt werden &#8211; jeweils eine Lochpipette pro Anwendung auf den Schlauch stecken, diese in die Fl\u00fcssigkeit halten, Pumpe starten und schon entsteht der luftige Schaum sehr schnell und einfach, ohne weiteres R\u00fchren oder Mixen.<br \/>\nZur hygienischen Einmalbenutzung.<\/p>\n<p><strong>PZN: 07254927<\/strong><\/p>\n<p>mehr Produkte:<\/p>\n<p><a href=\"https:\/\/biozoon.de\/shop\/product-category\/smoothfood-produkte\/zubehoer-smoothfood-produkte\/\">smoothfood Produkte Zubeh\u00f6r<\/a><\/p>\n<p>Rezepte:<\/p>\n<p><a href=\"https:\/\/smoothfood.de\/recipe-category\/basale-stimulation-mit-air\/\" target=\"_blank\" rel=\"noopener\">Basale Stimulation mit Air<\/a><\/p>\n","protected":false},"excerpt":{"rendered":"<p>Diese Lochpipetten k\u00f6nnen als Einmal-Diffusor zur Nutzung mit dem AIR-Set eingesetzt werden &#8211; jeweils eine Lochpipette pro Anwendung auf den Schlauch stecken, diese in die Fl\u00fcssigkeit halten, Pumpe starten und schon entsteht der luftige Schaum sehr schnell und einfach, ohne weiteres R\u00fchren oder Mixen. Zur hygienischen Einmalbenutzung. PZN: 07254927 mehr Produkte: smoothfood Produkte Zubeh\u00f6r Rezepte: [&hellip;]<\/p>\n","protected":false},"featured_media":424,"comment_status":"open","ping_status":"closed","template":"","meta":[],"product_brand":[],"product_cat":[205],"product_tag":[395],"class_list":{"0":"post-312","1":"product","2":"type-product","3":"status-publish","4":"has-post-thumbnail","6":"product_cat-zubehoer-smoothfood-produkte","7":"product_tag-basale-stimulation","9":"first","10":"instock","11":"taxable","12":"shipping-taxable","13":"purchasable","14":"product-type-simple","15":"add-to-wishlist-before_image"},"yoast_head":"<!-- This site is optimized with the Yoast SEO plugin v27.0 - https:\/\/yoast.com\/product\/yoast-seo-wordpress\/ -->\n<title>Lochpipetten (90 St\u00fcck) - Biozoon Shop<\/title>\n<meta name=\"description\" content=\"Diese Lochpipetten k\u00f6nnen als Einmal-Diffusor zur Nutzung mit dem AIR-Set eingesetzt werden - jeweils eine Lochpipette pro\" \/>\n<meta name=\"robots\" content=\"index, follow, max-snippet:-1, max-image-preview:large, max-video-preview:-1\" \/>\n<link rel=\"canonical\" href=\"https:\/\/biozoon.de\/shop\/product\/lochpipetten-90-stk-3-monatspackung\/\" \/>\n<meta property=\"og:locale\" content=\"en_US\" \/>\n<meta property=\"og:type\" content=\"article\" \/>\n<meta property=\"og:title\" content=\"Lochpipetten (90 St\u00fcck) - Biozoon Shop\" \/>\n<meta property=\"og:description\" content=\"Diese Lochpipetten k\u00f6nnen als Einmal-Diffusor zur Nutzung mit dem AIR-Set eingesetzt werden - jeweils eine Lochpipette pro\" \/>\n<meta property=\"og:url\" content=\"https:\/\/biozoon.de\/shop\/product\/lochpipetten-90-stk-3-monatspackung\/\" \/>\n<meta property=\"og:site_name\" content=\"Biozoon Shop\" \/>\n<meta property=\"article:publisher\" content=\"https:\/\/www.facebook.com\/pages\/category\/Food---Beverage\/biozoon-113514145340245\/\" \/>\n<meta property=\"article:modified_time\" content=\"2025-10-01T02:25:00+00:00\" \/>\n<meta property=\"og:image\" content=\"https:\/\/biozoon.de\/shop\/wp-content\/uploads\/2021\/04\/8053_pipettes_90pieces-1-1.jpg\" \/>\n\t<meta property=\"og:image:width\" content=\"600\" \/>\n\t<meta property=\"og:image:height\" content=\"600\" \/>\n\t<meta property=\"og:image:type\" content=\"image\/jpeg\" \/>\n<meta name=\"twitter:card\" content=\"summary_large_image\" \/>\n<meta name=\"twitter:label1\" content=\"Est. reading time\" \/>\n\t<meta name=\"twitter:data1\" content=\"1 minute\" \/>\n<script type=\"application\/ld+json\" class=\"yoast-schema-graph\">{\"@context\":\"https:\/\/schema.org\",\"@graph\":[{\"@type\":\"WebPage\",\"@id\":\"https:\/\/biozoon.de\/shop\/product\/lochpipetten-90-stk-3-monatspackung\/\",\"url\":\"https:\/\/biozoon.de\/shop\/product\/lochpipetten-90-stk-3-monatspackung\/\",\"name\":\"Lochpipetten (90 St\u00fcck) - Biozoon Shop\",\"isPartOf\":{\"@id\":\"https:\/\/biozoon.de\/shop\/#website\"},\"primaryImageOfPage\":{\"@id\":\"https:\/\/biozoon.de\/shop\/product\/lochpipetten-90-stk-3-monatspackung\/#primaryimage\"},\"image\":{\"@id\":\"https:\/\/biozoon.de\/shop\/product\/lochpipetten-90-stk-3-monatspackung\/#primaryimage\"},\"thumbnailUrl\":\"https:\/\/biozoon.de\/shop\/wp-content\/uploads\/2021\/04\/8053_pipettes_90pieces-1-1.jpg\",\"datePublished\":\"2021-04-17T09:43:27+00:00\",\"dateModified\":\"2025-10-01T02:25:00+00:00\",\"description\":\"Diese Lochpipetten k\u00f6nnen als Einmal-Diffusor zur Nutzung mit dem AIR-Set eingesetzt werden - jeweils eine Lochpipette pro\",\"breadcrumb\":{\"@id\":\"https:\/\/biozoon.de\/shop\/product\/lochpipetten-90-stk-3-monatspackung\/#breadcrumb\"},\"inLanguage\":\"en-US\",\"potentialAction\":[{\"@type\":\"ReadAction\",\"target\":[\"https:\/\/biozoon.de\/shop\/product\/lochpipetten-90-stk-3-monatspackung\/\"]}]},{\"@type\":\"ImageObject\",\"inLanguage\":\"en-US\",\"@id\":\"https:\/\/biozoon.de\/shop\/product\/lochpipetten-90-stk-3-monatspackung\/#primaryimage\",\"url\":\"https:\/\/biozoon.de\/shop\/wp-content\/uploads\/2021\/04\/8053_pipettes_90pieces-1-1.jpg\",\"contentUrl\":\"https:\/\/biozoon.de\/shop\/wp-content\/uploads\/2021\/04\/8053_pipettes_90pieces-1-1.jpg\",\"width\":600,\"height\":600,\"caption\":\"Lochpipetten\"},{\"@type\":\"BreadcrumbList\",\"@id\":\"https:\/\/biozoon.de\/shop\/product\/lochpipetten-90-stk-3-monatspackung\/#breadcrumb\",\"itemListElement\":[{\"@type\":\"ListItem\",\"position\":1,\"name\":\"Home\",\"item\":\"https:\/\/biozoon.de\/shop\/\"},{\"@type\":\"ListItem\",\"position\":2,\"name\":\"Shop\",\"item\":\"https:\/\/biozoon.de\/shop\/shop\/\"},{\"@type\":\"ListItem\",\"position\":3,\"name\":\"smoothfood Produkte\",\"item\":\"https:\/\/biozoon.de\/shop\/product-category\/smoothfood-produkte\/\"},{\"@type\":\"ListItem\",\"position\":4,\"name\":\"Zubeh\u00f6r\",\"item\":\"https:\/\/biozoon.de\/shop\/product-category\/smoothfood-produkte\/zubehoer-smoothfood-produkte\/\"},{\"@type\":\"ListItem\",\"position\":5,\"name\":\"Lochpipetten (90 St\u00fcck)\"}]},{\"@type\":\"WebSite\",\"@id\":\"https:\/\/biozoon.de\/shop\/#website\",\"url\":\"https:\/\/biozoon.de\/shop\/\",\"name\":\"Biozoon Shop\",\"description\":\"\",\"potentialAction\":[{\"@type\":\"SearchAction\",\"target\":{\"@type\":\"EntryPoint\",\"urlTemplate\":\"https:\/\/biozoon.de\/shop\/?s={search_term_string}\"},\"query-input\":{\"@type\":\"PropertyValueSpecification\",\"valueRequired\":true,\"valueName\":\"search_term_string\"}}],\"inLanguage\":\"en-US\"}]}<\/script>\n<!-- \/ Yoast SEO plugin. -->","yoast_head_json":{"title":"Lochpipetten (90 St\u00fcck) - Biozoon Shop","description":"Diese Lochpipetten k\u00f6nnen als Einmal-Diffusor zur Nutzung mit dem AIR-Set eingesetzt werden - jeweils eine Lochpipette pro","robots":{"index":"index","follow":"follow","max-snippet":"max-snippet:-1","max-image-preview":"max-image-preview:large","max-video-preview":"max-video-preview:-1"},"canonical":"https:\/\/biozoon.de\/shop\/product\/lochpipetten-90-stk-3-monatspackung\/","og_locale":"en_US","og_type":"article","og_title":"Lochpipetten (90 St\u00fcck) - Biozoon Shop","og_description":"Diese Lochpipetten k\u00f6nnen als Einmal-Diffusor zur Nutzung mit dem AIR-Set eingesetzt werden - jeweils eine Lochpipette pro","og_url":"https:\/\/biozoon.de\/shop\/product\/lochpipetten-90-stk-3-monatspackung\/","og_site_name":"Biozoon Shop","article_publisher":"https:\/\/www.facebook.com\/pages\/category\/Food---Beverage\/biozoon-113514145340245\/","article_modified_time":"2025-10-01T02:25:00+00:00","og_image":[{"width":600,"height":600,"url":"https:\/\/biozoon.de\/shop\/wp-content\/uploads\/2021\/04\/8053_pipettes_90pieces-1-1.jpg","type":"image\/jpeg"}],"twitter_card":"summary_large_image","twitter_misc":{"Est. reading time":"1 minute"},"schema":{"@context":"https:\/\/schema.org","@graph":[{"@type":"WebPage","@id":"https:\/\/biozoon.de\/shop\/product\/lochpipetten-90-stk-3-monatspackung\/","url":"https:\/\/biozoon.de\/shop\/product\/lochpipetten-90-stk-3-monatspackung\/","name":"Lochpipetten (90 St\u00fcck) - Biozoon Shop","isPartOf":{"@id":"https:\/\/biozoon.de\/shop\/#website"},"primaryImageOfPage":{"@id":"https:\/\/biozoon.de\/shop\/product\/lochpipetten-90-stk-3-monatspackung\/#primaryimage"},"image":{"@id":"https:\/\/biozoon.de\/shop\/product\/lochpipetten-90-stk-3-monatspackung\/#primaryimage"},"thumbnailUrl":"https:\/\/biozoon.de\/shop\/wp-content\/uploads\/2021\/04\/8053_pipettes_90pieces-1-1.jpg","datePublished":"2021-04-17T09:43:27+00:00","dateModified":"2025-10-01T02:25:00+00:00","description":"Diese Lochpipetten k\u00f6nnen als Einmal-Diffusor zur Nutzung mit dem AIR-Set eingesetzt werden - jeweils eine Lochpipette pro","breadcrumb":{"@id":"https:\/\/biozoon.de\/shop\/product\/lochpipetten-90-stk-3-monatspackung\/#breadcrumb"},"inLanguage":"en-US","potentialAction":[{"@type":"ReadAction","target":["https:\/\/biozoon.de\/shop\/product\/lochpipetten-90-stk-3-monatspackung\/"]}]},{"@type":"ImageObject","inLanguage":"en-US","@id":"https:\/\/biozoon.de\/shop\/product\/lochpipetten-90-stk-3-monatspackung\/#primaryimage","url":"https:\/\/biozoon.de\/shop\/wp-content\/uploads\/2021\/04\/8053_pipettes_90pieces-1-1.jpg","contentUrl":"https:\/\/biozoon.de\/shop\/wp-content\/uploads\/2021\/04\/8053_pipettes_90pieces-1-1.jpg","width":600,"height":600,"caption":"Lochpipetten"},{"@type":"BreadcrumbList","@id":"https:\/\/biozoon.de\/shop\/product\/lochpipetten-90-stk-3-monatspackung\/#breadcrumb","itemListElement":[{"@type":"ListItem","position":1,"name":"Home","item":"https:\/\/biozoon.de\/shop\/"},{"@type":"ListItem","position":2,"name":"Shop","item":"https:\/\/biozoon.de\/shop\/shop\/"},{"@type":"ListItem","position":3,"name":"smoothfood Produkte","item":"https:\/\/biozoon.de\/shop\/product-category\/smoothfood-produkte\/"},{"@type":"ListItem","position":4,"name":"Zubeh\u00f6r","item":"https:\/\/biozoon.de\/shop\/product-category\/smoothfood-produkte\/zubehoer-smoothfood-produkte\/"},{"@type":"ListItem","position":5,"name":"Lochpipetten (90 St\u00fcck)"}]},{"@type":"WebSite","@id":"https:\/\/biozoon.de\/shop\/#website","url":"https:\/\/biozoon.de\/shop\/","name":"Biozoon Shop","description":"","potentialAction":[{"@type":"SearchAction","target":{"@type":"EntryPoint","urlTemplate":"https:\/\/biozoon.de\/shop\/?s={search_term_string}"},"query-input":{"@type":"PropertyValueSpecification","valueRequired":true,"valueName":"search_term_string"}}],"inLanguage":"en-US"}]}},"lang":"de","translations":{"de":312,"en":314},"pll_sync_post":[],"_links":{"self":[{"href":"https:\/\/biozoon.de\/shop\/wp-json\/wp\/v2\/product\/312","targetHints":{"allow":["GET"]}}],"collection":[{"href":"https:\/\/biozoon.de\/shop\/wp-json\/wp\/v2\/product"}],"about":[{"href":"https:\/\/biozoon.de\/shop\/wp-json\/wp\/v2\/types\/product"}],"replies":[{"embeddable":true,"href":"https:\/\/biozoon.de\/shop\/wp-json\/wp\/v2\/comments?post=312"}],"wp:featuredmedia":[{"embeddable":true,"href":"https:\/\/biozoon.de\/shop\/wp-json\/wp\/v2\/media\/424"}],"wp:attachment":[{"href":"https:\/\/biozoon.de\/shop\/wp-json\/wp\/v2\/media?parent=312"}],"wp:term":[{"taxonomy":"product_brand","embeddable":true,"href":"https:\/\/biozoon.de\/shop\/wp-json\/wp\/v2\/product_brand?post=312"},{"taxonomy":"product_cat","embeddable":true,"href":"https:\/\/biozoon.de\/shop\/wp-json\/wp\/v2\/product_cat?post=312"},{"taxonomy":"product_tag","embeddable":true,"href":"https:\/\/biozoon.de\/shop\/wp-json\/wp\/v2\/product_tag?post=312"}],"curies":[{"name":"wp","href":"https:\/\/api.w.org\/{rel}","templated":true}]}}