{"id":302,"date":"2021-04-17T08:50:20","date_gmt":"2021-04-17T08:50:20","guid":{"rendered":"https:\/\/biozoon.de\/webshop\/?post_type=product&#038;p=302"},"modified":"2025-01-15T04:57:17","modified_gmt":"2025-01-15T04:57:17","slug":"seneopro-air-set-mit-pumpe","status":"publish","type":"product","link":"https:\/\/biozoon.de\/shop\/product\/seneopro-air-set-mit-pumpe\/","title":{"rendered":"AIR-Set inkl. Pumpe"},"content":{"rendered":"<p>Das <strong><span style=\"color: #00ccff\">AIR<\/span>-Set <\/strong>enth\u00e4lt alle Artikel, die man zur Herstellung von luftigen Sch\u00e4umen ben\u00f6tigt.<\/p>\n<p>S\u00e4fte, fl\u00fcssige Extrakte oder jegliche Getr\u00e4nke k\u00f6nnen in einen feinporigen, leichten Schaum mit der Hilfe des AIR Sets \u00fcberf\u00fchrt werden.<\/p>\n<p><strong>Inhalt:<\/strong><\/p>\n<ul>\n<li>1 Membranpumpe,<\/li>\n<li>2 x 0,75 m Silikonschlauch (lebensmittelecht),<\/li>\n<li>5 Lochpipetten (lebensmittelecht),<\/li>\n<li>5 x 2g <strong><span style=\"color: #00b0f0\">AIR <\/span><em><sub>instant<\/sub><\/em> Sticks<\/strong> (<strong>Zutaten<\/strong>: Maltodextrin, Emulgator <strong>Sojalecithin<\/strong>)<\/li>\n<\/ul>\n<p>Gebrauchsanleitung.<\/p>\n<p>Inhalt eines <span style=\"color: #00b0f0\"><b>AIR<\/b><\/span><i>instant <\/i>Portions-Stick zur aufzusch\u00e4umenden Fl\u00fcssigkeit hinzuf\u00fcgen, mit einem L\u00f6ffel kurz umr\u00fchren, eine Lochpipette auf den Schlauch stecken und diesen an der Pumpe befestigen. Geben Sie die Pipette in die Fl\u00fcssigkeit, schalten Sie die Pumpe an und der Schaum entsteht, ohne dass Sie selber r\u00fchren oder mixen m\u00fcssen.<\/p>\n<p><span style=\"color: #00b0f0\"><b>AIR<\/b><\/span><i>instant<\/i> Portions-Sticks sind in den Gr\u00f6\u00dfen 50 St\u00fcck (Art.Nr. 10910) und 100 St\u00fcck (Art.Nr. 10911) erh\u00e4ltlich. Erh\u00e4ltlich in unseren Shop unter der Rubrik &#8220;Texturgeber&#8221;.<\/p>\n<p><strong>PZN: 10824363<\/strong><\/p>\n<p>mehr Produkte:<\/p>\n<p><a href=\"https:\/\/biozoon.de\/shop\/product-category\/smoothfood-produkte\/zubehoer-smoothfood-produkte\/\">smoothfood Produkte Zubeh\u00f6r<\/a><\/p>\n<p>Rezepte:<\/p>\n<p><a href=\"https:\/\/smoothfood.de\/recipe-category\/basale-stimulation-mit-air\/\" target=\"_blank\" rel=\"noopener\">Basale Stimulation mit Air<\/a><\/p>\n","protected":false},"excerpt":{"rendered":"<div class=\"logo-right\">\n<div class=\"row\">\n<div class=\"col-md-12\"><img decoding=\"async\" title=\"Air instant\" src=\"https:\/\/biozoon.de\/shop\/wp-content\/uploads\/2021\/05\/air-instant.png\" alt=\"Air instant\" \/><\/div>\n<\/div>\n<\/div>\n","protected":false},"featured_media":2671,"comment_status":"open","ping_status":"closed","template":"","meta":[],"product_brand":[],"product_cat":[205],"product_tag":[395],"class_list":{"0":"post-302","1":"product","2":"type-product","3":"status-publish","4":"has-post-thumbnail","6":"product_cat-zubehoer-smoothfood-produkte","7":"product_tag-basale-stimulation","9":"first","10":"instock","11":"taxable","12":"shipping-taxable","13":"purchasable","14":"product-type-simple","15":"add-to-wishlist-before_image"},"yoast_head":"<!-- This site is optimized with the Yoast SEO plugin v27.0 - https:\/\/yoast.com\/product\/yoast-seo-wordpress\/ -->\n<title>AIR-Set inkl. Pumpe - Biozoon Shop<\/title>\n<meta name=\"description\" content=\"AirSet - f\u00fcr den Einstieg in die basale Stimulation und Mundraumbefeuchtung. Das Set umfasst au\u00dferdem 5 Lochpipetten und 5 Sticks\" \/>\n<meta name=\"robots\" content=\"index, follow, max-snippet:-1, max-image-preview:large, max-video-preview:-1\" \/>\n<link rel=\"canonical\" href=\"https:\/\/biozoon.de\/shop\/product\/seneopro-air-set-mit-pumpe\/\" \/>\n<meta property=\"og:locale\" content=\"en_US\" \/>\n<meta property=\"og:type\" content=\"article\" \/>\n<meta property=\"og:title\" content=\"AIR-Set inkl. Pumpe - Biozoon Shop\" \/>\n<meta property=\"og:description\" content=\"AirSet - f\u00fcr den Einstieg in die basale Stimulation und Mundraumbefeuchtung. Das Set umfasst au\u00dferdem 5 Lochpipetten und 5 Sticks\" \/>\n<meta property=\"og:url\" content=\"https:\/\/biozoon.de\/shop\/product\/seneopro-air-set-mit-pumpe\/\" \/>\n<meta property=\"og:site_name\" content=\"Biozoon Shop\" \/>\n<meta property=\"article:publisher\" content=\"https:\/\/www.facebook.com\/pages\/category\/Food---Beverage\/biozoon-113514145340245\/\" \/>\n<meta property=\"article:modified_time\" content=\"2025-01-15T04:57:17+00:00\" \/>\n<meta property=\"og:image\" content=\"https:\/\/biozoon.de\/shop\/wp-content\/uploads\/2021\/04\/8050_Air-Set-1.jpg\" \/>\n\t<meta property=\"og:image:width\" content=\"600\" \/>\n\t<meta property=\"og:image:height\" content=\"600\" \/>\n\t<meta property=\"og:image:type\" content=\"image\/jpeg\" \/>\n<meta name=\"twitter:card\" content=\"summary_large_image\" \/>\n<meta name=\"twitter:label1\" content=\"Est. reading time\" \/>\n\t<meta name=\"twitter:data1\" content=\"1 minute\" \/>\n<script type=\"application\/ld+json\" class=\"yoast-schema-graph\">{\"@context\":\"https:\/\/schema.org\",\"@graph\":[{\"@type\":\"WebPage\",\"@id\":\"https:\/\/biozoon.de\/shop\/product\/seneopro-air-set-mit-pumpe\/\",\"url\":\"https:\/\/biozoon.de\/shop\/product\/seneopro-air-set-mit-pumpe\/\",\"name\":\"AIR-Set inkl. Pumpe - Biozoon Shop\",\"isPartOf\":{\"@id\":\"https:\/\/biozoon.de\/shop\/#website\"},\"primaryImageOfPage\":{\"@id\":\"https:\/\/biozoon.de\/shop\/product\/seneopro-air-set-mit-pumpe\/#primaryimage\"},\"image\":{\"@id\":\"https:\/\/biozoon.de\/shop\/product\/seneopro-air-set-mit-pumpe\/#primaryimage\"},\"thumbnailUrl\":\"https:\/\/biozoon.de\/shop\/wp-content\/uploads\/2021\/04\/8050_Air-Set-1.jpg\",\"datePublished\":\"2021-04-17T08:50:20+00:00\",\"dateModified\":\"2025-01-15T04:57:17+00:00\",\"description\":\"AirSet - f\u00fcr den Einstieg in die basale Stimulation und Mundraumbefeuchtung. Das Set umfasst au\u00dferdem 5 Lochpipetten und 5 Sticks\",\"breadcrumb\":{\"@id\":\"https:\/\/biozoon.de\/shop\/product\/seneopro-air-set-mit-pumpe\/#breadcrumb\"},\"inLanguage\":\"en-US\",\"potentialAction\":[{\"@type\":\"ReadAction\",\"target\":[\"https:\/\/biozoon.de\/shop\/product\/seneopro-air-set-mit-pumpe\/\"]}]},{\"@type\":\"ImageObject\",\"inLanguage\":\"en-US\",\"@id\":\"https:\/\/biozoon.de\/shop\/product\/seneopro-air-set-mit-pumpe\/#primaryimage\",\"url\":\"https:\/\/biozoon.de\/shop\/wp-content\/uploads\/2021\/04\/8050_Air-Set-1.jpg\",\"contentUrl\":\"https:\/\/biozoon.de\/shop\/wp-content\/uploads\/2021\/04\/8050_Air-Set-1.jpg\",\"width\":600,\"height\":600,\"caption\":\"AIR-Set inkl. Pumpe\"},{\"@type\":\"BreadcrumbList\",\"@id\":\"https:\/\/biozoon.de\/shop\/product\/seneopro-air-set-mit-pumpe\/#breadcrumb\",\"itemListElement\":[{\"@type\":\"ListItem\",\"position\":1,\"name\":\"Home\",\"item\":\"https:\/\/biozoon.de\/shop\/\"},{\"@type\":\"ListItem\",\"position\":2,\"name\":\"Shop\",\"item\":\"https:\/\/biozoon.de\/shop\/shop\/\"},{\"@type\":\"ListItem\",\"position\":3,\"name\":\"smoothfood Produkte\",\"item\":\"https:\/\/biozoon.de\/shop\/product-category\/smoothfood-produkte\/\"},{\"@type\":\"ListItem\",\"position\":4,\"name\":\"Zubeh\u00f6r\",\"item\":\"https:\/\/biozoon.de\/shop\/product-category\/smoothfood-produkte\/zubehoer-smoothfood-produkte\/\"},{\"@type\":\"ListItem\",\"position\":5,\"name\":\"AIR-Set inkl. Pumpe\"}]},{\"@type\":\"WebSite\",\"@id\":\"https:\/\/biozoon.de\/shop\/#website\",\"url\":\"https:\/\/biozoon.de\/shop\/\",\"name\":\"Biozoon Shop\",\"description\":\"\",\"potentialAction\":[{\"@type\":\"SearchAction\",\"target\":{\"@type\":\"EntryPoint\",\"urlTemplate\":\"https:\/\/biozoon.de\/shop\/?s={search_term_string}\"},\"query-input\":{\"@type\":\"PropertyValueSpecification\",\"valueRequired\":true,\"valueName\":\"search_term_string\"}}],\"inLanguage\":\"en-US\"}]}<\/script>\n<!-- \/ Yoast SEO plugin. -->","yoast_head_json":{"title":"AIR-Set inkl. Pumpe - Biozoon Shop","description":"AirSet - f\u00fcr den Einstieg in die basale Stimulation und Mundraumbefeuchtung. Das Set umfasst au\u00dferdem 5 Lochpipetten und 5 Sticks","robots":{"index":"index","follow":"follow","max-snippet":"max-snippet:-1","max-image-preview":"max-image-preview:large","max-video-preview":"max-video-preview:-1"},"canonical":"https:\/\/biozoon.de\/shop\/product\/seneopro-air-set-mit-pumpe\/","og_locale":"en_US","og_type":"article","og_title":"AIR-Set inkl. Pumpe - Biozoon Shop","og_description":"AirSet - f\u00fcr den Einstieg in die basale Stimulation und Mundraumbefeuchtung. Das Set umfasst au\u00dferdem 5 Lochpipetten und 5 Sticks","og_url":"https:\/\/biozoon.de\/shop\/product\/seneopro-air-set-mit-pumpe\/","og_site_name":"Biozoon Shop","article_publisher":"https:\/\/www.facebook.com\/pages\/category\/Food---Beverage\/biozoon-113514145340245\/","article_modified_time":"2025-01-15T04:57:17+00:00","og_image":[{"width":600,"height":600,"url":"https:\/\/biozoon.de\/shop\/wp-content\/uploads\/2021\/04\/8050_Air-Set-1.jpg","type":"image\/jpeg"}],"twitter_card":"summary_large_image","twitter_misc":{"Est. reading time":"1 minute"},"schema":{"@context":"https:\/\/schema.org","@graph":[{"@type":"WebPage","@id":"https:\/\/biozoon.de\/shop\/product\/seneopro-air-set-mit-pumpe\/","url":"https:\/\/biozoon.de\/shop\/product\/seneopro-air-set-mit-pumpe\/","name":"AIR-Set inkl. Pumpe - Biozoon Shop","isPartOf":{"@id":"https:\/\/biozoon.de\/shop\/#website"},"primaryImageOfPage":{"@id":"https:\/\/biozoon.de\/shop\/product\/seneopro-air-set-mit-pumpe\/#primaryimage"},"image":{"@id":"https:\/\/biozoon.de\/shop\/product\/seneopro-air-set-mit-pumpe\/#primaryimage"},"thumbnailUrl":"https:\/\/biozoon.de\/shop\/wp-content\/uploads\/2021\/04\/8050_Air-Set-1.jpg","datePublished":"2021-04-17T08:50:20+00:00","dateModified":"2025-01-15T04:57:17+00:00","description":"AirSet - f\u00fcr den Einstieg in die basale Stimulation und Mundraumbefeuchtung. Das Set umfasst au\u00dferdem 5 Lochpipetten und 5 Sticks","breadcrumb":{"@id":"https:\/\/biozoon.de\/shop\/product\/seneopro-air-set-mit-pumpe\/#breadcrumb"},"inLanguage":"en-US","potentialAction":[{"@type":"ReadAction","target":["https:\/\/biozoon.de\/shop\/product\/seneopro-air-set-mit-pumpe\/"]}]},{"@type":"ImageObject","inLanguage":"en-US","@id":"https:\/\/biozoon.de\/shop\/product\/seneopro-air-set-mit-pumpe\/#primaryimage","url":"https:\/\/biozoon.de\/shop\/wp-content\/uploads\/2021\/04\/8050_Air-Set-1.jpg","contentUrl":"https:\/\/biozoon.de\/shop\/wp-content\/uploads\/2021\/04\/8050_Air-Set-1.jpg","width":600,"height":600,"caption":"AIR-Set inkl. Pumpe"},{"@type":"BreadcrumbList","@id":"https:\/\/biozoon.de\/shop\/product\/seneopro-air-set-mit-pumpe\/#breadcrumb","itemListElement":[{"@type":"ListItem","position":1,"name":"Home","item":"https:\/\/biozoon.de\/shop\/"},{"@type":"ListItem","position":2,"name":"Shop","item":"https:\/\/biozoon.de\/shop\/shop\/"},{"@type":"ListItem","position":3,"name":"smoothfood Produkte","item":"https:\/\/biozoon.de\/shop\/product-category\/smoothfood-produkte\/"},{"@type":"ListItem","position":4,"name":"Zubeh\u00f6r","item":"https:\/\/biozoon.de\/shop\/product-category\/smoothfood-produkte\/zubehoer-smoothfood-produkte\/"},{"@type":"ListItem","position":5,"name":"AIR-Set inkl. Pumpe"}]},{"@type":"WebSite","@id":"https:\/\/biozoon.de\/shop\/#website","url":"https:\/\/biozoon.de\/shop\/","name":"Biozoon Shop","description":"","potentialAction":[{"@type":"SearchAction","target":{"@type":"EntryPoint","urlTemplate":"https:\/\/biozoon.de\/shop\/?s={search_term_string}"},"query-input":{"@type":"PropertyValueSpecification","valueRequired":true,"valueName":"search_term_string"}}],"inLanguage":"en-US"}]}},"lang":"de","translations":{"de":302,"en":305},"pll_sync_post":[],"_links":{"self":[{"href":"https:\/\/biozoon.de\/shop\/wp-json\/wp\/v2\/product\/302","targetHints":{"allow":["GET"]}}],"collection":[{"href":"https:\/\/biozoon.de\/shop\/wp-json\/wp\/v2\/product"}],"about":[{"href":"https:\/\/biozoon.de\/shop\/wp-json\/wp\/v2\/types\/product"}],"replies":[{"embeddable":true,"href":"https:\/\/biozoon.de\/shop\/wp-json\/wp\/v2\/comments?post=302"}],"wp:featuredmedia":[{"embeddable":true,"href":"https:\/\/biozoon.de\/shop\/wp-json\/wp\/v2\/media\/2671"}],"wp:attachment":[{"href":"https:\/\/biozoon.de\/shop\/wp-json\/wp\/v2\/media?parent=302"}],"wp:term":[{"taxonomy":"product_brand","embeddable":true,"href":"https:\/\/biozoon.de\/shop\/wp-json\/wp\/v2\/product_brand?post=302"},{"taxonomy":"product_cat","embeddable":true,"href":"https:\/\/biozoon.de\/shop\/wp-json\/wp\/v2\/product_cat?post=302"},{"taxonomy":"product_tag","embeddable":true,"href":"https:\/\/biozoon.de\/shop\/wp-json\/wp\/v2\/product_tag?post=302"}],"curies":[{"name":"wp","href":"https:\/\/api.w.org\/{rel}","templated":true}]}}