{"id":296,"date":"2021-04-17T08:19:38","date_gmt":"2021-04-17T08:19:38","guid":{"rendered":"https:\/\/biozoon.de\/webshop\/?post_type=product&#038;p=296"},"modified":"2026-04-18T04:44:25","modified_gmt":"2026-04-18T04:44:25","slug":"neu-smoothfood-silikonform-reis-mit-deckel","status":"publish","type":"product","link":"https:\/\/biozoon.de\/shop\/product\/neu-smoothfood-silikonform-reis-mit-deckel\/","title":{"rendered":"smoothfood Form Reis mit Deckel (5 Nutzen \u00e0 45g)"},"content":{"rendered":"<p>Smoothfood Silikonform Reis mit Deckel:<\/p>\n<p><strong>Smoothfood Silikonformen<\/strong><\/p>\n<ul>\n<li>Aus 100 % lebensmittelechtem Silikon mit Anti-Haft Beschichtung<\/li>\n<li>5 Portionen \u00e1 45 g<\/li>\n<li>Sp\u00fclmaschinengeeignet<\/li>\n<li>Hitzebest\u00e4ndig bis 230 Grad<\/li>\n<li>Gefrierbest\u00e4ndig bis &#8211; 40 Grad<\/li>\n<li><strong>Mit Deckel zur Vermeidung von Gefrierbrand und Hautbildung<\/strong><\/li>\n<\/ul>\n<p><strong>P\u00fcrierte und passierte Kost genie\u00dfen:<\/strong><\/p>\n<ul>\n<li>attraktive Mahlzeitenpr\u00e4sentation<\/li>\n<li>Mahlzeiten auf Vorrat produzierbar<\/li>\n<li>N\u00e4hrstoffanreicherung m\u00f6glich<\/li>\n<li>geringe Produktionskosten<\/li>\n<li>einfaches Handling<\/li>\n<li>Verbesserung der Lebensqualit\u00e4t<\/li>\n<\/ul>\n<p>mehr Produkte:<\/p>\n<p><a href=\"https:\/\/biozoon.de\/shop\/product-category\/smoothfood-produkte\/zubehoer-smoothfood-produkte\/\">smoothfood Produkte Zubeh\u00f6r<\/a><\/p>\n","protected":false},"excerpt":{"rendered":"<p>Smoothfood Silikonform Reis mit Deckel: Smoothfood Silikonformen Aus 100 % lebensmittelechtem Silikon mit Anti-Haft Beschichtung 5 Portionen \u00e1 45 g Sp\u00fclmaschinengeeignet Hitzebest\u00e4ndig bis 230 Grad Gefrierbest\u00e4ndig bis &#8211; 40 Grad Mit Deckel zur Vermeidung von Gefrierbrand und Hautbildung P\u00fcrierte und passierte Kost genie\u00dfen: attraktive Mahlzeitenpr\u00e4sentation Mahlzeiten auf Vorrat produzierbar N\u00e4hrstoffanreicherung m\u00f6glich geringe Produktionskosten einfaches Handling [&hellip;]<\/p>\n","protected":false},"featured_media":702,"comment_status":"open","ping_status":"closed","template":"","meta":[],"product_brand":[],"product_cat":[521,205],"product_tag":[483,437],"class_list":{"0":"post-296","1":"product","2":"type-product","3":"status-publish","4":"has-post-thumbnail","6":"product_cat-smoothfood-produkte-neue-artikel","7":"product_cat-zubehoer-smoothfood-produkte","8":"product_tag-molekulare-texturgeber-zubehoer","9":"product_tag-silikonformen-fuer-die-puerierte-kost","11":"first","12":"instock","13":"taxable","14":"shipping-taxable","15":"purchasable","16":"product-type-simple","17":"add-to-wishlist-before_image"},"yoast_head":"<!-- This site is optimized with the Yoast SEO plugin v27.3 - https:\/\/yoast.com\/product\/yoast-seo-wordpress\/ -->\n<title>smoothfood Form Reis mit Deckel (5 Nutzen \u00e0 45g) - Biozoon Shop<\/title>\n<meta name=\"description\" content=\"Endlich eine Alternative zum Kartoffelp\u00fcree - die neue smoothfood Silikonform Reis f\u00fcr ihre p\u00fcrierte\/passierte Kost\" \/>\n<meta name=\"robots\" content=\"index, follow, max-snippet:-1, max-image-preview:large, max-video-preview:-1\" \/>\n<link rel=\"canonical\" href=\"https:\/\/biozoon.de\/shop\/product\/neu-smoothfood-silikonform-reis-mit-deckel\/\" \/>\n<meta property=\"og:locale\" content=\"en_US\" \/>\n<meta property=\"og:type\" content=\"article\" \/>\n<meta property=\"og:title\" content=\"smoothfood Form Reis mit Deckel (5 Nutzen \u00e0 45g) - Biozoon Shop\" \/>\n<meta property=\"og:description\" content=\"Endlich eine Alternative zum Kartoffelp\u00fcree - die neue smoothfood Silikonform Reis f\u00fcr ihre p\u00fcrierte\/passierte Kost\" \/>\n<meta property=\"og:url\" content=\"https:\/\/biozoon.de\/shop\/product\/neu-smoothfood-silikonform-reis-mit-deckel\/\" \/>\n<meta property=\"og:site_name\" content=\"Biozoon Shop\" \/>\n<meta property=\"article:publisher\" content=\"https:\/\/www.facebook.com\/pages\/category\/Food---Beverage\/biozoon-113514145340245\/\" \/>\n<meta property=\"article:modified_time\" content=\"2026-04-18T04:44:25+00:00\" \/>\n<meta property=\"og:image\" content=\"https:\/\/biozoon.de\/shop\/wp-content\/uploads\/2021\/04\/Neu-Smoothfood-Silikonform-Reis-mit-Deckel.jpg\" \/>\n\t<meta property=\"og:image:width\" content=\"600\" \/>\n\t<meta property=\"og:image:height\" content=\"600\" \/>\n\t<meta property=\"og:image:type\" content=\"image\/jpeg\" \/>\n<meta name=\"twitter:card\" content=\"summary_large_image\" \/>\n<meta name=\"twitter:label1\" content=\"Est. reading time\" \/>\n\t<meta name=\"twitter:data1\" content=\"1 minute\" \/>\n<script type=\"application\/ld+json\" class=\"yoast-schema-graph\">{\"@context\":\"https:\\\/\\\/schema.org\",\"@graph\":[{\"@type\":\"WebPage\",\"@id\":\"https:\\\/\\\/biozoon.de\\\/shop\\\/product\\\/neu-smoothfood-silikonform-reis-mit-deckel\\\/\",\"url\":\"https:\\\/\\\/biozoon.de\\\/shop\\\/product\\\/neu-smoothfood-silikonform-reis-mit-deckel\\\/\",\"name\":\"smoothfood Form Reis mit Deckel (5 Nutzen \u00e0 45g) - Biozoon Shop\",\"isPartOf\":{\"@id\":\"https:\\\/\\\/biozoon.de\\\/shop\\\/#website\"},\"primaryImageOfPage\":{\"@id\":\"https:\\\/\\\/biozoon.de\\\/shop\\\/product\\\/neu-smoothfood-silikonform-reis-mit-deckel\\\/#primaryimage\"},\"image\":{\"@id\":\"https:\\\/\\\/biozoon.de\\\/shop\\\/product\\\/neu-smoothfood-silikonform-reis-mit-deckel\\\/#primaryimage\"},\"thumbnailUrl\":\"https:\\\/\\\/biozoon.de\\\/shop\\\/wp-content\\\/uploads\\\/2021\\\/04\\\/Neu-Smoothfood-Silikonform-Reis-mit-Deckel.jpg\",\"datePublished\":\"2021-04-17T08:19:38+00:00\",\"dateModified\":\"2026-04-18T04:44:25+00:00\",\"description\":\"Endlich eine Alternative zum Kartoffelp\u00fcree - die neue smoothfood Silikonform Reis f\u00fcr ihre p\u00fcrierte\\\/passierte Kost\",\"breadcrumb\":{\"@id\":\"https:\\\/\\\/biozoon.de\\\/shop\\\/product\\\/neu-smoothfood-silikonform-reis-mit-deckel\\\/#breadcrumb\"},\"inLanguage\":\"en-US\",\"potentialAction\":[{\"@type\":\"ReadAction\",\"target\":[\"https:\\\/\\\/biozoon.de\\\/shop\\\/product\\\/neu-smoothfood-silikonform-reis-mit-deckel\\\/\"]}]},{\"@type\":\"ImageObject\",\"inLanguage\":\"en-US\",\"@id\":\"https:\\\/\\\/biozoon.de\\\/shop\\\/product\\\/neu-smoothfood-silikonform-reis-mit-deckel\\\/#primaryimage\",\"url\":\"https:\\\/\\\/biozoon.de\\\/shop\\\/wp-content\\\/uploads\\\/2021\\\/04\\\/Neu-Smoothfood-Silikonform-Reis-mit-Deckel.jpg\",\"contentUrl\":\"https:\\\/\\\/biozoon.de\\\/shop\\\/wp-content\\\/uploads\\\/2021\\\/04\\\/Neu-Smoothfood-Silikonform-Reis-mit-Deckel.jpg\",\"width\":600,\"height\":600,\"caption\":\"Smoothfood Silikonform Reis mit Deckel\"},{\"@type\":\"BreadcrumbList\",\"@id\":\"https:\\\/\\\/biozoon.de\\\/shop\\\/product\\\/neu-smoothfood-silikonform-reis-mit-deckel\\\/#breadcrumb\",\"itemListElement\":[{\"@type\":\"ListItem\",\"position\":1,\"name\":\"Home\",\"item\":\"https:\\\/\\\/biozoon.de\\\/shop\\\/\"},{\"@type\":\"ListItem\",\"position\":2,\"name\":\"Shop\",\"item\":\"https:\\\/\\\/biozoon.de\\\/shop\\\/shop\\\/\"},{\"@type\":\"ListItem\",\"position\":3,\"name\":\"Neue Artikel\",\"item\":\"https:\\\/\\\/biozoon.de\\\/shop\\\/product-category\\\/neue-artikel\\\/\"},{\"@type\":\"ListItem\",\"position\":4,\"name\":\"smoothfood Produkte\",\"item\":\"https:\\\/\\\/biozoon.de\\\/shop\\\/product-category\\\/neue-artikel\\\/smoothfood-produkte-neue-artikel\\\/\"},{\"@type\":\"ListItem\",\"position\":5,\"name\":\"smoothfood Form Reis mit Deckel (5 Nutzen \u00e0 45g)\"}]},{\"@type\":\"WebSite\",\"@id\":\"https:\\\/\\\/biozoon.de\\\/shop\\\/#website\",\"url\":\"https:\\\/\\\/biozoon.de\\\/shop\\\/\",\"name\":\"Biozoon Shop\",\"description\":\"\",\"potentialAction\":[{\"@type\":\"SearchAction\",\"target\":{\"@type\":\"EntryPoint\",\"urlTemplate\":\"https:\\\/\\\/biozoon.de\\\/shop\\\/?s={search_term_string}\"},\"query-input\":{\"@type\":\"PropertyValueSpecification\",\"valueRequired\":true,\"valueName\":\"search_term_string\"}}],\"inLanguage\":\"en-US\"}]}<\/script>\n<!-- \/ Yoast SEO plugin. -->","yoast_head_json":{"title":"smoothfood Form Reis mit Deckel (5 Nutzen \u00e0 45g) - Biozoon Shop","description":"Endlich eine Alternative zum Kartoffelp\u00fcree - die neue smoothfood Silikonform Reis f\u00fcr ihre p\u00fcrierte\/passierte Kost","robots":{"index":"index","follow":"follow","max-snippet":"max-snippet:-1","max-image-preview":"max-image-preview:large","max-video-preview":"max-video-preview:-1"},"canonical":"https:\/\/biozoon.de\/shop\/product\/neu-smoothfood-silikonform-reis-mit-deckel\/","og_locale":"en_US","og_type":"article","og_title":"smoothfood Form Reis mit Deckel (5 Nutzen \u00e0 45g) - Biozoon Shop","og_description":"Endlich eine Alternative zum Kartoffelp\u00fcree - die neue smoothfood Silikonform Reis f\u00fcr ihre p\u00fcrierte\/passierte Kost","og_url":"https:\/\/biozoon.de\/shop\/product\/neu-smoothfood-silikonform-reis-mit-deckel\/","og_site_name":"Biozoon Shop","article_publisher":"https:\/\/www.facebook.com\/pages\/category\/Food---Beverage\/biozoon-113514145340245\/","article_modified_time":"2026-04-18T04:44:25+00:00","og_image":[{"width":600,"height":600,"url":"https:\/\/biozoon.de\/shop\/wp-content\/uploads\/2021\/04\/Neu-Smoothfood-Silikonform-Reis-mit-Deckel.jpg","type":"image\/jpeg"}],"twitter_card":"summary_large_image","twitter_misc":{"Est. reading time":"1 minute"},"schema":{"@context":"https:\/\/schema.org","@graph":[{"@type":"WebPage","@id":"https:\/\/biozoon.de\/shop\/product\/neu-smoothfood-silikonform-reis-mit-deckel\/","url":"https:\/\/biozoon.de\/shop\/product\/neu-smoothfood-silikonform-reis-mit-deckel\/","name":"smoothfood Form Reis mit Deckel (5 Nutzen \u00e0 45g) - Biozoon Shop","isPartOf":{"@id":"https:\/\/biozoon.de\/shop\/#website"},"primaryImageOfPage":{"@id":"https:\/\/biozoon.de\/shop\/product\/neu-smoothfood-silikonform-reis-mit-deckel\/#primaryimage"},"image":{"@id":"https:\/\/biozoon.de\/shop\/product\/neu-smoothfood-silikonform-reis-mit-deckel\/#primaryimage"},"thumbnailUrl":"https:\/\/biozoon.de\/shop\/wp-content\/uploads\/2021\/04\/Neu-Smoothfood-Silikonform-Reis-mit-Deckel.jpg","datePublished":"2021-04-17T08:19:38+00:00","dateModified":"2026-04-18T04:44:25+00:00","description":"Endlich eine Alternative zum Kartoffelp\u00fcree - die neue smoothfood Silikonform Reis f\u00fcr ihre p\u00fcrierte\/passierte Kost","breadcrumb":{"@id":"https:\/\/biozoon.de\/shop\/product\/neu-smoothfood-silikonform-reis-mit-deckel\/#breadcrumb"},"inLanguage":"en-US","potentialAction":[{"@type":"ReadAction","target":["https:\/\/biozoon.de\/shop\/product\/neu-smoothfood-silikonform-reis-mit-deckel\/"]}]},{"@type":"ImageObject","inLanguage":"en-US","@id":"https:\/\/biozoon.de\/shop\/product\/neu-smoothfood-silikonform-reis-mit-deckel\/#primaryimage","url":"https:\/\/biozoon.de\/shop\/wp-content\/uploads\/2021\/04\/Neu-Smoothfood-Silikonform-Reis-mit-Deckel.jpg","contentUrl":"https:\/\/biozoon.de\/shop\/wp-content\/uploads\/2021\/04\/Neu-Smoothfood-Silikonform-Reis-mit-Deckel.jpg","width":600,"height":600,"caption":"Smoothfood Silikonform Reis mit Deckel"},{"@type":"BreadcrumbList","@id":"https:\/\/biozoon.de\/shop\/product\/neu-smoothfood-silikonform-reis-mit-deckel\/#breadcrumb","itemListElement":[{"@type":"ListItem","position":1,"name":"Home","item":"https:\/\/biozoon.de\/shop\/"},{"@type":"ListItem","position":2,"name":"Shop","item":"https:\/\/biozoon.de\/shop\/shop\/"},{"@type":"ListItem","position":3,"name":"Neue Artikel","item":"https:\/\/biozoon.de\/shop\/product-category\/neue-artikel\/"},{"@type":"ListItem","position":4,"name":"smoothfood Produkte","item":"https:\/\/biozoon.de\/shop\/product-category\/neue-artikel\/smoothfood-produkte-neue-artikel\/"},{"@type":"ListItem","position":5,"name":"smoothfood Form Reis mit Deckel (5 Nutzen \u00e0 45g)"}]},{"@type":"WebSite","@id":"https:\/\/biozoon.de\/shop\/#website","url":"https:\/\/biozoon.de\/shop\/","name":"Biozoon Shop","description":"","potentialAction":[{"@type":"SearchAction","target":{"@type":"EntryPoint","urlTemplate":"https:\/\/biozoon.de\/shop\/?s={search_term_string}"},"query-input":{"@type":"PropertyValueSpecification","valueRequired":true,"valueName":"search_term_string"}}],"inLanguage":"en-US"}]}},"lang":"de","translations":{"de":296,"en":298},"pll_sync_post":[],"_links":{"self":[{"href":"https:\/\/biozoon.de\/shop\/wp-json\/wp\/v2\/product\/296","targetHints":{"allow":["GET"]}}],"collection":[{"href":"https:\/\/biozoon.de\/shop\/wp-json\/wp\/v2\/product"}],"about":[{"href":"https:\/\/biozoon.de\/shop\/wp-json\/wp\/v2\/types\/product"}],"replies":[{"embeddable":true,"href":"https:\/\/biozoon.de\/shop\/wp-json\/wp\/v2\/comments?post=296"}],"wp:featuredmedia":[{"embeddable":true,"href":"https:\/\/biozoon.de\/shop\/wp-json\/wp\/v2\/media\/702"}],"wp:attachment":[{"href":"https:\/\/biozoon.de\/shop\/wp-json\/wp\/v2\/media?parent=296"}],"wp:term":[{"taxonomy":"product_brand","embeddable":true,"href":"https:\/\/biozoon.de\/shop\/wp-json\/wp\/v2\/product_brand?post=296"},{"taxonomy":"product_cat","embeddable":true,"href":"https:\/\/biozoon.de\/shop\/wp-json\/wp\/v2\/product_cat?post=296"},{"taxonomy":"product_tag","embeddable":true,"href":"https:\/\/biozoon.de\/shop\/wp-json\/wp\/v2\/product_tag?post=296"}],"curies":[{"name":"wp","href":"https:\/\/api.w.org\/{rel}","templated":true}]}}