{"id":293,"date":"2021-04-17T08:11:36","date_gmt":"2021-04-17T08:11:36","guid":{"rendered":"https:\/\/biozoon.de\/webshop\/?post_type=product&#038;p=293"},"modified":"2023-04-16T07:47:36","modified_gmt":"2023-04-16T07:47:36","slug":"protein-plus-1200g","status":"publish","type":"product","link":"https:\/\/biozoon.de\/shop\/product\/protein-plus-1200g\/","title":{"rendered":"PROTEINplus 1,2 kg Eimer"},"content":{"rendered":"<p><b><em><span style=\"color: #ff0000;\">PROTEIN<\/span><\/em><span style=\"color: #808080;\">plus <\/span><\/b><span style=\"color: #000000;\">im 1,2kg Eimer<\/span><\/p>\n<p>Hochwertiges, instantisiertes Molkenproteinisolat f\u00fcr die Eiwei\u00dfanreicherung von Speisen &amp; Getr\u00e4nken.<\/p>\n<p><strong>Zutaten<\/strong>: <strong>Molkenproteinisolat<\/strong> (max. 1% Laktose), Emulgator <strong>Soja Lecithin<\/strong><\/p>\n<p><strong>Eigenschaften und Anwendung<\/strong><\/p>\n<p><strong>Proteine<\/strong> kommen insbesondere bei der Bek\u00e4mpfung von Mangelern\u00e4hrung zum Einsatz. Diese ist definiert als Mangel an Energie, Protein oder anderen N\u00e4hrstoffen und f\u00fchrt zu messbaren Ver\u00e4nderungen der K\u00f6rperfunktion \u2013 ist aber durch Ern\u00e4hrungstherapie behandelbar.<\/p>\n<p>Man unterscheidet dabei zwischen quantitativer Mangelern\u00e4hrung, bei der der tats\u00e4chliche Energiebedarf des Betroffenen nicht gedeckt wird. Hier kommen zur Vorbeugung in erster Linie <strong>Maltodextrine<\/strong> wie unser <strong>MALTOplus<\/strong> zum Einsatz. Die andere Form ist die sog. qualitative Mangelern\u00e4hrung. Dabei handelt es sich um einen Mangel an <strong>Proteinen<\/strong> und anderen N\u00e4hrstoffen &#8211; insbesondere der Mangel von <strong>Proteinen<\/strong> f\u00fchrt zum Abbau von Muskelmasse was nicht nur Auswirkung auf die Beweglichkeit, sondern auch auf die Atmung oder die Verdauung haben kann. Denn auch die inneren Organe ben\u00f6tigen eine kr\u00e4ftige Muskulatur.<\/p>\n<p><strong>PROTEINplus<\/strong> ist ein Molkenproteinisolat mit einen Proteingehalt von ca. 85%. Das <strong>Protein<\/strong> zeichnet sich durch eine sehr gute biologische Verf\u00fcgbarkeit aus. Es ist geschmacksneutral und hervorragend l\u00f6slich \u2013 sowohl in kalten als auch in warmen Speisen.<\/p>\n<p>Zusammen mit dem <strong>Maltodextrin<\/strong> <strong>MALTOplus<\/strong> bildet das <strong>PROTEINplus<\/strong> <strong>Protein<\/strong> die ideale Erg\u00e4nzung im Rahmen des Ern\u00e4hrungskonzeptes <strong>smoothfood<\/strong>, welche sich an Menschen mit <strong>Kau- und Schluckst\u00f6rungen (Dysphagie)<\/strong> richtet. <strong>Smoothfood<\/strong> erm\u00f6glicht durch den Einsatz modernster <strong>Andickungsmittel\u00a0 <\/strong>und <strong>Verdickungsmittel, <\/strong>das das Essen f\u00fcr die Betroffenen von<strong> Kau- und Schluckst\u00f6rungen (Dysphagie) <\/strong>optimal den Bed\u00fcrfnissen angepasst werden k\u00f6nnen.<\/p>\n<p><strong>Anwendung: <\/strong><\/p>\n<p>Die t\u00e4gliche Gesamtmenge <strong><em>PROTEIN<\/em>plus<\/strong> richtet sich nach dem individuellen Proteinbedarf des Betroffenen und der g\u00fcltigen Di\u00e4tvorschrift.<\/p>\n<p>Je nach Eiwei\u00dfbedarf in kalte und\/oder warme Speisen und Getr\u00e4nke einr\u00fchren. Ein geh\u00e4ufter Essl\u00f6ffel (ca. 5g) entspricht ca. 4,3g hochwertigem Eiwei\u00df.<\/p>\n<p><strong>Durchschnittliche N\u00e4hrwertangaben<\/strong> <strong>pro 100g:<\/strong><\/p>\n<table>\n<tbody>\n<tr>\n<td width=\"307\">Brennwert kJ \/ kcal<\/td>\n<td width=\"307\">1514kJ \/357kcal<\/td>\n<\/tr>\n<tr>\n<td width=\"307\">Eiwei\u00df (g)<\/td>\n<td width=\"307\">85,4<\/td>\n<\/tr>\n<tr>\n<td width=\"307\">Kohlenhydrate (g)<\/td>\n<td width=\"307\">&lt;0,5<\/td>\n<\/tr>\n<tr>\n<td width=\"307\">davon Zucker (g)<\/td>\n<td width=\"307\">&lt;0,5<\/td>\n<\/tr>\n<tr>\n<td width=\"307\">Fett (g)<\/td>\n<td width=\"307\">1,6<\/td>\n<\/tr>\n<tr>\n<td width=\"307\">davon ges\u00e4ttigte Fetts\u00e4uren (g)<\/td>\n<td width=\"307\">1<\/td>\n<\/tr>\n<tr>\n<td width=\"307\">Ballaststoffe (g)<\/td>\n<td width=\"307\">0<\/td>\n<\/tr>\n<tr>\n<td width=\"307\">Salz (g)<\/td>\n<td width=\"307\">1,3<\/td>\n<\/tr>\n<\/tbody>\n<\/table>\n<p><strong>PZN: 10782297<\/strong><\/p>\n<p>&nbsp;<\/p>\n<div>\n<p>mehr Produkte:<\/p>\n<p><a href=\"https:\/\/biozoon.de\/shop\/product-category\/smoothfood-produkte\/texturgeber-smoothfood-produkte\/\">smoothfood Produkte Texturgeber<\/a><\/p>\n<\/div>\n","protected":false},"excerpt":{"rendered":"<div class=\"logo-right\" style=\"margin-top: 10px;\">\n<div class=\"row\">\n<div class=\"col-md-12\"><img loading=\"lazy\" decoding=\"async\" class=\"alignnone size-full wp-image-1426\" src=\"https:\/\/biozoon.de\/shop\/wp-content\/uploads\/2021\/05\/Logo-Protein-Plus.png\" alt=\"\" width=\"422\" height=\"109\" srcset=\"https:\/\/biozoon.de\/shop\/wp-content\/uploads\/2021\/05\/Logo-Protein-Plus.png 422w, https:\/\/biozoon.de\/shop\/wp-content\/uploads\/2021\/05\/Logo-Protein-Plus-246x64.png 246w\" sizes=\"auto, (max-width: 422px) 100vw, 422px\" \/><\/div>\n<\/div>\n<\/div>\n","protected":false},"featured_media":294,"comment_status":"open","ping_status":"closed","template":"","meta":[],"product_brand":[],"product_cat":[201],"product_tag":[428],"class_list":{"0":"post-293","1":"product","2":"type-product","3":"status-publish","4":"has-post-thumbnail","6":"product_cat-texturgeber-smoothfood-produkte","7":"product_tag-anreicherung","9":"first","10":"instock","11":"taxable","12":"shipping-taxable","13":"product-type-simple","14":"add-to-wishlist-before_image"},"yoast_head":"<!-- This site is optimized with the Yoast SEO plugin v27.3 - https:\/\/yoast.com\/product\/yoast-seo-wordpress\/ -->\n<title>PROTEINplus 1,2 kg Eimer - Biozoon Shop<\/title>\n<meta name=\"description\" content=\"PROTEINplus - Hochwertiges, instantisiertes Molkenproteinisolat f\u00fcr die Eiwei\u00dfanreicherung von Speisen &amp; Getr\u00e4nken bei Mangelern\u00e4hrung\" \/>\n<meta name=\"robots\" content=\"index, follow, max-snippet:-1, max-image-preview:large, max-video-preview:-1\" \/>\n<link rel=\"canonical\" href=\"https:\/\/biozoon.de\/shop\/product\/protein-plus-1200g\/\" \/>\n<meta property=\"og:locale\" content=\"en_US\" \/>\n<meta property=\"og:type\" content=\"article\" \/>\n<meta property=\"og:title\" content=\"PROTEINplus 1,2 kg Eimer - Biozoon Shop\" \/>\n<meta property=\"og:description\" content=\"PROTEINplus - Hochwertiges, instantisiertes Molkenproteinisolat f\u00fcr die Eiwei\u00dfanreicherung von Speisen &amp; Getr\u00e4nken bei Mangelern\u00e4hrung\" \/>\n<meta property=\"og:url\" content=\"https:\/\/biozoon.de\/shop\/product\/protein-plus-1200g\/\" \/>\n<meta property=\"og:site_name\" content=\"Biozoon Shop\" \/>\n<meta property=\"article:publisher\" content=\"https:\/\/www.facebook.com\/pages\/category\/Food---Beverage\/biozoon-113514145340245\/\" \/>\n<meta property=\"article:modified_time\" content=\"2023-04-16T07:47:36+00:00\" \/>\n<meta property=\"og:image\" content=\"https:\/\/biozoon.de\/shop\/wp-content\/uploads\/2021\/04\/6052_Protein-plus-12kg_web.jpg\" \/>\n\t<meta property=\"og:image:width\" content=\"600\" \/>\n\t<meta property=\"og:image:height\" content=\"600\" \/>\n\t<meta property=\"og:image:type\" content=\"image\/jpeg\" \/>\n<meta name=\"twitter:card\" content=\"summary_large_image\" \/>\n<meta name=\"twitter:label1\" content=\"Est. reading time\" \/>\n\t<meta name=\"twitter:data1\" content=\"2 minutes\" \/>\n<script type=\"application\/ld+json\" class=\"yoast-schema-graph\">{\"@context\":\"https:\\\/\\\/schema.org\",\"@graph\":[{\"@type\":\"WebPage\",\"@id\":\"https:\\\/\\\/biozoon.de\\\/shop\\\/product\\\/protein-plus-1200g\\\/\",\"url\":\"https:\\\/\\\/biozoon.de\\\/shop\\\/product\\\/protein-plus-1200g\\\/\",\"name\":\"PROTEINplus 1,2 kg Eimer - Biozoon Shop\",\"isPartOf\":{\"@id\":\"https:\\\/\\\/biozoon.de\\\/shop\\\/#website\"},\"primaryImageOfPage\":{\"@id\":\"https:\\\/\\\/biozoon.de\\\/shop\\\/product\\\/protein-plus-1200g\\\/#primaryimage\"},\"image\":{\"@id\":\"https:\\\/\\\/biozoon.de\\\/shop\\\/product\\\/protein-plus-1200g\\\/#primaryimage\"},\"thumbnailUrl\":\"https:\\\/\\\/biozoon.de\\\/shop\\\/wp-content\\\/uploads\\\/2021\\\/04\\\/6052_Protein-plus-12kg_web.jpg\",\"datePublished\":\"2021-04-17T08:11:36+00:00\",\"dateModified\":\"2023-04-16T07:47:36+00:00\",\"description\":\"PROTEINplus - Hochwertiges, instantisiertes Molkenproteinisolat f\u00fcr die Eiwei\u00dfanreicherung von Speisen & Getr\u00e4nken bei Mangelern\u00e4hrung\",\"breadcrumb\":{\"@id\":\"https:\\\/\\\/biozoon.de\\\/shop\\\/product\\\/protein-plus-1200g\\\/#breadcrumb\"},\"inLanguage\":\"en-US\",\"potentialAction\":[{\"@type\":\"ReadAction\",\"target\":[\"https:\\\/\\\/biozoon.de\\\/shop\\\/product\\\/protein-plus-1200g\\\/\"]}]},{\"@type\":\"ImageObject\",\"inLanguage\":\"en-US\",\"@id\":\"https:\\\/\\\/biozoon.de\\\/shop\\\/product\\\/protein-plus-1200g\\\/#primaryimage\",\"url\":\"https:\\\/\\\/biozoon.de\\\/shop\\\/wp-content\\\/uploads\\\/2021\\\/04\\\/6052_Protein-plus-12kg_web.jpg\",\"contentUrl\":\"https:\\\/\\\/biozoon.de\\\/shop\\\/wp-content\\\/uploads\\\/2021\\\/04\\\/6052_Protein-plus-12kg_web.jpg\",\"width\":600,\"height\":600,\"caption\":\"PROTEINplus 1,2 kg Eimer\"},{\"@type\":\"BreadcrumbList\",\"@id\":\"https:\\\/\\\/biozoon.de\\\/shop\\\/product\\\/protein-plus-1200g\\\/#breadcrumb\",\"itemListElement\":[{\"@type\":\"ListItem\",\"position\":1,\"name\":\"Home\",\"item\":\"https:\\\/\\\/biozoon.de\\\/shop\\\/\"},{\"@type\":\"ListItem\",\"position\":2,\"name\":\"Shop\",\"item\":\"https:\\\/\\\/biozoon.de\\\/shop\\\/shop\\\/\"},{\"@type\":\"ListItem\",\"position\":3,\"name\":\"smoothfood Produkte\",\"item\":\"https:\\\/\\\/biozoon.de\\\/shop\\\/product-category\\\/smoothfood-produkte\\\/\"},{\"@type\":\"ListItem\",\"position\":4,\"name\":\"Texturgeber\",\"item\":\"https:\\\/\\\/biozoon.de\\\/shop\\\/product-category\\\/smoothfood-produkte\\\/texturgeber-smoothfood-produkte\\\/\"},{\"@type\":\"ListItem\",\"position\":5,\"name\":\"PROTEINplus 1,2 kg Eimer\"}]},{\"@type\":\"WebSite\",\"@id\":\"https:\\\/\\\/biozoon.de\\\/shop\\\/#website\",\"url\":\"https:\\\/\\\/biozoon.de\\\/shop\\\/\",\"name\":\"Biozoon Shop\",\"description\":\"\",\"potentialAction\":[{\"@type\":\"SearchAction\",\"target\":{\"@type\":\"EntryPoint\",\"urlTemplate\":\"https:\\\/\\\/biozoon.de\\\/shop\\\/?s={search_term_string}\"},\"query-input\":{\"@type\":\"PropertyValueSpecification\",\"valueRequired\":true,\"valueName\":\"search_term_string\"}}],\"inLanguage\":\"en-US\"}]}<\/script>\n<!-- \/ Yoast SEO plugin. -->","yoast_head_json":{"title":"PROTEINplus 1,2 kg Eimer - Biozoon Shop","description":"PROTEINplus - Hochwertiges, instantisiertes Molkenproteinisolat f\u00fcr die Eiwei\u00dfanreicherung von Speisen & Getr\u00e4nken bei Mangelern\u00e4hrung","robots":{"index":"index","follow":"follow","max-snippet":"max-snippet:-1","max-image-preview":"max-image-preview:large","max-video-preview":"max-video-preview:-1"},"canonical":"https:\/\/biozoon.de\/shop\/product\/protein-plus-1200g\/","og_locale":"en_US","og_type":"article","og_title":"PROTEINplus 1,2 kg Eimer - Biozoon Shop","og_description":"PROTEINplus - Hochwertiges, instantisiertes Molkenproteinisolat f\u00fcr die Eiwei\u00dfanreicherung von Speisen & Getr\u00e4nken bei Mangelern\u00e4hrung","og_url":"https:\/\/biozoon.de\/shop\/product\/protein-plus-1200g\/","og_site_name":"Biozoon Shop","article_publisher":"https:\/\/www.facebook.com\/pages\/category\/Food---Beverage\/biozoon-113514145340245\/","article_modified_time":"2023-04-16T07:47:36+00:00","og_image":[{"width":600,"height":600,"url":"https:\/\/biozoon.de\/shop\/wp-content\/uploads\/2021\/04\/6052_Protein-plus-12kg_web.jpg","type":"image\/jpeg"}],"twitter_card":"summary_large_image","twitter_misc":{"Est. reading time":"2 minutes"},"schema":{"@context":"https:\/\/schema.org","@graph":[{"@type":"WebPage","@id":"https:\/\/biozoon.de\/shop\/product\/protein-plus-1200g\/","url":"https:\/\/biozoon.de\/shop\/product\/protein-plus-1200g\/","name":"PROTEINplus 1,2 kg Eimer - Biozoon Shop","isPartOf":{"@id":"https:\/\/biozoon.de\/shop\/#website"},"primaryImageOfPage":{"@id":"https:\/\/biozoon.de\/shop\/product\/protein-plus-1200g\/#primaryimage"},"image":{"@id":"https:\/\/biozoon.de\/shop\/product\/protein-plus-1200g\/#primaryimage"},"thumbnailUrl":"https:\/\/biozoon.de\/shop\/wp-content\/uploads\/2021\/04\/6052_Protein-plus-12kg_web.jpg","datePublished":"2021-04-17T08:11:36+00:00","dateModified":"2023-04-16T07:47:36+00:00","description":"PROTEINplus - Hochwertiges, instantisiertes Molkenproteinisolat f\u00fcr die Eiwei\u00dfanreicherung von Speisen & Getr\u00e4nken bei Mangelern\u00e4hrung","breadcrumb":{"@id":"https:\/\/biozoon.de\/shop\/product\/protein-plus-1200g\/#breadcrumb"},"inLanguage":"en-US","potentialAction":[{"@type":"ReadAction","target":["https:\/\/biozoon.de\/shop\/product\/protein-plus-1200g\/"]}]},{"@type":"ImageObject","inLanguage":"en-US","@id":"https:\/\/biozoon.de\/shop\/product\/protein-plus-1200g\/#primaryimage","url":"https:\/\/biozoon.de\/shop\/wp-content\/uploads\/2021\/04\/6052_Protein-plus-12kg_web.jpg","contentUrl":"https:\/\/biozoon.de\/shop\/wp-content\/uploads\/2021\/04\/6052_Protein-plus-12kg_web.jpg","width":600,"height":600,"caption":"PROTEINplus 1,2 kg Eimer"},{"@type":"BreadcrumbList","@id":"https:\/\/biozoon.de\/shop\/product\/protein-plus-1200g\/#breadcrumb","itemListElement":[{"@type":"ListItem","position":1,"name":"Home","item":"https:\/\/biozoon.de\/shop\/"},{"@type":"ListItem","position":2,"name":"Shop","item":"https:\/\/biozoon.de\/shop\/shop\/"},{"@type":"ListItem","position":3,"name":"smoothfood Produkte","item":"https:\/\/biozoon.de\/shop\/product-category\/smoothfood-produkte\/"},{"@type":"ListItem","position":4,"name":"Texturgeber","item":"https:\/\/biozoon.de\/shop\/product-category\/smoothfood-produkte\/texturgeber-smoothfood-produkte\/"},{"@type":"ListItem","position":5,"name":"PROTEINplus 1,2 kg Eimer"}]},{"@type":"WebSite","@id":"https:\/\/biozoon.de\/shop\/#website","url":"https:\/\/biozoon.de\/shop\/","name":"Biozoon Shop","description":"","potentialAction":[{"@type":"SearchAction","target":{"@type":"EntryPoint","urlTemplate":"https:\/\/biozoon.de\/shop\/?s={search_term_string}"},"query-input":{"@type":"PropertyValueSpecification","valueRequired":true,"valueName":"search_term_string"}}],"inLanguage":"en-US"}]}},"lang":"de","translations":{"de":293,"en":295},"pll_sync_post":[],"_links":{"self":[{"href":"https:\/\/biozoon.de\/shop\/wp-json\/wp\/v2\/product\/293","targetHints":{"allow":["GET"]}}],"collection":[{"href":"https:\/\/biozoon.de\/shop\/wp-json\/wp\/v2\/product"}],"about":[{"href":"https:\/\/biozoon.de\/shop\/wp-json\/wp\/v2\/types\/product"}],"replies":[{"embeddable":true,"href":"https:\/\/biozoon.de\/shop\/wp-json\/wp\/v2\/comments?post=293"}],"wp:featuredmedia":[{"embeddable":true,"href":"https:\/\/biozoon.de\/shop\/wp-json\/wp\/v2\/media\/294"}],"wp:attachment":[{"href":"https:\/\/biozoon.de\/shop\/wp-json\/wp\/v2\/media?parent=293"}],"wp:term":[{"taxonomy":"product_brand","embeddable":true,"href":"https:\/\/biozoon.de\/shop\/wp-json\/wp\/v2\/product_brand?post=293"},{"taxonomy":"product_cat","embeddable":true,"href":"https:\/\/biozoon.de\/shop\/wp-json\/wp\/v2\/product_cat?post=293"},{"taxonomy":"product_tag","embeddable":true,"href":"https:\/\/biozoon.de\/shop\/wp-json\/wp\/v2\/product_tag?post=293"}],"curies":[{"name":"wp","href":"https:\/\/api.w.org\/{rel}","templated":true}]}}