{"id":290,"date":"2021-04-17T07:55:02","date_gmt":"2021-04-17T07:55:02","guid":{"rendered":"https:\/\/biozoon.de\/webshop\/?post_type=product&#038;p=290"},"modified":"2026-02-10T18:01:43","modified_gmt":"2026-02-10T18:01:43","slug":"protein-plus-190g","status":"publish","type":"product","link":"https:\/\/biozoon.de\/shop\/product\/protein-plus-190g\/","title":{"rendered":"PROTEINplus 190 g Dose"},"content":{"rendered":"<p><span style=\"color: #ff0000;\"><strong><em>PROTEIN<\/em><\/strong><\/span><span style=\"color: #808080;\"><strong>plus <\/strong><\/span>in 190 g Dose<\/p>\n<p>Hochwertiges, instantisiertes Molkenproteinisolat f\u00fcr die Eiwei\u00dfanreicherung von Speisen &amp; Getr\u00e4nken.<\/p>\n<p><strong>Zutaten<\/strong>: <strong>Molkenproteinisolat<\/strong> (max. 1 % Laktose), Emulgator <strong>Soja Lecithin<\/strong><\/p>\n<p><strong>Eigenschaften und Anwendung<\/strong><\/p>\n<p>Proteine sind das erste Mittel der Wahl, bei Mangelern\u00e4hrung, wenn es um Gewichtsaufbau geht. Eine <strong>Mangelern\u00e4hrung<\/strong>, auch Malnutrition genannt, liegt dann vor, wenn eine Person ihren Bedarf an Energie, Proteinen und anderen N\u00e4hrstoffen \u00fcber die Nahrung nicht ausreichend decken kann. Damit ist das Gleichgewicht zwischen N\u00e4hrstoffzufuhr und N\u00e4hrstoffbedarf gest\u00f6rt, was zum unkontrollierten Abbau von K\u00f6rpersubstanz f\u00fchrt.<\/p>\n<p>Zeichen f\u00fcr eine (beginnende) <strong>Mangelern\u00e4hrung<\/strong> sind u. a., wenn der Betroffene innerhalb kurzer Zeit ungewollt Gewicht verliert, die Nahrungsaufnahme offenkundig Schwierigkeiten bereitet oder der Appetit deutlich nachl\u00e4sst. Besondere Achtsamkeit ist auch dann geboten, wenn es durch Darmleiden oder Erbrechen und Durchfall zu gro\u00dfen N\u00e4hrstoffverlusten kommt. Aber auch M\u00fcdigkeit und Schw\u00e4che k\u00f6nnen weitere Anzeichen sein, sowie akute Infektionsanf\u00e4lligkeit und ernst zu nehmende St\u00f6rungen der Organfunktionen sollten Sie mit Blick auf den Ern\u00e4hrungszustand medizinisch abkl\u00e4ren lassen.<\/p>\n<p><strong>ProteinPlus<\/strong> ist ein Molkenproteinisolat mit der h\u00f6chsten biologischen Wertigkeit unter den <strong>Proteinen<\/strong>. Dadurch, dass es ein Isolat ist, ist es relativ geschmacksneutral. Es ist bis max. 80 Grad hitzestabil \u2013 danach kann es ausflocken.<\/p>\n<p>60 bis 80 g Proteinzufuhr pro Tag sollte bei dem Betroffenen zu einer sichtbaren Gewichtszunahme f\u00fchren.<\/p>\n<p>Es l\u00e4sst sich ideal in das Ern\u00e4hrungskonzept <strong>smoothfood<\/strong> integrieren. Dieses basiert ja auf fl\u00fcssigen\/verfl\u00fcssigten Lebensmitteln die dann an die Bed\u00fcrfnisse des von <strong>Kau- und Schluckst\u00f6rungen (Dysphagie)<\/strong> Betroffenen durch biozoon\u2018s <strong>Andickungsmittel\u00a0 <\/strong>in die entsprechende Konsistenz gebracht werden.<\/p>\n<p><strong>Anwendung: <\/strong><\/p>\n<p>Je nach Eiwei\u00dfbedarf in kalte und\/oder warme Speisen und Getr\u00e4nke einr\u00fchren. Ein geh\u00e4ufter Essl\u00f6ffel (ca. 5 g) entspricht ca. 4,3 g hochwertigem <strong>Protein<\/strong>.<\/p>\n<p>Die t\u00e4gliche Gesamtmenge <em><strong>PROTEIN<\/strong><\/em><strong>plus<\/strong> richtet sich nach dem individuellen Bedarf des Betroffenen und der g\u00fcltigen Di\u00e4tvorschrift.<\/p>\n<p><strong>Durchschnittliche N\u00e4hrwertangaben<\/strong> <strong>pro 100g:<\/strong><\/p>\n<table class=\"table mytb\" border=\"0\" cellspacing=\"0\" cellpadding=\"0\">\n<tbody>\n<tr>\n<td width=\"307\">Brennwert kJ \/ kcal<\/td>\n<td width=\"307\">1514 kJ \/357 kcal<\/td>\n<\/tr>\n<tr>\n<td width=\"307\">Eiwei\u00df (g)<\/td>\n<td width=\"307\">85,4<\/td>\n<\/tr>\n<tr>\n<td width=\"307\">Kohlenhydrate (g)<\/td>\n<td width=\"307\">&lt;0,5<\/td>\n<\/tr>\n<tr>\n<td width=\"307\">davon Zucker (g)<\/td>\n<td width=\"307\">&lt;0,5<\/td>\n<\/tr>\n<tr>\n<td width=\"307\">Fett (g)<\/td>\n<td width=\"307\">1,6<\/td>\n<\/tr>\n<tr>\n<td width=\"307\">davon ges\u00e4ttigte Fetts\u00e4uren (g)<\/td>\n<td width=\"307\">1<\/td>\n<\/tr>\n<tr>\n<td width=\"307\">Ballaststoffe (g)<\/td>\n<td width=\"307\">0<\/td>\n<\/tr>\n<tr>\n<td width=\"307\">Salz (g)<\/td>\n<td width=\"307\">1,3<\/td>\n<\/tr>\n<\/tbody>\n<\/table>\n<p><b>PZN: 10345042<\/b><\/p>\n<p><b>Preis pro kg: 67,26 \u20ac<\/b><\/p>\n<div>mehr Produkte:<\/div>\n<div><\/div>\n<div><a href=\"https:\/\/biozoon.de\/shop\/product-category\/smoothfood-produkte\/texturgeber-smoothfood-produkte\/\">smoothfood Produkte Texturgeber<\/a><\/div>\n","protected":false},"excerpt":{"rendered":"<div class=\"logo-right\" style=\"margin-top: 10px;\">\n<div class=\"row\">\n<div class=\"col-md-12\"><img loading=\"lazy\" decoding=\"async\" class=\"alignnone size-full wp-image-1426\" src=\"https:\/\/biozoon.de\/shop\/wp-content\/uploads\/2021\/05\/Logo-Protein-Plus.png\" alt=\"\" width=\"422\" height=\"109\" srcset=\"https:\/\/biozoon.de\/shop\/wp-content\/uploads\/2021\/05\/Logo-Protein-Plus.png 422w, https:\/\/biozoon.de\/shop\/wp-content\/uploads\/2021\/05\/Logo-Protein-Plus-246x64.png 246w\" sizes=\"auto, (max-width: 422px) 100vw, 422px\" \/><\/div>\n<\/div>\n<\/div>\n","protected":false},"featured_media":696,"comment_status":"open","ping_status":"closed","template":"","meta":[],"product_brand":[],"product_cat":[201],"product_tag":[428],"class_list":{"0":"post-290","1":"product","2":"type-product","3":"status-publish","4":"has-post-thumbnail","6":"product_cat-texturgeber-smoothfood-produkte","7":"product_tag-anreicherung","9":"first","10":"instock","11":"taxable","12":"shipping-taxable","13":"purchasable","14":"product-type-simple","15":"add-to-wishlist-before_image"},"yoast_head":"<!-- This site is optimized with the Yoast SEO plugin v27.3 - https:\/\/yoast.com\/product\/yoast-seo-wordpress\/ -->\n<title>PROTEINplus 190 g Dose - Biozoon Shop<\/title>\n<meta name=\"description\" content=\"PROTEINplus - hochwertiges Molkenproteinisolat f\u00fcr die Eiwei\u00dfanreicherung von Speisen &amp; Getr\u00e4nken zur Bek\u00e4mpfung der Mangelern\u00e4hrung.\" \/>\n<meta name=\"robots\" content=\"index, follow, max-snippet:-1, max-image-preview:large, max-video-preview:-1\" \/>\n<link rel=\"canonical\" href=\"https:\/\/biozoon.de\/shop\/product\/protein-plus-190g\/\" \/>\n<meta property=\"og:locale\" content=\"en_US\" \/>\n<meta property=\"og:type\" content=\"article\" \/>\n<meta property=\"og:title\" content=\"PROTEINplus 190 g Dose - Biozoon Shop\" \/>\n<meta property=\"og:description\" content=\"PROTEINplus - hochwertiges Molkenproteinisolat f\u00fcr die Eiwei\u00dfanreicherung von Speisen &amp; Getr\u00e4nken zur Bek\u00e4mpfung der Mangelern\u00e4hrung.\" \/>\n<meta property=\"og:url\" content=\"https:\/\/biozoon.de\/shop\/product\/protein-plus-190g\/\" \/>\n<meta property=\"og:site_name\" content=\"Biozoon Shop\" \/>\n<meta property=\"article:publisher\" content=\"https:\/\/www.facebook.com\/pages\/category\/Food---Beverage\/biozoon-113514145340245\/\" \/>\n<meta property=\"article:modified_time\" content=\"2026-02-10T18:01:43+00:00\" \/>\n<meta property=\"og:image\" content=\"https:\/\/biozoon.de\/shop\/wp-content\/uploads\/2021\/04\/6044_Proteinplus_190g-1.jpg\" \/>\n\t<meta property=\"og:image:width\" content=\"600\" \/>\n\t<meta property=\"og:image:height\" content=\"600\" \/>\n\t<meta property=\"og:image:type\" content=\"image\/jpeg\" \/>\n<meta name=\"twitter:card\" content=\"summary_large_image\" \/>\n<meta name=\"twitter:label1\" content=\"Est. reading time\" \/>\n\t<meta name=\"twitter:data1\" content=\"2 minutes\" \/>\n<script type=\"application\/ld+json\" class=\"yoast-schema-graph\">{\"@context\":\"https:\\\/\\\/schema.org\",\"@graph\":[{\"@type\":\"WebPage\",\"@id\":\"https:\\\/\\\/biozoon.de\\\/shop\\\/product\\\/protein-plus-190g\\\/\",\"url\":\"https:\\\/\\\/biozoon.de\\\/shop\\\/product\\\/protein-plus-190g\\\/\",\"name\":\"PROTEINplus 190 g Dose - Biozoon Shop\",\"isPartOf\":{\"@id\":\"https:\\\/\\\/biozoon.de\\\/shop\\\/#website\"},\"primaryImageOfPage\":{\"@id\":\"https:\\\/\\\/biozoon.de\\\/shop\\\/product\\\/protein-plus-190g\\\/#primaryimage\"},\"image\":{\"@id\":\"https:\\\/\\\/biozoon.de\\\/shop\\\/product\\\/protein-plus-190g\\\/#primaryimage\"},\"thumbnailUrl\":\"https:\\\/\\\/biozoon.de\\\/shop\\\/wp-content\\\/uploads\\\/2021\\\/04\\\/6044_Proteinplus_190g-1.jpg\",\"datePublished\":\"2021-04-17T07:55:02+00:00\",\"dateModified\":\"2026-02-10T18:01:43+00:00\",\"description\":\"PROTEINplus - hochwertiges Molkenproteinisolat f\u00fcr die Eiwei\u00dfanreicherung von Speisen & Getr\u00e4nken zur Bek\u00e4mpfung der Mangelern\u00e4hrung.\",\"breadcrumb\":{\"@id\":\"https:\\\/\\\/biozoon.de\\\/shop\\\/product\\\/protein-plus-190g\\\/#breadcrumb\"},\"inLanguage\":\"en-US\",\"potentialAction\":[{\"@type\":\"ReadAction\",\"target\":[\"https:\\\/\\\/biozoon.de\\\/shop\\\/product\\\/protein-plus-190g\\\/\"]}]},{\"@type\":\"ImageObject\",\"inLanguage\":\"en-US\",\"@id\":\"https:\\\/\\\/biozoon.de\\\/shop\\\/product\\\/protein-plus-190g\\\/#primaryimage\",\"url\":\"https:\\\/\\\/biozoon.de\\\/shop\\\/wp-content\\\/uploads\\\/2021\\\/04\\\/6044_Proteinplus_190g-1.jpg\",\"contentUrl\":\"https:\\\/\\\/biozoon.de\\\/shop\\\/wp-content\\\/uploads\\\/2021\\\/04\\\/6044_Proteinplus_190g-1.jpg\",\"width\":600,\"height\":600,\"caption\":\"PROTEINplus\"},{\"@type\":\"BreadcrumbList\",\"@id\":\"https:\\\/\\\/biozoon.de\\\/shop\\\/product\\\/protein-plus-190g\\\/#breadcrumb\",\"itemListElement\":[{\"@type\":\"ListItem\",\"position\":1,\"name\":\"Home\",\"item\":\"https:\\\/\\\/biozoon.de\\\/shop\\\/\"},{\"@type\":\"ListItem\",\"position\":2,\"name\":\"Shop\",\"item\":\"https:\\\/\\\/biozoon.de\\\/shop\\\/shop\\\/\"},{\"@type\":\"ListItem\",\"position\":3,\"name\":\"smoothfood Produkte\",\"item\":\"https:\\\/\\\/biozoon.de\\\/shop\\\/product-category\\\/smoothfood-produkte\\\/\"},{\"@type\":\"ListItem\",\"position\":4,\"name\":\"Texturgeber\",\"item\":\"https:\\\/\\\/biozoon.de\\\/shop\\\/product-category\\\/smoothfood-produkte\\\/texturgeber-smoothfood-produkte\\\/\"},{\"@type\":\"ListItem\",\"position\":5,\"name\":\"PROTEINplus 190 g Dose\"}]},{\"@type\":\"WebSite\",\"@id\":\"https:\\\/\\\/biozoon.de\\\/shop\\\/#website\",\"url\":\"https:\\\/\\\/biozoon.de\\\/shop\\\/\",\"name\":\"Biozoon Shop\",\"description\":\"\",\"potentialAction\":[{\"@type\":\"SearchAction\",\"target\":{\"@type\":\"EntryPoint\",\"urlTemplate\":\"https:\\\/\\\/biozoon.de\\\/shop\\\/?s={search_term_string}\"},\"query-input\":{\"@type\":\"PropertyValueSpecification\",\"valueRequired\":true,\"valueName\":\"search_term_string\"}}],\"inLanguage\":\"en-US\"}]}<\/script>\n<!-- \/ Yoast SEO plugin. -->","yoast_head_json":{"title":"PROTEINplus 190 g Dose - Biozoon Shop","description":"PROTEINplus - hochwertiges Molkenproteinisolat f\u00fcr die Eiwei\u00dfanreicherung von Speisen & Getr\u00e4nken zur Bek\u00e4mpfung der Mangelern\u00e4hrung.","robots":{"index":"index","follow":"follow","max-snippet":"max-snippet:-1","max-image-preview":"max-image-preview:large","max-video-preview":"max-video-preview:-1"},"canonical":"https:\/\/biozoon.de\/shop\/product\/protein-plus-190g\/","og_locale":"en_US","og_type":"article","og_title":"PROTEINplus 190 g Dose - Biozoon Shop","og_description":"PROTEINplus - hochwertiges Molkenproteinisolat f\u00fcr die Eiwei\u00dfanreicherung von Speisen & Getr\u00e4nken zur Bek\u00e4mpfung der Mangelern\u00e4hrung.","og_url":"https:\/\/biozoon.de\/shop\/product\/protein-plus-190g\/","og_site_name":"Biozoon Shop","article_publisher":"https:\/\/www.facebook.com\/pages\/category\/Food---Beverage\/biozoon-113514145340245\/","article_modified_time":"2026-02-10T18:01:43+00:00","og_image":[{"width":600,"height":600,"url":"https:\/\/biozoon.de\/shop\/wp-content\/uploads\/2021\/04\/6044_Proteinplus_190g-1.jpg","type":"image\/jpeg"}],"twitter_card":"summary_large_image","twitter_misc":{"Est. reading time":"2 minutes"},"schema":{"@context":"https:\/\/schema.org","@graph":[{"@type":"WebPage","@id":"https:\/\/biozoon.de\/shop\/product\/protein-plus-190g\/","url":"https:\/\/biozoon.de\/shop\/product\/protein-plus-190g\/","name":"PROTEINplus 190 g Dose - Biozoon Shop","isPartOf":{"@id":"https:\/\/biozoon.de\/shop\/#website"},"primaryImageOfPage":{"@id":"https:\/\/biozoon.de\/shop\/product\/protein-plus-190g\/#primaryimage"},"image":{"@id":"https:\/\/biozoon.de\/shop\/product\/protein-plus-190g\/#primaryimage"},"thumbnailUrl":"https:\/\/biozoon.de\/shop\/wp-content\/uploads\/2021\/04\/6044_Proteinplus_190g-1.jpg","datePublished":"2021-04-17T07:55:02+00:00","dateModified":"2026-02-10T18:01:43+00:00","description":"PROTEINplus - hochwertiges Molkenproteinisolat f\u00fcr die Eiwei\u00dfanreicherung von Speisen & Getr\u00e4nken zur Bek\u00e4mpfung der Mangelern\u00e4hrung.","breadcrumb":{"@id":"https:\/\/biozoon.de\/shop\/product\/protein-plus-190g\/#breadcrumb"},"inLanguage":"en-US","potentialAction":[{"@type":"ReadAction","target":["https:\/\/biozoon.de\/shop\/product\/protein-plus-190g\/"]}]},{"@type":"ImageObject","inLanguage":"en-US","@id":"https:\/\/biozoon.de\/shop\/product\/protein-plus-190g\/#primaryimage","url":"https:\/\/biozoon.de\/shop\/wp-content\/uploads\/2021\/04\/6044_Proteinplus_190g-1.jpg","contentUrl":"https:\/\/biozoon.de\/shop\/wp-content\/uploads\/2021\/04\/6044_Proteinplus_190g-1.jpg","width":600,"height":600,"caption":"PROTEINplus"},{"@type":"BreadcrumbList","@id":"https:\/\/biozoon.de\/shop\/product\/protein-plus-190g\/#breadcrumb","itemListElement":[{"@type":"ListItem","position":1,"name":"Home","item":"https:\/\/biozoon.de\/shop\/"},{"@type":"ListItem","position":2,"name":"Shop","item":"https:\/\/biozoon.de\/shop\/shop\/"},{"@type":"ListItem","position":3,"name":"smoothfood Produkte","item":"https:\/\/biozoon.de\/shop\/product-category\/smoothfood-produkte\/"},{"@type":"ListItem","position":4,"name":"Texturgeber","item":"https:\/\/biozoon.de\/shop\/product-category\/smoothfood-produkte\/texturgeber-smoothfood-produkte\/"},{"@type":"ListItem","position":5,"name":"PROTEINplus 190 g Dose"}]},{"@type":"WebSite","@id":"https:\/\/biozoon.de\/shop\/#website","url":"https:\/\/biozoon.de\/shop\/","name":"Biozoon Shop","description":"","potentialAction":[{"@type":"SearchAction","target":{"@type":"EntryPoint","urlTemplate":"https:\/\/biozoon.de\/shop\/?s={search_term_string}"},"query-input":{"@type":"PropertyValueSpecification","valueRequired":true,"valueName":"search_term_string"}}],"inLanguage":"en-US"}]}},"lang":"de","translations":{"de":290,"en":292},"pll_sync_post":[],"_links":{"self":[{"href":"https:\/\/biozoon.de\/shop\/wp-json\/wp\/v2\/product\/290","targetHints":{"allow":["GET"]}}],"collection":[{"href":"https:\/\/biozoon.de\/shop\/wp-json\/wp\/v2\/product"}],"about":[{"href":"https:\/\/biozoon.de\/shop\/wp-json\/wp\/v2\/types\/product"}],"replies":[{"embeddable":true,"href":"https:\/\/biozoon.de\/shop\/wp-json\/wp\/v2\/comments?post=290"}],"wp:featuredmedia":[{"embeddable":true,"href":"https:\/\/biozoon.de\/shop\/wp-json\/wp\/v2\/media\/696"}],"wp:attachment":[{"href":"https:\/\/biozoon.de\/shop\/wp-json\/wp\/v2\/media?parent=290"}],"wp:term":[{"taxonomy":"product_brand","embeddable":true,"href":"https:\/\/biozoon.de\/shop\/wp-json\/wp\/v2\/product_brand?post=290"},{"taxonomy":"product_cat","embeddable":true,"href":"https:\/\/biozoon.de\/shop\/wp-json\/wp\/v2\/product_cat?post=290"},{"taxonomy":"product_tag","embeddable":true,"href":"https:\/\/biozoon.de\/shop\/wp-json\/wp\/v2\/product_tag?post=290"}],"curies":[{"name":"wp","href":"https:\/\/api.w.org\/{rel}","templated":true}]}}