{"id":285,"date":"2021-04-17T07:47:26","date_gmt":"2021-04-17T07:47:26","guid":{"rendered":"https:\/\/biozoon.de\/webshop\/?post_type=product&#038;p=285"},"modified":"2022-09-04T12:14:58","modified_gmt":"2022-09-04T12:14:58","slug":"maltoplus-13-kg-eimer","status":"publish","type":"product","link":"https:\/\/biozoon.de\/shop\/product\/maltoplus-13-kg-eimer\/","title":{"rendered":"MALTOplus 1,3 kg Eimer"},"content":{"rendered":"<p><strong><em>Malto<\/em><\/strong><strong>plus<\/strong> &#8211; <strong>Maltodextrin<\/strong> im 1,3 kg Eimer<\/p>\n<p>Wasserl\u00f6sliches Kohlenhydratgemisch zur Energieanreicherung von Speisen &amp; Getr\u00e4nken.<\/p>\n<p><strong>Zutaten<\/strong>: 100 % Maltodextrin enzymatisch gewonnen aus Maisst\u00e4rke<\/p>\n<p><strong>Eigenschaften und Anwendung:\u00a0<\/strong><\/p>\n<p><strong><em>Malto<\/em><\/strong><strong>Plus<\/strong> ist ein hervorragend l\u00f6sliches Kohlenhydratgemisch zur di\u00e4tetischen Behandlung von Patienten mit unzureichender Energieaufnahme oder erh\u00f6htem Energiebedarf. Es ist besonders geeignet f\u00fcr die Energieanreicherung von <strong>p\u00fcrierter\/passierter Kost in Form. <\/strong>Generell ist es f\u00fcr die Energieanreicherung aller Kostformen im Rahmen des <strong>smoothfood<\/strong> Ern\u00e4hrungskonzeptes f\u00fcr Menschen die unter <strong>Kau- und Schluckst\u00f6rungen (Dysphagie)<\/strong> leiden geeignet.<\/p>\n<p>Es ist geschmacksneutral, wird vollst\u00e4ndig resorbiert und ist elektrolytarm (wichtig bei Patienten mit Niereninsuffizienz). Weiterhin ist es kochstabil und generell gut vertr\u00e4glich.<\/p>\n<p><strong><em>Malto<\/em><\/strong><strong>Plus<\/strong> kann eingesetzt werden bei krankheitsbedingtem Untergewicht (z. B. Geriatrie, unzureichender Energieaufnahme), Untergewicht im S\u00e4uglings- und Kindesalter (z. B. bei unzureichender Energieaufnahme, Cystischer Fibrose), Malassimilation (Maldigestion, Malabsorption), Erkrankungen im Gastro-Intestinal-Bereich (chronisch entz\u00fcndliche Darmerkrankungen, Kurzdarmsyndrom, Pankreatitis, Leberzirrhose, chronischer Niereninsuffizienz).<\/p>\n<p><strong>Maltodextrin<\/strong> wird bei Aufnahme durch den K\u00f6rper sofort verstoffwechselt und sorgt so f\u00fcr eine <strong>schnelle Energiezufuhr (der\/die Betroffene wirkt wacher). <\/strong>Des Weiteren wirkt <strong>Maltodextrin<\/strong> auch <strong>appetitanregend<\/strong>.<\/p>\n<p>Das <strong>Maltodextrin<\/strong> je nach Energiebedarf in kalte und\/oder war\u00adme Speisen und Getr\u00e4nke einr\u00fchren. Ein ge\u00adh\u00e4ufter Essl\u00f6ffel (ca. 9 g) entspricht ca. 147 kJ\/35 kcal. Die t\u00e4gliche Gesamtmenge <strong><em>Malto<\/em>Plus <\/strong>richtet sich nach dem individuellen Energiebedarf des Betroffenen und der g\u00fcltigen Di\u00e4tvorschrift.<\/p>\n<p><strong>Wichtige Hinweise<\/strong>:<\/p>\n<p>Nur unter \u00e4rztlicher Aufsicht verwenden. Nicht zur ausschlie\u00dflichen Ern\u00e4hrung verwenden. Nur zur enteralen Ern\u00e4hrung geeignet. F\u00fcr Kinder ab 3 Jahren, Jugendliche und Erwachsene geeignet.*<\/p>\n<p><strong>Anwendungsbeispiele<\/strong><\/p>\n<ul>\n<li>200 ml Fruchtsaft mit 40 g Maltodextrin<\/li>\n<li>200ml Wasser mit 40 g Maltodextrin<\/li>\n<li>180 g Joghurt mit 30 g Maltodextrin<\/li>\n<li>200 ml warmer Tee mit 80 g Maltodextrin<\/li>\n<\/ul>\n<p>*Falls der\/die Betroffene Diabetes mellitus (Zuckerkrankheit leiden), sprechen Sie den Einsatz von <strong>Maltodextrin<\/strong> mit Ihrem Arzt, Apotheker oder der Ern\u00e4hrungsberatung ab.<\/p>\n<div>mehr Produkte:<\/div>\n<div><\/div>\n<div><a href=\"https:\/\/biozoon.de\/shop\/product-category\/smoothfood-produkte\/texturgeber-smoothfood-produkte\/\">smoothfood Produkte Texturgeber<\/a><\/div>\n","protected":false},"excerpt":{"rendered":"<div class=\"logo-right\" style=\"margin-top: 10px;\">\n<div class=\"row\">\n<div class=\"col-md-12\"><img loading=\"lazy\" decoding=\"async\" class=\"alignnone size-full wp-image-1425\" src=\"https:\/\/biozoon.de\/shop\/wp-content\/uploads\/2021\/05\/Logo-Malto-Plus.png\" alt=\"\" width=\"417\" height=\"133\" srcset=\"https:\/\/biozoon.de\/shop\/wp-content\/uploads\/2021\/05\/Logo-Malto-Plus.png 417w, https:\/\/biozoon.de\/shop\/wp-content\/uploads\/2021\/05\/Logo-Malto-Plus-246x78.png 246w\" sizes=\"auto, (max-width: 417px) 100vw, 417px\" \/><\/div>\n<\/div>\n<\/div>\n","protected":false},"featured_media":647,"comment_status":"open","ping_status":"closed","template":"","meta":[],"product_brand":[],"product_cat":[201],"product_tag":[428,1078],"class_list":{"0":"post-285","1":"product","2":"type-product","3":"status-publish","4":"has-post-thumbnail","6":"product_cat-texturgeber-smoothfood-produkte","7":"product_tag-anreicherung","8":"product_tag-maltodextrin","10":"first","11":"instock","12":"taxable","13":"shipping-taxable","14":"product-type-simple","15":"add-to-wishlist-before_image"},"yoast_head":"<!-- This site is optimized with the Yoast SEO plugin v27.3 - https:\/\/yoast.com\/product\/yoast-seo-wordpress\/ -->\n<title>MALTOplus 1,3 kg Eimer - Biozoon Shop<\/title>\n<meta name=\"description\" content=\"MaltoPlus - Wasserl\u00f6sliches Kohlenhydratgemisch zur Energieanreicherung von Speisen &amp; Getr\u00e4nken zur Bek\u00e4mpfung von Mangelern\u00e4hrung\" \/>\n<meta name=\"robots\" content=\"index, follow, max-snippet:-1, max-image-preview:large, max-video-preview:-1\" \/>\n<link rel=\"canonical\" href=\"https:\/\/biozoon.de\/shop\/product\/maltoplus-13-kg-eimer\/\" \/>\n<meta property=\"og:locale\" content=\"en_US\" \/>\n<meta property=\"og:type\" content=\"article\" \/>\n<meta property=\"og:title\" content=\"MALTOplus 1,3 kg Eimer - Biozoon Shop\" \/>\n<meta property=\"og:description\" content=\"MaltoPlus - Wasserl\u00f6sliches Kohlenhydratgemisch zur Energieanreicherung von Speisen &amp; Getr\u00e4nken zur Bek\u00e4mpfung von Mangelern\u00e4hrung\" \/>\n<meta property=\"og:url\" content=\"https:\/\/biozoon.de\/shop\/product\/maltoplus-13-kg-eimer\/\" \/>\n<meta property=\"og:site_name\" content=\"Biozoon Shop\" \/>\n<meta property=\"article:publisher\" content=\"https:\/\/www.facebook.com\/pages\/category\/Food---Beverage\/biozoon-113514145340245\/\" \/>\n<meta property=\"article:modified_time\" content=\"2022-09-04T12:14:58+00:00\" \/>\n<meta property=\"og:image\" content=\"https:\/\/biozoon.de\/shop\/wp-content\/uploads\/2021\/04\/6050_bucket_Malto-Plus_13-kg-1.jpg\" \/>\n\t<meta property=\"og:image:width\" content=\"600\" \/>\n\t<meta property=\"og:image:height\" content=\"600\" \/>\n\t<meta property=\"og:image:type\" content=\"image\/jpeg\" \/>\n<meta name=\"twitter:card\" content=\"summary_large_image\" \/>\n<meta name=\"twitter:label1\" content=\"Est. reading time\" \/>\n\t<meta name=\"twitter:data1\" content=\"2 minutes\" \/>\n<script type=\"application\/ld+json\" class=\"yoast-schema-graph\">{\"@context\":\"https:\\\/\\\/schema.org\",\"@graph\":[{\"@type\":\"WebPage\",\"@id\":\"https:\\\/\\\/biozoon.de\\\/shop\\\/product\\\/maltoplus-13-kg-eimer\\\/\",\"url\":\"https:\\\/\\\/biozoon.de\\\/shop\\\/product\\\/maltoplus-13-kg-eimer\\\/\",\"name\":\"MALTOplus 1,3 kg Eimer - Biozoon Shop\",\"isPartOf\":{\"@id\":\"https:\\\/\\\/biozoon.de\\\/shop\\\/#website\"},\"primaryImageOfPage\":{\"@id\":\"https:\\\/\\\/biozoon.de\\\/shop\\\/product\\\/maltoplus-13-kg-eimer\\\/#primaryimage\"},\"image\":{\"@id\":\"https:\\\/\\\/biozoon.de\\\/shop\\\/product\\\/maltoplus-13-kg-eimer\\\/#primaryimage\"},\"thumbnailUrl\":\"https:\\\/\\\/biozoon.de\\\/shop\\\/wp-content\\\/uploads\\\/2021\\\/04\\\/6050_bucket_Malto-Plus_13-kg-1.jpg\",\"datePublished\":\"2021-04-17T07:47:26+00:00\",\"dateModified\":\"2022-09-04T12:14:58+00:00\",\"description\":\"MaltoPlus - Wasserl\u00f6sliches Kohlenhydratgemisch zur Energieanreicherung von Speisen & Getr\u00e4nken zur Bek\u00e4mpfung von Mangelern\u00e4hrung\",\"breadcrumb\":{\"@id\":\"https:\\\/\\\/biozoon.de\\\/shop\\\/product\\\/maltoplus-13-kg-eimer\\\/#breadcrumb\"},\"inLanguage\":\"en-US\",\"potentialAction\":[{\"@type\":\"ReadAction\",\"target\":[\"https:\\\/\\\/biozoon.de\\\/shop\\\/product\\\/maltoplus-13-kg-eimer\\\/\"]}]},{\"@type\":\"ImageObject\",\"inLanguage\":\"en-US\",\"@id\":\"https:\\\/\\\/biozoon.de\\\/shop\\\/product\\\/maltoplus-13-kg-eimer\\\/#primaryimage\",\"url\":\"https:\\\/\\\/biozoon.de\\\/shop\\\/wp-content\\\/uploads\\\/2021\\\/04\\\/6050_bucket_Malto-Plus_13-kg-1.jpg\",\"contentUrl\":\"https:\\\/\\\/biozoon.de\\\/shop\\\/wp-content\\\/uploads\\\/2021\\\/04\\\/6050_bucket_Malto-Plus_13-kg-1.jpg\",\"width\":600,\"height\":600,\"caption\":\"MaltoPlus\"},{\"@type\":\"BreadcrumbList\",\"@id\":\"https:\\\/\\\/biozoon.de\\\/shop\\\/product\\\/maltoplus-13-kg-eimer\\\/#breadcrumb\",\"itemListElement\":[{\"@type\":\"ListItem\",\"position\":1,\"name\":\"Home\",\"item\":\"https:\\\/\\\/biozoon.de\\\/shop\\\/\"},{\"@type\":\"ListItem\",\"position\":2,\"name\":\"Shop\",\"item\":\"https:\\\/\\\/biozoon.de\\\/shop\\\/shop\\\/\"},{\"@type\":\"ListItem\",\"position\":3,\"name\":\"smoothfood Produkte\",\"item\":\"https:\\\/\\\/biozoon.de\\\/shop\\\/product-category\\\/smoothfood-produkte\\\/\"},{\"@type\":\"ListItem\",\"position\":4,\"name\":\"Texturgeber\",\"item\":\"https:\\\/\\\/biozoon.de\\\/shop\\\/product-category\\\/smoothfood-produkte\\\/texturgeber-smoothfood-produkte\\\/\"},{\"@type\":\"ListItem\",\"position\":5,\"name\":\"MALTOplus 1,3 kg Eimer\"}]},{\"@type\":\"WebSite\",\"@id\":\"https:\\\/\\\/biozoon.de\\\/shop\\\/#website\",\"url\":\"https:\\\/\\\/biozoon.de\\\/shop\\\/\",\"name\":\"Biozoon Shop\",\"description\":\"\",\"potentialAction\":[{\"@type\":\"SearchAction\",\"target\":{\"@type\":\"EntryPoint\",\"urlTemplate\":\"https:\\\/\\\/biozoon.de\\\/shop\\\/?s={search_term_string}\"},\"query-input\":{\"@type\":\"PropertyValueSpecification\",\"valueRequired\":true,\"valueName\":\"search_term_string\"}}],\"inLanguage\":\"en-US\"}]}<\/script>\n<!-- \/ Yoast SEO plugin. -->","yoast_head_json":{"title":"MALTOplus 1,3 kg Eimer - Biozoon Shop","description":"MaltoPlus - Wasserl\u00f6sliches Kohlenhydratgemisch zur Energieanreicherung von Speisen & Getr\u00e4nken zur Bek\u00e4mpfung von Mangelern\u00e4hrung","robots":{"index":"index","follow":"follow","max-snippet":"max-snippet:-1","max-image-preview":"max-image-preview:large","max-video-preview":"max-video-preview:-1"},"canonical":"https:\/\/biozoon.de\/shop\/product\/maltoplus-13-kg-eimer\/","og_locale":"en_US","og_type":"article","og_title":"MALTOplus 1,3 kg Eimer - Biozoon Shop","og_description":"MaltoPlus - Wasserl\u00f6sliches Kohlenhydratgemisch zur Energieanreicherung von Speisen & Getr\u00e4nken zur Bek\u00e4mpfung von Mangelern\u00e4hrung","og_url":"https:\/\/biozoon.de\/shop\/product\/maltoplus-13-kg-eimer\/","og_site_name":"Biozoon Shop","article_publisher":"https:\/\/www.facebook.com\/pages\/category\/Food---Beverage\/biozoon-113514145340245\/","article_modified_time":"2022-09-04T12:14:58+00:00","og_image":[{"width":600,"height":600,"url":"https:\/\/biozoon.de\/shop\/wp-content\/uploads\/2021\/04\/6050_bucket_Malto-Plus_13-kg-1.jpg","type":"image\/jpeg"}],"twitter_card":"summary_large_image","twitter_misc":{"Est. reading time":"2 minutes"},"schema":{"@context":"https:\/\/schema.org","@graph":[{"@type":"WebPage","@id":"https:\/\/biozoon.de\/shop\/product\/maltoplus-13-kg-eimer\/","url":"https:\/\/biozoon.de\/shop\/product\/maltoplus-13-kg-eimer\/","name":"MALTOplus 1,3 kg Eimer - Biozoon Shop","isPartOf":{"@id":"https:\/\/biozoon.de\/shop\/#website"},"primaryImageOfPage":{"@id":"https:\/\/biozoon.de\/shop\/product\/maltoplus-13-kg-eimer\/#primaryimage"},"image":{"@id":"https:\/\/biozoon.de\/shop\/product\/maltoplus-13-kg-eimer\/#primaryimage"},"thumbnailUrl":"https:\/\/biozoon.de\/shop\/wp-content\/uploads\/2021\/04\/6050_bucket_Malto-Plus_13-kg-1.jpg","datePublished":"2021-04-17T07:47:26+00:00","dateModified":"2022-09-04T12:14:58+00:00","description":"MaltoPlus - Wasserl\u00f6sliches Kohlenhydratgemisch zur Energieanreicherung von Speisen & Getr\u00e4nken zur Bek\u00e4mpfung von Mangelern\u00e4hrung","breadcrumb":{"@id":"https:\/\/biozoon.de\/shop\/product\/maltoplus-13-kg-eimer\/#breadcrumb"},"inLanguage":"en-US","potentialAction":[{"@type":"ReadAction","target":["https:\/\/biozoon.de\/shop\/product\/maltoplus-13-kg-eimer\/"]}]},{"@type":"ImageObject","inLanguage":"en-US","@id":"https:\/\/biozoon.de\/shop\/product\/maltoplus-13-kg-eimer\/#primaryimage","url":"https:\/\/biozoon.de\/shop\/wp-content\/uploads\/2021\/04\/6050_bucket_Malto-Plus_13-kg-1.jpg","contentUrl":"https:\/\/biozoon.de\/shop\/wp-content\/uploads\/2021\/04\/6050_bucket_Malto-Plus_13-kg-1.jpg","width":600,"height":600,"caption":"MaltoPlus"},{"@type":"BreadcrumbList","@id":"https:\/\/biozoon.de\/shop\/product\/maltoplus-13-kg-eimer\/#breadcrumb","itemListElement":[{"@type":"ListItem","position":1,"name":"Home","item":"https:\/\/biozoon.de\/shop\/"},{"@type":"ListItem","position":2,"name":"Shop","item":"https:\/\/biozoon.de\/shop\/shop\/"},{"@type":"ListItem","position":3,"name":"smoothfood Produkte","item":"https:\/\/biozoon.de\/shop\/product-category\/smoothfood-produkte\/"},{"@type":"ListItem","position":4,"name":"Texturgeber","item":"https:\/\/biozoon.de\/shop\/product-category\/smoothfood-produkte\/texturgeber-smoothfood-produkte\/"},{"@type":"ListItem","position":5,"name":"MALTOplus 1,3 kg Eimer"}]},{"@type":"WebSite","@id":"https:\/\/biozoon.de\/shop\/#website","url":"https:\/\/biozoon.de\/shop\/","name":"Biozoon Shop","description":"","potentialAction":[{"@type":"SearchAction","target":{"@type":"EntryPoint","urlTemplate":"https:\/\/biozoon.de\/shop\/?s={search_term_string}"},"query-input":{"@type":"PropertyValueSpecification","valueRequired":true,"valueName":"search_term_string"}}],"inLanguage":"en-US"}]}},"lang":"de","translations":{"de":285,"en":288},"pll_sync_post":[],"_links":{"self":[{"href":"https:\/\/biozoon.de\/shop\/wp-json\/wp\/v2\/product\/285","targetHints":{"allow":["GET"]}}],"collection":[{"href":"https:\/\/biozoon.de\/shop\/wp-json\/wp\/v2\/product"}],"about":[{"href":"https:\/\/biozoon.de\/shop\/wp-json\/wp\/v2\/types\/product"}],"replies":[{"embeddable":true,"href":"https:\/\/biozoon.de\/shop\/wp-json\/wp\/v2\/comments?post=285"}],"wp:featuredmedia":[{"embeddable":true,"href":"https:\/\/biozoon.de\/shop\/wp-json\/wp\/v2\/media\/647"}],"wp:attachment":[{"href":"https:\/\/biozoon.de\/shop\/wp-json\/wp\/v2\/media?parent=285"}],"wp:term":[{"taxonomy":"product_brand","embeddable":true,"href":"https:\/\/biozoon.de\/shop\/wp-json\/wp\/v2\/product_brand?post=285"},{"taxonomy":"product_cat","embeddable":true,"href":"https:\/\/biozoon.de\/shop\/wp-json\/wp\/v2\/product_cat?post=285"},{"taxonomy":"product_tag","embeddable":true,"href":"https:\/\/biozoon.de\/shop\/wp-json\/wp\/v2\/product_tag?post=285"}],"curies":[{"name":"wp","href":"https:\/\/api.w.org\/{rel}","templated":true}]}}