{"id":281,"date":"2021-04-17T07:37:22","date_gmt":"2021-04-17T07:37:22","guid":{"rendered":"https:\/\/biozoon.de\/webshop\/?post_type=product&#038;p=281"},"modified":"2024-07-22T12:41:47","modified_gmt":"2024-07-22T12:41:47","slug":"malto-plus-300g","status":"publish","type":"product","link":"https:\/\/biozoon.de\/shop\/product\/malto-plus-300g\/","title":{"rendered":"MALTOplus 300 g Dose"},"content":{"rendered":"<p><span style=\"color: #008080;\"><strong><em>Malto<\/em><\/strong><\/span><span style=\"color: #808080;\"><strong>plus<\/strong><\/span>, 300 g Dose<\/p>\n<p>Wasserl\u00f6sliches Kohlenhydratgemisch aus Kohlenhydraten zur Energieanreicherung von Speisen &amp; Getr\u00e4nken.<\/p>\n<p><strong>Zutaten<\/strong>: 100 % Maltodextrin enzymatisch gewonnen aus Maisst\u00e4rke<\/p>\n<p><strong>Eigenschaften und Anwendung:\u00a0<\/strong><\/p>\n<p><strong><em>Malto<\/em><\/strong><strong>Plus<\/strong> ist ein reines <strong>Maltodextrin<\/strong> welches aus Maisst\u00e4rke gewonnen wird. Der Name <strong>Maltodextrin<\/strong> leitet sich von zwei Begriffen ab: \u201cMalto\u201d steht f\u00fcr Maltolose, dem Malzzucker, der aus zwei Glucose-Einheiten besteht und \u201cDextrin\u201d steht f\u00fcr Dextrose (Traubenzucker). Es ist ein veganes Gemisch von verschiedenen Kohlenhydraten (Zuckerarten) und zeichnet sich durch seine hohe Energiedichte und hervorragende L\u00f6slichkeit aus. Weiterhin ist es geschmacksneutral und leicht verdaubar. Kohlenhydrate machen normalerweise den gr\u00f6\u00dften Teil unserer Ern\u00e4hrung aus. Man findet sie vor allem in den S\u00e4ttigungsbeilagen wie Kartoffeln, Nudeln und Reis sowie in Brot.<\/p>\n<p>In der Di\u00e4tetik wird <strong>Maltodextrin<\/strong> eingesetzt, um Mahlzeiten mit Kohlenhydraten anzureichern. Es dient als Ma\u00dfnahme, um eine geregelte Lebensweise bei \u00e4lteren Menschen zu unterst\u00fctzen und so zur k\u00f6rperlichen und seelischen Gesunderhaltung beizutragen. <strong>Maltodextrin<\/strong> gilt allgemein als gut vertr\u00e4glich.<\/p>\n<p>Da unser <strong>Maltodextrin<\/strong> kaum s\u00fc\u00df schmeckt, kann eine gro\u00dfe Menge <strong>Maltodextrin<\/strong> zur Energieanreicherung eingesetzt werden, ohne, dass es den Geschmack des Getr\u00e4nkes oder der Speise wesentlich beeinflusst. Durch die verk\u00fcrzte Kettenl\u00e4nge wird es genauso schnell wie der Einfachzucker Glucose aus dem Darm ins Blut aufgenommen, das hei\u00dft verstoffwechselt. <strong>Maltodextrin\u00a0<\/strong>wird in der Regel t\u00e4glich zus\u00e4tzlich als Erg\u00e4nzung zum normalen Essen eingenommen. Pro Tag sollte idealerweise zwischen 40 bis 100 g <strong>Maltodextrin<\/strong> verwendet werden. Pro Gramm <strong>Maltodextrin<\/strong> sind etwa 95 Gramm Kohlenhydrate enthalten, die etwa 380 Kilokalorien (kcal) enthalten. Ein Essl\u00f6ffel <strong>Maltodextrin<\/strong> entspricht ungef\u00e4hr 35 kcal.*<\/p>\n<p><strong>Anwendungsbeispiele<\/strong><\/p>\n<ul>\n<li>200 ml Wasser mit 40 g <strong>Maltodextrin<\/strong><\/li>\n<li>200 ml warmer Tee mit 80 g <strong>Maltodextrin<\/strong><\/li>\n<li>200 ml Fruchtsaft mit 40 g <strong>Maltodextrin<\/strong><\/li>\n<li>180 g Joghurt mit 30 g <strong>Maltodextrin<\/strong><\/li>\n<\/ul>\n<p>*Falls der\/die Betroffene Diabetes mellitus (Zuckerkrankheit leiden), sprechen Sie den Einsatz von <strong>Maltodextrin<\/strong> mit Ihrem Arzt, Apotheker oder der Ern\u00e4hrungsberatung ab.<\/p>\n<p>Preis per kg : 14,23 \u20ac<\/p>\n<p>&nbsp;<\/p>\n<div>mehr Produkte:<\/div>\n<div><\/div>\n<div><a href=\"https:\/\/biozoon.de\/shop\/product-category\/smoothfood-produkte\/texturgeber-smoothfood-produkte\/\">smoothfood Produkte Texturgeber<\/a><\/div>\n","protected":false},"excerpt":{"rendered":"<div class=\"logo-right\" style=\"margin-top: 10px;\">\n<div class=\"row\">\n<div class=\"col-md-12\"><img loading=\"lazy\" decoding=\"async\" class=\"alignnone size-full wp-image-1425\" src=\"https:\/\/biozoon.de\/shop\/wp-content\/uploads\/2021\/05\/Logo-Malto-Plus.png\" alt=\"\" width=\"417\" height=\"133\" srcset=\"https:\/\/biozoon.de\/shop\/wp-content\/uploads\/2021\/05\/Logo-Malto-Plus.png 417w, https:\/\/biozoon.de\/shop\/wp-content\/uploads\/2021\/05\/Logo-Malto-Plus-246x78.png 246w\" sizes=\"auto, (max-width: 417px) 100vw, 417px\" \/><\/div>\n<\/div>\n<\/div>\n","protected":false},"featured_media":635,"comment_status":"open","ping_status":"closed","template":"","meta":[],"product_brand":[],"product_cat":[201],"product_tag":[428,1078],"class_list":{"0":"post-281","1":"product","2":"type-product","3":"status-publish","4":"has-post-thumbnail","6":"product_cat-texturgeber-smoothfood-produkte","7":"product_tag-anreicherung","8":"product_tag-maltodextrin","10":"first","11":"instock","12":"taxable","13":"shipping-taxable","14":"purchasable","15":"product-type-simple","16":"add-to-wishlist-before_image"},"yoast_head":"<!-- This site is optimized with the Yoast SEO plugin v27.3 - https:\/\/yoast.com\/product\/yoast-seo-wordpress\/ -->\n<title>MALTOplus 300 g Dose - Biozoon Shop<\/title>\n<meta name=\"description\" content=\"MaltoPlus - Wasserl\u00f6sliches Kohlenhydratgemisch zur Energieanreicherung von Speisen &amp; Getr\u00e4nken zur Bek\u00e4mpfung von Mangelern\u00e4hrung\" \/>\n<meta name=\"robots\" content=\"index, follow, max-snippet:-1, max-image-preview:large, max-video-preview:-1\" \/>\n<link rel=\"canonical\" href=\"https:\/\/biozoon.de\/shop\/product\/malto-plus-300g\/\" \/>\n<meta property=\"og:locale\" content=\"en_US\" \/>\n<meta property=\"og:type\" content=\"article\" \/>\n<meta property=\"og:title\" content=\"MALTOplus 300 g Dose - Biozoon Shop\" \/>\n<meta property=\"og:description\" content=\"MaltoPlus - Wasserl\u00f6sliches Kohlenhydratgemisch zur Energieanreicherung von Speisen &amp; Getr\u00e4nken zur Bek\u00e4mpfung von Mangelern\u00e4hrung\" \/>\n<meta property=\"og:url\" content=\"https:\/\/biozoon.de\/shop\/product\/malto-plus-300g\/\" \/>\n<meta property=\"og:site_name\" content=\"Biozoon Shop\" \/>\n<meta property=\"article:publisher\" content=\"https:\/\/www.facebook.com\/pages\/category\/Food---Beverage\/biozoon-113514145340245\/\" \/>\n<meta property=\"article:modified_time\" content=\"2024-07-22T12:41:47+00:00\" \/>\n<meta property=\"og:image\" content=\"https:\/\/biozoon.de\/shop\/wp-content\/uploads\/2021\/04\/6056_Maltoplus_web-1-1.jpg\" \/>\n\t<meta property=\"og:image:width\" content=\"600\" \/>\n\t<meta property=\"og:image:height\" content=\"600\" \/>\n\t<meta property=\"og:image:type\" content=\"image\/jpeg\" \/>\n<meta name=\"twitter:card\" content=\"summary_large_image\" \/>\n<meta name=\"twitter:label1\" content=\"Est. reading time\" \/>\n\t<meta name=\"twitter:data1\" content=\"2 minutes\" \/>\n<script type=\"application\/ld+json\" class=\"yoast-schema-graph\">{\"@context\":\"https:\\\/\\\/schema.org\",\"@graph\":[{\"@type\":\"WebPage\",\"@id\":\"https:\\\/\\\/biozoon.de\\\/shop\\\/product\\\/malto-plus-300g\\\/\",\"url\":\"https:\\\/\\\/biozoon.de\\\/shop\\\/product\\\/malto-plus-300g\\\/\",\"name\":\"MALTOplus 300 g Dose - Biozoon Shop\",\"isPartOf\":{\"@id\":\"https:\\\/\\\/biozoon.de\\\/shop\\\/#website\"},\"primaryImageOfPage\":{\"@id\":\"https:\\\/\\\/biozoon.de\\\/shop\\\/product\\\/malto-plus-300g\\\/#primaryimage\"},\"image\":{\"@id\":\"https:\\\/\\\/biozoon.de\\\/shop\\\/product\\\/malto-plus-300g\\\/#primaryimage\"},\"thumbnailUrl\":\"https:\\\/\\\/biozoon.de\\\/shop\\\/wp-content\\\/uploads\\\/2021\\\/04\\\/6056_Maltoplus_web-1-1.jpg\",\"datePublished\":\"2021-04-17T07:37:22+00:00\",\"dateModified\":\"2024-07-22T12:41:47+00:00\",\"description\":\"MaltoPlus - Wasserl\u00f6sliches Kohlenhydratgemisch zur Energieanreicherung von Speisen & Getr\u00e4nken zur Bek\u00e4mpfung von Mangelern\u00e4hrung\",\"breadcrumb\":{\"@id\":\"https:\\\/\\\/biozoon.de\\\/shop\\\/product\\\/malto-plus-300g\\\/#breadcrumb\"},\"inLanguage\":\"en-US\",\"potentialAction\":[{\"@type\":\"ReadAction\",\"target\":[\"https:\\\/\\\/biozoon.de\\\/shop\\\/product\\\/malto-plus-300g\\\/\"]}]},{\"@type\":\"ImageObject\",\"inLanguage\":\"en-US\",\"@id\":\"https:\\\/\\\/biozoon.de\\\/shop\\\/product\\\/malto-plus-300g\\\/#primaryimage\",\"url\":\"https:\\\/\\\/biozoon.de\\\/shop\\\/wp-content\\\/uploads\\\/2021\\\/04\\\/6056_Maltoplus_web-1-1.jpg\",\"contentUrl\":\"https:\\\/\\\/biozoon.de\\\/shop\\\/wp-content\\\/uploads\\\/2021\\\/04\\\/6056_Maltoplus_web-1-1.jpg\",\"width\":600,\"height\":600,\"caption\":\"MALTOplus\"},{\"@type\":\"BreadcrumbList\",\"@id\":\"https:\\\/\\\/biozoon.de\\\/shop\\\/product\\\/malto-plus-300g\\\/#breadcrumb\",\"itemListElement\":[{\"@type\":\"ListItem\",\"position\":1,\"name\":\"Home\",\"item\":\"https:\\\/\\\/biozoon.de\\\/shop\\\/\"},{\"@type\":\"ListItem\",\"position\":2,\"name\":\"Shop\",\"item\":\"https:\\\/\\\/biozoon.de\\\/shop\\\/shop\\\/\"},{\"@type\":\"ListItem\",\"position\":3,\"name\":\"smoothfood Produkte\",\"item\":\"https:\\\/\\\/biozoon.de\\\/shop\\\/product-category\\\/smoothfood-produkte\\\/\"},{\"@type\":\"ListItem\",\"position\":4,\"name\":\"Texturgeber\",\"item\":\"https:\\\/\\\/biozoon.de\\\/shop\\\/product-category\\\/smoothfood-produkte\\\/texturgeber-smoothfood-produkte\\\/\"},{\"@type\":\"ListItem\",\"position\":5,\"name\":\"MALTOplus 300 g Dose\"}]},{\"@type\":\"WebSite\",\"@id\":\"https:\\\/\\\/biozoon.de\\\/shop\\\/#website\",\"url\":\"https:\\\/\\\/biozoon.de\\\/shop\\\/\",\"name\":\"Biozoon Shop\",\"description\":\"\",\"potentialAction\":[{\"@type\":\"SearchAction\",\"target\":{\"@type\":\"EntryPoint\",\"urlTemplate\":\"https:\\\/\\\/biozoon.de\\\/shop\\\/?s={search_term_string}\"},\"query-input\":{\"@type\":\"PropertyValueSpecification\",\"valueRequired\":true,\"valueName\":\"search_term_string\"}}],\"inLanguage\":\"en-US\"}]}<\/script>\n<!-- \/ Yoast SEO plugin. -->","yoast_head_json":{"title":"MALTOplus 300 g Dose - Biozoon Shop","description":"MaltoPlus - Wasserl\u00f6sliches Kohlenhydratgemisch zur Energieanreicherung von Speisen & Getr\u00e4nken zur Bek\u00e4mpfung von Mangelern\u00e4hrung","robots":{"index":"index","follow":"follow","max-snippet":"max-snippet:-1","max-image-preview":"max-image-preview:large","max-video-preview":"max-video-preview:-1"},"canonical":"https:\/\/biozoon.de\/shop\/product\/malto-plus-300g\/","og_locale":"en_US","og_type":"article","og_title":"MALTOplus 300 g Dose - Biozoon Shop","og_description":"MaltoPlus - Wasserl\u00f6sliches Kohlenhydratgemisch zur Energieanreicherung von Speisen & Getr\u00e4nken zur Bek\u00e4mpfung von Mangelern\u00e4hrung","og_url":"https:\/\/biozoon.de\/shop\/product\/malto-plus-300g\/","og_site_name":"Biozoon Shop","article_publisher":"https:\/\/www.facebook.com\/pages\/category\/Food---Beverage\/biozoon-113514145340245\/","article_modified_time":"2024-07-22T12:41:47+00:00","og_image":[{"width":600,"height":600,"url":"https:\/\/biozoon.de\/shop\/wp-content\/uploads\/2021\/04\/6056_Maltoplus_web-1-1.jpg","type":"image\/jpeg"}],"twitter_card":"summary_large_image","twitter_misc":{"Est. reading time":"2 minutes"},"schema":{"@context":"https:\/\/schema.org","@graph":[{"@type":"WebPage","@id":"https:\/\/biozoon.de\/shop\/product\/malto-plus-300g\/","url":"https:\/\/biozoon.de\/shop\/product\/malto-plus-300g\/","name":"MALTOplus 300 g Dose - Biozoon Shop","isPartOf":{"@id":"https:\/\/biozoon.de\/shop\/#website"},"primaryImageOfPage":{"@id":"https:\/\/biozoon.de\/shop\/product\/malto-plus-300g\/#primaryimage"},"image":{"@id":"https:\/\/biozoon.de\/shop\/product\/malto-plus-300g\/#primaryimage"},"thumbnailUrl":"https:\/\/biozoon.de\/shop\/wp-content\/uploads\/2021\/04\/6056_Maltoplus_web-1-1.jpg","datePublished":"2021-04-17T07:37:22+00:00","dateModified":"2024-07-22T12:41:47+00:00","description":"MaltoPlus - Wasserl\u00f6sliches Kohlenhydratgemisch zur Energieanreicherung von Speisen & Getr\u00e4nken zur Bek\u00e4mpfung von Mangelern\u00e4hrung","breadcrumb":{"@id":"https:\/\/biozoon.de\/shop\/product\/malto-plus-300g\/#breadcrumb"},"inLanguage":"en-US","potentialAction":[{"@type":"ReadAction","target":["https:\/\/biozoon.de\/shop\/product\/malto-plus-300g\/"]}]},{"@type":"ImageObject","inLanguage":"en-US","@id":"https:\/\/biozoon.de\/shop\/product\/malto-plus-300g\/#primaryimage","url":"https:\/\/biozoon.de\/shop\/wp-content\/uploads\/2021\/04\/6056_Maltoplus_web-1-1.jpg","contentUrl":"https:\/\/biozoon.de\/shop\/wp-content\/uploads\/2021\/04\/6056_Maltoplus_web-1-1.jpg","width":600,"height":600,"caption":"MALTOplus"},{"@type":"BreadcrumbList","@id":"https:\/\/biozoon.de\/shop\/product\/malto-plus-300g\/#breadcrumb","itemListElement":[{"@type":"ListItem","position":1,"name":"Home","item":"https:\/\/biozoon.de\/shop\/"},{"@type":"ListItem","position":2,"name":"Shop","item":"https:\/\/biozoon.de\/shop\/shop\/"},{"@type":"ListItem","position":3,"name":"smoothfood Produkte","item":"https:\/\/biozoon.de\/shop\/product-category\/smoothfood-produkte\/"},{"@type":"ListItem","position":4,"name":"Texturgeber","item":"https:\/\/biozoon.de\/shop\/product-category\/smoothfood-produkte\/texturgeber-smoothfood-produkte\/"},{"@type":"ListItem","position":5,"name":"MALTOplus 300 g Dose"}]},{"@type":"WebSite","@id":"https:\/\/biozoon.de\/shop\/#website","url":"https:\/\/biozoon.de\/shop\/","name":"Biozoon Shop","description":"","potentialAction":[{"@type":"SearchAction","target":{"@type":"EntryPoint","urlTemplate":"https:\/\/biozoon.de\/shop\/?s={search_term_string}"},"query-input":{"@type":"PropertyValueSpecification","valueRequired":true,"valueName":"search_term_string"}}],"inLanguage":"en-US"}]}},"lang":"de","translations":{"de":281,"en":284},"pll_sync_post":[],"_links":{"self":[{"href":"https:\/\/biozoon.de\/shop\/wp-json\/wp\/v2\/product\/281","targetHints":{"allow":["GET"]}}],"collection":[{"href":"https:\/\/biozoon.de\/shop\/wp-json\/wp\/v2\/product"}],"about":[{"href":"https:\/\/biozoon.de\/shop\/wp-json\/wp\/v2\/types\/product"}],"replies":[{"embeddable":true,"href":"https:\/\/biozoon.de\/shop\/wp-json\/wp\/v2\/comments?post=281"}],"wp:featuredmedia":[{"embeddable":true,"href":"https:\/\/biozoon.de\/shop\/wp-json\/wp\/v2\/media\/635"}],"wp:attachment":[{"href":"https:\/\/biozoon.de\/shop\/wp-json\/wp\/v2\/media?parent=281"}],"wp:term":[{"taxonomy":"product_brand","embeddable":true,"href":"https:\/\/biozoon.de\/shop\/wp-json\/wp\/v2\/product_brand?post=281"},{"taxonomy":"product_cat","embeddable":true,"href":"https:\/\/biozoon.de\/shop\/wp-json\/wp\/v2\/product_cat?post=281"},{"taxonomy":"product_tag","embeddable":true,"href":"https:\/\/biozoon.de\/shop\/wp-json\/wp\/v2\/product_tag?post=281"}],"curies":[{"name":"wp","href":"https:\/\/api.w.org\/{rel}","templated":true}]}}