{"id":275,"date":"2021-04-14T10:41:42","date_gmt":"2021-04-14T10:41:42","guid":{"rendered":"https:\/\/biozoon.de\/webshop\/?post_type=product&#038;p=275"},"modified":"2026-04-27T06:40:48","modified_gmt":"2026-04-27T06:40:48","slug":"spuma-instant-110g","status":"publish","type":"product","link":"https:\/\/biozoon.de\/shop\/product\/spuma-instant-110g\/","title":{"rendered":"SPUMAinstant 110 g Dose"},"content":{"rendered":"<p><span style=\"color: #ff00ff;\"><strong><em>SPUMA<\/em><\/strong><\/span><span style=\"color: #808080;\"><strong>instant <\/strong><\/span>110 g Dose mit Einf\u00fclltrichter<\/p>\n<p><strong>Bindemittel<\/strong> zur Herstellung von Schaumkost &#8211; reicht f\u00fcr ca. 14 Liter fl\u00fcssige Lebensmit\u00adtel oder 60 Liter Schaum &#8211; inkl. Dosierl\u00f6ffel.<\/p>\n<p><strong>Zutaten: <\/strong>Maltodextrin, Stabilisator Methylcellulose, Stabilisator Xanthan<\/p>\n<p><strong>Eigenschaften und Anwendung:<\/strong><\/p>\n<p>Schaumkost ist die letzte M\u00f6glichkeit der <strong>kontrollierten<\/strong> oralen <strong>Nahrungsaufnahme<\/strong> des Betroffenen und wird bei schwerer <strong>Dysphagie<\/strong> eingesetzt.\u00a0 Bei der <strong>Schaumkost<\/strong> wird mithilfe des <strong>SPUMAinstant Andickungsmittel <\/strong>ein fl\u00fcssiges oder verfl\u00fcssigtes Lebensmittel in die Konsistenz eines Softeises verwandelt. Die so hergestellte Schaumkost ist Amylase-resistent genau wie das VISCO <strong>Andickungspulver<\/strong> f\u00fcr die <strong>Getr\u00e4nkedickung<\/strong>. Das erm\u00f6glicht die <strong>sichere Nahrungsaufnahme<\/strong> und minimiert das Risiko des <strong>Verschluckens<\/strong>.<\/p>\n<p>Die Schaumstruktur sorgt f\u00fcr eine erh\u00f6hte Aromafreisetzung und somit f\u00fcr eine intensivere Geschmacksempfindung.<\/p>\n<p>Sehr h\u00e4ufig kommt die Schaumkost auch als hochkalorische Zwischenmahlzeit zum Einsatz. Das <strong>SPUMAinstant Andickungsmittel\u00a0 <\/strong>erm\u00f6glicht nicht nur die Anreicherung mit <strong>Maltodextrin<\/strong> oder <strong>Protein<\/strong>, sondern bindet sogar bis zu 50 % \u00d6l. So kann f\u00fcr den Betroffenen eine geschmackvolle, <strong>ern\u00e4hrungs-physiologisch hochwertige Ern\u00e4hrung<\/strong> sichergestellt werden.<\/p>\n<p>Das <strong>Bindemittel<\/strong> ist, wie auch alle anderen <strong>Andickungsmittel<\/strong> von biozoon, dar\u00fcber hinaus sogar vegan und allergenfrei.<\/p>\n<p>Sehr viel Information zum Thema <strong>Schaumkost<\/strong> finden Sie bereits auf der Plattform <a href=\"http:\/\/www.smoothfood.de\"><strong>www.smoothfood.de<\/strong><\/a> inklusive weiterf\u00fchrende Hintergrundinformationen zum Thema <strong>Ern\u00e4hrung bei Dysphagie<\/strong> an. Bei ganz konkreten Fragen rund um unsere <b>Verdickungsmittel <\/b>und <strong>Andickungsmittel <\/strong>erreichen Sie uns in der Zeit von 07:00 bis 16:00 Uhr.<\/p>\n<p>Gerne kommen wir auch zu Ihnen um im Rahmen einer Inhouse Schulung Ihnen die Leistungsf\u00e4higkeit und einfache Handhabbarkeit unserer <strong>Andickungsmittel <\/strong>und <strong>Verdickungsmittel <\/strong>f\u00fcr die <strong>sichere Nahrungsaufnahme ohne Verschlucken<\/strong> bei <strong>Kau- und Schluckst\u00f6rungen<\/strong> <strong>(Dysphagie)<\/strong> n\u00e4her zu bringen und auch die Pflege im richtigen Umgang damit zu schulen.<\/p>\n<p><strong>Anwendung: <\/strong><\/p>\n<p>500 g (ml) Fl\u00fcssigkeit (z. B. Saft, passierte Sa\u00adlate) oder 500 g passiertes (durch das Sieb gestrichene) Lebensmittel (z. B. M\u00fcsli, Kuchen, komplettes Fr\u00fchst\u00fcck) in einen Sahnesiphon oder eine K\u00fcchenmaschine geben. Anschlie\u00ad\u00dfend 2 Dosierl\u00f6ffel (DL) <strong>Andickungsmittel <\/strong><em><strong>SPUMA<\/strong><\/em><strong>instant<\/strong> hinzuf\u00fcgen.<\/p>\n<p><em>Im Siphon:<\/em> Siphon verschlie\u00dfen und gut sch\u00fctteln bis sich das Pulver komplett aufl\u00f6st. Anschlie\u00dfend 2 Sahnekapseln aufschrauben und das ganze 10 Minuten stehen lassen \u2013 fertig!<\/p>\n<p><em>In der K\u00fcchenmaschine: <\/em>In der K\u00fcchenmaschine mit Schneebesen die Fl\u00fcssigkeit ca. 15 Minuten auf h\u00f6chster Stufe aufschlagen bis eine sahneartige Konsistenz erreicht ist \u2013 fertig!<\/p>\n<p>Preis per kg : 171,55 \u20ac<\/p>\n<p><b>PZN: 9218717<\/b><\/p>\n<div>\n<p>mehr Produkte:<\/p>\n<p><a href=\"https:\/\/biozoon.de\/shop\/product-category\/smoothfood-produkte\/texturgeber-smoothfood-produkte\/\">smoothfood Produkte Texturgeber<\/a><\/p>\n<p>Rezepte:<\/p>\n<p><a href=\"https:\/\/smoothfood.de\/recipe-category\/schaumkost\/\" target=\"_blank\" rel=\"noopener\">Schaumkost<\/a><\/p>\n<\/div>\n","protected":false},"excerpt":{"rendered":"<div class=\"logo-right\">\n<div class=\"row\">\n<div class=\"col-md-12\"><img decoding=\"async\" src=\"https:\/\/biozoon.de\/shop\/wp-content\/uploads\/2021\/05\/supma-1.png\" \/><\/div>\n<div class=\"col-md-12\">+ kostenlose Rezeptbrosch\u00fcre<\/div>\n<\/div>\n<\/div>\n","protected":false},"featured_media":3480,"comment_status":"open","ping_status":"closed","template":"","meta":[],"product_brand":[],"product_cat":[513,201],"product_tag":[1297,399],"class_list":{"0":"post-275","1":"product","2":"type-product","3":"status-publish","4":"has-post-thumbnail","6":"product_cat-smoothfood-produkte-angebote","7":"product_cat-texturgeber-smoothfood-produkte","8":"product_tag-dysphagie-produkte","9":"product_tag-schaumkost","11":"first","12":"instock","13":"sale","14":"taxable","15":"shipping-taxable","16":"purchasable","17":"product-type-simple","18":"add-to-wishlist-before_image"},"yoast_head":"<!-- This site is optimized with the Yoast SEO plugin v27.3 - https:\/\/yoast.com\/product\/yoast-seo-wordpress\/ -->\n<title>SPUMAinstant 110 g Dose - Biozoon Shop<\/title>\n<meta name=\"description\" content=\"SPUMAinstant - innovatives Bindemittel zur Herstellung von Schaumkost im Rahmen einer ad\u00e4quaten Ern\u00e4hrung bei Dysphagie\" \/>\n<meta name=\"robots\" content=\"index, follow, max-snippet:-1, max-image-preview:large, max-video-preview:-1\" \/>\n<link rel=\"canonical\" href=\"https:\/\/biozoon.de\/shop\/product\/spuma-instant-110g\/\" \/>\n<meta property=\"og:locale\" content=\"en_US\" \/>\n<meta property=\"og:type\" content=\"article\" \/>\n<meta property=\"og:title\" content=\"SPUMAinstant 110 g Dose - Biozoon Shop\" \/>\n<meta property=\"og:description\" content=\"SPUMAinstant - innovatives Bindemittel zur Herstellung von Schaumkost im Rahmen einer ad\u00e4quaten Ern\u00e4hrung bei Dysphagie\" \/>\n<meta property=\"og:url\" content=\"https:\/\/biozoon.de\/shop\/product\/spuma-instant-110g\/\" \/>\n<meta property=\"og:site_name\" content=\"Biozoon Shop\" \/>\n<meta property=\"article:publisher\" content=\"https:\/\/www.facebook.com\/pages\/category\/Food---Beverage\/biozoon-113514145340245\/\" \/>\n<meta property=\"article:modified_time\" content=\"2026-04-27T06:40:48+00:00\" \/>\n<meta property=\"og:image\" content=\"https:\/\/biozoon.de\/shop\/wp-content\/uploads\/2021\/04\/6041-Spuma-instant-Dose_110g-3.jpg\" \/>\n\t<meta property=\"og:image:width\" content=\"600\" \/>\n\t<meta property=\"og:image:height\" content=\"600\" \/>\n\t<meta property=\"og:image:type\" content=\"image\/jpeg\" \/>\n<meta name=\"twitter:card\" content=\"summary_large_image\" \/>\n<meta name=\"twitter:label1\" content=\"Est. reading time\" \/>\n\t<meta name=\"twitter:data1\" content=\"2 minutes\" \/>\n<script type=\"application\/ld+json\" class=\"yoast-schema-graph\">{\"@context\":\"https:\\\/\\\/schema.org\",\"@graph\":[{\"@type\":\"WebPage\",\"@id\":\"https:\\\/\\\/biozoon.de\\\/shop\\\/product\\\/spuma-instant-110g\\\/\",\"url\":\"https:\\\/\\\/biozoon.de\\\/shop\\\/product\\\/spuma-instant-110g\\\/\",\"name\":\"SPUMAinstant 110 g Dose - Biozoon Shop\",\"isPartOf\":{\"@id\":\"https:\\\/\\\/biozoon.de\\\/shop\\\/#website\"},\"primaryImageOfPage\":{\"@id\":\"https:\\\/\\\/biozoon.de\\\/shop\\\/product\\\/spuma-instant-110g\\\/#primaryimage\"},\"image\":{\"@id\":\"https:\\\/\\\/biozoon.de\\\/shop\\\/product\\\/spuma-instant-110g\\\/#primaryimage\"},\"thumbnailUrl\":\"https:\\\/\\\/biozoon.de\\\/shop\\\/wp-content\\\/uploads\\\/2021\\\/04\\\/6041-Spuma-instant-Dose_110g-3.jpg\",\"datePublished\":\"2021-04-14T10:41:42+00:00\",\"dateModified\":\"2026-04-27T06:40:48+00:00\",\"description\":\"SPUMAinstant - innovatives Bindemittel zur Herstellung von Schaumkost im Rahmen einer ad\u00e4quaten Ern\u00e4hrung bei Dysphagie\",\"breadcrumb\":{\"@id\":\"https:\\\/\\\/biozoon.de\\\/shop\\\/product\\\/spuma-instant-110g\\\/#breadcrumb\"},\"inLanguage\":\"en-US\",\"potentialAction\":[{\"@type\":\"ReadAction\",\"target\":[\"https:\\\/\\\/biozoon.de\\\/shop\\\/product\\\/spuma-instant-110g\\\/\"]}]},{\"@type\":\"ImageObject\",\"inLanguage\":\"en-US\",\"@id\":\"https:\\\/\\\/biozoon.de\\\/shop\\\/product\\\/spuma-instant-110g\\\/#primaryimage\",\"url\":\"https:\\\/\\\/biozoon.de\\\/shop\\\/wp-content\\\/uploads\\\/2021\\\/04\\\/6041-Spuma-instant-Dose_110g-3.jpg\",\"contentUrl\":\"https:\\\/\\\/biozoon.de\\\/shop\\\/wp-content\\\/uploads\\\/2021\\\/04\\\/6041-Spuma-instant-Dose_110g-3.jpg\",\"width\":600,\"height\":600},{\"@type\":\"BreadcrumbList\",\"@id\":\"https:\\\/\\\/biozoon.de\\\/shop\\\/product\\\/spuma-instant-110g\\\/#breadcrumb\",\"itemListElement\":[{\"@type\":\"ListItem\",\"position\":1,\"name\":\"Home\",\"item\":\"https:\\\/\\\/biozoon.de\\\/shop\\\/\"},{\"@type\":\"ListItem\",\"position\":2,\"name\":\"Shop\",\"item\":\"https:\\\/\\\/biozoon.de\\\/shop\\\/shop\\\/\"},{\"@type\":\"ListItem\",\"position\":3,\"name\":\"smoothfood Produkte\",\"item\":\"https:\\\/\\\/biozoon.de\\\/shop\\\/product-category\\\/smoothfood-produkte\\\/\"},{\"@type\":\"ListItem\",\"position\":4,\"name\":\"Texturgeber\",\"item\":\"https:\\\/\\\/biozoon.de\\\/shop\\\/product-category\\\/smoothfood-produkte\\\/texturgeber-smoothfood-produkte\\\/\"},{\"@type\":\"ListItem\",\"position\":5,\"name\":\"SPUMAinstant 110 g Dose\"}]},{\"@type\":\"WebSite\",\"@id\":\"https:\\\/\\\/biozoon.de\\\/shop\\\/#website\",\"url\":\"https:\\\/\\\/biozoon.de\\\/shop\\\/\",\"name\":\"Biozoon Shop\",\"description\":\"\",\"potentialAction\":[{\"@type\":\"SearchAction\",\"target\":{\"@type\":\"EntryPoint\",\"urlTemplate\":\"https:\\\/\\\/biozoon.de\\\/shop\\\/?s={search_term_string}\"},\"query-input\":{\"@type\":\"PropertyValueSpecification\",\"valueRequired\":true,\"valueName\":\"search_term_string\"}}],\"inLanguage\":\"en-US\"}]}<\/script>\n<!-- \/ Yoast SEO plugin. -->","yoast_head_json":{"title":"SPUMAinstant 110 g Dose - Biozoon Shop","description":"SPUMAinstant - innovatives Bindemittel zur Herstellung von Schaumkost im Rahmen einer ad\u00e4quaten Ern\u00e4hrung bei Dysphagie","robots":{"index":"index","follow":"follow","max-snippet":"max-snippet:-1","max-image-preview":"max-image-preview:large","max-video-preview":"max-video-preview:-1"},"canonical":"https:\/\/biozoon.de\/shop\/product\/spuma-instant-110g\/","og_locale":"en_US","og_type":"article","og_title":"SPUMAinstant 110 g Dose - Biozoon Shop","og_description":"SPUMAinstant - innovatives Bindemittel zur Herstellung von Schaumkost im Rahmen einer ad\u00e4quaten Ern\u00e4hrung bei Dysphagie","og_url":"https:\/\/biozoon.de\/shop\/product\/spuma-instant-110g\/","og_site_name":"Biozoon Shop","article_publisher":"https:\/\/www.facebook.com\/pages\/category\/Food---Beverage\/biozoon-113514145340245\/","article_modified_time":"2026-04-27T06:40:48+00:00","og_image":[{"width":600,"height":600,"url":"https:\/\/biozoon.de\/shop\/wp-content\/uploads\/2021\/04\/6041-Spuma-instant-Dose_110g-3.jpg","type":"image\/jpeg"}],"twitter_card":"summary_large_image","twitter_misc":{"Est. reading time":"2 minutes"},"schema":{"@context":"https:\/\/schema.org","@graph":[{"@type":"WebPage","@id":"https:\/\/biozoon.de\/shop\/product\/spuma-instant-110g\/","url":"https:\/\/biozoon.de\/shop\/product\/spuma-instant-110g\/","name":"SPUMAinstant 110 g Dose - Biozoon Shop","isPartOf":{"@id":"https:\/\/biozoon.de\/shop\/#website"},"primaryImageOfPage":{"@id":"https:\/\/biozoon.de\/shop\/product\/spuma-instant-110g\/#primaryimage"},"image":{"@id":"https:\/\/biozoon.de\/shop\/product\/spuma-instant-110g\/#primaryimage"},"thumbnailUrl":"https:\/\/biozoon.de\/shop\/wp-content\/uploads\/2021\/04\/6041-Spuma-instant-Dose_110g-3.jpg","datePublished":"2021-04-14T10:41:42+00:00","dateModified":"2026-04-27T06:40:48+00:00","description":"SPUMAinstant - innovatives Bindemittel zur Herstellung von Schaumkost im Rahmen einer ad\u00e4quaten Ern\u00e4hrung bei Dysphagie","breadcrumb":{"@id":"https:\/\/biozoon.de\/shop\/product\/spuma-instant-110g\/#breadcrumb"},"inLanguage":"en-US","potentialAction":[{"@type":"ReadAction","target":["https:\/\/biozoon.de\/shop\/product\/spuma-instant-110g\/"]}]},{"@type":"ImageObject","inLanguage":"en-US","@id":"https:\/\/biozoon.de\/shop\/product\/spuma-instant-110g\/#primaryimage","url":"https:\/\/biozoon.de\/shop\/wp-content\/uploads\/2021\/04\/6041-Spuma-instant-Dose_110g-3.jpg","contentUrl":"https:\/\/biozoon.de\/shop\/wp-content\/uploads\/2021\/04\/6041-Spuma-instant-Dose_110g-3.jpg","width":600,"height":600},{"@type":"BreadcrumbList","@id":"https:\/\/biozoon.de\/shop\/product\/spuma-instant-110g\/#breadcrumb","itemListElement":[{"@type":"ListItem","position":1,"name":"Home","item":"https:\/\/biozoon.de\/shop\/"},{"@type":"ListItem","position":2,"name":"Shop","item":"https:\/\/biozoon.de\/shop\/shop\/"},{"@type":"ListItem","position":3,"name":"smoothfood Produkte","item":"https:\/\/biozoon.de\/shop\/product-category\/smoothfood-produkte\/"},{"@type":"ListItem","position":4,"name":"Texturgeber","item":"https:\/\/biozoon.de\/shop\/product-category\/smoothfood-produkte\/texturgeber-smoothfood-produkte\/"},{"@type":"ListItem","position":5,"name":"SPUMAinstant 110 g Dose"}]},{"@type":"WebSite","@id":"https:\/\/biozoon.de\/shop\/#website","url":"https:\/\/biozoon.de\/shop\/","name":"Biozoon Shop","description":"","potentialAction":[{"@type":"SearchAction","target":{"@type":"EntryPoint","urlTemplate":"https:\/\/biozoon.de\/shop\/?s={search_term_string}"},"query-input":{"@type":"PropertyValueSpecification","valueRequired":true,"valueName":"search_term_string"}}],"inLanguage":"en-US"}]}},"lang":"de","translations":{"de":275,"en":638},"pll_sync_post":[],"_links":{"self":[{"href":"https:\/\/biozoon.de\/shop\/wp-json\/wp\/v2\/product\/275","targetHints":{"allow":["GET"]}}],"collection":[{"href":"https:\/\/biozoon.de\/shop\/wp-json\/wp\/v2\/product"}],"about":[{"href":"https:\/\/biozoon.de\/shop\/wp-json\/wp\/v2\/types\/product"}],"replies":[{"embeddable":true,"href":"https:\/\/biozoon.de\/shop\/wp-json\/wp\/v2\/comments?post=275"}],"wp:featuredmedia":[{"embeddable":true,"href":"https:\/\/biozoon.de\/shop\/wp-json\/wp\/v2\/media\/3480"}],"wp:attachment":[{"href":"https:\/\/biozoon.de\/shop\/wp-json\/wp\/v2\/media?parent=275"}],"wp:term":[{"taxonomy":"product_brand","embeddable":true,"href":"https:\/\/biozoon.de\/shop\/wp-json\/wp\/v2\/product_brand?post=275"},{"taxonomy":"product_cat","embeddable":true,"href":"https:\/\/biozoon.de\/shop\/wp-json\/wp\/v2\/product_cat?post=275"},{"taxonomy":"product_tag","embeddable":true,"href":"https:\/\/biozoon.de\/shop\/wp-json\/wp\/v2\/product_tag?post=275"}],"curies":[{"name":"wp","href":"https:\/\/api.w.org\/{rel}","templated":true}]}}