{"id":270,"date":"2021-09-30T10:21:56","date_gmt":"2021-09-30T10:21:56","guid":{"rendered":"https:\/\/biozoon.de\/webshop\/?post_type=product&#038;p=270"},"modified":"2025-10-13T06:45:00","modified_gmt":"2025-10-13T06:45:00","slug":"air-instant-sticks-100x-2g","status":"publish","type":"product","link":"https:\/\/biozoon.de\/shop\/product\/air-instant-sticks-100x-2g\/","title":{"rendered":"AIR Instant Sticks 100 x 2 g"},"content":{"rendered":"<p><strong><span style=\"color: #00b0f0\">AIR<\/span>\u00a0<em><sub>instant<\/sub><\/em> Sticks 100 x 2 g<\/strong><\/p>\n<p><b>Mischung aus nat\u00fcrlichen Zutaten zur Herstellung von aromatischen Sch\u00e4umen.<\/b><\/p>\n<p><b>Zutaten: <\/b>Maltodextrin, <strong>Emulgator<\/strong><b> Soja-Lecithin<\/b><\/p>\n<p><b>Anwendung: <\/b>S\u00e4fte, fl\u00fcssige Extrakte oder jegliche Getr\u00e4nke k\u00f6nnen in einen feinporigen, leichten Schaum mit der Hilfe des <span style=\"color: #00b0f0\"><b>AIR<span style=\"color: #333333\">&#8211;<\/span><\/b><\/span>Set\u00a0\u00fcberf\u00fchrt werden. Geben Sie den Inhalt des <strong><span style=\"color: #00b0f0\">AIR<\/span>\u00a0<em><sub>instant<\/sub><\/em>\u00a0Sticks<\/strong> auf ca. 50 ml\/g Fl\u00fcssigkeit (z. B. Fruchtsaft, Bouillon). Mit einem L\u00f6ffel kurz mischen und mit dem biozoon <span style=\"color: #00b0f0\"><b>AIR<span style=\"color: #333333\">&#8211;<\/span><\/b><\/span>Set aufsch\u00e4umen. Der Schaum kann direkt mit einem L\u00f6ffel abgenommen und serviert werden.<\/p>\n<p><strong>Durchschnittliche N\u00e4hrwertangaben<\/strong> <strong>pro 100 g:<\/strong><\/p>\n<table class=\"table mytb\" border=\"0\" cellspacing=\"0\" cellpadding=\"0\">\n<tbody>\n<tr>\n<td>Brennwert kJ \/ kcal<\/td>\n<td>2400 kJ \/575 kcal<\/td>\n<\/tr>\n<tr>\n<td>Eiwei\u00df (g)<\/td>\n<td>0<\/td>\n<\/tr>\n<tr>\n<td>Kohlenhydrate (g)<\/td>\n<td>65<\/td>\n<\/tr>\n<tr>\n<td>davon Zucker (g)<\/td>\n<td>0<\/td>\n<\/tr>\n<tr>\n<td>Fett (g)<\/td>\n<td>35<\/td>\n<\/tr>\n<tr>\n<td>davon ges\u00e4ttigte Fetts\u00e4uren (g)<\/td>\n<td>5<\/td>\n<\/tr>\n<tr>\n<td>Ballaststoffe (g)<\/td>\n<td>0<\/td>\n<\/tr>\n<tr>\n<td>Salz (g)<\/td>\n<td>0<\/td>\n<\/tr>\n<\/tbody>\n<\/table>\n<p><strong>PZN: 10400321<\/strong><\/p>\n<div>\n<p>mehr Produkte:<\/p>\n<p><a href=\"https:\/\/biozoon.de\/shop\/product-category\/smoothfood-produkte\/texturgeber-smoothfood-produkte\/\">smoothfood Produkte Texturgeber<\/a><\/p>\n<p>Rezepte:<\/p>\n<\/div>\n<div><a href=\"https:\/\/smoothfood.de\/recipe-category\/basale-stimulation-mit-air\/\" target=\"_blank\" rel=\"noopener\">Basale Stimulation mit Air<\/a><\/div>\n","protected":false},"excerpt":{"rendered":"<div class=\"logo-right\">\n<div class=\"row\">\n<div class=\"col-md-12\"><img decoding=\"async\" title=\"Air instant\" src=\"https:\/\/biozoon.de\/shop\/wp-content\/uploads\/2021\/05\/air-instant.png\" alt=\"Air instant\" \/><\/div>\n<\/div>\n<\/div>\n","protected":false},"featured_media":641,"comment_status":"open","ping_status":"closed","template":"","meta":[],"product_brand":[],"product_cat":[201],"product_tag":[395],"class_list":{"0":"post-270","1":"product","2":"type-product","3":"status-publish","4":"has-post-thumbnail","6":"product_cat-texturgeber-smoothfood-produkte","7":"product_tag-basale-stimulation","9":"first","10":"instock","11":"taxable","12":"shipping-taxable","13":"purchasable","14":"product-type-simple","15":"add-to-wishlist-before_image"},"yoast_head":"<!-- This site is optimized with the Yoast SEO plugin v27.3 - https:\/\/yoast.com\/product\/yoast-seo-wordpress\/ -->\n<title>AIR Instant Sticks 100 x 2 g - Biozoon Shop<\/title>\n<meta name=\"description\" content=\"AIR Instant Sticks 100 x 2g - Nachf\u00fcllpack AirSticks f\u00fcr das AirSet zur basalen Stimulation bei enteraler oder parenteraler Ern\u00e4hrung\" \/>\n<meta name=\"robots\" content=\"index, follow, max-snippet:-1, max-image-preview:large, max-video-preview:-1\" \/>\n<link rel=\"canonical\" href=\"https:\/\/biozoon.de\/shop\/product\/air-instant-sticks-100x-2g\/\" \/>\n<meta property=\"og:locale\" content=\"en_US\" \/>\n<meta property=\"og:type\" content=\"article\" \/>\n<meta property=\"og:title\" content=\"AIR Instant Sticks 100 x 2 g - Biozoon Shop\" \/>\n<meta property=\"og:description\" content=\"AIR Instant Sticks 100 x 2g - Nachf\u00fcllpack AirSticks f\u00fcr das AirSet zur basalen Stimulation bei enteraler oder parenteraler Ern\u00e4hrung\" \/>\n<meta property=\"og:url\" content=\"https:\/\/biozoon.de\/shop\/product\/air-instant-sticks-100x-2g\/\" \/>\n<meta property=\"og:site_name\" content=\"Biozoon Shop\" \/>\n<meta property=\"article:publisher\" content=\"https:\/\/www.facebook.com\/pages\/category\/Food---Beverage\/biozoon-113514145340245\/\" \/>\n<meta property=\"article:modified_time\" content=\"2025-10-13T06:45:00+00:00\" \/>\n<meta property=\"og:image\" content=\"https:\/\/biozoon.de\/shop\/wp-content\/uploads\/2021\/04\/Air-Sticks_03_2014-1.jpg\" \/>\n\t<meta property=\"og:image:width\" content=\"600\" \/>\n\t<meta property=\"og:image:height\" content=\"600\" \/>\n\t<meta property=\"og:image:type\" content=\"image\/jpeg\" \/>\n<meta name=\"twitter:card\" content=\"summary_large_image\" \/>\n<meta name=\"twitter:label1\" content=\"Est. reading time\" \/>\n\t<meta name=\"twitter:data1\" content=\"1 minute\" \/>\n<script type=\"application\/ld+json\" class=\"yoast-schema-graph\">{\"@context\":\"https:\\\/\\\/schema.org\",\"@graph\":[{\"@type\":\"WebPage\",\"@id\":\"https:\\\/\\\/biozoon.de\\\/shop\\\/product\\\/air-instant-sticks-100x-2g\\\/\",\"url\":\"https:\\\/\\\/biozoon.de\\\/shop\\\/product\\\/air-instant-sticks-100x-2g\\\/\",\"name\":\"AIR Instant Sticks 100 x 2 g - Biozoon Shop\",\"isPartOf\":{\"@id\":\"https:\\\/\\\/biozoon.de\\\/shop\\\/#website\"},\"primaryImageOfPage\":{\"@id\":\"https:\\\/\\\/biozoon.de\\\/shop\\\/product\\\/air-instant-sticks-100x-2g\\\/#primaryimage\"},\"image\":{\"@id\":\"https:\\\/\\\/biozoon.de\\\/shop\\\/product\\\/air-instant-sticks-100x-2g\\\/#primaryimage\"},\"thumbnailUrl\":\"https:\\\/\\\/biozoon.de\\\/shop\\\/wp-content\\\/uploads\\\/2021\\\/04\\\/Air-Sticks_03_2014-1.jpg\",\"datePublished\":\"2021-09-30T10:21:56+00:00\",\"dateModified\":\"2025-10-13T06:45:00+00:00\",\"description\":\"AIR Instant Sticks 100 x 2g - Nachf\u00fcllpack AirSticks f\u00fcr das AirSet zur basalen Stimulation bei enteraler oder parenteraler Ern\u00e4hrung\",\"breadcrumb\":{\"@id\":\"https:\\\/\\\/biozoon.de\\\/shop\\\/product\\\/air-instant-sticks-100x-2g\\\/#breadcrumb\"},\"inLanguage\":\"en-US\",\"potentialAction\":[{\"@type\":\"ReadAction\",\"target\":[\"https:\\\/\\\/biozoon.de\\\/shop\\\/product\\\/air-instant-sticks-100x-2g\\\/\"]}]},{\"@type\":\"ImageObject\",\"inLanguage\":\"en-US\",\"@id\":\"https:\\\/\\\/biozoon.de\\\/shop\\\/product\\\/air-instant-sticks-100x-2g\\\/#primaryimage\",\"url\":\"https:\\\/\\\/biozoon.de\\\/shop\\\/wp-content\\\/uploads\\\/2021\\\/04\\\/Air-Sticks_03_2014-1.jpg\",\"contentUrl\":\"https:\\\/\\\/biozoon.de\\\/shop\\\/wp-content\\\/uploads\\\/2021\\\/04\\\/Air-Sticks_03_2014-1.jpg\",\"width\":600,\"height\":600,\"caption\":\"AIR Instant\"},{\"@type\":\"BreadcrumbList\",\"@id\":\"https:\\\/\\\/biozoon.de\\\/shop\\\/product\\\/air-instant-sticks-100x-2g\\\/#breadcrumb\",\"itemListElement\":[{\"@type\":\"ListItem\",\"position\":1,\"name\":\"Home\",\"item\":\"https:\\\/\\\/biozoon.de\\\/shop\\\/\"},{\"@type\":\"ListItem\",\"position\":2,\"name\":\"Shop\",\"item\":\"https:\\\/\\\/biozoon.de\\\/shop\\\/shop\\\/\"},{\"@type\":\"ListItem\",\"position\":3,\"name\":\"smoothfood Produkte\",\"item\":\"https:\\\/\\\/biozoon.de\\\/shop\\\/product-category\\\/smoothfood-produkte\\\/\"},{\"@type\":\"ListItem\",\"position\":4,\"name\":\"Texturgeber\",\"item\":\"https:\\\/\\\/biozoon.de\\\/shop\\\/product-category\\\/smoothfood-produkte\\\/texturgeber-smoothfood-produkte\\\/\"},{\"@type\":\"ListItem\",\"position\":5,\"name\":\"AIR Instant Sticks 100 x 2 g\"}]},{\"@type\":\"WebSite\",\"@id\":\"https:\\\/\\\/biozoon.de\\\/shop\\\/#website\",\"url\":\"https:\\\/\\\/biozoon.de\\\/shop\\\/\",\"name\":\"Biozoon Shop\",\"description\":\"\",\"potentialAction\":[{\"@type\":\"SearchAction\",\"target\":{\"@type\":\"EntryPoint\",\"urlTemplate\":\"https:\\\/\\\/biozoon.de\\\/shop\\\/?s={search_term_string}\"},\"query-input\":{\"@type\":\"PropertyValueSpecification\",\"valueRequired\":true,\"valueName\":\"search_term_string\"}}],\"inLanguage\":\"en-US\"}]}<\/script>\n<!-- \/ Yoast SEO plugin. -->","yoast_head_json":{"title":"AIR Instant Sticks 100 x 2 g - Biozoon Shop","description":"AIR Instant Sticks 100 x 2g - Nachf\u00fcllpack AirSticks f\u00fcr das AirSet zur basalen Stimulation bei enteraler oder parenteraler Ern\u00e4hrung","robots":{"index":"index","follow":"follow","max-snippet":"max-snippet:-1","max-image-preview":"max-image-preview:large","max-video-preview":"max-video-preview:-1"},"canonical":"https:\/\/biozoon.de\/shop\/product\/air-instant-sticks-100x-2g\/","og_locale":"en_US","og_type":"article","og_title":"AIR Instant Sticks 100 x 2 g - Biozoon Shop","og_description":"AIR Instant Sticks 100 x 2g - Nachf\u00fcllpack AirSticks f\u00fcr das AirSet zur basalen Stimulation bei enteraler oder parenteraler Ern\u00e4hrung","og_url":"https:\/\/biozoon.de\/shop\/product\/air-instant-sticks-100x-2g\/","og_site_name":"Biozoon Shop","article_publisher":"https:\/\/www.facebook.com\/pages\/category\/Food---Beverage\/biozoon-113514145340245\/","article_modified_time":"2025-10-13T06:45:00+00:00","og_image":[{"width":600,"height":600,"url":"https:\/\/biozoon.de\/shop\/wp-content\/uploads\/2021\/04\/Air-Sticks_03_2014-1.jpg","type":"image\/jpeg"}],"twitter_card":"summary_large_image","twitter_misc":{"Est. reading time":"1 minute"},"schema":{"@context":"https:\/\/schema.org","@graph":[{"@type":"WebPage","@id":"https:\/\/biozoon.de\/shop\/product\/air-instant-sticks-100x-2g\/","url":"https:\/\/biozoon.de\/shop\/product\/air-instant-sticks-100x-2g\/","name":"AIR Instant Sticks 100 x 2 g - Biozoon Shop","isPartOf":{"@id":"https:\/\/biozoon.de\/shop\/#website"},"primaryImageOfPage":{"@id":"https:\/\/biozoon.de\/shop\/product\/air-instant-sticks-100x-2g\/#primaryimage"},"image":{"@id":"https:\/\/biozoon.de\/shop\/product\/air-instant-sticks-100x-2g\/#primaryimage"},"thumbnailUrl":"https:\/\/biozoon.de\/shop\/wp-content\/uploads\/2021\/04\/Air-Sticks_03_2014-1.jpg","datePublished":"2021-09-30T10:21:56+00:00","dateModified":"2025-10-13T06:45:00+00:00","description":"AIR Instant Sticks 100 x 2g - Nachf\u00fcllpack AirSticks f\u00fcr das AirSet zur basalen Stimulation bei enteraler oder parenteraler Ern\u00e4hrung","breadcrumb":{"@id":"https:\/\/biozoon.de\/shop\/product\/air-instant-sticks-100x-2g\/#breadcrumb"},"inLanguage":"en-US","potentialAction":[{"@type":"ReadAction","target":["https:\/\/biozoon.de\/shop\/product\/air-instant-sticks-100x-2g\/"]}]},{"@type":"ImageObject","inLanguage":"en-US","@id":"https:\/\/biozoon.de\/shop\/product\/air-instant-sticks-100x-2g\/#primaryimage","url":"https:\/\/biozoon.de\/shop\/wp-content\/uploads\/2021\/04\/Air-Sticks_03_2014-1.jpg","contentUrl":"https:\/\/biozoon.de\/shop\/wp-content\/uploads\/2021\/04\/Air-Sticks_03_2014-1.jpg","width":600,"height":600,"caption":"AIR Instant"},{"@type":"BreadcrumbList","@id":"https:\/\/biozoon.de\/shop\/product\/air-instant-sticks-100x-2g\/#breadcrumb","itemListElement":[{"@type":"ListItem","position":1,"name":"Home","item":"https:\/\/biozoon.de\/shop\/"},{"@type":"ListItem","position":2,"name":"Shop","item":"https:\/\/biozoon.de\/shop\/shop\/"},{"@type":"ListItem","position":3,"name":"smoothfood Produkte","item":"https:\/\/biozoon.de\/shop\/product-category\/smoothfood-produkte\/"},{"@type":"ListItem","position":4,"name":"Texturgeber","item":"https:\/\/biozoon.de\/shop\/product-category\/smoothfood-produkte\/texturgeber-smoothfood-produkte\/"},{"@type":"ListItem","position":5,"name":"AIR Instant Sticks 100 x 2 g"}]},{"@type":"WebSite","@id":"https:\/\/biozoon.de\/shop\/#website","url":"https:\/\/biozoon.de\/shop\/","name":"Biozoon Shop","description":"","potentialAction":[{"@type":"SearchAction","target":{"@type":"EntryPoint","urlTemplate":"https:\/\/biozoon.de\/shop\/?s={search_term_string}"},"query-input":{"@type":"PropertyValueSpecification","valueRequired":true,"valueName":"search_term_string"}}],"inLanguage":"en-US"}]}},"lang":"de","translations":{"de":270,"en":786},"pll_sync_post":[],"_links":{"self":[{"href":"https:\/\/biozoon.de\/shop\/wp-json\/wp\/v2\/product\/270","targetHints":{"allow":["GET"]}}],"collection":[{"href":"https:\/\/biozoon.de\/shop\/wp-json\/wp\/v2\/product"}],"about":[{"href":"https:\/\/biozoon.de\/shop\/wp-json\/wp\/v2\/types\/product"}],"replies":[{"embeddable":true,"href":"https:\/\/biozoon.de\/shop\/wp-json\/wp\/v2\/comments?post=270"}],"wp:featuredmedia":[{"embeddable":true,"href":"https:\/\/biozoon.de\/shop\/wp-json\/wp\/v2\/media\/641"}],"wp:attachment":[{"href":"https:\/\/biozoon.de\/shop\/wp-json\/wp\/v2\/media?parent=270"}],"wp:term":[{"taxonomy":"product_brand","embeddable":true,"href":"https:\/\/biozoon.de\/shop\/wp-json\/wp\/v2\/product_brand?post=270"},{"taxonomy":"product_cat","embeddable":true,"href":"https:\/\/biozoon.de\/shop\/wp-json\/wp\/v2\/product_cat?post=270"},{"taxonomy":"product_tag","embeddable":true,"href":"https:\/\/biozoon.de\/shop\/wp-json\/wp\/v2\/product_tag?post=270"}],"curies":[{"name":"wp","href":"https:\/\/api.w.org\/{rel}","templated":true}]}}