{"id":27,"date":"2021-04-10T11:14:54","date_gmt":"2021-04-10T11:14:54","guid":{"rendered":"http:\/\/localhost:8585\/bshop\/?post_type=product&#038;p=27"},"modified":"2025-01-15T04:56:02","modified_gmt":"2025-01-15T04:56:02","slug":"algizoon-300g","status":"publish","type":"product","link":"https:\/\/biozoon.de\/shop\/product\/algizoon-300g\/","title":{"rendered":"Algizoon 300 g Dose"},"content":{"rendered":"<p><span style=\"color: #00b050;\"><b><em>Algi<\/em><span style=\"color: #808080;\">zoon<\/span><\/b><span style=\"color: #333333;\">, 300 g Dose<br \/>\n<\/span><b><br \/>\n<\/b><\/span><b>Geliermittel zur Herstellung von Verkapselungen und Aromaperlen in Kombination mit <span style=\"color: #00b050;\"><em>Cala<\/em><span style=\"color: #808080;\">zoon<\/span><\/span><\/b><\/p>\n<p><b><span style=\"color: #00b050;\"><span style=\"color: #808080;\"><br \/>\n<\/span><\/span><\/b><span style=\"color: #00b050;\"><b><em>Algi<\/em><span style=\"color: #808080;\">zoon<\/span><\/b><\/span><span style=\"color: #00b050;\"><b>\u00a0<\/b><\/span>besteht aus Natrium-Alginat (E401), einem nat\u00fcrlichen Extrakt aus Braunalgen.\u00a0<span style=\"color: #00b050;\"><b><em>Algi<\/em><span style=\"color: #808080;\">zoon\u00a0<\/span><\/b><\/span>geliert in Gegenwart von Calcium-Ionen (<span style=\"color: #00b050;\"><b><em>Cala<\/em><span style=\"color: #808080;\">zoon<\/span><\/b><\/span>). Durch das Eintropfen einer Alginat-L\u00f6sung in ein\u00a0<span style=\"color: #00b050;\"><b><em>Cala<\/em><span style=\"color: #808080;\">zoon<\/span><\/b><\/span>-Bad k\u00f6nnen Gel-Kugeln unterschiedlichster Gr\u00f6\u00dfe mit fl\u00fcssigem Kern hergestellt werden, die im Mund aufgehen und eine Geschmacksexplosion ausl\u00f6sen (Aromakapseln, falscher Kaviar, Liquid Drops).<\/p>\n<p><strong>Zutaten:<\/strong> Geliermittel Natrium-Alginat (E401), Maltodextrin<\/p>\n<p><strong>Anwendung:<\/strong> <em>Rezeptvorschlag: Dosierung zur Herstellung von Gel-Kugeln. <\/em>2 gestrichene L\u00f6ffel <span style=\"color: #00b050;\"><b><em>Algi<\/em><span style=\"color: #808080;\">zoon <\/span><\/b><\/span>in 120 ml kaltem Wasser vollst\u00e4ndig l\u00f6sen (Mixstab). Die <span style=\"color: #00b050;\"><b><em>Algi<\/em><span style=\"color: #808080;\">zoon <\/span><\/b><\/span>-L\u00f6sung mit der zu gelierenden Fl\u00fcssigkeit (z. B. Saft) im Verh\u00e4ltnis 1:1 oder 1:2 vermischen. 5 gestrichene L\u00f6ffel <span style=\"color: #00b050;\"><b><em>Cala<\/em><span style=\"color: #808080;\">zoon <\/span><\/b><\/span>in 130 ml Wasser einr\u00fchren. <span style=\"color: #00b050;\"><b><em>Algi<\/em><span style=\"color: #808080;\">zoon<\/span><\/b><\/span>-L\u00f6sung mit einem L\u00f6ffel oder einer Spritze in das <span style=\"color: #00b050;\"><b><em>Cala<\/em><span style=\"color: #808080;\">zoon<\/span><\/b><\/span>-Bad eintropfen. Man erh\u00e4lt Kugeln und Kapseln, die im Mund platzen und den Aromeninhalt spontan freigeben.<\/p>\n<div>Preis per kg :\u00a0 39,57 \u20ac<\/div>\n","protected":false},"excerpt":{"rendered":"<p>Algizoon, 300 g Dose Geliermittel zur Herstellung von Verkapselungen und Aromaperlen in Kombination mit Calazoon Algizoon\u00a0besteht aus Natrium-Alginat (E401), einem nat\u00fcrlichen Extrakt aus Braunalgen.\u00a0Algizoon\u00a0geliert in Gegenwart von Calcium-Ionen (Calazoon). Durch das Eintropfen einer Alginat-L\u00f6sung in ein\u00a0Calazoon-Bad k\u00f6nnen Gel-Kugeln unterschiedlichster Gr\u00f6\u00dfe mit fl\u00fcssigem Kern hergestellt werden, die im Mund aufgehen und eine Geschmacksexplosion ausl\u00f6sen (Aromakapseln, falscher [&hellip;]<\/p>\n","protected":false},"featured_media":577,"comment_status":"open","ping_status":"closed","template":"","meta":[],"product_brand":[],"product_cat":[165],"product_tag":[1064,461],"class_list":{"0":"post-27","1":"product","2":"type-product","3":"status-publish","4":"has-post-thumbnail","6":"product_cat-texturgeber","7":"product_tag-molekulare-kueche","8":"product_tag-sphaerifikation-verkapselung","10":"first","11":"instock","12":"featured","13":"taxable","14":"shipping-taxable","15":"purchasable","16":"product-type-simple","17":"add-to-wishlist-before_image"},"yoast_head":"<!-- This site is optimized with the Yoast SEO plugin v27.3 - https:\/\/yoast.com\/product\/yoast-seo-wordpress\/ -->\n<title>Algizoon 300 g Dose - Natriumalginat - Biozoon Shop<\/title>\n<meta name=\"description\" content=\"Geliermittel welches in der Molekulark\u00fcche eingesetzt wird um z.B. Liquid Drops oder auch &quot;Falschen Kaviar &quot; herzustellen\" \/>\n<meta name=\"robots\" content=\"index, follow, max-snippet:-1, max-image-preview:large, max-video-preview:-1\" \/>\n<link rel=\"canonical\" href=\"https:\/\/biozoon.de\/shop\/product\/algizoon-300g\/\" \/>\n<meta property=\"og:locale\" content=\"en_US\" \/>\n<meta property=\"og:type\" content=\"article\" \/>\n<meta property=\"og:title\" content=\"Algizoon 300 g Dose - Natriumalginat - Biozoon Shop\" \/>\n<meta property=\"og:description\" content=\"Geliermittel welches in der Molekulark\u00fcche eingesetzt wird um z.B. Liquid Drops oder auch &quot;Falschen Kaviar &quot; herzustellen\" \/>\n<meta property=\"og:url\" content=\"https:\/\/biozoon.de\/shop\/product\/algizoon-300g\/\" \/>\n<meta property=\"og:site_name\" content=\"Biozoon Shop\" \/>\n<meta property=\"article:publisher\" content=\"https:\/\/www.facebook.com\/pages\/category\/Food---Beverage\/biozoon-113514145340245\/\" \/>\n<meta property=\"article:modified_time\" content=\"2025-01-15T04:56:02+00:00\" \/>\n<meta property=\"og:image\" content=\"https:\/\/biozoon.de\/shop\/wp-content\/uploads\/2021\/04\/Dose-Algizoon-3.jpg\" \/>\n\t<meta property=\"og:image:width\" content=\"600\" \/>\n\t<meta property=\"og:image:height\" content=\"600\" \/>\n\t<meta property=\"og:image:type\" content=\"image\/jpeg\" \/>\n<meta name=\"twitter:card\" content=\"summary_large_image\" \/>\n<meta name=\"twitter:label1\" content=\"Est. reading time\" \/>\n\t<meta name=\"twitter:data1\" content=\"1 minute\" \/>\n<script type=\"application\/ld+json\" class=\"yoast-schema-graph\">{\"@context\":\"https:\\\/\\\/schema.org\",\"@graph\":[{\"@type\":\"WebPage\",\"@id\":\"https:\\\/\\\/biozoon.de\\\/shop\\\/product\\\/algizoon-300g\\\/\",\"url\":\"https:\\\/\\\/biozoon.de\\\/shop\\\/product\\\/algizoon-300g\\\/\",\"name\":\"Algizoon 300 g Dose - Natriumalginat - Biozoon Shop\",\"isPartOf\":{\"@id\":\"https:\\\/\\\/biozoon.de\\\/shop\\\/#website\"},\"primaryImageOfPage\":{\"@id\":\"https:\\\/\\\/biozoon.de\\\/shop\\\/product\\\/algizoon-300g\\\/#primaryimage\"},\"image\":{\"@id\":\"https:\\\/\\\/biozoon.de\\\/shop\\\/product\\\/algizoon-300g\\\/#primaryimage\"},\"thumbnailUrl\":\"https:\\\/\\\/biozoon.de\\\/shop\\\/wp-content\\\/uploads\\\/2021\\\/04\\\/Dose-Algizoon-3.jpg\",\"datePublished\":\"2021-04-10T11:14:54+00:00\",\"dateModified\":\"2025-01-15T04:56:02+00:00\",\"description\":\"Geliermittel welches in der Molekulark\u00fcche eingesetzt wird um z.B. Liquid Drops oder auch \\\"Falschen Kaviar \\\" herzustellen\",\"breadcrumb\":{\"@id\":\"https:\\\/\\\/biozoon.de\\\/shop\\\/product\\\/algizoon-300g\\\/#breadcrumb\"},\"inLanguage\":\"en-US\",\"potentialAction\":[{\"@type\":\"ReadAction\",\"target\":[\"https:\\\/\\\/biozoon.de\\\/shop\\\/product\\\/algizoon-300g\\\/\"]}]},{\"@type\":\"ImageObject\",\"inLanguage\":\"en-US\",\"@id\":\"https:\\\/\\\/biozoon.de\\\/shop\\\/product\\\/algizoon-300g\\\/#primaryimage\",\"url\":\"https:\\\/\\\/biozoon.de\\\/shop\\\/wp-content\\\/uploads\\\/2021\\\/04\\\/Dose-Algizoon-3.jpg\",\"contentUrl\":\"https:\\\/\\\/biozoon.de\\\/shop\\\/wp-content\\\/uploads\\\/2021\\\/04\\\/Dose-Algizoon-3.jpg\",\"width\":600,\"height\":600,\"caption\":\"Algizoon\"},{\"@type\":\"BreadcrumbList\",\"@id\":\"https:\\\/\\\/biozoon.de\\\/shop\\\/product\\\/algizoon-300g\\\/#breadcrumb\",\"itemListElement\":[{\"@type\":\"ListItem\",\"position\":1,\"name\":\"Home\",\"item\":\"https:\\\/\\\/biozoon.de\\\/shop\\\/\"},{\"@type\":\"ListItem\",\"position\":2,\"name\":\"Shop\",\"item\":\"https:\\\/\\\/biozoon.de\\\/shop\\\/shop\\\/\"},{\"@type\":\"ListItem\",\"position\":3,\"name\":\"Molekulare Texturgeber\",\"item\":\"https:\\\/\\\/biozoon.de\\\/shop\\\/product-category\\\/molekulare-texturgeber\\\/\"},{\"@type\":\"ListItem\",\"position\":4,\"name\":\"Texturgeber\",\"item\":\"https:\\\/\\\/biozoon.de\\\/shop\\\/product-category\\\/molekulare-texturgeber\\\/texturgeber\\\/\"},{\"@type\":\"ListItem\",\"position\":5,\"name\":\"Algizoon 300 g Dose\"}]},{\"@type\":\"WebSite\",\"@id\":\"https:\\\/\\\/biozoon.de\\\/shop\\\/#website\",\"url\":\"https:\\\/\\\/biozoon.de\\\/shop\\\/\",\"name\":\"Biozoon Shop\",\"description\":\"\",\"potentialAction\":[{\"@type\":\"SearchAction\",\"target\":{\"@type\":\"EntryPoint\",\"urlTemplate\":\"https:\\\/\\\/biozoon.de\\\/shop\\\/?s={search_term_string}\"},\"query-input\":{\"@type\":\"PropertyValueSpecification\",\"valueRequired\":true,\"valueName\":\"search_term_string\"}}],\"inLanguage\":\"en-US\"}]}<\/script>\n<!-- \/ Yoast SEO plugin. -->","yoast_head_json":{"title":"Algizoon 300 g Dose - Natriumalginat - Biozoon Shop","description":"Geliermittel welches in der Molekulark\u00fcche eingesetzt wird um z.B. Liquid Drops oder auch \"Falschen Kaviar \" herzustellen","robots":{"index":"index","follow":"follow","max-snippet":"max-snippet:-1","max-image-preview":"max-image-preview:large","max-video-preview":"max-video-preview:-1"},"canonical":"https:\/\/biozoon.de\/shop\/product\/algizoon-300g\/","og_locale":"en_US","og_type":"article","og_title":"Algizoon 300 g Dose - Natriumalginat - Biozoon Shop","og_description":"Geliermittel welches in der Molekulark\u00fcche eingesetzt wird um z.B. Liquid Drops oder auch \"Falschen Kaviar \" herzustellen","og_url":"https:\/\/biozoon.de\/shop\/product\/algizoon-300g\/","og_site_name":"Biozoon Shop","article_publisher":"https:\/\/www.facebook.com\/pages\/category\/Food---Beverage\/biozoon-113514145340245\/","article_modified_time":"2025-01-15T04:56:02+00:00","og_image":[{"width":600,"height":600,"url":"https:\/\/biozoon.de\/shop\/wp-content\/uploads\/2021\/04\/Dose-Algizoon-3.jpg","type":"image\/jpeg"}],"twitter_card":"summary_large_image","twitter_misc":{"Est. reading time":"1 minute"},"schema":{"@context":"https:\/\/schema.org","@graph":[{"@type":"WebPage","@id":"https:\/\/biozoon.de\/shop\/product\/algizoon-300g\/","url":"https:\/\/biozoon.de\/shop\/product\/algizoon-300g\/","name":"Algizoon 300 g Dose - Natriumalginat - Biozoon Shop","isPartOf":{"@id":"https:\/\/biozoon.de\/shop\/#website"},"primaryImageOfPage":{"@id":"https:\/\/biozoon.de\/shop\/product\/algizoon-300g\/#primaryimage"},"image":{"@id":"https:\/\/biozoon.de\/shop\/product\/algizoon-300g\/#primaryimage"},"thumbnailUrl":"https:\/\/biozoon.de\/shop\/wp-content\/uploads\/2021\/04\/Dose-Algizoon-3.jpg","datePublished":"2021-04-10T11:14:54+00:00","dateModified":"2025-01-15T04:56:02+00:00","description":"Geliermittel welches in der Molekulark\u00fcche eingesetzt wird um z.B. Liquid Drops oder auch \"Falschen Kaviar \" herzustellen","breadcrumb":{"@id":"https:\/\/biozoon.de\/shop\/product\/algizoon-300g\/#breadcrumb"},"inLanguage":"en-US","potentialAction":[{"@type":"ReadAction","target":["https:\/\/biozoon.de\/shop\/product\/algizoon-300g\/"]}]},{"@type":"ImageObject","inLanguage":"en-US","@id":"https:\/\/biozoon.de\/shop\/product\/algizoon-300g\/#primaryimage","url":"https:\/\/biozoon.de\/shop\/wp-content\/uploads\/2021\/04\/Dose-Algizoon-3.jpg","contentUrl":"https:\/\/biozoon.de\/shop\/wp-content\/uploads\/2021\/04\/Dose-Algizoon-3.jpg","width":600,"height":600,"caption":"Algizoon"},{"@type":"BreadcrumbList","@id":"https:\/\/biozoon.de\/shop\/product\/algizoon-300g\/#breadcrumb","itemListElement":[{"@type":"ListItem","position":1,"name":"Home","item":"https:\/\/biozoon.de\/shop\/"},{"@type":"ListItem","position":2,"name":"Shop","item":"https:\/\/biozoon.de\/shop\/shop\/"},{"@type":"ListItem","position":3,"name":"Molekulare Texturgeber","item":"https:\/\/biozoon.de\/shop\/product-category\/molekulare-texturgeber\/"},{"@type":"ListItem","position":4,"name":"Texturgeber","item":"https:\/\/biozoon.de\/shop\/product-category\/molekulare-texturgeber\/texturgeber\/"},{"@type":"ListItem","position":5,"name":"Algizoon 300 g Dose"}]},{"@type":"WebSite","@id":"https:\/\/biozoon.de\/shop\/#website","url":"https:\/\/biozoon.de\/shop\/","name":"Biozoon Shop","description":"","potentialAction":[{"@type":"SearchAction","target":{"@type":"EntryPoint","urlTemplate":"https:\/\/biozoon.de\/shop\/?s={search_term_string}"},"query-input":{"@type":"PropertyValueSpecification","valueRequired":true,"valueName":"search_term_string"}}],"inLanguage":"en-US"}]}},"lang":"de","translations":{"de":27,"en":42},"pll_sync_post":[],"_links":{"self":[{"href":"https:\/\/biozoon.de\/shop\/wp-json\/wp\/v2\/product\/27","targetHints":{"allow":["GET"]}}],"collection":[{"href":"https:\/\/biozoon.de\/shop\/wp-json\/wp\/v2\/product"}],"about":[{"href":"https:\/\/biozoon.de\/shop\/wp-json\/wp\/v2\/types\/product"}],"replies":[{"embeddable":true,"href":"https:\/\/biozoon.de\/shop\/wp-json\/wp\/v2\/comments?post=27"}],"wp:featuredmedia":[{"embeddable":true,"href":"https:\/\/biozoon.de\/shop\/wp-json\/wp\/v2\/media\/577"}],"wp:attachment":[{"href":"https:\/\/biozoon.de\/shop\/wp-json\/wp\/v2\/media?parent=27"}],"wp:term":[{"taxonomy":"product_brand","embeddable":true,"href":"https:\/\/biozoon.de\/shop\/wp-json\/wp\/v2\/product_brand?post=27"},{"taxonomy":"product_cat","embeddable":true,"href":"https:\/\/biozoon.de\/shop\/wp-json\/wp\/v2\/product_cat?post=27"},{"taxonomy":"product_tag","embeddable":true,"href":"https:\/\/biozoon.de\/shop\/wp-json\/wp\/v2\/product_tag?post=27"}],"curies":[{"name":"wp","href":"https:\/\/api.w.org\/{rel}","templated":true}]}}