{"id":262,"date":"2021-04-14T09:03:51","date_gmt":"2021-04-14T09:03:51","guid":{"rendered":"https:\/\/biozoon.de\/webshop\/?post_type=product&#038;p=262"},"modified":"2025-07-01T13:07:06","modified_gmt":"2025-07-01T13:07:06","slug":"smoothbrot-16-kg","status":"publish","type":"product","link":"https:\/\/biozoon.de\/shop\/product\/smoothbrot-16-kg\/","title":{"rendered":"smoothBrot 1,6 kg Eimer"},"content":{"rendered":"<p><strong><em>smooth<\/em><\/strong><strong>Brot<\/strong> <strong>1,6<\/strong><strong> kg Eimer f\u00fcr die Herstellung von p\u00fcriertem\/passiertem Brot zu Hause<\/strong><\/p>\n<p>Backmischung f\u00fcr sichere Herstellung von schlucksicherem, p\u00fcriertem\/passiertem smoothfood-Brot zu Hause.<\/p>\n<p><strong>Zutaten: <em>Gluten<\/em><\/strong>, Maltodextrin, <strong><em>Molkenprotein<\/em><\/strong>, Fettpulver, Agar Agar, Xanthan<\/p>\n<p><strong>Eigenschaften und Anwendung:<\/strong><\/p>\n<p>M\u00f6chten Sie Ihren Angeh\u00f6rigen oder Ihren Bewohnern, welche unter <strong>Kau- und Schluckst\u00f6rungen (Dysphagie)<\/strong> leiden, wieder in den Genuss eines Brotes zum Fr\u00fchst\u00fcck zum Abendbrot bringen? Dann probieren Sie die neueste Erfindung aus dem Hause biozoon, dem Spezialisten f\u00fcr das Thema <a href=\"https:\/\/biozoon.de\/shop\/product\/gelea-instant-hot-150g\/\"><strong>Dysphagiekost<\/strong><\/a>: die smoothfood-Brotbackmischung.<\/p>\n<p>Die Zubereitung des <strong>p\u00fcriertem<\/strong>\/<strong>passiertem<\/strong> Brotes ist auch zu Hause ohne weiteres m\u00f6glich. Das \u201e<strong>smoothbrot Bindemittel<\/strong>\u201c funktioniert mit nahezu jedem Brot und erm\u00f6glicht so den Betroffenen, das Brot zu genie\u00dfen, welches Sie kennen und welches Sie am liebsten m\u00f6gen \u2013 ein wichtiger Beitrag zur Verbesserung der Lebensqualit\u00e4t der Betroffenen.<\/p>\n<p>Das Anreichen vom \u201e<strong>smoothbrot<\/strong>\u201c kann in verschiedenster Form erfolgen. Hier kommt es immer auf die noch vorhandene \u201eSelbstst\u00e4ndigkeit\u201c der Bewohner \/ des Patienten an. Von selbstst\u00e4ndig bestreichen und verzehren bis hin zum Darreichen von kleinen bestrichenen H\u00e4ppchen, die entweder selbst genommen werden, oder angereicht werden. Ein weiterer Pluspunkt bei diesem Brot ist, dass alle st\u00fcckfreien Aufstriche f\u00fcr das <strong>p\u00fcrierte<\/strong>\/<strong>passierte<\/strong> Brot geeignet sind. Von kernlosen, s\u00fc\u00dfen Aufstrichen, bis hin zur streichf\u00e4higen Mettwurst oder K\u00e4se. Auch selbst kreierte Aufstriche z. B. auf Basis von Frischk\u00e4se sind immer eine gro\u00dfe Abwechslung f\u00fcr den Bewohner.<\/p>\n<p>Es ist eines der vielf\u00e4ltigen <strong>Bindemittel<\/strong> die im Rahmen des <a href=\"https:\/\/smoothfood.de\/\"><strong>smoothfood<\/strong><\/a> Konzeptes, die eine ad\u00e4quate hochwertige Ern\u00e4hrung von Menschen mit <strong>Kau- und Schluckst\u00f6rungen (Dysphagie) <\/strong>erm\u00f6glichen, entwickelt wurden. Das <strong>p\u00fcrierte<\/strong>\/<strong>passierte<\/strong>\u00a0Brot hat noch einen netten Nebeneffekt \u2013 es ist hochkalorisch.<\/p>\n<p><strong>Einfache Zubereitung:<\/strong><\/p>\n<p>Das getrocknete Brot in Wasser einweichen und anschlie\u00dfend p\u00fcrieren. Im Anschluss die <em>smooth<\/em>Brot Mischung dazugeben &#8211; z.B. im Kombid\u00e4mpfer aufbacken &#8211; Fertig.<\/p>\n<p>Nach dem Abk\u00fchlen kann das <strong>p\u00fcrierte<\/strong>\/<strong>passierte<\/strong>\u00a0Brot \u00a0geschnitten und bestrichen werden und bietet ein sicheres und leicht schluckbares Broterlebnis.<\/p>\n<p>Preis per kg :\u00a0 33,11\u20ac<\/p>\n<p><strong>mehr Produkte:<\/strong><\/p>\n<p><a href=\"https:\/\/biozoon.de\/shop\/product-category\/smoothfood-produkte\/texturgeber-smoothfood-produkte\/\">smoothfood Produkte Texturgeber<\/a><\/p>\n<p><strong>Rezepte:<\/strong><\/p>\n<p><a href=\"https:\/\/smoothfood.de\/smoothbrot\/\" target=\"_blank\" rel=\"noopener\">smoothBrot<\/a><\/p>\n<p>&nbsp;<\/p>\n<div class=\"mbtwhite\">\n<a href=\"https:\/\/biozoon.de\/shop\/wp-content\/uploads\/2025\/06\/DEsmoothbrot_Anleitung_2022_Wasserbad_15-fache-Menge-grose-ScheibenNEU-1.pdf\" class=\"theme-btn-1 btn btn-effect-1 text-uppercase \" target=\"_blank\" style=\"color:white\" tabindex=\"0\">Anleitung herunterladen<\/a><\/div>\n","protected":false},"excerpt":{"rendered":"<div class=\"logo-right\">\n<div class=\"row\">\n<div class=\"col-md-12\"><img decoding=\"async\" title=\"smoothbrot\" src=\"https:\/\/biozoon.de\/shop\/wp-content\/uploads\/2021\/05\/smoothbrot.png\" alt=\"smoothbrot\" \/><\/div>\n<\/div>\n<\/div>\n","protected":false},"featured_media":400,"comment_status":"open","ping_status":"closed","template":"","meta":[],"product_brand":[],"product_cat":[521,201],"product_tag":[411],"class_list":{"0":"post-262","1":"product","2":"type-product","3":"status-publish","4":"has-post-thumbnail","6":"product_cat-smoothfood-produkte-neue-artikel","7":"product_cat-texturgeber-smoothfood-produkte","8":"product_tag-puerierte-passierte-kost-in-form","10":"first","11":"instock","12":"taxable","13":"shipping-taxable","14":"purchasable","15":"product-type-simple","16":"add-to-wishlist-before_image"},"yoast_head":"<!-- This site is optimized with the Yoast SEO plugin v27.3 - https:\/\/yoast.com\/product\/yoast-seo-wordpress\/ -->\n<title>smoothBrot 1,6 kg Eimer - p\u00fcriertem\/passiertem Brot - Biozoon Shop<\/title>\n<meta name=\"description\" content=\"smoothBrot - Spezialfertigmischung zur Herstellung von passiertem Brot f\u00fcr ein leicht schluckbares Broterlebnis\" \/>\n<meta name=\"robots\" content=\"index, follow, max-snippet:-1, max-image-preview:large, max-video-preview:-1\" \/>\n<link rel=\"canonical\" href=\"https:\/\/biozoon.de\/shop\/product\/smoothbrot-16-kg\/\" \/>\n<meta property=\"og:locale\" content=\"en_US\" \/>\n<meta property=\"og:type\" content=\"article\" \/>\n<meta property=\"og:title\" content=\"smoothBrot 1,6 kg Eimer - p\u00fcriertem\/passiertem Brot - Biozoon Shop\" \/>\n<meta property=\"og:description\" content=\"smoothBrot - Spezialfertigmischung zur Herstellung von passiertem Brot f\u00fcr ein leicht schluckbares Broterlebnis\" \/>\n<meta property=\"og:url\" content=\"https:\/\/biozoon.de\/shop\/product\/smoothbrot-16-kg\/\" \/>\n<meta property=\"og:site_name\" content=\"Biozoon Shop\" \/>\n<meta property=\"article:publisher\" content=\"https:\/\/www.facebook.com\/pages\/category\/Food---Beverage\/biozoon-113514145340245\/\" \/>\n<meta property=\"article:modified_time\" content=\"2025-07-01T13:07:06+00:00\" \/>\n<meta property=\"og:image\" content=\"https:\/\/biozoon.de\/shop\/wp-content\/uploads\/2021\/04\/Eimer-Smoothbrot-klein-2.jpg\" \/>\n\t<meta property=\"og:image:width\" content=\"600\" \/>\n\t<meta property=\"og:image:height\" content=\"600\" \/>\n\t<meta property=\"og:image:type\" content=\"image\/jpeg\" \/>\n<meta name=\"twitter:card\" content=\"summary_large_image\" \/>\n<meta name=\"twitter:label1\" content=\"Est. reading time\" \/>\n\t<meta name=\"twitter:data1\" content=\"2 minutes\" \/>\n<script type=\"application\/ld+json\" class=\"yoast-schema-graph\">{\"@context\":\"https:\\\/\\\/schema.org\",\"@graph\":[{\"@type\":\"WebPage\",\"@id\":\"https:\\\/\\\/biozoon.de\\\/shop\\\/product\\\/smoothbrot-16-kg\\\/\",\"url\":\"https:\\\/\\\/biozoon.de\\\/shop\\\/product\\\/smoothbrot-16-kg\\\/\",\"name\":\"smoothBrot 1,6 kg Eimer - p\u00fcriertem\\\/passiertem Brot - Biozoon Shop\",\"isPartOf\":{\"@id\":\"https:\\\/\\\/biozoon.de\\\/shop\\\/#website\"},\"primaryImageOfPage\":{\"@id\":\"https:\\\/\\\/biozoon.de\\\/shop\\\/product\\\/smoothbrot-16-kg\\\/#primaryimage\"},\"image\":{\"@id\":\"https:\\\/\\\/biozoon.de\\\/shop\\\/product\\\/smoothbrot-16-kg\\\/#primaryimage\"},\"thumbnailUrl\":\"https:\\\/\\\/biozoon.de\\\/shop\\\/wp-content\\\/uploads\\\/2021\\\/04\\\/Eimer-Smoothbrot-klein-2.jpg\",\"datePublished\":\"2021-04-14T09:03:51+00:00\",\"dateModified\":\"2025-07-01T13:07:06+00:00\",\"description\":\"smoothBrot - Spezialfertigmischung zur Herstellung von passiertem Brot f\u00fcr ein leicht schluckbares Broterlebnis\",\"breadcrumb\":{\"@id\":\"https:\\\/\\\/biozoon.de\\\/shop\\\/product\\\/smoothbrot-16-kg\\\/#breadcrumb\"},\"inLanguage\":\"en-US\",\"potentialAction\":[{\"@type\":\"ReadAction\",\"target\":[\"https:\\\/\\\/biozoon.de\\\/shop\\\/product\\\/smoothbrot-16-kg\\\/\"]}]},{\"@type\":\"ImageObject\",\"inLanguage\":\"en-US\",\"@id\":\"https:\\\/\\\/biozoon.de\\\/shop\\\/product\\\/smoothbrot-16-kg\\\/#primaryimage\",\"url\":\"https:\\\/\\\/biozoon.de\\\/shop\\\/wp-content\\\/uploads\\\/2021\\\/04\\\/Eimer-Smoothbrot-klein-2.jpg\",\"contentUrl\":\"https:\\\/\\\/biozoon.de\\\/shop\\\/wp-content\\\/uploads\\\/2021\\\/04\\\/Eimer-Smoothbrot-klein-2.jpg\",\"width\":600,\"height\":600,\"caption\":\"smoothBrot\"},{\"@type\":\"BreadcrumbList\",\"@id\":\"https:\\\/\\\/biozoon.de\\\/shop\\\/product\\\/smoothbrot-16-kg\\\/#breadcrumb\",\"itemListElement\":[{\"@type\":\"ListItem\",\"position\":1,\"name\":\"Home\",\"item\":\"https:\\\/\\\/biozoon.de\\\/shop\\\/\"},{\"@type\":\"ListItem\",\"position\":2,\"name\":\"Shop\",\"item\":\"https:\\\/\\\/biozoon.de\\\/shop\\\/shop\\\/\"},{\"@type\":\"ListItem\",\"position\":3,\"name\":\"Neue Artikel\",\"item\":\"https:\\\/\\\/biozoon.de\\\/shop\\\/product-category\\\/neue-artikel\\\/\"},{\"@type\":\"ListItem\",\"position\":4,\"name\":\"smoothfood Produkte\",\"item\":\"https:\\\/\\\/biozoon.de\\\/shop\\\/product-category\\\/neue-artikel\\\/smoothfood-produkte-neue-artikel\\\/\"},{\"@type\":\"ListItem\",\"position\":5,\"name\":\"smoothBrot 1,6 kg Eimer\"}]},{\"@type\":\"WebSite\",\"@id\":\"https:\\\/\\\/biozoon.de\\\/shop\\\/#website\",\"url\":\"https:\\\/\\\/biozoon.de\\\/shop\\\/\",\"name\":\"Biozoon Shop\",\"description\":\"\",\"potentialAction\":[{\"@type\":\"SearchAction\",\"target\":{\"@type\":\"EntryPoint\",\"urlTemplate\":\"https:\\\/\\\/biozoon.de\\\/shop\\\/?s={search_term_string}\"},\"query-input\":{\"@type\":\"PropertyValueSpecification\",\"valueRequired\":true,\"valueName\":\"search_term_string\"}}],\"inLanguage\":\"en-US\"}]}<\/script>\n<!-- \/ Yoast SEO plugin. -->","yoast_head_json":{"title":"smoothBrot 1,6 kg Eimer - p\u00fcriertem\/passiertem Brot - Biozoon Shop","description":"smoothBrot - Spezialfertigmischung zur Herstellung von passiertem Brot f\u00fcr ein leicht schluckbares Broterlebnis","robots":{"index":"index","follow":"follow","max-snippet":"max-snippet:-1","max-image-preview":"max-image-preview:large","max-video-preview":"max-video-preview:-1"},"canonical":"https:\/\/biozoon.de\/shop\/product\/smoothbrot-16-kg\/","og_locale":"en_US","og_type":"article","og_title":"smoothBrot 1,6 kg Eimer - p\u00fcriertem\/passiertem Brot - Biozoon Shop","og_description":"smoothBrot - Spezialfertigmischung zur Herstellung von passiertem Brot f\u00fcr ein leicht schluckbares Broterlebnis","og_url":"https:\/\/biozoon.de\/shop\/product\/smoothbrot-16-kg\/","og_site_name":"Biozoon Shop","article_publisher":"https:\/\/www.facebook.com\/pages\/category\/Food---Beverage\/biozoon-113514145340245\/","article_modified_time":"2025-07-01T13:07:06+00:00","og_image":[{"width":600,"height":600,"url":"https:\/\/biozoon.de\/shop\/wp-content\/uploads\/2021\/04\/Eimer-Smoothbrot-klein-2.jpg","type":"image\/jpeg"}],"twitter_card":"summary_large_image","twitter_misc":{"Est. reading time":"2 minutes"},"schema":{"@context":"https:\/\/schema.org","@graph":[{"@type":"WebPage","@id":"https:\/\/biozoon.de\/shop\/product\/smoothbrot-16-kg\/","url":"https:\/\/biozoon.de\/shop\/product\/smoothbrot-16-kg\/","name":"smoothBrot 1,6 kg Eimer - p\u00fcriertem\/passiertem Brot - Biozoon Shop","isPartOf":{"@id":"https:\/\/biozoon.de\/shop\/#website"},"primaryImageOfPage":{"@id":"https:\/\/biozoon.de\/shop\/product\/smoothbrot-16-kg\/#primaryimage"},"image":{"@id":"https:\/\/biozoon.de\/shop\/product\/smoothbrot-16-kg\/#primaryimage"},"thumbnailUrl":"https:\/\/biozoon.de\/shop\/wp-content\/uploads\/2021\/04\/Eimer-Smoothbrot-klein-2.jpg","datePublished":"2021-04-14T09:03:51+00:00","dateModified":"2025-07-01T13:07:06+00:00","description":"smoothBrot - Spezialfertigmischung zur Herstellung von passiertem Brot f\u00fcr ein leicht schluckbares Broterlebnis","breadcrumb":{"@id":"https:\/\/biozoon.de\/shop\/product\/smoothbrot-16-kg\/#breadcrumb"},"inLanguage":"en-US","potentialAction":[{"@type":"ReadAction","target":["https:\/\/biozoon.de\/shop\/product\/smoothbrot-16-kg\/"]}]},{"@type":"ImageObject","inLanguage":"en-US","@id":"https:\/\/biozoon.de\/shop\/product\/smoothbrot-16-kg\/#primaryimage","url":"https:\/\/biozoon.de\/shop\/wp-content\/uploads\/2021\/04\/Eimer-Smoothbrot-klein-2.jpg","contentUrl":"https:\/\/biozoon.de\/shop\/wp-content\/uploads\/2021\/04\/Eimer-Smoothbrot-klein-2.jpg","width":600,"height":600,"caption":"smoothBrot"},{"@type":"BreadcrumbList","@id":"https:\/\/biozoon.de\/shop\/product\/smoothbrot-16-kg\/#breadcrumb","itemListElement":[{"@type":"ListItem","position":1,"name":"Home","item":"https:\/\/biozoon.de\/shop\/"},{"@type":"ListItem","position":2,"name":"Shop","item":"https:\/\/biozoon.de\/shop\/shop\/"},{"@type":"ListItem","position":3,"name":"Neue Artikel","item":"https:\/\/biozoon.de\/shop\/product-category\/neue-artikel\/"},{"@type":"ListItem","position":4,"name":"smoothfood Produkte","item":"https:\/\/biozoon.de\/shop\/product-category\/neue-artikel\/smoothfood-produkte-neue-artikel\/"},{"@type":"ListItem","position":5,"name":"smoothBrot 1,6 kg Eimer"}]},{"@type":"WebSite","@id":"https:\/\/biozoon.de\/shop\/#website","url":"https:\/\/biozoon.de\/shop\/","name":"Biozoon Shop","description":"","potentialAction":[{"@type":"SearchAction","target":{"@type":"EntryPoint","urlTemplate":"https:\/\/biozoon.de\/shop\/?s={search_term_string}"},"query-input":{"@type":"PropertyValueSpecification","valueRequired":true,"valueName":"search_term_string"}}],"inLanguage":"en-US"}]}},"lang":"de","translations":{"de":262,"en":334},"pll_sync_post":[],"_links":{"self":[{"href":"https:\/\/biozoon.de\/shop\/wp-json\/wp\/v2\/product\/262","targetHints":{"allow":["GET"]}}],"collection":[{"href":"https:\/\/biozoon.de\/shop\/wp-json\/wp\/v2\/product"}],"about":[{"href":"https:\/\/biozoon.de\/shop\/wp-json\/wp\/v2\/types\/product"}],"replies":[{"embeddable":true,"href":"https:\/\/biozoon.de\/shop\/wp-json\/wp\/v2\/comments?post=262"}],"wp:featuredmedia":[{"embeddable":true,"href":"https:\/\/biozoon.de\/shop\/wp-json\/wp\/v2\/media\/400"}],"wp:attachment":[{"href":"https:\/\/biozoon.de\/shop\/wp-json\/wp\/v2\/media?parent=262"}],"wp:term":[{"taxonomy":"product_brand","embeddable":true,"href":"https:\/\/biozoon.de\/shop\/wp-json\/wp\/v2\/product_brand?post=262"},{"taxonomy":"product_cat","embeddable":true,"href":"https:\/\/biozoon.de\/shop\/wp-json\/wp\/v2\/product_cat?post=262"},{"taxonomy":"product_tag","embeddable":true,"href":"https:\/\/biozoon.de\/shop\/wp-json\/wp\/v2\/product_tag?post=262"}],"curies":[{"name":"wp","href":"https:\/\/api.w.org\/{rel}","templated":true}]}}