{"id":252,"date":"2021-04-17T11:48:47","date_gmt":"2021-04-17T11:48:47","guid":{"rendered":"https:\/\/biozoon.de\/webshop\/?post_type=product&#038;p=252"},"modified":"2026-04-04T06:26:42","modified_gmt":"2026-04-04T06:26:42","slug":"molekularer-workshop-in-bremerhaven","status":"publish","type":"product","link":"https:\/\/biozoon.de\/shop\/product\/molekularer-workshop-in-bremerhaven\/","title":{"rendered":"Molekularer Workshop in Bremerhaven"},"content":{"rendered":"<div>Die Molekulare K\u00fcche finden Sie faszinierend und w\u00fcrden gerne einmal dem Profi \u00fcber die Schulter schauen und selbst z. B. Liquid Drops herstellen?<br \/>\nDann nehmen Sie an einem Molekularen Workshop bei uns in Bremerhaven teil!<\/div>\n<div>Wir vermitteln Ihnen molekulare Basics f\u00fcr die Anwendung f\u00fcr zu Hause. Das Erlernen der Technik steht dabei im Vordergrund.<\/div>\n<div>Sie erhalten neben einem <strong>Begr\u00fc\u00dfungscocktail<\/strong> ein<strong> molekulares \u00dcberraschungsset f\u00fcr zuhause&#8230;<\/strong><\/div>\n<div>Wir freuen uns auf Sie!<\/div>\n<p><!--\n\n\n<div>\n\n\n<h2>Unser Termin f\u00fcr <strong>2024 <\/strong><span style=\"font-size: large;\">( von 11-16:30 Uhr)<\/span><strong> :<\/strong><\/h2>\n\n\n<\/div>\n\n\n\n\n<h3><span class=\"ui-provider\" dir=\"ltr\">23.11.2024<\/span><\/h3>\n\n\n--><\/p>\n<div>Sie k\u00f6nnen sich online anmelden \u00fcber &#8220;In den Warenkorb&#8221;.<\/div>\n<div>Als Versandart geben Sie bitte &#8220;Selbstabholung&#8221; an.<\/div>\n<div>Weitere Informationen unter 0471-929285-12 oder per Mail an <span style=\"color: #00812e;\"><a style=\"color: #00812e;\" href=\"mailto:info@biozoon.de\"><u>info@biozoon.de<\/u><\/a><\/span><\/div>\n<div><\/div>\n<div>Wichtig: Die Teilnehmerzahl pro Workshop ist auf 10 Personen begrenzt.<br \/>\nEine Woche vor Workshoptermin erhalten Sie eine Email ob der Workshop stattfindet. Sollte die Anzahl 5 Personen unterschreiten, findet er nicht statt und Sie erhalten eine Absage f\u00fcr den geplanten Termin. In diesem Fall erhalten Sie einen Gutschein f\u00fcr den n\u00e4chsten Workshop oder der gezahlte Betrag wird Ihnen zur\u00fcck erstattet.Die Anmeldung kann bis zu einer Woche vor dem stattfindenden Kurs erfolgen.<\/div>\n<div>(Bei Stornierung bis zu 7 Arbeitstagen vor Kursbeginn erhalten Sie eine vollst\u00e4ndige R\u00fcckerstattung der Kursgeb\u00fchr, bei Stornierung von 6 &#8211; 2 Arbeitstage vor Kursbeginn erhalten Sie eine 50%ige Erstattung der Kursgeb\u00fchr. Bei Stornierung von weniger als 2 Tagen k\u00f6nnen wir Ihnen leider keine Erstattung anbieten.)<\/div>\n","protected":false},"excerpt":{"rendered":"<p>Die Molekulare K\u00fcche finden Sie faszinierend und w\u00fcrden gerne einmal dem Profi \u00fcber die Schulter schauen und selbst z. B. Liquid Drops herstellen? Dann nehmen Sie an einem Molekularen Workshop bei uns in Bremerhaven teil! Wir vermitteln Ihnen molekulare Basics f\u00fcr die Anwendung f\u00fcr zu Hause. Das Erlernen der Technik steht dabei im Vordergrund. Sie [&hellip;]<\/p>\n","protected":false},"featured_media":341,"comment_status":"open","ping_status":"closed","template":"","meta":[],"product_brand":[],"product_cat":[181],"product_tag":[],"class_list":{"0":"post-252","1":"product","2":"type-product","3":"status-publish","4":"has-post-thumbnail","6":"product_cat-workshops","8":"first","9":"instock","10":"taxable","11":"shipping-taxable","12":"purchasable","13":"product-type-variable","14":"add-to-wishlist-before_image"},"yoast_head":"<!-- This site is optimized with the Yoast SEO plugin v27.0 - https:\/\/yoast.com\/product\/yoast-seo-wordpress\/ -->\n<title>Molekularer Workshop in Bremerhaven - Biozoon Shop<\/title>\n<meta name=\"robots\" content=\"index, follow, max-snippet:-1, max-image-preview:large, max-video-preview:-1\" \/>\n<link rel=\"canonical\" href=\"https:\/\/biozoon.de\/shop\/product\/molekularer-workshop-in-bremerhaven\/\" \/>\n<meta property=\"og:locale\" content=\"en_US\" \/>\n<meta property=\"og:type\" content=\"article\" \/>\n<meta property=\"og:title\" content=\"Molekularer Workshop in Bremerhaven - Biozoon Shop\" \/>\n<meta property=\"og:description\" content=\"Die Molekulare K\u00fcche finden Sie faszinierend und w\u00fcrden gerne einmal dem Profi \u00fcber die Schulter schauen und selbst z. B. Liquid Drops herstellen? Dann nehmen Sie an einem Molekularen Workshop bei uns in Bremerhaven teil! Wir vermitteln Ihnen molekulare Basics f\u00fcr die Anwendung f\u00fcr zu Hause. Das Erlernen der Technik steht dabei im Vordergrund. Sie [&hellip;]\" \/>\n<meta property=\"og:url\" content=\"https:\/\/biozoon.de\/shop\/product\/molekularer-workshop-in-bremerhaven\/\" \/>\n<meta property=\"og:site_name\" content=\"Biozoon Shop\" \/>\n<meta property=\"article:publisher\" content=\"https:\/\/www.facebook.com\/pages\/category\/Food---Beverage\/biozoon-113514145340245\/\" \/>\n<meta property=\"article:modified_time\" content=\"2026-04-04T06:26:42+00:00\" \/>\n<meta property=\"og:image\" content=\"https:\/\/biozoon.de\/shop\/wp-content\/uploads\/2021\/04\/MicrosoftTeams-image-11.jpg\" \/>\n\t<meta property=\"og:image:width\" content=\"600\" \/>\n\t<meta property=\"og:image:height\" content=\"600\" \/>\n\t<meta property=\"og:image:type\" content=\"image\/jpeg\" \/>\n<meta name=\"twitter:card\" content=\"summary_large_image\" \/>\n<meta name=\"twitter:label1\" content=\"Est. reading time\" \/>\n\t<meta name=\"twitter:data1\" content=\"2 minutes\" \/>\n<script type=\"application\/ld+json\" class=\"yoast-schema-graph\">{\"@context\":\"https:\/\/schema.org\",\"@graph\":[{\"@type\":\"WebPage\",\"@id\":\"https:\/\/biozoon.de\/shop\/product\/molekularer-workshop-in-bremerhaven\/\",\"url\":\"https:\/\/biozoon.de\/shop\/product\/molekularer-workshop-in-bremerhaven\/\",\"name\":\"Molekularer Workshop in Bremerhaven - Biozoon Shop\",\"isPartOf\":{\"@id\":\"https:\/\/biozoon.de\/shop\/#website\"},\"primaryImageOfPage\":{\"@id\":\"https:\/\/biozoon.de\/shop\/product\/molekularer-workshop-in-bremerhaven\/#primaryimage\"},\"image\":{\"@id\":\"https:\/\/biozoon.de\/shop\/product\/molekularer-workshop-in-bremerhaven\/#primaryimage\"},\"thumbnailUrl\":\"https:\/\/biozoon.de\/shop\/wp-content\/uploads\/2021\/04\/MicrosoftTeams-image-11.jpg\",\"datePublished\":\"2021-04-17T11:48:47+00:00\",\"dateModified\":\"2026-04-04T06:26:42+00:00\",\"breadcrumb\":{\"@id\":\"https:\/\/biozoon.de\/shop\/product\/molekularer-workshop-in-bremerhaven\/#breadcrumb\"},\"inLanguage\":\"en-US\",\"potentialAction\":[{\"@type\":\"ReadAction\",\"target\":[\"https:\/\/biozoon.de\/shop\/product\/molekularer-workshop-in-bremerhaven\/\"]}]},{\"@type\":\"ImageObject\",\"inLanguage\":\"en-US\",\"@id\":\"https:\/\/biozoon.de\/shop\/product\/molekularer-workshop-in-bremerhaven\/#primaryimage\",\"url\":\"https:\/\/biozoon.de\/shop\/wp-content\/uploads\/2021\/04\/MicrosoftTeams-image-11.jpg\",\"contentUrl\":\"https:\/\/biozoon.de\/shop\/wp-content\/uploads\/2021\/04\/MicrosoftTeams-image-11.jpg\",\"width\":600,\"height\":600,\"caption\":\"Molekularer Workshop in Bremerhaven\"},{\"@type\":\"BreadcrumbList\",\"@id\":\"https:\/\/biozoon.de\/shop\/product\/molekularer-workshop-in-bremerhaven\/#breadcrumb\",\"itemListElement\":[{\"@type\":\"ListItem\",\"position\":1,\"name\":\"Home\",\"item\":\"https:\/\/biozoon.de\/shop\/\"},{\"@type\":\"ListItem\",\"position\":2,\"name\":\"Shop\",\"item\":\"https:\/\/biozoon.de\/shop\/shop\/\"},{\"@type\":\"ListItem\",\"position\":3,\"name\":\"Molekulare Texturgeber\",\"item\":\"https:\/\/biozoon.de\/shop\/product-category\/molekulare-texturgeber\/\"},{\"@type\":\"ListItem\",\"position\":4,\"name\":\"Workshops\",\"item\":\"https:\/\/biozoon.de\/shop\/product-category\/molekulare-texturgeber\/workshops\/\"},{\"@type\":\"ListItem\",\"position\":5,\"name\":\"Molekularer Workshop in Bremerhaven\"}]},{\"@type\":\"WebSite\",\"@id\":\"https:\/\/biozoon.de\/shop\/#website\",\"url\":\"https:\/\/biozoon.de\/shop\/\",\"name\":\"Biozoon Shop\",\"description\":\"\",\"potentialAction\":[{\"@type\":\"SearchAction\",\"target\":{\"@type\":\"EntryPoint\",\"urlTemplate\":\"https:\/\/biozoon.de\/shop\/?s={search_term_string}\"},\"query-input\":{\"@type\":\"PropertyValueSpecification\",\"valueRequired\":true,\"valueName\":\"search_term_string\"}}],\"inLanguage\":\"en-US\"}]}<\/script>\n<!-- \/ Yoast SEO plugin. -->","yoast_head_json":{"title":"Molekularer Workshop in Bremerhaven - Biozoon Shop","robots":{"index":"index","follow":"follow","max-snippet":"max-snippet:-1","max-image-preview":"max-image-preview:large","max-video-preview":"max-video-preview:-1"},"canonical":"https:\/\/biozoon.de\/shop\/product\/molekularer-workshop-in-bremerhaven\/","og_locale":"en_US","og_type":"article","og_title":"Molekularer Workshop in Bremerhaven - Biozoon Shop","og_description":"Die Molekulare K\u00fcche finden Sie faszinierend und w\u00fcrden gerne einmal dem Profi \u00fcber die Schulter schauen und selbst z. B. Liquid Drops herstellen? Dann nehmen Sie an einem Molekularen Workshop bei uns in Bremerhaven teil! Wir vermitteln Ihnen molekulare Basics f\u00fcr die Anwendung f\u00fcr zu Hause. Das Erlernen der Technik steht dabei im Vordergrund. Sie [&hellip;]","og_url":"https:\/\/biozoon.de\/shop\/product\/molekularer-workshop-in-bremerhaven\/","og_site_name":"Biozoon Shop","article_publisher":"https:\/\/www.facebook.com\/pages\/category\/Food---Beverage\/biozoon-113514145340245\/","article_modified_time":"2026-04-04T06:26:42+00:00","og_image":[{"width":600,"height":600,"url":"https:\/\/biozoon.de\/shop\/wp-content\/uploads\/2021\/04\/MicrosoftTeams-image-11.jpg","type":"image\/jpeg"}],"twitter_card":"summary_large_image","twitter_misc":{"Est. reading time":"2 minutes"},"schema":{"@context":"https:\/\/schema.org","@graph":[{"@type":"WebPage","@id":"https:\/\/biozoon.de\/shop\/product\/molekularer-workshop-in-bremerhaven\/","url":"https:\/\/biozoon.de\/shop\/product\/molekularer-workshop-in-bremerhaven\/","name":"Molekularer Workshop in Bremerhaven - Biozoon Shop","isPartOf":{"@id":"https:\/\/biozoon.de\/shop\/#website"},"primaryImageOfPage":{"@id":"https:\/\/biozoon.de\/shop\/product\/molekularer-workshop-in-bremerhaven\/#primaryimage"},"image":{"@id":"https:\/\/biozoon.de\/shop\/product\/molekularer-workshop-in-bremerhaven\/#primaryimage"},"thumbnailUrl":"https:\/\/biozoon.de\/shop\/wp-content\/uploads\/2021\/04\/MicrosoftTeams-image-11.jpg","datePublished":"2021-04-17T11:48:47+00:00","dateModified":"2026-04-04T06:26:42+00:00","breadcrumb":{"@id":"https:\/\/biozoon.de\/shop\/product\/molekularer-workshop-in-bremerhaven\/#breadcrumb"},"inLanguage":"en-US","potentialAction":[{"@type":"ReadAction","target":["https:\/\/biozoon.de\/shop\/product\/molekularer-workshop-in-bremerhaven\/"]}]},{"@type":"ImageObject","inLanguage":"en-US","@id":"https:\/\/biozoon.de\/shop\/product\/molekularer-workshop-in-bremerhaven\/#primaryimage","url":"https:\/\/biozoon.de\/shop\/wp-content\/uploads\/2021\/04\/MicrosoftTeams-image-11.jpg","contentUrl":"https:\/\/biozoon.de\/shop\/wp-content\/uploads\/2021\/04\/MicrosoftTeams-image-11.jpg","width":600,"height":600,"caption":"Molekularer Workshop in Bremerhaven"},{"@type":"BreadcrumbList","@id":"https:\/\/biozoon.de\/shop\/product\/molekularer-workshop-in-bremerhaven\/#breadcrumb","itemListElement":[{"@type":"ListItem","position":1,"name":"Home","item":"https:\/\/biozoon.de\/shop\/"},{"@type":"ListItem","position":2,"name":"Shop","item":"https:\/\/biozoon.de\/shop\/shop\/"},{"@type":"ListItem","position":3,"name":"Molekulare Texturgeber","item":"https:\/\/biozoon.de\/shop\/product-category\/molekulare-texturgeber\/"},{"@type":"ListItem","position":4,"name":"Workshops","item":"https:\/\/biozoon.de\/shop\/product-category\/molekulare-texturgeber\/workshops\/"},{"@type":"ListItem","position":5,"name":"Molekularer Workshop in Bremerhaven"}]},{"@type":"WebSite","@id":"https:\/\/biozoon.de\/shop\/#website","url":"https:\/\/biozoon.de\/shop\/","name":"Biozoon Shop","description":"","potentialAction":[{"@type":"SearchAction","target":{"@type":"EntryPoint","urlTemplate":"https:\/\/biozoon.de\/shop\/?s={search_term_string}"},"query-input":{"@type":"PropertyValueSpecification","valueRequired":true,"valueName":"search_term_string"}}],"inLanguage":"en-US"}]}},"lang":"de","translations":{"de":252,"en":253},"pll_sync_post":[],"_links":{"self":[{"href":"https:\/\/biozoon.de\/shop\/wp-json\/wp\/v2\/product\/252","targetHints":{"allow":["GET"]}}],"collection":[{"href":"https:\/\/biozoon.de\/shop\/wp-json\/wp\/v2\/product"}],"about":[{"href":"https:\/\/biozoon.de\/shop\/wp-json\/wp\/v2\/types\/product"}],"replies":[{"embeddable":true,"href":"https:\/\/biozoon.de\/shop\/wp-json\/wp\/v2\/comments?post=252"}],"wp:featuredmedia":[{"embeddable":true,"href":"https:\/\/biozoon.de\/shop\/wp-json\/wp\/v2\/media\/341"}],"wp:attachment":[{"href":"https:\/\/biozoon.de\/shop\/wp-json\/wp\/v2\/media?parent=252"}],"wp:term":[{"taxonomy":"product_brand","embeddable":true,"href":"https:\/\/biozoon.de\/shop\/wp-json\/wp\/v2\/product_brand?post=252"},{"taxonomy":"product_cat","embeddable":true,"href":"https:\/\/biozoon.de\/shop\/wp-json\/wp\/v2\/product_cat?post=252"},{"taxonomy":"product_tag","embeddable":true,"href":"https:\/\/biozoon.de\/shop\/wp-json\/wp\/v2\/product_tag?post=252"}],"curies":[{"name":"wp","href":"https:\/\/api.w.org\/{rel}","templated":true}]}}