{"id":25,"date":"2021-04-17T12:27:22","date_gmt":"2021-04-17T12:27:22","guid":{"rendered":"http:\/\/localhost:8585\/bshop\/?post_type=product&#038;p=15"},"modified":"2025-06-16T09:16:55","modified_gmt":"2025-06-16T09:16:55","slug":"agazoon-350g","status":"publish","type":"product","link":"https:\/\/biozoon.de\/shop\/product\/agazoon-350g\/","title":{"rendered":"Agazoon 350 g Dose"},"content":{"rendered":"<p><b>Geliermittel zur Herstellung fester Gele<\/b><\/p>\n<p><b><span style=\"color: #9ed267;\"><em><span style=\"color: #21b829;\">Aga<\/span><\/em><span style=\"color: #808080;\">zoon<\/span>\u00a0<\/span><\/b>enth\u00e4lt Agar Agar (E406) und wird aus Braunalgen gewonnen. Es l\u00e4sst sich gut in kalte oder warme Fl\u00fcssigkeiten einarbeiten und geliert nach dem Aufkochen. Gelierte Speisen weisen eine hohe Stabilit\u00e4t auf und k\u00f6nnen erneut erhitzt bzw. warm serviert werden (Agar-Gel-Bl\u00f6cke). <b><span style=\"color: #9ed267;\"><em><span style=\"color: #21b829;\">Aga<\/span><\/em><span style=\"color: #808080;\">zoon <\/span><\/span><\/b>bietet daher die vegetarische Alternative zu Gelatine.<\/p>\n<p><b>Zutaten: <\/b>Geliermittel Agar Agar, Maltodextrin<\/p>\n<p><b>Anwendung:\u00a0\u00a0<\/b><em>Rezeptvorschlag Herstellung von Gelbl\u00f6cken: <\/em>2 gestrichene L\u00f6ffel <b><span style=\"color: #9ed267;\"><em><span style=\"color: #21b829;\">Aga<\/span><\/em><span style=\"color: #808080;\">zoon <\/span><\/span><\/b>in 80 ml kalte Fl\u00fcssigkeit (Br\u00fche, Saft, etc.) einr\u00fchren, und das Pulver voll\u00adst\u00e4ndig aufl\u00f6sen. Mischung unter R\u00fchren kurz aufkochen, in eine Form ausgie\u00dfen und zum Abk\u00fchlen und Gelieren stehen lassen. Wir empfehlen die Kombination mit <b><span style=\"color: #9ed267;\"><em><span style=\"color: #21b829;\">Xantha<\/span><\/em><span style=\"color: #808080;\">zoon<\/span><\/span><\/b><span style=\"color: #9ed267;\"><b>\u00a0<\/b><\/span>oder <b><span style=\"color: #9ed267;\"><em><span style=\"color: #21b829;\">Locu<\/span><\/em><span style=\"color: #808080;\">zoon<\/span><\/span><\/b>, um die Wasserbindung der Gele zu verbessern.<\/p>\n<p>&nbsp;<\/p>\n<p>Preis pro kg : 55,77 \u20ac<\/p>\n","protected":false},"excerpt":{"rendered":"<p>Geliermittel zur Herstellung fester Gele Agazoon\u00a0enth\u00e4lt Agar Agar (E406) und wird aus Braunalgen gewonnen. Es l\u00e4sst sich gut in kalte oder warme Fl\u00fcssigkeiten einarbeiten und geliert nach dem Aufkochen. Gelierte Speisen weisen eine hohe Stabilit\u00e4t auf und k\u00f6nnen erneut erhitzt bzw. warm serviert werden (Agar-Gel-Bl\u00f6cke). Agazoon bietet daher die vegetarische Alternative zu Gelatine. Zutaten: Geliermittel [&hellip;]<\/p>\n","protected":false},"featured_media":574,"comment_status":"open","ping_status":"closed","template":"","meta":[],"product_brand":[],"product_cat":[165],"product_tag":[467,1064],"class_list":{"0":"post-25","1":"product","2":"type-product","3":"status-publish","4":"has-post-thumbnail","6":"product_cat-texturgeber","7":"product_tag-gelierung","8":"product_tag-molekulare-kueche","10":"first","11":"instock","12":"taxable","13":"shipping-taxable","14":"purchasable","15":"product-type-simple","16":"add-to-wishlist-before_image"},"yoast_head":"<!-- This site is optimized with the Yoast SEO plugin v27.0 - https:\/\/yoast.com\/product\/yoast-seo-wordpress\/ -->\n<title>Agazoon 350 g Dose - Gastronomy mixology - Molecular Gastronomy<\/title>\n<meta name=\"description\" content=\"Agazoon - vegetarisches Geliermittel f\u00fcr die Herstellung fester, hitzebest\u00e4ndiger Gele als Baustein in der Molekulark\u00fcche\" \/>\n<meta name=\"robots\" content=\"index, follow, max-snippet:-1, max-image-preview:large, max-video-preview:-1\" \/>\n<link rel=\"canonical\" href=\"https:\/\/biozoon.de\/shop\/product\/agazoon-350g\/\" \/>\n<meta property=\"og:locale\" content=\"en_US\" \/>\n<meta property=\"og:type\" content=\"article\" \/>\n<meta property=\"og:title\" content=\"Agazoon 350 g Dose - Gastronomy mixology - Molecular Gastronomy\" \/>\n<meta property=\"og:description\" content=\"Agazoon - vegetarisches Geliermittel f\u00fcr die Herstellung fester, hitzebest\u00e4ndiger Gele als Baustein in der Molekulark\u00fcche\" \/>\n<meta property=\"og:url\" content=\"https:\/\/biozoon.de\/shop\/product\/agazoon-350g\/\" \/>\n<meta property=\"og:site_name\" content=\"Biozoon Shop\" \/>\n<meta property=\"article:publisher\" content=\"https:\/\/www.facebook.com\/pages\/category\/Food---Beverage\/biozoon-113514145340245\/\" \/>\n<meta property=\"article:modified_time\" content=\"2025-06-16T09:16:55+00:00\" \/>\n<meta property=\"og:image\" content=\"https:\/\/biozoon.de\/shop\/wp-content\/uploads\/2021\/04\/Dose-Agazoon-2.jpg\" \/>\n\t<meta property=\"og:image:width\" content=\"600\" \/>\n\t<meta property=\"og:image:height\" content=\"600\" \/>\n\t<meta property=\"og:image:type\" content=\"image\/jpeg\" \/>\n<meta name=\"twitter:card\" content=\"summary_large_image\" \/>\n<meta name=\"twitter:label1\" content=\"Est. reading time\" \/>\n\t<meta name=\"twitter:data1\" content=\"1 minute\" \/>\n<script type=\"application\/ld+json\" class=\"yoast-schema-graph\">{\"@context\":\"https:\/\/schema.org\",\"@graph\":[{\"@type\":\"WebPage\",\"@id\":\"https:\/\/biozoon.de\/shop\/product\/agazoon-350g\/\",\"url\":\"https:\/\/biozoon.de\/shop\/product\/agazoon-350g\/\",\"name\":\"Agazoon 350 g Dose - Gastronomy mixology - Molecular Gastronomy\",\"isPartOf\":{\"@id\":\"https:\/\/biozoon.de\/shop\/#website\"},\"primaryImageOfPage\":{\"@id\":\"https:\/\/biozoon.de\/shop\/product\/agazoon-350g\/#primaryimage\"},\"image\":{\"@id\":\"https:\/\/biozoon.de\/shop\/product\/agazoon-350g\/#primaryimage\"},\"thumbnailUrl\":\"https:\/\/biozoon.de\/shop\/wp-content\/uploads\/2021\/04\/Dose-Agazoon-2.jpg\",\"datePublished\":\"2021-04-17T12:27:22+00:00\",\"dateModified\":\"2025-06-16T09:16:55+00:00\",\"description\":\"Agazoon - vegetarisches Geliermittel f\u00fcr die Herstellung fester, hitzebest\u00e4ndiger Gele als Baustein in der Molekulark\u00fcche\",\"breadcrumb\":{\"@id\":\"https:\/\/biozoon.de\/shop\/product\/agazoon-350g\/#breadcrumb\"},\"inLanguage\":\"en-US\",\"potentialAction\":[{\"@type\":\"ReadAction\",\"target\":[\"https:\/\/biozoon.de\/shop\/product\/agazoon-350g\/\"]}]},{\"@type\":\"ImageObject\",\"inLanguage\":\"en-US\",\"@id\":\"https:\/\/biozoon.de\/shop\/product\/agazoon-350g\/#primaryimage\",\"url\":\"https:\/\/biozoon.de\/shop\/wp-content\/uploads\/2021\/04\/Dose-Agazoon-2.jpg\",\"contentUrl\":\"https:\/\/biozoon.de\/shop\/wp-content\/uploads\/2021\/04\/Dose-Agazoon-2.jpg\",\"width\":600,\"height\":600,\"caption\":\"Agazoon\"},{\"@type\":\"BreadcrumbList\",\"@id\":\"https:\/\/biozoon.de\/shop\/product\/agazoon-350g\/#breadcrumb\",\"itemListElement\":[{\"@type\":\"ListItem\",\"position\":1,\"name\":\"Home\",\"item\":\"https:\/\/biozoon.de\/shop\/\"},{\"@type\":\"ListItem\",\"position\":2,\"name\":\"Shop\",\"item\":\"https:\/\/biozoon.de\/shop\/shop\/\"},{\"@type\":\"ListItem\",\"position\":3,\"name\":\"Molekulare Texturgeber\",\"item\":\"https:\/\/biozoon.de\/shop\/product-category\/molekulare-texturgeber\/\"},{\"@type\":\"ListItem\",\"position\":4,\"name\":\"Texturgeber\",\"item\":\"https:\/\/biozoon.de\/shop\/product-category\/molekulare-texturgeber\/texturgeber\/\"},{\"@type\":\"ListItem\",\"position\":5,\"name\":\"Agazoon 350 g Dose\"}]},{\"@type\":\"WebSite\",\"@id\":\"https:\/\/biozoon.de\/shop\/#website\",\"url\":\"https:\/\/biozoon.de\/shop\/\",\"name\":\"Biozoon Shop\",\"description\":\"\",\"potentialAction\":[{\"@type\":\"SearchAction\",\"target\":{\"@type\":\"EntryPoint\",\"urlTemplate\":\"https:\/\/biozoon.de\/shop\/?s={search_term_string}\"},\"query-input\":{\"@type\":\"PropertyValueSpecification\",\"valueRequired\":true,\"valueName\":\"search_term_string\"}}],\"inLanguage\":\"en-US\"}]}<\/script>\n<!-- \/ Yoast SEO plugin. -->","yoast_head_json":{"title":"Agazoon 350 g Dose - Gastronomy mixology - Molecular Gastronomy","description":"Agazoon - vegetarisches Geliermittel f\u00fcr die Herstellung fester, hitzebest\u00e4ndiger Gele als Baustein in der Molekulark\u00fcche","robots":{"index":"index","follow":"follow","max-snippet":"max-snippet:-1","max-image-preview":"max-image-preview:large","max-video-preview":"max-video-preview:-1"},"canonical":"https:\/\/biozoon.de\/shop\/product\/agazoon-350g\/","og_locale":"en_US","og_type":"article","og_title":"Agazoon 350 g Dose - Gastronomy mixology - Molecular Gastronomy","og_description":"Agazoon - vegetarisches Geliermittel f\u00fcr die Herstellung fester, hitzebest\u00e4ndiger Gele als Baustein in der Molekulark\u00fcche","og_url":"https:\/\/biozoon.de\/shop\/product\/agazoon-350g\/","og_site_name":"Biozoon Shop","article_publisher":"https:\/\/www.facebook.com\/pages\/category\/Food---Beverage\/biozoon-113514145340245\/","article_modified_time":"2025-06-16T09:16:55+00:00","og_image":[{"width":600,"height":600,"url":"https:\/\/biozoon.de\/shop\/wp-content\/uploads\/2021\/04\/Dose-Agazoon-2.jpg","type":"image\/jpeg"}],"twitter_card":"summary_large_image","twitter_misc":{"Est. reading time":"1 minute"},"schema":{"@context":"https:\/\/schema.org","@graph":[{"@type":"WebPage","@id":"https:\/\/biozoon.de\/shop\/product\/agazoon-350g\/","url":"https:\/\/biozoon.de\/shop\/product\/agazoon-350g\/","name":"Agazoon 350 g Dose - Gastronomy mixology - Molecular Gastronomy","isPartOf":{"@id":"https:\/\/biozoon.de\/shop\/#website"},"primaryImageOfPage":{"@id":"https:\/\/biozoon.de\/shop\/product\/agazoon-350g\/#primaryimage"},"image":{"@id":"https:\/\/biozoon.de\/shop\/product\/agazoon-350g\/#primaryimage"},"thumbnailUrl":"https:\/\/biozoon.de\/shop\/wp-content\/uploads\/2021\/04\/Dose-Agazoon-2.jpg","datePublished":"2021-04-17T12:27:22+00:00","dateModified":"2025-06-16T09:16:55+00:00","description":"Agazoon - vegetarisches Geliermittel f\u00fcr die Herstellung fester, hitzebest\u00e4ndiger Gele als Baustein in der Molekulark\u00fcche","breadcrumb":{"@id":"https:\/\/biozoon.de\/shop\/product\/agazoon-350g\/#breadcrumb"},"inLanguage":"en-US","potentialAction":[{"@type":"ReadAction","target":["https:\/\/biozoon.de\/shop\/product\/agazoon-350g\/"]}]},{"@type":"ImageObject","inLanguage":"en-US","@id":"https:\/\/biozoon.de\/shop\/product\/agazoon-350g\/#primaryimage","url":"https:\/\/biozoon.de\/shop\/wp-content\/uploads\/2021\/04\/Dose-Agazoon-2.jpg","contentUrl":"https:\/\/biozoon.de\/shop\/wp-content\/uploads\/2021\/04\/Dose-Agazoon-2.jpg","width":600,"height":600,"caption":"Agazoon"},{"@type":"BreadcrumbList","@id":"https:\/\/biozoon.de\/shop\/product\/agazoon-350g\/#breadcrumb","itemListElement":[{"@type":"ListItem","position":1,"name":"Home","item":"https:\/\/biozoon.de\/shop\/"},{"@type":"ListItem","position":2,"name":"Shop","item":"https:\/\/biozoon.de\/shop\/shop\/"},{"@type":"ListItem","position":3,"name":"Molekulare Texturgeber","item":"https:\/\/biozoon.de\/shop\/product-category\/molekulare-texturgeber\/"},{"@type":"ListItem","position":4,"name":"Texturgeber","item":"https:\/\/biozoon.de\/shop\/product-category\/molekulare-texturgeber\/texturgeber\/"},{"@type":"ListItem","position":5,"name":"Agazoon 350 g Dose"}]},{"@type":"WebSite","@id":"https:\/\/biozoon.de\/shop\/#website","url":"https:\/\/biozoon.de\/shop\/","name":"Biozoon Shop","description":"","potentialAction":[{"@type":"SearchAction","target":{"@type":"EntryPoint","urlTemplate":"https:\/\/biozoon.de\/shop\/?s={search_term_string}"},"query-input":{"@type":"PropertyValueSpecification","valueRequired":true,"valueName":"search_term_string"}}],"inLanguage":"en-US"}]}},"lang":"de","translations":{"de":25,"en":350},"pll_sync_post":[],"_links":{"self":[{"href":"https:\/\/biozoon.de\/shop\/wp-json\/wp\/v2\/product\/25","targetHints":{"allow":["GET"]}}],"collection":[{"href":"https:\/\/biozoon.de\/shop\/wp-json\/wp\/v2\/product"}],"about":[{"href":"https:\/\/biozoon.de\/shop\/wp-json\/wp\/v2\/types\/product"}],"replies":[{"embeddable":true,"href":"https:\/\/biozoon.de\/shop\/wp-json\/wp\/v2\/comments?post=25"}],"wp:featuredmedia":[{"embeddable":true,"href":"https:\/\/biozoon.de\/shop\/wp-json\/wp\/v2\/media\/574"}],"wp:attachment":[{"href":"https:\/\/biozoon.de\/shop\/wp-json\/wp\/v2\/media?parent=25"}],"wp:term":[{"taxonomy":"product_brand","embeddable":true,"href":"https:\/\/biozoon.de\/shop\/wp-json\/wp\/v2\/product_brand?post=25"},{"taxonomy":"product_cat","embeddable":true,"href":"https:\/\/biozoon.de\/shop\/wp-json\/wp\/v2\/product_cat?post=25"},{"taxonomy":"product_tag","embeddable":true,"href":"https:\/\/biozoon.de\/shop\/wp-json\/wp\/v2\/product_tag?post=25"}],"curies":[{"name":"wp","href":"https:\/\/api.w.org\/{rel}","templated":true}]}}