{"id":245,"date":"2021-04-13T13:58:58","date_gmt":"2021-04-13T13:58:58","guid":{"rendered":"https:\/\/biozoon.de\/webshop\/?post_type=product&#038;p=245"},"modified":"2026-02-12T10:54:28","modified_gmt":"2026-02-12T10:54:28","slug":"isi-gourmet-whip-plus-05l","status":"publish","type":"product","link":"https:\/\/biozoon.de\/shop\/product\/isi-gourmet-whip-plus-05l\/","title":{"rendered":"iSi Gourmet Whip plus 0,5 l"},"content":{"rendered":"<p style=\"font-weight: 400;\"><strong>iSi Gourmet Whip<\/strong><\/p>\n<p style=\"font-weight: 400;\">Aromatisierte Sahne | Espumas | Sauces<\/p>\n<p style=\"font-weight: 400;\">Warm &amp; Kalt<\/p>\n<p style=\"font-weight: 400;\">Der Gourmet Whip von iSi besticht neben der aus hochwertigem Edelstahl geb\u00fcrsteten Au\u00dfenh\u00fclle vor allem durch seine \u201ainneren Werte\u2019: Der Metallkopf mit fixiertem Edelstahlventil sichert eine m\u00fchelos einfache Dosierung. Selbst Hei\u00dfanwendungen sind f\u00fcr den iSi Gourmet Whip kein Problem. Daf\u00fcr sorgen temperaturbest\u00e4ndige Silikondichtung und rutschfester, thermoisolierender Hebel mit Tropfenstopp. Ihren luftigen Espumas und schaumigen Saucen steht mit diesem Profi nichts mehr im Wege.<\/p>\n<p style=\"font-weight: 400;\">Sp\u00fclmaschinenfest. Drei verschiedene Garniert\u00fcllen mit Metallgewinde im Lieferumfang enthalten. Warm halten bei max. 75\u00b0C. Geschlossenes System, f\u00fcr HACCP geeignet. Nur mit iSi N<sub>2<\/sub>O Sahnekapseln zu verwenden.<\/p>\n<p style=\"font-weight: 400;\"><strong>GARANTIE:<\/strong> 2 Jahre<\/p>\n","protected":false},"excerpt":{"rendered":"<p>iSi Gourmet Whip Aromatisierte Sahne | Espumas | Sauces Warm &amp; Kalt Der Gourmet Whip von iSi besticht neben der aus hochwertigem Edelstahl geb\u00fcrsteten Au\u00dfenh\u00fclle vor allem durch seine \u201ainneren Werte\u2019: Der Metallkopf mit fixiertem Edelstahlventil sichert eine m\u00fchelos einfache Dosierung. Selbst Hei\u00dfanwendungen sind f\u00fcr den iSi Gourmet Whip kein Problem. Daf\u00fcr sorgen temperaturbest\u00e4ndige Silikondichtung [&hellip;]<\/p>\n","protected":false},"featured_media":496,"comment_status":"open","ping_status":"closed","template":"","meta":[],"product_brand":[],"product_cat":[197,205,173],"product_tag":[483,439],"class_list":{"0":"post-245","1":"product","2":"type-product","3":"status-publish","4":"has-post-thumbnail","6":"product_cat-smoothfood-produkte","7":"product_cat-zubehoer-smoothfood-produkte","8":"product_cat-zubehoer","9":"product_tag-molekulare-texturgeber-zubehoer","10":"product_tag-zubehoer","12":"first","13":"instock","14":"taxable","15":"shipping-taxable","16":"purchasable","17":"product-type-simple","18":"add-to-wishlist-before_image"},"yoast_head":"<!-- This site is optimized with the Yoast SEO plugin v27.0 - https:\/\/yoast.com\/product\/yoast-seo-wordpress\/ -->\n<title>iSi Gourmet Whip plus 0,5 l - Biozoon Shop<\/title>\n<meta name=\"robots\" content=\"index, follow, max-snippet:-1, max-image-preview:large, max-video-preview:-1\" \/>\n<link rel=\"canonical\" href=\"https:\/\/biozoon.de\/shop\/product\/isi-gourmet-whip-plus-05l\/\" \/>\n<meta property=\"og:locale\" content=\"en_US\" \/>\n<meta property=\"og:type\" content=\"article\" \/>\n<meta property=\"og:title\" content=\"iSi Gourmet Whip plus 0,5 l - Biozoon Shop\" \/>\n<meta property=\"og:description\" content=\"iSi Gourmet Whip Aromatisierte Sahne | Espumas | Sauces Warm &amp; Kalt Der Gourmet Whip von iSi besticht neben der aus hochwertigem Edelstahl geb\u00fcrsteten Au\u00dfenh\u00fclle vor allem durch seine \u201ainneren Werte\u2019: Der Metallkopf mit fixiertem Edelstahlventil sichert eine m\u00fchelos einfache Dosierung. Selbst Hei\u00dfanwendungen sind f\u00fcr den iSi Gourmet Whip kein Problem. Daf\u00fcr sorgen temperaturbest\u00e4ndige Silikondichtung [&hellip;]\" \/>\n<meta property=\"og:url\" content=\"https:\/\/biozoon.de\/shop\/product\/isi-gourmet-whip-plus-05l\/\" \/>\n<meta property=\"og:site_name\" content=\"Biozoon Shop\" \/>\n<meta property=\"article:publisher\" content=\"https:\/\/www.facebook.com\/pages\/category\/Food---Beverage\/biozoon-113514145340245\/\" \/>\n<meta property=\"article:modified_time\" content=\"2026-02-12T10:54:28+00:00\" \/>\n<meta property=\"og:image\" content=\"https:\/\/biozoon.de\/shop\/wp-content\/uploads\/2021\/04\/isi-Gourmet-Whip-05l-1.jpg\" \/>\n\t<meta property=\"og:image:width\" content=\"600\" \/>\n\t<meta property=\"og:image:height\" content=\"600\" \/>\n\t<meta property=\"og:image:type\" content=\"image\/jpeg\" \/>\n<meta name=\"twitter:card\" content=\"summary_large_image\" \/>\n<meta name=\"twitter:label1\" content=\"Est. reading time\" \/>\n\t<meta name=\"twitter:data1\" content=\"1 minute\" \/>\n<script type=\"application\/ld+json\" class=\"yoast-schema-graph\">{\"@context\":\"https:\/\/schema.org\",\"@graph\":[{\"@type\":\"WebPage\",\"@id\":\"https:\/\/biozoon.de\/shop\/product\/isi-gourmet-whip-plus-05l\/\",\"url\":\"https:\/\/biozoon.de\/shop\/product\/isi-gourmet-whip-plus-05l\/\",\"name\":\"iSi Gourmet Whip plus 0,5 l - Biozoon Shop\",\"isPartOf\":{\"@id\":\"https:\/\/biozoon.de\/shop\/#website\"},\"primaryImageOfPage\":{\"@id\":\"https:\/\/biozoon.de\/shop\/product\/isi-gourmet-whip-plus-05l\/#primaryimage\"},\"image\":{\"@id\":\"https:\/\/biozoon.de\/shop\/product\/isi-gourmet-whip-plus-05l\/#primaryimage\"},\"thumbnailUrl\":\"https:\/\/biozoon.de\/shop\/wp-content\/uploads\/2021\/04\/isi-Gourmet-Whip-05l-1.jpg\",\"datePublished\":\"2021-04-13T13:58:58+00:00\",\"dateModified\":\"2026-02-12T10:54:28+00:00\",\"breadcrumb\":{\"@id\":\"https:\/\/biozoon.de\/shop\/product\/isi-gourmet-whip-plus-05l\/#breadcrumb\"},\"inLanguage\":\"en-US\",\"potentialAction\":[{\"@type\":\"ReadAction\",\"target\":[\"https:\/\/biozoon.de\/shop\/product\/isi-gourmet-whip-plus-05l\/\"]}]},{\"@type\":\"ImageObject\",\"inLanguage\":\"en-US\",\"@id\":\"https:\/\/biozoon.de\/shop\/product\/isi-gourmet-whip-plus-05l\/#primaryimage\",\"url\":\"https:\/\/biozoon.de\/shop\/wp-content\/uploads\/2021\/04\/isi-Gourmet-Whip-05l-1.jpg\",\"contentUrl\":\"https:\/\/biozoon.de\/shop\/wp-content\/uploads\/2021\/04\/isi-Gourmet-Whip-05l-1.jpg\",\"width\":600,\"height\":600,\"caption\":\"iSi Gourmet Whip plus 0,5l\"},{\"@type\":\"BreadcrumbList\",\"@id\":\"https:\/\/biozoon.de\/shop\/product\/isi-gourmet-whip-plus-05l\/#breadcrumb\",\"itemListElement\":[{\"@type\":\"ListItem\",\"position\":1,\"name\":\"Home\",\"item\":\"https:\/\/biozoon.de\/shop\/\"},{\"@type\":\"ListItem\",\"position\":2,\"name\":\"Shop\",\"item\":\"https:\/\/biozoon.de\/shop\/shop\/\"},{\"@type\":\"ListItem\",\"position\":3,\"name\":\"Molekulare Texturgeber\",\"item\":\"https:\/\/biozoon.de\/shop\/product-category\/molekulare-texturgeber\/\"},{\"@type\":\"ListItem\",\"position\":4,\"name\":\"Zubeh\u00f6r\",\"item\":\"https:\/\/biozoon.de\/shop\/product-category\/molekulare-texturgeber\/zubehoer\/\"},{\"@type\":\"ListItem\",\"position\":5,\"name\":\"iSi Gourmet Whip plus 0,5 l\"}]},{\"@type\":\"WebSite\",\"@id\":\"https:\/\/biozoon.de\/shop\/#website\",\"url\":\"https:\/\/biozoon.de\/shop\/\",\"name\":\"Biozoon Shop\",\"description\":\"\",\"potentialAction\":[{\"@type\":\"SearchAction\",\"target\":{\"@type\":\"EntryPoint\",\"urlTemplate\":\"https:\/\/biozoon.de\/shop\/?s={search_term_string}\"},\"query-input\":{\"@type\":\"PropertyValueSpecification\",\"valueRequired\":true,\"valueName\":\"search_term_string\"}}],\"inLanguage\":\"en-US\"}]}<\/script>\n<!-- \/ Yoast SEO plugin. -->","yoast_head_json":{"title":"iSi Gourmet Whip plus 0,5 l - Biozoon Shop","robots":{"index":"index","follow":"follow","max-snippet":"max-snippet:-1","max-image-preview":"max-image-preview:large","max-video-preview":"max-video-preview:-1"},"canonical":"https:\/\/biozoon.de\/shop\/product\/isi-gourmet-whip-plus-05l\/","og_locale":"en_US","og_type":"article","og_title":"iSi Gourmet Whip plus 0,5 l - Biozoon Shop","og_description":"iSi Gourmet Whip Aromatisierte Sahne | Espumas | Sauces Warm &amp; Kalt Der Gourmet Whip von iSi besticht neben der aus hochwertigem Edelstahl geb\u00fcrsteten Au\u00dfenh\u00fclle vor allem durch seine \u201ainneren Werte\u2019: Der Metallkopf mit fixiertem Edelstahlventil sichert eine m\u00fchelos einfache Dosierung. Selbst Hei\u00dfanwendungen sind f\u00fcr den iSi Gourmet Whip kein Problem. Daf\u00fcr sorgen temperaturbest\u00e4ndige Silikondichtung [&hellip;]","og_url":"https:\/\/biozoon.de\/shop\/product\/isi-gourmet-whip-plus-05l\/","og_site_name":"Biozoon Shop","article_publisher":"https:\/\/www.facebook.com\/pages\/category\/Food---Beverage\/biozoon-113514145340245\/","article_modified_time":"2026-02-12T10:54:28+00:00","og_image":[{"width":600,"height":600,"url":"https:\/\/biozoon.de\/shop\/wp-content\/uploads\/2021\/04\/isi-Gourmet-Whip-05l-1.jpg","type":"image\/jpeg"}],"twitter_card":"summary_large_image","twitter_misc":{"Est. reading time":"1 minute"},"schema":{"@context":"https:\/\/schema.org","@graph":[{"@type":"WebPage","@id":"https:\/\/biozoon.de\/shop\/product\/isi-gourmet-whip-plus-05l\/","url":"https:\/\/biozoon.de\/shop\/product\/isi-gourmet-whip-plus-05l\/","name":"iSi Gourmet Whip plus 0,5 l - Biozoon Shop","isPartOf":{"@id":"https:\/\/biozoon.de\/shop\/#website"},"primaryImageOfPage":{"@id":"https:\/\/biozoon.de\/shop\/product\/isi-gourmet-whip-plus-05l\/#primaryimage"},"image":{"@id":"https:\/\/biozoon.de\/shop\/product\/isi-gourmet-whip-plus-05l\/#primaryimage"},"thumbnailUrl":"https:\/\/biozoon.de\/shop\/wp-content\/uploads\/2021\/04\/isi-Gourmet-Whip-05l-1.jpg","datePublished":"2021-04-13T13:58:58+00:00","dateModified":"2026-02-12T10:54:28+00:00","breadcrumb":{"@id":"https:\/\/biozoon.de\/shop\/product\/isi-gourmet-whip-plus-05l\/#breadcrumb"},"inLanguage":"en-US","potentialAction":[{"@type":"ReadAction","target":["https:\/\/biozoon.de\/shop\/product\/isi-gourmet-whip-plus-05l\/"]}]},{"@type":"ImageObject","inLanguage":"en-US","@id":"https:\/\/biozoon.de\/shop\/product\/isi-gourmet-whip-plus-05l\/#primaryimage","url":"https:\/\/biozoon.de\/shop\/wp-content\/uploads\/2021\/04\/isi-Gourmet-Whip-05l-1.jpg","contentUrl":"https:\/\/biozoon.de\/shop\/wp-content\/uploads\/2021\/04\/isi-Gourmet-Whip-05l-1.jpg","width":600,"height":600,"caption":"iSi Gourmet Whip plus 0,5l"},{"@type":"BreadcrumbList","@id":"https:\/\/biozoon.de\/shop\/product\/isi-gourmet-whip-plus-05l\/#breadcrumb","itemListElement":[{"@type":"ListItem","position":1,"name":"Home","item":"https:\/\/biozoon.de\/shop\/"},{"@type":"ListItem","position":2,"name":"Shop","item":"https:\/\/biozoon.de\/shop\/shop\/"},{"@type":"ListItem","position":3,"name":"Molekulare Texturgeber","item":"https:\/\/biozoon.de\/shop\/product-category\/molekulare-texturgeber\/"},{"@type":"ListItem","position":4,"name":"Zubeh\u00f6r","item":"https:\/\/biozoon.de\/shop\/product-category\/molekulare-texturgeber\/zubehoer\/"},{"@type":"ListItem","position":5,"name":"iSi Gourmet Whip plus 0,5 l"}]},{"@type":"WebSite","@id":"https:\/\/biozoon.de\/shop\/#website","url":"https:\/\/biozoon.de\/shop\/","name":"Biozoon Shop","description":"","potentialAction":[{"@type":"SearchAction","target":{"@type":"EntryPoint","urlTemplate":"https:\/\/biozoon.de\/shop\/?s={search_term_string}"},"query-input":{"@type":"PropertyValueSpecification","valueRequired":true,"valueName":"search_term_string"}}],"inLanguage":"en-US"}]}},"lang":"de","translations":{"de":245,"en":247},"pll_sync_post":[],"_links":{"self":[{"href":"https:\/\/biozoon.de\/shop\/wp-json\/wp\/v2\/product\/245","targetHints":{"allow":["GET"]}}],"collection":[{"href":"https:\/\/biozoon.de\/shop\/wp-json\/wp\/v2\/product"}],"about":[{"href":"https:\/\/biozoon.de\/shop\/wp-json\/wp\/v2\/types\/product"}],"replies":[{"embeddable":true,"href":"https:\/\/biozoon.de\/shop\/wp-json\/wp\/v2\/comments?post=245"}],"wp:featuredmedia":[{"embeddable":true,"href":"https:\/\/biozoon.de\/shop\/wp-json\/wp\/v2\/media\/496"}],"wp:attachment":[{"href":"https:\/\/biozoon.de\/shop\/wp-json\/wp\/v2\/media?parent=245"}],"wp:term":[{"taxonomy":"product_brand","embeddable":true,"href":"https:\/\/biozoon.de\/shop\/wp-json\/wp\/v2\/product_brand?post=245"},{"taxonomy":"product_cat","embeddable":true,"href":"https:\/\/biozoon.de\/shop\/wp-json\/wp\/v2\/product_cat?post=245"},{"taxonomy":"product_tag","embeddable":true,"href":"https:\/\/biozoon.de\/shop\/wp-json\/wp\/v2\/product_tag?post=245"}],"curies":[{"name":"wp","href":"https:\/\/api.w.org\/{rel}","templated":true}]}}