{"id":242,"date":"2021-04-13T13:53:47","date_gmt":"2021-04-13T13:53:47","guid":{"rendered":"https:\/\/biozoon.de\/webshop\/?post_type=product&#038;p=242"},"modified":"2025-10-06T11:45:01","modified_gmt":"2025-10-06T11:45:01","slug":"air-set-gastro","status":"publish","type":"product","link":"https:\/\/biozoon.de\/shop\/product\/air-set-gastro\/","title":{"rendered":"Air-Set Gastro"},"content":{"rendered":"<p>Das AIR-Set Gastro enth\u00e4lt alle Artikel, die der Profi zur Herstellung von luftigen Sch\u00e4umen ben\u00f6tigt &#8211; je nachdem welche Geschmacksrichtung Sie erzeugen wollen, k\u00f6nnen Sie aus z.B. Fruchtsaft oder verschiedenen Saucen aromatische Sch\u00e4ume schnell und einfach herstellen. Einfach Emulzoon nach Dosiereingabe hinzuf\u00fcgen, mit einem L\u00f6ffel kurz umr\u00fchren, eine Lochpipette auf den Schlauch stecken und diesen an der Pumpe befestigen. Geben Sie die Pipette in die Fl\u00fcssigkeit, schalten Sie die Pumpe an und der Schaum entsteht, ohne dass Sie selber r\u00fchren oder mixen m\u00fcssen.<\/p>\n<p><strong><span style=\"color: #ff0000;\">Lebensmittelechtes Zubeh\u00f6r!<\/span><\/strong><\/p>\n<p><strong>Inhalt:<\/strong><\/p>\n<ul>\n<li>1 Membranpumpe<\/li>\n<li>2 x 0,75 m lebensmittelgeeigneter Schlauch<\/li>\n<li>4 Lochpipetten<\/li>\n<li>5 AirSticks (Zutaten: Emulgator <strong>Sojalecithin<\/strong>, Maltodextrin)<\/li>\n<li>Gebrauchsanleitung<\/li>\n<\/ul>\n<p><strong>Bitte beachten Sie:<\/strong> f\u00fcr die Pumpe werden 2 Batterien (1,5 V, Dt. Gr\u00f6\u00dfe: Mono, Int. Gr\u00f6\u00dfe LR20) ben\u00f6tigt; diese sind nicht im Set enthalten.<\/p>\n","protected":false},"excerpt":{"rendered":"<p>Das AIR-Set Gastro enth\u00e4lt alle Artikel, die der Profi zur Herstellung von luftigen Sch\u00e4umen ben\u00f6tigt &#8211; je nachdem welche Geschmacksrichtung Sie erzeugen wollen, k\u00f6nnen Sie aus z.B. Fruchtsaft oder verschiedenen Saucen aromatische Sch\u00e4ume schnell und einfach herstellen. Einfach Emulzoon nach Dosiereingabe hinzuf\u00fcgen, mit einem L\u00f6ffel kurz umr\u00fchren, eine Lochpipette auf den Schlauch stecken und diesen [&hellip;]<\/p>\n","protected":false},"featured_media":482,"comment_status":"open","ping_status":"closed","template":"","meta":[],"product_brand":[],"product_cat":[173],"product_tag":[483],"class_list":{"0":"post-242","1":"product","2":"type-product","3":"status-publish","4":"has-post-thumbnail","6":"product_cat-zubehoer","7":"product_tag-molekulare-texturgeber-zubehoer","9":"first","10":"instock","11":"taxable","12":"shipping-taxable","13":"purchasable","14":"product-type-simple","15":"add-to-wishlist-before_image"},"yoast_head":"<!-- This site is optimized with the Yoast SEO plugin v27.3 - https:\/\/yoast.com\/product\/yoast-seo-wordpress\/ -->\n<title>Air-Set Gastro - Biozoon Shop<\/title>\n<meta name=\"robots\" content=\"index, follow, max-snippet:-1, max-image-preview:large, max-video-preview:-1\" \/>\n<link rel=\"canonical\" href=\"https:\/\/biozoon.de\/shop\/product\/air-set-gastro\/\" \/>\n<meta property=\"og:locale\" content=\"en_US\" \/>\n<meta property=\"og:type\" content=\"article\" \/>\n<meta property=\"og:title\" content=\"Air-Set Gastro - Biozoon Shop\" \/>\n<meta property=\"og:description\" content=\"Das AIR-Set Gastro enth\u00e4lt alle Artikel, die der Profi zur Herstellung von luftigen Sch\u00e4umen ben\u00f6tigt &#8211; je nachdem welche Geschmacksrichtung Sie erzeugen wollen, k\u00f6nnen Sie aus z.B. Fruchtsaft oder verschiedenen Saucen aromatische Sch\u00e4ume schnell und einfach herstellen. Einfach Emulzoon nach Dosiereingabe hinzuf\u00fcgen, mit einem L\u00f6ffel kurz umr\u00fchren, eine Lochpipette auf den Schlauch stecken und diesen [&hellip;]\" \/>\n<meta property=\"og:url\" content=\"https:\/\/biozoon.de\/shop\/product\/air-set-gastro\/\" \/>\n<meta property=\"og:site_name\" content=\"Biozoon Shop\" \/>\n<meta property=\"article:publisher\" content=\"https:\/\/www.facebook.com\/pages\/category\/Food---Beverage\/biozoon-113514145340245\/\" \/>\n<meta property=\"article:modified_time\" content=\"2025-10-06T11:45:01+00:00\" \/>\n<meta property=\"og:image\" content=\"https:\/\/biozoon.de\/shop\/wp-content\/uploads\/2021\/04\/Air-Set-Gastro-2.jpg\" \/>\n\t<meta property=\"og:image:width\" content=\"600\" \/>\n\t<meta property=\"og:image:height\" content=\"600\" \/>\n\t<meta property=\"og:image:type\" content=\"image\/jpeg\" \/>\n<meta name=\"twitter:card\" content=\"summary_large_image\" \/>\n<meta name=\"twitter:label1\" content=\"Est. reading time\" \/>\n\t<meta name=\"twitter:data1\" content=\"1 minute\" \/>\n<script type=\"application\/ld+json\" class=\"yoast-schema-graph\">{\"@context\":\"https:\\\/\\\/schema.org\",\"@graph\":[{\"@type\":\"WebPage\",\"@id\":\"https:\\\/\\\/biozoon.de\\\/shop\\\/product\\\/air-set-gastro\\\/\",\"url\":\"https:\\\/\\\/biozoon.de\\\/shop\\\/product\\\/air-set-gastro\\\/\",\"name\":\"Air-Set Gastro - Biozoon Shop\",\"isPartOf\":{\"@id\":\"https:\\\/\\\/biozoon.de\\\/shop\\\/#website\"},\"primaryImageOfPage\":{\"@id\":\"https:\\\/\\\/biozoon.de\\\/shop\\\/product\\\/air-set-gastro\\\/#primaryimage\"},\"image\":{\"@id\":\"https:\\\/\\\/biozoon.de\\\/shop\\\/product\\\/air-set-gastro\\\/#primaryimage\"},\"thumbnailUrl\":\"https:\\\/\\\/biozoon.de\\\/shop\\\/wp-content\\\/uploads\\\/2021\\\/04\\\/Air-Set-Gastro-2.jpg\",\"datePublished\":\"2021-04-13T13:53:47+00:00\",\"dateModified\":\"2025-10-06T11:45:01+00:00\",\"breadcrumb\":{\"@id\":\"https:\\\/\\\/biozoon.de\\\/shop\\\/product\\\/air-set-gastro\\\/#breadcrumb\"},\"inLanguage\":\"en-US\",\"potentialAction\":[{\"@type\":\"ReadAction\",\"target\":[\"https:\\\/\\\/biozoon.de\\\/shop\\\/product\\\/air-set-gastro\\\/\"]}]},{\"@type\":\"ImageObject\",\"inLanguage\":\"en-US\",\"@id\":\"https:\\\/\\\/biozoon.de\\\/shop\\\/product\\\/air-set-gastro\\\/#primaryimage\",\"url\":\"https:\\\/\\\/biozoon.de\\\/shop\\\/wp-content\\\/uploads\\\/2021\\\/04\\\/Air-Set-Gastro-2.jpg\",\"contentUrl\":\"https:\\\/\\\/biozoon.de\\\/shop\\\/wp-content\\\/uploads\\\/2021\\\/04\\\/Air-Set-Gastro-2.jpg\",\"width\":600,\"height\":600,\"caption\":\"Air-Set Gastro\"},{\"@type\":\"BreadcrumbList\",\"@id\":\"https:\\\/\\\/biozoon.de\\\/shop\\\/product\\\/air-set-gastro\\\/#breadcrumb\",\"itemListElement\":[{\"@type\":\"ListItem\",\"position\":1,\"name\":\"Home\",\"item\":\"https:\\\/\\\/biozoon.de\\\/shop\\\/\"},{\"@type\":\"ListItem\",\"position\":2,\"name\":\"Shop\",\"item\":\"https:\\\/\\\/biozoon.de\\\/shop\\\/shop\\\/\"},{\"@type\":\"ListItem\",\"position\":3,\"name\":\"Molekulare Texturgeber\",\"item\":\"https:\\\/\\\/biozoon.de\\\/shop\\\/product-category\\\/molekulare-texturgeber\\\/\"},{\"@type\":\"ListItem\",\"position\":4,\"name\":\"Zubeh\u00f6r\",\"item\":\"https:\\\/\\\/biozoon.de\\\/shop\\\/product-category\\\/molekulare-texturgeber\\\/zubehoer\\\/\"},{\"@type\":\"ListItem\",\"position\":5,\"name\":\"Air-Set Gastro\"}]},{\"@type\":\"WebSite\",\"@id\":\"https:\\\/\\\/biozoon.de\\\/shop\\\/#website\",\"url\":\"https:\\\/\\\/biozoon.de\\\/shop\\\/\",\"name\":\"Biozoon Shop\",\"description\":\"\",\"potentialAction\":[{\"@type\":\"SearchAction\",\"target\":{\"@type\":\"EntryPoint\",\"urlTemplate\":\"https:\\\/\\\/biozoon.de\\\/shop\\\/?s={search_term_string}\"},\"query-input\":{\"@type\":\"PropertyValueSpecification\",\"valueRequired\":true,\"valueName\":\"search_term_string\"}}],\"inLanguage\":\"en-US\"}]}<\/script>\n<!-- \/ Yoast SEO plugin. -->","yoast_head_json":{"title":"Air-Set Gastro - Biozoon Shop","robots":{"index":"index","follow":"follow","max-snippet":"max-snippet:-1","max-image-preview":"max-image-preview:large","max-video-preview":"max-video-preview:-1"},"canonical":"https:\/\/biozoon.de\/shop\/product\/air-set-gastro\/","og_locale":"en_US","og_type":"article","og_title":"Air-Set Gastro - Biozoon Shop","og_description":"Das AIR-Set Gastro enth\u00e4lt alle Artikel, die der Profi zur Herstellung von luftigen Sch\u00e4umen ben\u00f6tigt &#8211; je nachdem welche Geschmacksrichtung Sie erzeugen wollen, k\u00f6nnen Sie aus z.B. Fruchtsaft oder verschiedenen Saucen aromatische Sch\u00e4ume schnell und einfach herstellen. Einfach Emulzoon nach Dosiereingabe hinzuf\u00fcgen, mit einem L\u00f6ffel kurz umr\u00fchren, eine Lochpipette auf den Schlauch stecken und diesen [&hellip;]","og_url":"https:\/\/biozoon.de\/shop\/product\/air-set-gastro\/","og_site_name":"Biozoon Shop","article_publisher":"https:\/\/www.facebook.com\/pages\/category\/Food---Beverage\/biozoon-113514145340245\/","article_modified_time":"2025-10-06T11:45:01+00:00","og_image":[{"width":600,"height":600,"url":"https:\/\/biozoon.de\/shop\/wp-content\/uploads\/2021\/04\/Air-Set-Gastro-2.jpg","type":"image\/jpeg"}],"twitter_card":"summary_large_image","twitter_misc":{"Est. reading time":"1 minute"},"schema":{"@context":"https:\/\/schema.org","@graph":[{"@type":"WebPage","@id":"https:\/\/biozoon.de\/shop\/product\/air-set-gastro\/","url":"https:\/\/biozoon.de\/shop\/product\/air-set-gastro\/","name":"Air-Set Gastro - Biozoon Shop","isPartOf":{"@id":"https:\/\/biozoon.de\/shop\/#website"},"primaryImageOfPage":{"@id":"https:\/\/biozoon.de\/shop\/product\/air-set-gastro\/#primaryimage"},"image":{"@id":"https:\/\/biozoon.de\/shop\/product\/air-set-gastro\/#primaryimage"},"thumbnailUrl":"https:\/\/biozoon.de\/shop\/wp-content\/uploads\/2021\/04\/Air-Set-Gastro-2.jpg","datePublished":"2021-04-13T13:53:47+00:00","dateModified":"2025-10-06T11:45:01+00:00","breadcrumb":{"@id":"https:\/\/biozoon.de\/shop\/product\/air-set-gastro\/#breadcrumb"},"inLanguage":"en-US","potentialAction":[{"@type":"ReadAction","target":["https:\/\/biozoon.de\/shop\/product\/air-set-gastro\/"]}]},{"@type":"ImageObject","inLanguage":"en-US","@id":"https:\/\/biozoon.de\/shop\/product\/air-set-gastro\/#primaryimage","url":"https:\/\/biozoon.de\/shop\/wp-content\/uploads\/2021\/04\/Air-Set-Gastro-2.jpg","contentUrl":"https:\/\/biozoon.de\/shop\/wp-content\/uploads\/2021\/04\/Air-Set-Gastro-2.jpg","width":600,"height":600,"caption":"Air-Set Gastro"},{"@type":"BreadcrumbList","@id":"https:\/\/biozoon.de\/shop\/product\/air-set-gastro\/#breadcrumb","itemListElement":[{"@type":"ListItem","position":1,"name":"Home","item":"https:\/\/biozoon.de\/shop\/"},{"@type":"ListItem","position":2,"name":"Shop","item":"https:\/\/biozoon.de\/shop\/shop\/"},{"@type":"ListItem","position":3,"name":"Molekulare Texturgeber","item":"https:\/\/biozoon.de\/shop\/product-category\/molekulare-texturgeber\/"},{"@type":"ListItem","position":4,"name":"Zubeh\u00f6r","item":"https:\/\/biozoon.de\/shop\/product-category\/molekulare-texturgeber\/zubehoer\/"},{"@type":"ListItem","position":5,"name":"Air-Set Gastro"}]},{"@type":"WebSite","@id":"https:\/\/biozoon.de\/shop\/#website","url":"https:\/\/biozoon.de\/shop\/","name":"Biozoon Shop","description":"","potentialAction":[{"@type":"SearchAction","target":{"@type":"EntryPoint","urlTemplate":"https:\/\/biozoon.de\/shop\/?s={search_term_string}"},"query-input":{"@type":"PropertyValueSpecification","valueRequired":true,"valueName":"search_term_string"}}],"inLanguage":"en-US"}]}},"lang":"de","translations":{"de":242,"en":244},"pll_sync_post":[],"_links":{"self":[{"href":"https:\/\/biozoon.de\/shop\/wp-json\/wp\/v2\/product\/242","targetHints":{"allow":["GET"]}}],"collection":[{"href":"https:\/\/biozoon.de\/shop\/wp-json\/wp\/v2\/product"}],"about":[{"href":"https:\/\/biozoon.de\/shop\/wp-json\/wp\/v2\/types\/product"}],"replies":[{"embeddable":true,"href":"https:\/\/biozoon.de\/shop\/wp-json\/wp\/v2\/comments?post=242"}],"wp:featuredmedia":[{"embeddable":true,"href":"https:\/\/biozoon.de\/shop\/wp-json\/wp\/v2\/media\/482"}],"wp:attachment":[{"href":"https:\/\/biozoon.de\/shop\/wp-json\/wp\/v2\/media?parent=242"}],"wp:term":[{"taxonomy":"product_brand","embeddable":true,"href":"https:\/\/biozoon.de\/shop\/wp-json\/wp\/v2\/product_brand?post=242"},{"taxonomy":"product_cat","embeddable":true,"href":"https:\/\/biozoon.de\/shop\/wp-json\/wp\/v2\/product_cat?post=242"},{"taxonomy":"product_tag","embeddable":true,"href":"https:\/\/biozoon.de\/shop\/wp-json\/wp\/v2\/product_tag?post=242"}],"curies":[{"name":"wp","href":"https:\/\/api.w.org\/{rel}","templated":true}]}}