{"id":238,"date":"2021-04-13T13:49:14","date_gmt":"2021-04-13T13:49:14","guid":{"rendered":"https:\/\/biozoon.de\/webshop\/?post_type=product&#038;p=238"},"modified":"2025-01-15T04:56:58","modified_gmt":"2025-01-15T04:56:58","slug":"fake-pasta-set","status":"publish","type":"product","link":"https:\/\/biozoon.de\/shop\/product\/fake-pasta-set\/","title":{"rendered":"Fake-Pasta-Set"},"content":{"rendered":"<p>Mit diesem Set gelingen Ihnen Fake-Pasta-Kreationen ganz leicht!<\/p>\n<p>Es besteht aus<\/p>\n<ul>\n<li>2 x 0,75 m-Schlauch (lebensmittelecht)<\/li>\n<li>2 x 20 ml-Spritzen<\/li>\n<\/ul>\n<p>Einfach die aufgekochte Fl\u00fcssigkeit mithilfe der Spritzen in die Schl\u00e4uche ziehen, kalt werden lassen, sodass sich die Fl\u00fcssigkeit verfestigt. Mit einer leer aufgezogenen Spritze k\u00f6nnen Sie die &#8220;falsche Nudel&#8221; aus dem Schlauch dr\u00fccken!<\/p>\n","protected":false},"excerpt":{"rendered":"<p>Mit diesem Set gelingen Ihnen Fake-Pasta-Kreationen ganz leicht! Es besteht aus 2 x 0,75 m-Schlauch (lebensmittelecht) 2 x 20 ml-Spritzen Einfach die aufgekochte Fl\u00fcssigkeit mithilfe der Spritzen in die Schl\u00e4uche ziehen, kalt werden lassen, sodass sich die Fl\u00fcssigkeit verfestigt. Mit einer leer aufgezogenen Spritze k\u00f6nnen Sie die &#8220;falsche Nudel&#8221; aus dem Schlauch dr\u00fccken!<\/p>\n","protected":false},"featured_media":493,"comment_status":"open","ping_status":"closed","template":"","meta":[],"product_brand":[],"product_cat":[173],"product_tag":[],"class_list":{"0":"post-238","1":"product","2":"type-product","3":"status-publish","4":"has-post-thumbnail","6":"product_cat-zubehoer","8":"first","9":"instock","10":"taxable","11":"shipping-taxable","12":"purchasable","13":"product-type-simple","14":"add-to-wishlist-before_image"},"yoast_head":"<!-- This site is optimized with the Yoast SEO plugin v27.3 - https:\/\/yoast.com\/product\/yoast-seo-wordpress\/ -->\n<title>Fake-Pasta-Set - Biozoon Shop<\/title>\n<meta name=\"robots\" content=\"index, follow, max-snippet:-1, max-image-preview:large, max-video-preview:-1\" \/>\n<link rel=\"canonical\" href=\"https:\/\/biozoon.de\/shop\/product\/fake-pasta-set\/\" \/>\n<meta property=\"og:locale\" content=\"en_US\" \/>\n<meta property=\"og:type\" content=\"article\" \/>\n<meta property=\"og:title\" content=\"Fake-Pasta-Set - Biozoon Shop\" \/>\n<meta property=\"og:description\" content=\"Mit diesem Set gelingen Ihnen Fake-Pasta-Kreationen ganz leicht! Es besteht aus 2 x 0,75 m-Schlauch (lebensmittelecht) 2 x 20 ml-Spritzen Einfach die aufgekochte Fl\u00fcssigkeit mithilfe der Spritzen in die Schl\u00e4uche ziehen, kalt werden lassen, sodass sich die Fl\u00fcssigkeit verfestigt. Mit einer leer aufgezogenen Spritze k\u00f6nnen Sie die &#8220;falsche Nudel&#8221; aus dem Schlauch dr\u00fccken!\" \/>\n<meta property=\"og:url\" content=\"https:\/\/biozoon.de\/shop\/product\/fake-pasta-set\/\" \/>\n<meta property=\"og:site_name\" content=\"Biozoon Shop\" \/>\n<meta property=\"article:publisher\" content=\"https:\/\/www.facebook.com\/pages\/category\/Food---Beverage\/biozoon-113514145340245\/\" \/>\n<meta property=\"article:modified_time\" content=\"2025-01-15T04:56:58+00:00\" \/>\n<meta property=\"og:image\" content=\"https:\/\/biozoon.de\/shop\/wp-content\/uploads\/2021\/04\/Fake-Pasta-Kit-2.jpg\" \/>\n\t<meta property=\"og:image:width\" content=\"600\" \/>\n\t<meta property=\"og:image:height\" content=\"600\" \/>\n\t<meta property=\"og:image:type\" content=\"image\/jpeg\" \/>\n<meta name=\"twitter:card\" content=\"summary_large_image\" \/>\n<meta name=\"twitter:label1\" content=\"Est. reading time\" \/>\n\t<meta name=\"twitter:data1\" content=\"1 minute\" \/>\n<script type=\"application\/ld+json\" class=\"yoast-schema-graph\">{\"@context\":\"https:\\\/\\\/schema.org\",\"@graph\":[{\"@type\":\"WebPage\",\"@id\":\"https:\\\/\\\/biozoon.de\\\/shop\\\/product\\\/fake-pasta-set\\\/\",\"url\":\"https:\\\/\\\/biozoon.de\\\/shop\\\/product\\\/fake-pasta-set\\\/\",\"name\":\"Fake-Pasta-Set - Biozoon Shop\",\"isPartOf\":{\"@id\":\"https:\\\/\\\/biozoon.de\\\/shop\\\/#website\"},\"primaryImageOfPage\":{\"@id\":\"https:\\\/\\\/biozoon.de\\\/shop\\\/product\\\/fake-pasta-set\\\/#primaryimage\"},\"image\":{\"@id\":\"https:\\\/\\\/biozoon.de\\\/shop\\\/product\\\/fake-pasta-set\\\/#primaryimage\"},\"thumbnailUrl\":\"https:\\\/\\\/biozoon.de\\\/shop\\\/wp-content\\\/uploads\\\/2021\\\/04\\\/Fake-Pasta-Kit-2.jpg\",\"datePublished\":\"2021-04-13T13:49:14+00:00\",\"dateModified\":\"2025-01-15T04:56:58+00:00\",\"breadcrumb\":{\"@id\":\"https:\\\/\\\/biozoon.de\\\/shop\\\/product\\\/fake-pasta-set\\\/#breadcrumb\"},\"inLanguage\":\"en-US\",\"potentialAction\":[{\"@type\":\"ReadAction\",\"target\":[\"https:\\\/\\\/biozoon.de\\\/shop\\\/product\\\/fake-pasta-set\\\/\"]}]},{\"@type\":\"ImageObject\",\"inLanguage\":\"en-US\",\"@id\":\"https:\\\/\\\/biozoon.de\\\/shop\\\/product\\\/fake-pasta-set\\\/#primaryimage\",\"url\":\"https:\\\/\\\/biozoon.de\\\/shop\\\/wp-content\\\/uploads\\\/2021\\\/04\\\/Fake-Pasta-Kit-2.jpg\",\"contentUrl\":\"https:\\\/\\\/biozoon.de\\\/shop\\\/wp-content\\\/uploads\\\/2021\\\/04\\\/Fake-Pasta-Kit-2.jpg\",\"width\":600,\"height\":600,\"caption\":\"Fake-Pasta-Set\"},{\"@type\":\"BreadcrumbList\",\"@id\":\"https:\\\/\\\/biozoon.de\\\/shop\\\/product\\\/fake-pasta-set\\\/#breadcrumb\",\"itemListElement\":[{\"@type\":\"ListItem\",\"position\":1,\"name\":\"Home\",\"item\":\"https:\\\/\\\/biozoon.de\\\/shop\\\/\"},{\"@type\":\"ListItem\",\"position\":2,\"name\":\"Shop\",\"item\":\"https:\\\/\\\/biozoon.de\\\/shop\\\/shop\\\/\"},{\"@type\":\"ListItem\",\"position\":3,\"name\":\"Molekulare Texturgeber\",\"item\":\"https:\\\/\\\/biozoon.de\\\/shop\\\/product-category\\\/molekulare-texturgeber\\\/\"},{\"@type\":\"ListItem\",\"position\":4,\"name\":\"Zubeh\u00f6r\",\"item\":\"https:\\\/\\\/biozoon.de\\\/shop\\\/product-category\\\/molekulare-texturgeber\\\/zubehoer\\\/\"},{\"@type\":\"ListItem\",\"position\":5,\"name\":\"Fake-Pasta-Set\"}]},{\"@type\":\"WebSite\",\"@id\":\"https:\\\/\\\/biozoon.de\\\/shop\\\/#website\",\"url\":\"https:\\\/\\\/biozoon.de\\\/shop\\\/\",\"name\":\"Biozoon Shop\",\"description\":\"\",\"potentialAction\":[{\"@type\":\"SearchAction\",\"target\":{\"@type\":\"EntryPoint\",\"urlTemplate\":\"https:\\\/\\\/biozoon.de\\\/shop\\\/?s={search_term_string}\"},\"query-input\":{\"@type\":\"PropertyValueSpecification\",\"valueRequired\":true,\"valueName\":\"search_term_string\"}}],\"inLanguage\":\"en-US\"}]}<\/script>\n<!-- \/ Yoast SEO plugin. -->","yoast_head_json":{"title":"Fake-Pasta-Set - Biozoon Shop","robots":{"index":"index","follow":"follow","max-snippet":"max-snippet:-1","max-image-preview":"max-image-preview:large","max-video-preview":"max-video-preview:-1"},"canonical":"https:\/\/biozoon.de\/shop\/product\/fake-pasta-set\/","og_locale":"en_US","og_type":"article","og_title":"Fake-Pasta-Set - Biozoon Shop","og_description":"Mit diesem Set gelingen Ihnen Fake-Pasta-Kreationen ganz leicht! Es besteht aus 2 x 0,75 m-Schlauch (lebensmittelecht) 2 x 20 ml-Spritzen Einfach die aufgekochte Fl\u00fcssigkeit mithilfe der Spritzen in die Schl\u00e4uche ziehen, kalt werden lassen, sodass sich die Fl\u00fcssigkeit verfestigt. Mit einer leer aufgezogenen Spritze k\u00f6nnen Sie die &#8220;falsche Nudel&#8221; aus dem Schlauch dr\u00fccken!","og_url":"https:\/\/biozoon.de\/shop\/product\/fake-pasta-set\/","og_site_name":"Biozoon Shop","article_publisher":"https:\/\/www.facebook.com\/pages\/category\/Food---Beverage\/biozoon-113514145340245\/","article_modified_time":"2025-01-15T04:56:58+00:00","og_image":[{"width":600,"height":600,"url":"https:\/\/biozoon.de\/shop\/wp-content\/uploads\/2021\/04\/Fake-Pasta-Kit-2.jpg","type":"image\/jpeg"}],"twitter_card":"summary_large_image","twitter_misc":{"Est. reading time":"1 minute"},"schema":{"@context":"https:\/\/schema.org","@graph":[{"@type":"WebPage","@id":"https:\/\/biozoon.de\/shop\/product\/fake-pasta-set\/","url":"https:\/\/biozoon.de\/shop\/product\/fake-pasta-set\/","name":"Fake-Pasta-Set - Biozoon Shop","isPartOf":{"@id":"https:\/\/biozoon.de\/shop\/#website"},"primaryImageOfPage":{"@id":"https:\/\/biozoon.de\/shop\/product\/fake-pasta-set\/#primaryimage"},"image":{"@id":"https:\/\/biozoon.de\/shop\/product\/fake-pasta-set\/#primaryimage"},"thumbnailUrl":"https:\/\/biozoon.de\/shop\/wp-content\/uploads\/2021\/04\/Fake-Pasta-Kit-2.jpg","datePublished":"2021-04-13T13:49:14+00:00","dateModified":"2025-01-15T04:56:58+00:00","breadcrumb":{"@id":"https:\/\/biozoon.de\/shop\/product\/fake-pasta-set\/#breadcrumb"},"inLanguage":"en-US","potentialAction":[{"@type":"ReadAction","target":["https:\/\/biozoon.de\/shop\/product\/fake-pasta-set\/"]}]},{"@type":"ImageObject","inLanguage":"en-US","@id":"https:\/\/biozoon.de\/shop\/product\/fake-pasta-set\/#primaryimage","url":"https:\/\/biozoon.de\/shop\/wp-content\/uploads\/2021\/04\/Fake-Pasta-Kit-2.jpg","contentUrl":"https:\/\/biozoon.de\/shop\/wp-content\/uploads\/2021\/04\/Fake-Pasta-Kit-2.jpg","width":600,"height":600,"caption":"Fake-Pasta-Set"},{"@type":"BreadcrumbList","@id":"https:\/\/biozoon.de\/shop\/product\/fake-pasta-set\/#breadcrumb","itemListElement":[{"@type":"ListItem","position":1,"name":"Home","item":"https:\/\/biozoon.de\/shop\/"},{"@type":"ListItem","position":2,"name":"Shop","item":"https:\/\/biozoon.de\/shop\/shop\/"},{"@type":"ListItem","position":3,"name":"Molekulare Texturgeber","item":"https:\/\/biozoon.de\/shop\/product-category\/molekulare-texturgeber\/"},{"@type":"ListItem","position":4,"name":"Zubeh\u00f6r","item":"https:\/\/biozoon.de\/shop\/product-category\/molekulare-texturgeber\/zubehoer\/"},{"@type":"ListItem","position":5,"name":"Fake-Pasta-Set"}]},{"@type":"WebSite","@id":"https:\/\/biozoon.de\/shop\/#website","url":"https:\/\/biozoon.de\/shop\/","name":"Biozoon Shop","description":"","potentialAction":[{"@type":"SearchAction","target":{"@type":"EntryPoint","urlTemplate":"https:\/\/biozoon.de\/shop\/?s={search_term_string}"},"query-input":{"@type":"PropertyValueSpecification","valueRequired":true,"valueName":"search_term_string"}}],"inLanguage":"en-US"}]}},"lang":"de","translations":{"de":238,"en":241},"pll_sync_post":[],"_links":{"self":[{"href":"https:\/\/biozoon.de\/shop\/wp-json\/wp\/v2\/product\/238","targetHints":{"allow":["GET"]}}],"collection":[{"href":"https:\/\/biozoon.de\/shop\/wp-json\/wp\/v2\/product"}],"about":[{"href":"https:\/\/biozoon.de\/shop\/wp-json\/wp\/v2\/types\/product"}],"replies":[{"embeddable":true,"href":"https:\/\/biozoon.de\/shop\/wp-json\/wp\/v2\/comments?post=238"}],"wp:featuredmedia":[{"embeddable":true,"href":"https:\/\/biozoon.de\/shop\/wp-json\/wp\/v2\/media\/493"}],"wp:attachment":[{"href":"https:\/\/biozoon.de\/shop\/wp-json\/wp\/v2\/media?parent=238"}],"wp:term":[{"taxonomy":"product_brand","embeddable":true,"href":"https:\/\/biozoon.de\/shop\/wp-json\/wp\/v2\/product_brand?post=238"},{"taxonomy":"product_cat","embeddable":true,"href":"https:\/\/biozoon.de\/shop\/wp-json\/wp\/v2\/product_cat?post=238"},{"taxonomy":"product_tag","embeddable":true,"href":"https:\/\/biozoon.de\/shop\/wp-json\/wp\/v2\/product_tag?post=238"}],"curies":[{"name":"wp","href":"https:\/\/api.w.org\/{rel}","templated":true}]}}