{"id":2317,"date":"2021-10-23T06:53:48","date_gmt":"2021-10-23T06:53:48","guid":{"rendered":"https:\/\/biozoon.de\/shop\/?post_type=product&#038;p=2317"},"modified":"2022-06-07T07:50:56","modified_gmt":"2022-06-07T07:50:56","slug":"proteinplus-15kg-karton","status":"publish","type":"product","link":"https:\/\/biozoon.de\/shop\/product\/proteinplus-15kg-karton\/","title":{"rendered":"PROTEINplus 15 kg Vorrats-Karton"},"content":{"rendered":"<p><span style=\"color: #ff0000;\"><em><strong>PROTEIN<\/strong><\/em><\/span><strong><span style=\"color: #808080;\">plus<\/span>\u00a0<\/strong>15 kg Karton<\/p>\n<p>Hochwertiges, instantisiertes Molkenproteinisolat f\u00fcr die Eiwei\u00dfanreicherung von Speisen &amp; Getr\u00e4nken.<\/p>\n<p><strong>Zutaten<\/strong>:\u00a0<strong>Molkenproteinisolat<\/strong> (max. 1 % Laktose), Emulgator\u00a0<strong>Soja Lecithin<\/strong><\/p>\n<p><strong>Eigenschaften und Anwendung:<\/strong><\/p>\n<p><strong>Mangelern\u00e4hrung<\/strong>, auch Malnutrition genannt, liegt dann vor, wenn eine Person ihren Bedarf an Energie, <strong>Proteinen<\/strong> und anderen N\u00e4hrstoffen \u00fcber die Nahrung nicht ausreichend decken kann.<\/p>\n<p>In der Regel liegt eine Kombination von quantitativer (Energiemangel) und qualitativer (<strong>Protein<\/strong>&#8211; und N\u00e4hrstoffmangel) vor. <strong>Mangelern\u00e4hrung<\/strong> ist besonders h\u00e4ufig bei Bewohnern in Senioren- und Pflegeheimen anzutreffen und kann durch eine entsprechende Ern\u00e4hrungstherapie behandelt werden.<\/p>\n<p>Ab dem 30. Lebensjahr erfolgt ein nat\u00fcrlicher und kontinuierlicher Abbau der Muskelmasse beim Menschen, der sich im hohen Alter \u00fcbernat\u00fcrlich beschleunigen kann. Man spricht dann von einer sog. Sarkopenie. Zeichen daf\u00fcr sind u. a., wenn der\/die Betroffene innerhalb kurzer Zeit ungewollt Gewicht verliert oder vermehrt Dekubitus (Wundliegen) auftritt.<\/p>\n<p><strong>Mangelern\u00e4hrung <\/strong>tritt vermehrt bei Menschen<strong> mit Kau- und Schluckst\u00f6rungen<\/strong> auf &#8211; was oftmals damit zu tun hat, dass die Speisen in nicht bedarfsgerechter, d. h. in ihrer Konsistenz angepassten Form bzw. oder aber als Breikost serviert werden. W\u00e4hrend bei ersterem das Essen mit Schmerzen verbunden wird und die Betroffenen deswegen oftmals aus diesem Grund weniger essen, spielt bei der Breikost der Geschmack und das Aussehen eine ma\u00dfgebende Rolle, warum die Betroffenen weniger essen und sich damit eine zunehmende Appetitlosigkeit ausbildet.<\/p>\n<p>Daf\u00fcr wurde von uns das Ern\u00e4hrungskonzept <strong>smoothfood<\/strong> entwickelt, welches sich an die Betroffenen von <strong>Kau- und Schluckst\u00f6rungen<\/strong>\u00a0<strong>(Dysphagie)<\/strong> richtet. Mit den im Rahmen des Konzeptes entwickelten <strong>Bindemitteln<\/strong> und <strong>Andickungsmitteln <\/strong>k\u00f6nnen so alle Konsistenzstufen im Rahmen der <strong>Dysphagiekost<\/strong> abgebildet werden. Da die zugrundliegenden Lebensmittel entweder in fl\u00fcssiger oder aber in <strong>passierter<\/strong> Form vorliegen, k\u00f6nnen diese hervorragend entweder energie- (mit <strong>Maltodextrin<\/strong>) oder eiwei\u00df-angereichert (mit <strong>Protein<\/strong>) werden.<\/p>\n<p>Je nach Eiwei\u00dfbedarf in kalte und\/oder warme Speisen und Getr\u00e4nke einr\u00fchren. Ein geh\u00e4ufter Essl\u00f6ffel (ca. 5 g) entspricht ca. 4,3 g hochwertigem Eiwei\u00df.<\/p>\n<p>Die t\u00e4gliche Gesamtmenge <strong><em>PROTEIN<\/em>plus<\/strong>\u00a0richtet sich nach dem individuellen Bedarf des Betroffenen und der g\u00fcltigen Di\u00e4tvorschrift.<\/p>\n<p><strong>Durchschnittliche N\u00e4hrwertangaben<\/strong>\u00a0<strong>pro 100g:<\/strong><\/p>\n<table>\n<tbody>\n<tr>\n<td width=\"307\">Brennwert kJ \/ kcal<\/td>\n<td width=\"307\">1514 kJ \/357 kcal<\/td>\n<\/tr>\n<tr>\n<td width=\"307\">Eiwei\u00df (g)<\/td>\n<td width=\"307\">85,4<\/td>\n<\/tr>\n<tr>\n<td width=\"307\">Kohlenhydrate (g)<\/td>\n<td width=\"307\">&lt; 0,5<\/td>\n<\/tr>\n<tr>\n<td width=\"307\">davon Zucker (g)<\/td>\n<td width=\"307\">&lt; 0,5<\/td>\n<\/tr>\n<tr>\n<td width=\"307\">Fett (g)<\/td>\n<td width=\"307\">1,6<\/td>\n<\/tr>\n<tr>\n<td width=\"307\">davon ges\u00e4ttigte Fetts\u00e4uren (g)<\/td>\n<td width=\"307\">1<\/td>\n<\/tr>\n<tr>\n<td width=\"307\">Ballaststoffe (g)<\/td>\n<td width=\"307\">0<\/td>\n<\/tr>\n<tr>\n<td width=\"307\">Salz (g)<\/td>\n<td width=\"307\">1,3<\/td>\n<\/tr>\n<\/tbody>\n<\/table>\n<p><strong>mehr Produkte:<\/strong><\/p>\n<p><a href=\"https:\/\/biozoon.de\/shop\/product-category\/smoothfood-produkte\/texturgeber-smoothfood-produkte\/\">smoothfood Produkte Texturgeber<\/a><\/p>\n","protected":false},"excerpt":{"rendered":"<p>PROTEINplus\u00a015 kg Karton Hochwertiges, instantisiertes Molkenproteinisolat f\u00fcr die Eiwei\u00dfanreicherung von Speisen &amp; Getr\u00e4nken. Zutaten:\u00a0Molkenproteinisolat (max. 1 % Laktose), Emulgator\u00a0Soja Lecithin Eigenschaften und Anwendung: Mangelern\u00e4hrung, auch Malnutrition genannt, liegt dann vor, wenn eine Person ihren Bedarf an Energie, Proteinen und anderen N\u00e4hrstoffen \u00fcber die Nahrung nicht ausreichend decken kann. In der Regel liegt eine Kombination von [&hellip;]<\/p>\n","protected":false},"featured_media":2318,"comment_status":"open","ping_status":"closed","template":"","meta":[],"product_brand":[],"product_cat":[201],"product_tag":[],"class_list":{"0":"post-2317","1":"product","2":"type-product","3":"status-publish","4":"has-post-thumbnail","6":"product_cat-texturgeber-smoothfood-produkte","8":"first","9":"instock","10":"shipping-taxable","11":"product-type-simple","12":"add-to-wishlist-before_image"},"yoast_head":"<!-- This site is optimized with the Yoast SEO plugin v27.3 - https:\/\/yoast.com\/product\/yoast-seo-wordpress\/ -->\n<title>PROTEINplus 15 kg Vorrats-Karton - Biozoon Shop<\/title>\n<meta name=\"description\" content=\"PROTEINplus\u00a015kg Karton - Hochwertiges, instantisiertes Molkenproteinisolat f\u00fcr die Eiwei\u00dfanreicherung von Speisen &amp; Getr\u00e4nken.\" \/>\n<meta name=\"robots\" content=\"index, follow, max-snippet:-1, max-image-preview:large, max-video-preview:-1\" \/>\n<link rel=\"canonical\" href=\"https:\/\/biozoon.de\/shop\/product\/proteinplus-15kg-karton\/\" \/>\n<meta property=\"og:locale\" content=\"en_US\" \/>\n<meta property=\"og:type\" content=\"article\" \/>\n<meta property=\"og:title\" content=\"PROTEINplus 15 kg Vorrats-Karton - Biozoon Shop\" \/>\n<meta property=\"og:description\" content=\"PROTEINplus\u00a015kg Karton - Hochwertiges, instantisiertes Molkenproteinisolat f\u00fcr die Eiwei\u00dfanreicherung von Speisen &amp; Getr\u00e4nken.\" \/>\n<meta property=\"og:url\" content=\"https:\/\/biozoon.de\/shop\/product\/proteinplus-15kg-karton\/\" \/>\n<meta property=\"og:site_name\" content=\"Biozoon Shop\" \/>\n<meta property=\"article:publisher\" content=\"https:\/\/www.facebook.com\/pages\/category\/Food---Beverage\/biozoon-113514145340245\/\" \/>\n<meta property=\"article:modified_time\" content=\"2022-06-07T07:50:56+00:00\" \/>\n<meta property=\"og:image\" content=\"https:\/\/biozoon.de\/shop\/wp-content\/uploads\/2021\/10\/Karton_ProteinPlus15kg_6068.jpg\" \/>\n\t<meta property=\"og:image:width\" content=\"600\" \/>\n\t<meta property=\"og:image:height\" content=\"600\" \/>\n\t<meta property=\"og:image:type\" content=\"image\/jpeg\" \/>\n<meta name=\"twitter:card\" content=\"summary_large_image\" \/>\n<meta name=\"twitter:label1\" content=\"Est. reading time\" \/>\n\t<meta name=\"twitter:data1\" content=\"2 minutes\" \/>\n<script type=\"application\/ld+json\" class=\"yoast-schema-graph\">{\"@context\":\"https:\\\/\\\/schema.org\",\"@graph\":[{\"@type\":\"WebPage\",\"@id\":\"https:\\\/\\\/biozoon.de\\\/shop\\\/product\\\/proteinplus-15kg-karton\\\/\",\"url\":\"https:\\\/\\\/biozoon.de\\\/shop\\\/product\\\/proteinplus-15kg-karton\\\/\",\"name\":\"PROTEINplus 15 kg Vorrats-Karton - Biozoon Shop\",\"isPartOf\":{\"@id\":\"https:\\\/\\\/biozoon.de\\\/shop\\\/#website\"},\"primaryImageOfPage\":{\"@id\":\"https:\\\/\\\/biozoon.de\\\/shop\\\/product\\\/proteinplus-15kg-karton\\\/#primaryimage\"},\"image\":{\"@id\":\"https:\\\/\\\/biozoon.de\\\/shop\\\/product\\\/proteinplus-15kg-karton\\\/#primaryimage\"},\"thumbnailUrl\":\"https:\\\/\\\/biozoon.de\\\/shop\\\/wp-content\\\/uploads\\\/2021\\\/10\\\/Karton_ProteinPlus15kg_6068.jpg\",\"datePublished\":\"2021-10-23T06:53:48+00:00\",\"dateModified\":\"2022-06-07T07:50:56+00:00\",\"description\":\"PROTEINplus\u00a015kg Karton - Hochwertiges, instantisiertes Molkenproteinisolat f\u00fcr die Eiwei\u00dfanreicherung von Speisen & Getr\u00e4nken.\",\"breadcrumb\":{\"@id\":\"https:\\\/\\\/biozoon.de\\\/shop\\\/product\\\/proteinplus-15kg-karton\\\/#breadcrumb\"},\"inLanguage\":\"en-US\",\"potentialAction\":[{\"@type\":\"ReadAction\",\"target\":[\"https:\\\/\\\/biozoon.de\\\/shop\\\/product\\\/proteinplus-15kg-karton\\\/\"]}]},{\"@type\":\"ImageObject\",\"inLanguage\":\"en-US\",\"@id\":\"https:\\\/\\\/biozoon.de\\\/shop\\\/product\\\/proteinplus-15kg-karton\\\/#primaryimage\",\"url\":\"https:\\\/\\\/biozoon.de\\\/shop\\\/wp-content\\\/uploads\\\/2021\\\/10\\\/Karton_ProteinPlus15kg_6068.jpg\",\"contentUrl\":\"https:\\\/\\\/biozoon.de\\\/shop\\\/wp-content\\\/uploads\\\/2021\\\/10\\\/Karton_ProteinPlus15kg_6068.jpg\",\"width\":600,\"height\":600,\"caption\":\"PROTEINplus 15kg\"},{\"@type\":\"BreadcrumbList\",\"@id\":\"https:\\\/\\\/biozoon.de\\\/shop\\\/product\\\/proteinplus-15kg-karton\\\/#breadcrumb\",\"itemListElement\":[{\"@type\":\"ListItem\",\"position\":1,\"name\":\"Home\",\"item\":\"https:\\\/\\\/biozoon.de\\\/shop\\\/\"},{\"@type\":\"ListItem\",\"position\":2,\"name\":\"Shop\",\"item\":\"https:\\\/\\\/biozoon.de\\\/shop\\\/shop\\\/\"},{\"@type\":\"ListItem\",\"position\":3,\"name\":\"smoothfood Produkte\",\"item\":\"https:\\\/\\\/biozoon.de\\\/shop\\\/product-category\\\/smoothfood-produkte\\\/\"},{\"@type\":\"ListItem\",\"position\":4,\"name\":\"Texturgeber\",\"item\":\"https:\\\/\\\/biozoon.de\\\/shop\\\/product-category\\\/smoothfood-produkte\\\/texturgeber-smoothfood-produkte\\\/\"},{\"@type\":\"ListItem\",\"position\":5,\"name\":\"PROTEINplus 15 kg Vorrats-Karton\"}]},{\"@type\":\"WebSite\",\"@id\":\"https:\\\/\\\/biozoon.de\\\/shop\\\/#website\",\"url\":\"https:\\\/\\\/biozoon.de\\\/shop\\\/\",\"name\":\"Biozoon Shop\",\"description\":\"\",\"potentialAction\":[{\"@type\":\"SearchAction\",\"target\":{\"@type\":\"EntryPoint\",\"urlTemplate\":\"https:\\\/\\\/biozoon.de\\\/shop\\\/?s={search_term_string}\"},\"query-input\":{\"@type\":\"PropertyValueSpecification\",\"valueRequired\":true,\"valueName\":\"search_term_string\"}}],\"inLanguage\":\"en-US\"}]}<\/script>\n<!-- \/ Yoast SEO plugin. -->","yoast_head_json":{"title":"PROTEINplus 15 kg Vorrats-Karton - Biozoon Shop","description":"PROTEINplus\u00a015kg Karton - Hochwertiges, instantisiertes Molkenproteinisolat f\u00fcr die Eiwei\u00dfanreicherung von Speisen & Getr\u00e4nken.","robots":{"index":"index","follow":"follow","max-snippet":"max-snippet:-1","max-image-preview":"max-image-preview:large","max-video-preview":"max-video-preview:-1"},"canonical":"https:\/\/biozoon.de\/shop\/product\/proteinplus-15kg-karton\/","og_locale":"en_US","og_type":"article","og_title":"PROTEINplus 15 kg Vorrats-Karton - Biozoon Shop","og_description":"PROTEINplus\u00a015kg Karton - Hochwertiges, instantisiertes Molkenproteinisolat f\u00fcr die Eiwei\u00dfanreicherung von Speisen & Getr\u00e4nken.","og_url":"https:\/\/biozoon.de\/shop\/product\/proteinplus-15kg-karton\/","og_site_name":"Biozoon Shop","article_publisher":"https:\/\/www.facebook.com\/pages\/category\/Food---Beverage\/biozoon-113514145340245\/","article_modified_time":"2022-06-07T07:50:56+00:00","og_image":[{"width":600,"height":600,"url":"https:\/\/biozoon.de\/shop\/wp-content\/uploads\/2021\/10\/Karton_ProteinPlus15kg_6068.jpg","type":"image\/jpeg"}],"twitter_card":"summary_large_image","twitter_misc":{"Est. reading time":"2 minutes"},"schema":{"@context":"https:\/\/schema.org","@graph":[{"@type":"WebPage","@id":"https:\/\/biozoon.de\/shop\/product\/proteinplus-15kg-karton\/","url":"https:\/\/biozoon.de\/shop\/product\/proteinplus-15kg-karton\/","name":"PROTEINplus 15 kg Vorrats-Karton - Biozoon Shop","isPartOf":{"@id":"https:\/\/biozoon.de\/shop\/#website"},"primaryImageOfPage":{"@id":"https:\/\/biozoon.de\/shop\/product\/proteinplus-15kg-karton\/#primaryimage"},"image":{"@id":"https:\/\/biozoon.de\/shop\/product\/proteinplus-15kg-karton\/#primaryimage"},"thumbnailUrl":"https:\/\/biozoon.de\/shop\/wp-content\/uploads\/2021\/10\/Karton_ProteinPlus15kg_6068.jpg","datePublished":"2021-10-23T06:53:48+00:00","dateModified":"2022-06-07T07:50:56+00:00","description":"PROTEINplus\u00a015kg Karton - Hochwertiges, instantisiertes Molkenproteinisolat f\u00fcr die Eiwei\u00dfanreicherung von Speisen & Getr\u00e4nken.","breadcrumb":{"@id":"https:\/\/biozoon.de\/shop\/product\/proteinplus-15kg-karton\/#breadcrumb"},"inLanguage":"en-US","potentialAction":[{"@type":"ReadAction","target":["https:\/\/biozoon.de\/shop\/product\/proteinplus-15kg-karton\/"]}]},{"@type":"ImageObject","inLanguage":"en-US","@id":"https:\/\/biozoon.de\/shop\/product\/proteinplus-15kg-karton\/#primaryimage","url":"https:\/\/biozoon.de\/shop\/wp-content\/uploads\/2021\/10\/Karton_ProteinPlus15kg_6068.jpg","contentUrl":"https:\/\/biozoon.de\/shop\/wp-content\/uploads\/2021\/10\/Karton_ProteinPlus15kg_6068.jpg","width":600,"height":600,"caption":"PROTEINplus 15kg"},{"@type":"BreadcrumbList","@id":"https:\/\/biozoon.de\/shop\/product\/proteinplus-15kg-karton\/#breadcrumb","itemListElement":[{"@type":"ListItem","position":1,"name":"Home","item":"https:\/\/biozoon.de\/shop\/"},{"@type":"ListItem","position":2,"name":"Shop","item":"https:\/\/biozoon.de\/shop\/shop\/"},{"@type":"ListItem","position":3,"name":"smoothfood Produkte","item":"https:\/\/biozoon.de\/shop\/product-category\/smoothfood-produkte\/"},{"@type":"ListItem","position":4,"name":"Texturgeber","item":"https:\/\/biozoon.de\/shop\/product-category\/smoothfood-produkte\/texturgeber-smoothfood-produkte\/"},{"@type":"ListItem","position":5,"name":"PROTEINplus 15 kg Vorrats-Karton"}]},{"@type":"WebSite","@id":"https:\/\/biozoon.de\/shop\/#website","url":"https:\/\/biozoon.de\/shop\/","name":"Biozoon Shop","description":"","potentialAction":[{"@type":"SearchAction","target":{"@type":"EntryPoint","urlTemplate":"https:\/\/biozoon.de\/shop\/?s={search_term_string}"},"query-input":{"@type":"PropertyValueSpecification","valueRequired":true,"valueName":"search_term_string"}}],"inLanguage":"en-US"}]}},"lang":"de","translations":{"de":2317,"en":2320},"pll_sync_post":[],"_links":{"self":[{"href":"https:\/\/biozoon.de\/shop\/wp-json\/wp\/v2\/product\/2317","targetHints":{"allow":["GET"]}}],"collection":[{"href":"https:\/\/biozoon.de\/shop\/wp-json\/wp\/v2\/product"}],"about":[{"href":"https:\/\/biozoon.de\/shop\/wp-json\/wp\/v2\/types\/product"}],"replies":[{"embeddable":true,"href":"https:\/\/biozoon.de\/shop\/wp-json\/wp\/v2\/comments?post=2317"}],"wp:featuredmedia":[{"embeddable":true,"href":"https:\/\/biozoon.de\/shop\/wp-json\/wp\/v2\/media\/2318"}],"wp:attachment":[{"href":"https:\/\/biozoon.de\/shop\/wp-json\/wp\/v2\/media?parent=2317"}],"wp:term":[{"taxonomy":"product_brand","embeddable":true,"href":"https:\/\/biozoon.de\/shop\/wp-json\/wp\/v2\/product_brand?post=2317"},{"taxonomy":"product_cat","embeddable":true,"href":"https:\/\/biozoon.de\/shop\/wp-json\/wp\/v2\/product_cat?post=2317"},{"taxonomy":"product_tag","embeddable":true,"href":"https:\/\/biozoon.de\/shop\/wp-json\/wp\/v2\/product_tag?post=2317"}],"curies":[{"name":"wp","href":"https:\/\/api.w.org\/{rel}","templated":true}]}}