{"id":1862,"date":"2021-09-01T13:35:01","date_gmt":"2021-09-01T13:35:01","guid":{"rendered":"https:\/\/biozoon.de\/webshop\/?post_type=product&#038;p=1862"},"modified":"2022-09-04T11:48:44","modified_gmt":"2022-09-04T11:48:44","slug":"maltodextrin-2","status":"publish","type":"product","link":"https:\/\/biozoon.de\/shop\/product\/maltodextrin-2\/","title":{"rendered":"MALTOplus 3 kg Vorteilspack"},"content":{"rendered":"<p><span style=\"color: #008080;\"><em><strong>Mal<\/strong><\/em><em><strong>to<\/strong><\/em><\/span><span style=\"color: #808080;\"><strong>Plus<\/strong><\/span> &#8211; <strong>Maltodextrin<\/strong> im Vorteilspack: 10 Dosen \u00e1 300 g<\/p>\n<p>Leichtverdauliches, gut l\u00f6sliches, geschmacksneutrales, wei\u00dfes Instant-Kohlenhydratpulver, bestehend aus einem Glucose-Saccharidgemisch, welches aus Maisst\u00e4rke gewonnen wird. Geeignet zur Energieanreicherung von Speisen &amp; Getr\u00e4nken.<\/p>\n<p><strong>Zutaten<\/strong>: 100 % Maltodextrin enzymatisch gewonnen aus Maisst\u00e4rke<\/p>\n<p><strong>Eigenschaften und Anwendung:\u00a0<\/strong><\/p>\n<p>Bei unserem Produkt<strong> <em>Malto<\/em>Plus <\/strong>handelt es sich um reines <strong>Maltodextrin<\/strong>, welches leicht verdaulich ist und vollst\u00e4ndig resorbiert wird. Besonders geeignet f\u00fcr Menschen die unter <strong>Kau- und Schluckst\u00f6rungen (Dysphagie)<\/strong> leiden, da diese \u00fcberdurchschnittlich h\u00e4ufig von Mangelern\u00e4hrung betroffen sind. Im Zusammenhang mit den <strong>Andickungsmitteln<\/strong> und den <strong>Bindemitteln<\/strong> des <strong>smoothfood<\/strong> Konzeptes kann das <strong>Maltodextrin<\/strong> zugegeben werden, um Getr\u00e4nke und <strong>p\u00fcrierte\/passierte Kost in Form<\/strong> mit zus\u00e4tzlicher Energie anzureichern. Damit vermindert man das Risiko der Mangelern\u00e4hrung, des schlechten Ern\u00e4hrungszustandes oder der Appetitlosigkeit. Im \u00dcbrigen ist <strong>Maltodextrin<\/strong> generell f\u00fcr Personen mit gesteigertem Energiebedarf geeignet.<\/p>\n<p>Es ver\u00e4ndert weder Farbe noch Geschmack der Speisen und Getr\u00e4nke, es l\u00f6st sich bereits beim Einr\u00fchren auf. <strong>Maltodextrin<\/strong> ist kochstabil und kann beim Backen eingesetzt werden.<\/p>\n<p>Das <strong>Maltodextrin<\/strong> ist gluten-, lactose-, fructose- und saccharosefrei.<\/p>\n<p>Die t\u00e4gliche Gesamtmenge <strong>Maltodextrin<\/strong> richtet sich nach dem individuellen Energiebedarf. Zur Behandlung von <strong>Mangelern\u00e4hrung<\/strong> sollten zwischen 40 bis 100 g <strong>Maltodextrin<\/strong> t\u00e4glich verwendet werden. Pro Gramm\u00a0<strong>Maltodextrin<\/strong> sind etwa 95 Gramm Kohlenhydrate enthalten, die etwa 380 Kilokalorien (kcal) enthalten. Ein Essl\u00f6ffel <strong>Maltodextrin<\/strong> entspricht ungef\u00e4hr 35 kcal*. Beispiele f\u00fcr den Einsatz von <strong>Maltodextrin<\/strong> sind u. a.:<\/p>\n<ul>\n<li>200 ml Orangensaft mit 40 g <strong>Maltodextrin<\/strong><\/li>\n<li>200ml warmer Kaffee mit 80 g <strong>Maltodextrin<\/strong><\/li>\n<li>200ml Wasser mit 40 g <strong>Maltodextrin<\/strong><\/li>\n<li>180 g Speisequark mit 30 g <strong>Maltodextrin<\/strong><\/li>\n<\/ul>\n<p>*Falls der\/die Betroffene Diabetes mellitus (Zuckerkrankheit leiden), sprechen Sie den Einsatz von <strong>Maltodextrin<\/strong> mit Ihrem Arzt, Apotheker oder der Ern\u00e4hrungsberatung ab. Nur unter \u00e4rztlicher Aufsicht verwenden. Nicht zur ausschlie\u00dflichen Ern\u00e4hrung verwenden. Nur zur enteralen Ern\u00e4hrung geeignet. F\u00fcr Kinder ab 3 Jahren, Jugendliche und Erwachsene geeignet.<\/p>\n<p>Preis per kg : 11,87 \u20ac<\/p>\n<p><strong>mehr Produkte:<\/strong><\/p>\n<p><a href=\"https:\/\/biozoon.de\/shop\/product-category\/smoothfood-produkte\/texturgeber-smoothfood-produkte\/\">smoothfood Produkte Texturgeber<\/a><\/p>\n","protected":false},"excerpt":{"rendered":"<div class=\"logo-right\" style=\"margin-top: 10px;\">\n<div class=\"row\">\n<div class=\"col-md-12\"><img loading=\"lazy\" decoding=\"async\" class=\"alignnone size-full wp-image-1425\" src=\"https:\/\/biozoon.de\/shop\/wp-content\/uploads\/2021\/05\/Logo-Malto-Plus.png\" alt=\"\" width=\"417\" height=\"133\" srcset=\"https:\/\/biozoon.de\/shop\/wp-content\/uploads\/2021\/05\/Logo-Malto-Plus.png 417w, https:\/\/biozoon.de\/shop\/wp-content\/uploads\/2021\/05\/Logo-Malto-Plus-246x78.png 246w\" sizes=\"auto, (max-width: 417px) 100vw, 417px\" \/><\/div>\n<\/div>\n<\/div>\n","protected":false},"featured_media":1863,"comment_status":"open","ping_status":"closed","template":"","meta":[],"product_brand":[],"product_cat":[197,201],"product_tag":[1078],"class_list":{"0":"post-1862","1":"product","2":"type-product","3":"status-publish","4":"has-post-thumbnail","6":"product_cat-smoothfood-produkte","7":"product_cat-texturgeber-smoothfood-produkte","8":"product_tag-maltodextrin","10":"first","11":"instock","12":"sale","13":"taxable","14":"shipping-taxable","15":"purchasable","16":"product-type-simple","17":"add-to-wishlist-before_image"},"yoast_head":"<!-- This site is optimized with the Yoast SEO plugin v27.0 - https:\/\/yoast.com\/product\/yoast-seo-wordpress\/ -->\n<title>MaltoPlus im 10er Vorteilspack<\/title>\n<meta name=\"description\" content=\"MaltoPlus - Maltodextrin zur Energieanreicherung bei Mangelern\u00e4hrung im besonders g\u00fcnstigen Gro\u00dfgebinde. l\u00f6slich und geschmackneutral.\" \/>\n<meta name=\"robots\" content=\"index, follow, max-snippet:-1, max-image-preview:large, max-video-preview:-1\" \/>\n<link rel=\"canonical\" href=\"https:\/\/biozoon.de\/shop\/product\/maltodextrin-2\/\" \/>\n<meta property=\"og:locale\" content=\"en_US\" \/>\n<meta property=\"og:type\" content=\"article\" \/>\n<meta property=\"og:title\" content=\"MaltoPlus im 10er Vorteilspack\" \/>\n<meta property=\"og:description\" content=\"MaltoPlus - Maltodextrin zur Energieanreicherung bei Mangelern\u00e4hrung im besonders g\u00fcnstigen Gro\u00dfgebinde. l\u00f6slich und geschmackneutral.\" \/>\n<meta property=\"og:url\" content=\"https:\/\/biozoon.de\/shop\/product\/maltodextrin-2\/\" \/>\n<meta property=\"og:site_name\" content=\"Biozoon Shop\" \/>\n<meta property=\"article:publisher\" content=\"https:\/\/www.facebook.com\/pages\/category\/Food---Beverage\/biozoon-113514145340245\/\" \/>\n<meta property=\"article:modified_time\" content=\"2022-09-04T11:48:44+00:00\" \/>\n<meta property=\"og:image\" content=\"https:\/\/biozoon.de\/shop\/wp-content\/uploads\/2021\/09\/Maltodextrin-fur-die-Energieanreicherung-von-Speisen-Getranken.jpg\" \/>\n\t<meta property=\"og:image:width\" content=\"600\" \/>\n\t<meta property=\"og:image:height\" content=\"600\" \/>\n\t<meta property=\"og:image:type\" content=\"image\/jpeg\" \/>\n<meta name=\"twitter:card\" content=\"summary_large_image\" \/>\n<meta name=\"twitter:label1\" content=\"Est. reading time\" \/>\n\t<meta name=\"twitter:data1\" content=\"2 minutes\" \/>\n<script type=\"application\/ld+json\" class=\"yoast-schema-graph\">{\"@context\":\"https:\/\/schema.org\",\"@graph\":[{\"@type\":\"WebPage\",\"@id\":\"https:\/\/biozoon.de\/shop\/product\/maltodextrin-2\/\",\"url\":\"https:\/\/biozoon.de\/shop\/product\/maltodextrin-2\/\",\"name\":\"MaltoPlus im 10er Vorteilspack\",\"isPartOf\":{\"@id\":\"https:\/\/biozoon.de\/shop\/#website\"},\"primaryImageOfPage\":{\"@id\":\"https:\/\/biozoon.de\/shop\/product\/maltodextrin-2\/#primaryimage\"},\"image\":{\"@id\":\"https:\/\/biozoon.de\/shop\/product\/maltodextrin-2\/#primaryimage\"},\"thumbnailUrl\":\"https:\/\/biozoon.de\/shop\/wp-content\/uploads\/2021\/09\/Maltodextrin-fur-die-Energieanreicherung-von-Speisen-Getranken.jpg\",\"datePublished\":\"2021-09-01T13:35:01+00:00\",\"dateModified\":\"2022-09-04T11:48:44+00:00\",\"description\":\"MaltoPlus - Maltodextrin zur Energieanreicherung bei Mangelern\u00e4hrung im besonders g\u00fcnstigen Gro\u00dfgebinde. l\u00f6slich und geschmackneutral.\",\"breadcrumb\":{\"@id\":\"https:\/\/biozoon.de\/shop\/product\/maltodextrin-2\/#breadcrumb\"},\"inLanguage\":\"en-US\",\"potentialAction\":[{\"@type\":\"ReadAction\",\"target\":[\"https:\/\/biozoon.de\/shop\/product\/maltodextrin-2\/\"]}]},{\"@type\":\"ImageObject\",\"inLanguage\":\"en-US\",\"@id\":\"https:\/\/biozoon.de\/shop\/product\/maltodextrin-2\/#primaryimage\",\"url\":\"https:\/\/biozoon.de\/shop\/wp-content\/uploads\/2021\/09\/Maltodextrin-fur-die-Energieanreicherung-von-Speisen-Getranken.jpg\",\"contentUrl\":\"https:\/\/biozoon.de\/shop\/wp-content\/uploads\/2021\/09\/Maltodextrin-fur-die-Energieanreicherung-von-Speisen-Getranken.jpg\",\"width\":600,\"height\":600,\"caption\":\"Maltodextrin f\u00fcr die Energieanreicherung von Speisen & Getr\u00e4nken\"},{\"@type\":\"BreadcrumbList\",\"@id\":\"https:\/\/biozoon.de\/shop\/product\/maltodextrin-2\/#breadcrumb\",\"itemListElement\":[{\"@type\":\"ListItem\",\"position\":1,\"name\":\"Home\",\"item\":\"https:\/\/biozoon.de\/shop\/\"},{\"@type\":\"ListItem\",\"position\":2,\"name\":\"Shop\",\"item\":\"https:\/\/biozoon.de\/shop\/shop\/\"},{\"@type\":\"ListItem\",\"position\":3,\"name\":\"smoothfood Produkte\",\"item\":\"https:\/\/biozoon.de\/shop\/product-category\/smoothfood-produkte\/\"},{\"@type\":\"ListItem\",\"position\":4,\"name\":\"MALTOplus 3 kg Vorteilspack\"}]},{\"@type\":\"WebSite\",\"@id\":\"https:\/\/biozoon.de\/shop\/#website\",\"url\":\"https:\/\/biozoon.de\/shop\/\",\"name\":\"Biozoon Shop\",\"description\":\"\",\"potentialAction\":[{\"@type\":\"SearchAction\",\"target\":{\"@type\":\"EntryPoint\",\"urlTemplate\":\"https:\/\/biozoon.de\/shop\/?s={search_term_string}\"},\"query-input\":{\"@type\":\"PropertyValueSpecification\",\"valueRequired\":true,\"valueName\":\"search_term_string\"}}],\"inLanguage\":\"en-US\"}]}<\/script>\n<!-- \/ Yoast SEO plugin. -->","yoast_head_json":{"title":"MaltoPlus im 10er Vorteilspack","description":"MaltoPlus - Maltodextrin zur Energieanreicherung bei Mangelern\u00e4hrung im besonders g\u00fcnstigen Gro\u00dfgebinde. l\u00f6slich und geschmackneutral.","robots":{"index":"index","follow":"follow","max-snippet":"max-snippet:-1","max-image-preview":"max-image-preview:large","max-video-preview":"max-video-preview:-1"},"canonical":"https:\/\/biozoon.de\/shop\/product\/maltodextrin-2\/","og_locale":"en_US","og_type":"article","og_title":"MaltoPlus im 10er Vorteilspack","og_description":"MaltoPlus - Maltodextrin zur Energieanreicherung bei Mangelern\u00e4hrung im besonders g\u00fcnstigen Gro\u00dfgebinde. l\u00f6slich und geschmackneutral.","og_url":"https:\/\/biozoon.de\/shop\/product\/maltodextrin-2\/","og_site_name":"Biozoon Shop","article_publisher":"https:\/\/www.facebook.com\/pages\/category\/Food---Beverage\/biozoon-113514145340245\/","article_modified_time":"2022-09-04T11:48:44+00:00","og_image":[{"width":600,"height":600,"url":"https:\/\/biozoon.de\/shop\/wp-content\/uploads\/2021\/09\/Maltodextrin-fur-die-Energieanreicherung-von-Speisen-Getranken.jpg","type":"image\/jpeg"}],"twitter_card":"summary_large_image","twitter_misc":{"Est. reading time":"2 minutes"},"schema":{"@context":"https:\/\/schema.org","@graph":[{"@type":"WebPage","@id":"https:\/\/biozoon.de\/shop\/product\/maltodextrin-2\/","url":"https:\/\/biozoon.de\/shop\/product\/maltodextrin-2\/","name":"MaltoPlus im 10er Vorteilspack","isPartOf":{"@id":"https:\/\/biozoon.de\/shop\/#website"},"primaryImageOfPage":{"@id":"https:\/\/biozoon.de\/shop\/product\/maltodextrin-2\/#primaryimage"},"image":{"@id":"https:\/\/biozoon.de\/shop\/product\/maltodextrin-2\/#primaryimage"},"thumbnailUrl":"https:\/\/biozoon.de\/shop\/wp-content\/uploads\/2021\/09\/Maltodextrin-fur-die-Energieanreicherung-von-Speisen-Getranken.jpg","datePublished":"2021-09-01T13:35:01+00:00","dateModified":"2022-09-04T11:48:44+00:00","description":"MaltoPlus - Maltodextrin zur Energieanreicherung bei Mangelern\u00e4hrung im besonders g\u00fcnstigen Gro\u00dfgebinde. l\u00f6slich und geschmackneutral.","breadcrumb":{"@id":"https:\/\/biozoon.de\/shop\/product\/maltodextrin-2\/#breadcrumb"},"inLanguage":"en-US","potentialAction":[{"@type":"ReadAction","target":["https:\/\/biozoon.de\/shop\/product\/maltodextrin-2\/"]}]},{"@type":"ImageObject","inLanguage":"en-US","@id":"https:\/\/biozoon.de\/shop\/product\/maltodextrin-2\/#primaryimage","url":"https:\/\/biozoon.de\/shop\/wp-content\/uploads\/2021\/09\/Maltodextrin-fur-die-Energieanreicherung-von-Speisen-Getranken.jpg","contentUrl":"https:\/\/biozoon.de\/shop\/wp-content\/uploads\/2021\/09\/Maltodextrin-fur-die-Energieanreicherung-von-Speisen-Getranken.jpg","width":600,"height":600,"caption":"Maltodextrin f\u00fcr die Energieanreicherung von Speisen & Getr\u00e4nken"},{"@type":"BreadcrumbList","@id":"https:\/\/biozoon.de\/shop\/product\/maltodextrin-2\/#breadcrumb","itemListElement":[{"@type":"ListItem","position":1,"name":"Home","item":"https:\/\/biozoon.de\/shop\/"},{"@type":"ListItem","position":2,"name":"Shop","item":"https:\/\/biozoon.de\/shop\/shop\/"},{"@type":"ListItem","position":3,"name":"smoothfood Produkte","item":"https:\/\/biozoon.de\/shop\/product-category\/smoothfood-produkte\/"},{"@type":"ListItem","position":4,"name":"MALTOplus 3 kg Vorteilspack"}]},{"@type":"WebSite","@id":"https:\/\/biozoon.de\/shop\/#website","url":"https:\/\/biozoon.de\/shop\/","name":"Biozoon Shop","description":"","potentialAction":[{"@type":"SearchAction","target":{"@type":"EntryPoint","urlTemplate":"https:\/\/biozoon.de\/shop\/?s={search_term_string}"},"query-input":{"@type":"PropertyValueSpecification","valueRequired":true,"valueName":"search_term_string"}}],"inLanguage":"en-US"}]}},"lang":"de","translations":{"de":1862,"en":2007},"pll_sync_post":[],"_links":{"self":[{"href":"https:\/\/biozoon.de\/shop\/wp-json\/wp\/v2\/product\/1862","targetHints":{"allow":["GET"]}}],"collection":[{"href":"https:\/\/biozoon.de\/shop\/wp-json\/wp\/v2\/product"}],"about":[{"href":"https:\/\/biozoon.de\/shop\/wp-json\/wp\/v2\/types\/product"}],"replies":[{"embeddable":true,"href":"https:\/\/biozoon.de\/shop\/wp-json\/wp\/v2\/comments?post=1862"}],"wp:featuredmedia":[{"embeddable":true,"href":"https:\/\/biozoon.de\/shop\/wp-json\/wp\/v2\/media\/1863"}],"wp:attachment":[{"href":"https:\/\/biozoon.de\/shop\/wp-json\/wp\/v2\/media?parent=1862"}],"wp:term":[{"taxonomy":"product_brand","embeddable":true,"href":"https:\/\/biozoon.de\/shop\/wp-json\/wp\/v2\/product_brand?post=1862"},{"taxonomy":"product_cat","embeddable":true,"href":"https:\/\/biozoon.de\/shop\/wp-json\/wp\/v2\/product_cat?post=1862"},{"taxonomy":"product_tag","embeddable":true,"href":"https:\/\/biozoon.de\/shop\/wp-json\/wp\/v2\/product_tag?post=1862"}],"curies":[{"name":"wp","href":"https:\/\/api.w.org\/{rel}","templated":true}]}}