{"id":111,"date":"2021-04-11T13:10:31","date_gmt":"2021-04-11T13:10:31","guid":{"rendered":"http:\/\/localhost:8585\/bshop\/?post_type=product&#038;p=111"},"modified":"2022-09-04T12:18:29","modified_gmt":"2022-09-04T12:18:29","slug":"ausgiessloeffel-2-stk","status":"publish","type":"product","link":"https:\/\/biozoon.de\/shop\/product\/ausgiessloeffel-2-stk\/","title":{"rendered":"Ausgie\u00dfl\u00f6ffel (2 St\u00fcck)"},"content":{"rendered":"<div id=\"layout_content\" class=\"cf\">\n<div id=\"col_right\">\n<div>\n<div id=\"horizontalTab\" class=\"pd_tabs\">\n<div class=\"resp-tabs-container\">\n<div class=\"pd_description resp-tab-content resp-tab-content-active\" aria-labelledby=\"tab_item-0\">\n<div>Dieser L\u00f6ffel mit extra langem Stiel eignet sich ideal f\u00fcr die Herstellung gro\u00dfer Fl\u00fcssigkeits-Kapseln. 11 ml, Polystyrol wei\u00df<\/div>\n<\/div>\n<\/div>\n<\/div>\n<\/div>\n<\/div>\n<\/div>\n","protected":false},"excerpt":{"rendered":"<p>Dieser L\u00f6ffel mit extra langem Stiel eignet sich ideal f\u00fcr die Herstellung gro\u00dfer Fl\u00fcssigkeits-Kapseln. 11 ml, Polystyrol wei\u00df<\/p>\n","protected":false},"featured_media":488,"comment_status":"open","ping_status":"closed","template":"","meta":[],"product_brand":[],"product_cat":[173],"product_tag":[483,461],"class_list":{"0":"post-111","1":"product","2":"type-product","3":"status-publish","4":"has-post-thumbnail","6":"product_cat-zubehoer","7":"product_tag-molekulare-texturgeber-zubehoer","8":"product_tag-sphaerifikation-verkapselung","10":"first","11":"instock","12":"taxable","13":"shipping-taxable","14":"purchasable","15":"product-type-simple","16":"add-to-wishlist-before_image"},"yoast_head":"<!-- This site is optimized with the Yoast SEO plugin v27.0 - https:\/\/yoast.com\/product\/yoast-seo-wordpress\/ -->\n<title>Ausgie\u00dfl\u00f6ffel (2 St\u00fcck) - Biozoon Shop<\/title>\n<meta name=\"robots\" content=\"index, follow, max-snippet:-1, max-image-preview:large, max-video-preview:-1\" \/>\n<link rel=\"canonical\" href=\"https:\/\/biozoon.de\/shop\/product\/ausgiessloeffel-2-stk\/\" \/>\n<meta property=\"og:locale\" content=\"en_US\" \/>\n<meta property=\"og:type\" content=\"article\" \/>\n<meta property=\"og:title\" content=\"Ausgie\u00dfl\u00f6ffel (2 St\u00fcck) - Biozoon Shop\" \/>\n<meta property=\"og:description\" content=\"Dieser L\u00f6ffel mit extra langem Stiel eignet sich ideal f\u00fcr die Herstellung gro\u00dfer Fl\u00fcssigkeits-Kapseln. 11 ml, Polystyrol wei\u00df\" \/>\n<meta property=\"og:url\" content=\"https:\/\/biozoon.de\/shop\/product\/ausgiessloeffel-2-stk\/\" \/>\n<meta property=\"og:site_name\" content=\"Biozoon Shop\" \/>\n<meta property=\"article:publisher\" content=\"https:\/\/www.facebook.com\/pages\/category\/Food---Beverage\/biozoon-113514145340245\/\" \/>\n<meta property=\"article:modified_time\" content=\"2022-09-04T12:18:29+00:00\" \/>\n<meta property=\"og:image\" content=\"https:\/\/biozoon.de\/shop\/wp-content\/uploads\/2021\/04\/Ausgiessloffel-2-Stk-3.jpg\" \/>\n\t<meta property=\"og:image:width\" content=\"600\" \/>\n\t<meta property=\"og:image:height\" content=\"600\" \/>\n\t<meta property=\"og:image:type\" content=\"image\/jpeg\" \/>\n<meta name=\"twitter:card\" content=\"summary_large_image\" \/>\n<meta name=\"twitter:label1\" content=\"Est. reading time\" \/>\n\t<meta name=\"twitter:data1\" content=\"1 minute\" \/>\n<script type=\"application\/ld+json\" class=\"yoast-schema-graph\">{\"@context\":\"https:\/\/schema.org\",\"@graph\":[{\"@type\":\"WebPage\",\"@id\":\"https:\/\/biozoon.de\/shop\/product\/ausgiessloeffel-2-stk\/\",\"url\":\"https:\/\/biozoon.de\/shop\/product\/ausgiessloeffel-2-stk\/\",\"name\":\"Ausgie\u00dfl\u00f6ffel (2 St\u00fcck) - Biozoon Shop\",\"isPartOf\":{\"@id\":\"https:\/\/biozoon.de\/shop\/#website\"},\"primaryImageOfPage\":{\"@id\":\"https:\/\/biozoon.de\/shop\/product\/ausgiessloeffel-2-stk\/#primaryimage\"},\"image\":{\"@id\":\"https:\/\/biozoon.de\/shop\/product\/ausgiessloeffel-2-stk\/#primaryimage\"},\"thumbnailUrl\":\"https:\/\/biozoon.de\/shop\/wp-content\/uploads\/2021\/04\/Ausgiessloffel-2-Stk-3.jpg\",\"datePublished\":\"2021-04-11T13:10:31+00:00\",\"dateModified\":\"2022-09-04T12:18:29+00:00\",\"breadcrumb\":{\"@id\":\"https:\/\/biozoon.de\/shop\/product\/ausgiessloeffel-2-stk\/#breadcrumb\"},\"inLanguage\":\"en-US\",\"potentialAction\":[{\"@type\":\"ReadAction\",\"target\":[\"https:\/\/biozoon.de\/shop\/product\/ausgiessloeffel-2-stk\/\"]}]},{\"@type\":\"ImageObject\",\"inLanguage\":\"en-US\",\"@id\":\"https:\/\/biozoon.de\/shop\/product\/ausgiessloeffel-2-stk\/#primaryimage\",\"url\":\"https:\/\/biozoon.de\/shop\/wp-content\/uploads\/2021\/04\/Ausgiessloffel-2-Stk-3.jpg\",\"contentUrl\":\"https:\/\/biozoon.de\/shop\/wp-content\/uploads\/2021\/04\/Ausgiessloffel-2-Stk-3.jpg\",\"width\":600,\"height\":600,\"caption\":\"Ausgiessl\u00f6ffel\"},{\"@type\":\"BreadcrumbList\",\"@id\":\"https:\/\/biozoon.de\/shop\/product\/ausgiessloeffel-2-stk\/#breadcrumb\",\"itemListElement\":[{\"@type\":\"ListItem\",\"position\":1,\"name\":\"Home\",\"item\":\"https:\/\/biozoon.de\/shop\/\"},{\"@type\":\"ListItem\",\"position\":2,\"name\":\"Shop\",\"item\":\"https:\/\/biozoon.de\/shop\/shop\/\"},{\"@type\":\"ListItem\",\"position\":3,\"name\":\"Molekulare Texturgeber\",\"item\":\"https:\/\/biozoon.de\/shop\/product-category\/molekulare-texturgeber\/\"},{\"@type\":\"ListItem\",\"position\":4,\"name\":\"Zubeh\u00f6r\",\"item\":\"https:\/\/biozoon.de\/shop\/product-category\/molekulare-texturgeber\/zubehoer\/\"},{\"@type\":\"ListItem\",\"position\":5,\"name\":\"Ausgie\u00dfl\u00f6ffel (2 St\u00fcck)\"}]},{\"@type\":\"WebSite\",\"@id\":\"https:\/\/biozoon.de\/shop\/#website\",\"url\":\"https:\/\/biozoon.de\/shop\/\",\"name\":\"Biozoon Shop\",\"description\":\"\",\"potentialAction\":[{\"@type\":\"SearchAction\",\"target\":{\"@type\":\"EntryPoint\",\"urlTemplate\":\"https:\/\/biozoon.de\/shop\/?s={search_term_string}\"},\"query-input\":{\"@type\":\"PropertyValueSpecification\",\"valueRequired\":true,\"valueName\":\"search_term_string\"}}],\"inLanguage\":\"en-US\"}]}<\/script>\n<!-- \/ Yoast SEO plugin. -->","yoast_head_json":{"title":"Ausgie\u00dfl\u00f6ffel (2 St\u00fcck) - Biozoon Shop","robots":{"index":"index","follow":"follow","max-snippet":"max-snippet:-1","max-image-preview":"max-image-preview:large","max-video-preview":"max-video-preview:-1"},"canonical":"https:\/\/biozoon.de\/shop\/product\/ausgiessloeffel-2-stk\/","og_locale":"en_US","og_type":"article","og_title":"Ausgie\u00dfl\u00f6ffel (2 St\u00fcck) - Biozoon Shop","og_description":"Dieser L\u00f6ffel mit extra langem Stiel eignet sich ideal f\u00fcr die Herstellung gro\u00dfer Fl\u00fcssigkeits-Kapseln. 11 ml, Polystyrol wei\u00df","og_url":"https:\/\/biozoon.de\/shop\/product\/ausgiessloeffel-2-stk\/","og_site_name":"Biozoon Shop","article_publisher":"https:\/\/www.facebook.com\/pages\/category\/Food---Beverage\/biozoon-113514145340245\/","article_modified_time":"2022-09-04T12:18:29+00:00","og_image":[{"width":600,"height":600,"url":"https:\/\/biozoon.de\/shop\/wp-content\/uploads\/2021\/04\/Ausgiessloffel-2-Stk-3.jpg","type":"image\/jpeg"}],"twitter_card":"summary_large_image","twitter_misc":{"Est. reading time":"1 minute"},"schema":{"@context":"https:\/\/schema.org","@graph":[{"@type":"WebPage","@id":"https:\/\/biozoon.de\/shop\/product\/ausgiessloeffel-2-stk\/","url":"https:\/\/biozoon.de\/shop\/product\/ausgiessloeffel-2-stk\/","name":"Ausgie\u00dfl\u00f6ffel (2 St\u00fcck) - Biozoon Shop","isPartOf":{"@id":"https:\/\/biozoon.de\/shop\/#website"},"primaryImageOfPage":{"@id":"https:\/\/biozoon.de\/shop\/product\/ausgiessloeffel-2-stk\/#primaryimage"},"image":{"@id":"https:\/\/biozoon.de\/shop\/product\/ausgiessloeffel-2-stk\/#primaryimage"},"thumbnailUrl":"https:\/\/biozoon.de\/shop\/wp-content\/uploads\/2021\/04\/Ausgiessloffel-2-Stk-3.jpg","datePublished":"2021-04-11T13:10:31+00:00","dateModified":"2022-09-04T12:18:29+00:00","breadcrumb":{"@id":"https:\/\/biozoon.de\/shop\/product\/ausgiessloeffel-2-stk\/#breadcrumb"},"inLanguage":"en-US","potentialAction":[{"@type":"ReadAction","target":["https:\/\/biozoon.de\/shop\/product\/ausgiessloeffel-2-stk\/"]}]},{"@type":"ImageObject","inLanguage":"en-US","@id":"https:\/\/biozoon.de\/shop\/product\/ausgiessloeffel-2-stk\/#primaryimage","url":"https:\/\/biozoon.de\/shop\/wp-content\/uploads\/2021\/04\/Ausgiessloffel-2-Stk-3.jpg","contentUrl":"https:\/\/biozoon.de\/shop\/wp-content\/uploads\/2021\/04\/Ausgiessloffel-2-Stk-3.jpg","width":600,"height":600,"caption":"Ausgiessl\u00f6ffel"},{"@type":"BreadcrumbList","@id":"https:\/\/biozoon.de\/shop\/product\/ausgiessloeffel-2-stk\/#breadcrumb","itemListElement":[{"@type":"ListItem","position":1,"name":"Home","item":"https:\/\/biozoon.de\/shop\/"},{"@type":"ListItem","position":2,"name":"Shop","item":"https:\/\/biozoon.de\/shop\/shop\/"},{"@type":"ListItem","position":3,"name":"Molekulare Texturgeber","item":"https:\/\/biozoon.de\/shop\/product-category\/molekulare-texturgeber\/"},{"@type":"ListItem","position":4,"name":"Zubeh\u00f6r","item":"https:\/\/biozoon.de\/shop\/product-category\/molekulare-texturgeber\/zubehoer\/"},{"@type":"ListItem","position":5,"name":"Ausgie\u00dfl\u00f6ffel (2 St\u00fcck)"}]},{"@type":"WebSite","@id":"https:\/\/biozoon.de\/shop\/#website","url":"https:\/\/biozoon.de\/shop\/","name":"Biozoon Shop","description":"","potentialAction":[{"@type":"SearchAction","target":{"@type":"EntryPoint","urlTemplate":"https:\/\/biozoon.de\/shop\/?s={search_term_string}"},"query-input":{"@type":"PropertyValueSpecification","valueRequired":true,"valueName":"search_term_string"}}],"inLanguage":"en-US"}]}},"lang":"de","translations":{"de":111,"en":113},"pll_sync_post":[],"_links":{"self":[{"href":"https:\/\/biozoon.de\/shop\/wp-json\/wp\/v2\/product\/111","targetHints":{"allow":["GET"]}}],"collection":[{"href":"https:\/\/biozoon.de\/shop\/wp-json\/wp\/v2\/product"}],"about":[{"href":"https:\/\/biozoon.de\/shop\/wp-json\/wp\/v2\/types\/product"}],"replies":[{"embeddable":true,"href":"https:\/\/biozoon.de\/shop\/wp-json\/wp\/v2\/comments?post=111"}],"wp:featuredmedia":[{"embeddable":true,"href":"https:\/\/biozoon.de\/shop\/wp-json\/wp\/v2\/media\/488"}],"wp:attachment":[{"href":"https:\/\/biozoon.de\/shop\/wp-json\/wp\/v2\/media?parent=111"}],"wp:term":[{"taxonomy":"product_brand","embeddable":true,"href":"https:\/\/biozoon.de\/shop\/wp-json\/wp\/v2\/product_brand?post=111"},{"taxonomy":"product_cat","embeddable":true,"href":"https:\/\/biozoon.de\/shop\/wp-json\/wp\/v2\/product_cat?post=111"},{"taxonomy":"product_tag","embeddable":true,"href":"https:\/\/biozoon.de\/shop\/wp-json\/wp\/v2\/product_tag?post=111"}],"curies":[{"name":"wp","href":"https:\/\/api.w.org\/{rel}","templated":true}]}}