{"id":570,"date":"2021-04-21T10:02:13","date_gmt":"2021-04-21T10:02:13","guid":{"rendered":"https:\/\/biozoon.de\/webshop\/?page_id=570"},"modified":"2022-01-05T14:32:10","modified_gmt":"2022-01-05T14:32:10","slug":"jugendschutz-und-alkohol","status":"publish","type":"page","link":"https:\/\/biozoon.de\/shop\/jugendschutz-und-alkohol\/","title":{"rendered":"Jugendschutz und Alkohol"},"content":{"rendered":"<h2>Jugendschutz<\/h2>\n<p>Die Abgabe von alkoholischen Getr\u00e4nken an Minderj\u00e4hrige ist gesetzlich verboten. Unser Angebot richtet sich daher ausschlie\u00dflich an Personen, die mindestens 18 Jahre alt sind. Mit der Best\u00e4tigung unserer AGBs erkl\u00e4rt der Vertragspartner ausdr\u00fccklich das 18. Lebensjahr vollendet zu haben. Bei Zuwiderhandlung behalten wir uns vor alle anfallenden Kosten, abz\u00fcglich ersparter Aufwendungen, gegen den Besteller geltend zu machen.<\/p>\n","protected":false},"excerpt":{"rendered":"<p>Jugendschutz Die Abgabe von alkoholischen Getr\u00e4nken an Minderj\u00e4hrige ist gesetzlich verboten. Unser Angebot richtet sich daher ausschlie\u00dflich an Personen, die mindestens 18 Jahre alt sind. Mit der Best\u00e4tigung unserer AGBs erkl\u00e4rt der Vertragspartner ausdr\u00fccklich das 18. Lebensjahr vollendet zu haben. Bei Zuwiderhandlung behalten wir uns vor alle anfallenden Kosten, abz\u00fcglich ersparter Aufwendungen, gegen den Besteller [&hellip;]<\/p>\n","protected":false},"author":765,"featured_media":0,"parent":0,"menu_order":0,"comment_status":"closed","ping_status":"closed","template":"","meta":{"footnotes":""},"class_list":["post-570","page","type-page","status-publish","hentry"],"yoast_head":"<!-- This site is optimized with the Yoast SEO plugin v27.3 - https:\/\/yoast.com\/product\/yoast-seo-wordpress\/ -->\n<title>Jugendschutz und Alkohol - Biozoon Shop<\/title>\n<meta name=\"robots\" content=\"index, follow, max-snippet:-1, max-image-preview:large, max-video-preview:-1\" \/>\n<link rel=\"canonical\" href=\"https:\/\/biozoon.de\/shop\/jugendschutz-und-alkohol\/\" \/>\n<meta property=\"og:locale\" content=\"en_US\" \/>\n<meta property=\"og:type\" content=\"article\" \/>\n<meta property=\"og:title\" content=\"Jugendschutz und Alkohol - Biozoon Shop\" \/>\n<meta property=\"og:description\" content=\"Jugendschutz Die Abgabe von alkoholischen Getr\u00e4nken an Minderj\u00e4hrige ist gesetzlich verboten. Unser Angebot richtet sich daher ausschlie\u00dflich an Personen, die mindestens 18 Jahre alt sind. Mit der Best\u00e4tigung unserer AGBs erkl\u00e4rt der Vertragspartner ausdr\u00fccklich das 18. Lebensjahr vollendet zu haben. Bei Zuwiderhandlung behalten wir uns vor alle anfallenden Kosten, abz\u00fcglich ersparter Aufwendungen, gegen den Besteller [&hellip;]\" \/>\n<meta property=\"og:url\" content=\"https:\/\/biozoon.de\/shop\/jugendschutz-und-alkohol\/\" \/>\n<meta property=\"og:site_name\" content=\"Biozoon Shop\" \/>\n<meta property=\"article:publisher\" content=\"https:\/\/www.facebook.com\/pages\/category\/Food---Beverage\/biozoon-113514145340245\/\" \/>\n<meta property=\"article:modified_time\" content=\"2022-01-05T14:32:10+00:00\" \/>\n<meta name=\"twitter:card\" content=\"summary_large_image\" \/>\n<script type=\"application\/ld+json\" class=\"yoast-schema-graph\">{\"@context\":\"https:\\\/\\\/schema.org\",\"@graph\":[{\"@type\":\"WebPage\",\"@id\":\"https:\\\/\\\/biozoon.de\\\/shop\\\/jugendschutz-und-alkohol\\\/\",\"url\":\"https:\\\/\\\/biozoon.de\\\/shop\\\/jugendschutz-und-alkohol\\\/\",\"name\":\"Jugendschutz und Alkohol - Biozoon Shop\",\"isPartOf\":{\"@id\":\"https:\\\/\\\/biozoon.de\\\/shop\\\/#website\"},\"datePublished\":\"2021-04-21T10:02:13+00:00\",\"dateModified\":\"2022-01-05T14:32:10+00:00\",\"breadcrumb\":{\"@id\":\"https:\\\/\\\/biozoon.de\\\/shop\\\/jugendschutz-und-alkohol\\\/#breadcrumb\"},\"inLanguage\":\"en-US\",\"potentialAction\":[{\"@type\":\"ReadAction\",\"target\":[\"https:\\\/\\\/biozoon.de\\\/shop\\\/jugendschutz-und-alkohol\\\/\"]}]},{\"@type\":\"BreadcrumbList\",\"@id\":\"https:\\\/\\\/biozoon.de\\\/shop\\\/jugendschutz-und-alkohol\\\/#breadcrumb\",\"itemListElement\":[{\"@type\":\"ListItem\",\"position\":1,\"name\":\"Home\",\"item\":\"https:\\\/\\\/biozoon.de\\\/shop\\\/\"},{\"@type\":\"ListItem\",\"position\":2,\"name\":\"Jugendschutz und Alkohol\"}]},{\"@type\":\"WebSite\",\"@id\":\"https:\\\/\\\/biozoon.de\\\/shop\\\/#website\",\"url\":\"https:\\\/\\\/biozoon.de\\\/shop\\\/\",\"name\":\"Biozoon Shop\",\"description\":\"\",\"potentialAction\":[{\"@type\":\"SearchAction\",\"target\":{\"@type\":\"EntryPoint\",\"urlTemplate\":\"https:\\\/\\\/biozoon.de\\\/shop\\\/?s={search_term_string}\"},\"query-input\":{\"@type\":\"PropertyValueSpecification\",\"valueRequired\":true,\"valueName\":\"search_term_string\"}}],\"inLanguage\":\"en-US\"}]}<\/script>\n<!-- \/ Yoast SEO plugin. -->","yoast_head_json":{"title":"Jugendschutz und Alkohol - Biozoon Shop","robots":{"index":"index","follow":"follow","max-snippet":"max-snippet:-1","max-image-preview":"max-image-preview:large","max-video-preview":"max-video-preview:-1"},"canonical":"https:\/\/biozoon.de\/shop\/jugendschutz-und-alkohol\/","og_locale":"en_US","og_type":"article","og_title":"Jugendschutz und Alkohol - Biozoon Shop","og_description":"Jugendschutz Die Abgabe von alkoholischen Getr\u00e4nken an Minderj\u00e4hrige ist gesetzlich verboten. Unser Angebot richtet sich daher ausschlie\u00dflich an Personen, die mindestens 18 Jahre alt sind. Mit der Best\u00e4tigung unserer AGBs erkl\u00e4rt der Vertragspartner ausdr\u00fccklich das 18. Lebensjahr vollendet zu haben. Bei Zuwiderhandlung behalten wir uns vor alle anfallenden Kosten, abz\u00fcglich ersparter Aufwendungen, gegen den Besteller [&hellip;]","og_url":"https:\/\/biozoon.de\/shop\/jugendschutz-und-alkohol\/","og_site_name":"Biozoon Shop","article_publisher":"https:\/\/www.facebook.com\/pages\/category\/Food---Beverage\/biozoon-113514145340245\/","article_modified_time":"2022-01-05T14:32:10+00:00","twitter_card":"summary_large_image","schema":{"@context":"https:\/\/schema.org","@graph":[{"@type":"WebPage","@id":"https:\/\/biozoon.de\/shop\/jugendschutz-und-alkohol\/","url":"https:\/\/biozoon.de\/shop\/jugendschutz-und-alkohol\/","name":"Jugendschutz und Alkohol - Biozoon Shop","isPartOf":{"@id":"https:\/\/biozoon.de\/shop\/#website"},"datePublished":"2021-04-21T10:02:13+00:00","dateModified":"2022-01-05T14:32:10+00:00","breadcrumb":{"@id":"https:\/\/biozoon.de\/shop\/jugendschutz-und-alkohol\/#breadcrumb"},"inLanguage":"en-US","potentialAction":[{"@type":"ReadAction","target":["https:\/\/biozoon.de\/shop\/jugendschutz-und-alkohol\/"]}]},{"@type":"BreadcrumbList","@id":"https:\/\/biozoon.de\/shop\/jugendschutz-und-alkohol\/#breadcrumb","itemListElement":[{"@type":"ListItem","position":1,"name":"Home","item":"https:\/\/biozoon.de\/shop\/"},{"@type":"ListItem","position":2,"name":"Jugendschutz und Alkohol"}]},{"@type":"WebSite","@id":"https:\/\/biozoon.de\/shop\/#website","url":"https:\/\/biozoon.de\/shop\/","name":"Biozoon Shop","description":"","potentialAction":[{"@type":"SearchAction","target":{"@type":"EntryPoint","urlTemplate":"https:\/\/biozoon.de\/shop\/?s={search_term_string}"},"query-input":{"@type":"PropertyValueSpecification","valueRequired":true,"valueName":"search_term_string"}}],"inLanguage":"en-US"}]}},"lang":"de","translations":{"de":570,"en":1171},"pll_sync_post":[],"_links":{"self":[{"href":"https:\/\/biozoon.de\/shop\/wp-json\/wp\/v2\/pages\/570","targetHints":{"allow":["GET"]}}],"collection":[{"href":"https:\/\/biozoon.de\/shop\/wp-json\/wp\/v2\/pages"}],"about":[{"href":"https:\/\/biozoon.de\/shop\/wp-json\/wp\/v2\/types\/page"}],"author":[{"embeddable":true,"href":"https:\/\/biozoon.de\/shop\/wp-json\/wp\/v2\/users\/765"}],"replies":[{"embeddable":true,"href":"https:\/\/biozoon.de\/shop\/wp-json\/wp\/v2\/comments?post=570"}],"version-history":[{"count":3,"href":"https:\/\/biozoon.de\/shop\/wp-json\/wp\/v2\/pages\/570\/revisions"}],"predecessor-version":[{"id":2769,"href":"https:\/\/biozoon.de\/shop\/wp-json\/wp\/v2\/pages\/570\/revisions\/2769"}],"wp:attachment":[{"href":"https:\/\/biozoon.de\/shop\/wp-json\/wp\/v2\/media?parent=570"}],"curies":[{"name":"wp","href":"https:\/\/api.w.org\/{rel}","templated":true}]}}