{"id":522,"date":"2021-04-20T07:29:19","date_gmt":"2021-04-20T07:29:19","guid":{"rendered":"https:\/\/biozoon.de\/webshop\/?page_id=522"},"modified":"2021-06-16T08:53:41","modified_gmt":"2021-06-16T08:53:41","slug":"zahlungsmoeglichkeiten","status":"publish","type":"page","link":"https:\/\/biozoon.de\/shop\/zahlungsmoeglichkeiten\/","title":{"rendered":"Zahlungsm\u00f6glichkeiten"},"content":{"rendered":"<p>Sie haben folgende M\u00f6glichkeiten \u00fcber unseren Onlineshop zu bezahlen:<\/p>\n<h2>Scheck\/Vorkasse<\/h2>\n<p>Bei Vorkasse geben wir Ihnen nach Absenden der Bestellung unsere Kontodaten bekannt. Bitte \u00fcberweisen Sie den angebenen Betrag auf dieses Konto; als<br \/>\nVerwendungszweck geben Sie bitte Ihre Kundennummer des Onlineshops oder die Bestellnummer an. Die Kontodaten k\u00f6nnen Sie auch \u00fcber unser Impressum<br \/>\neinsehen.<\/p>\n<div>Als Gewerbekunde haben sie auch die M\u00f6glichkeit auf Rechnung, 14 Tage netto zu bestellen.<\/div>\n<h2>Paypal<\/h2>\n<p>\u00c4hnlich der Zahlungsm\u00f6glichkeit \u00fcber Kreditkarte k\u00f6nnen Sie auch \u00fcber Paypal bargeldlos, einfach, sicher und schnell im Internet bezahlen. Dazu m\u00fcssen Sie<br \/>\n\u00fcber ein schon eingerichtetes Paypal-Konto verf\u00fcgen oder dieses neu einrichten. Die Konto- oder Kredtikarten-Daten, welche Sie dabei angeben, k\u00f6nnen wir nicht<br \/>\neinsehen. Der Rechnungsbetrag Ihrer Bestellung wird uns \u00fcber Paypal gezahlt.<\/p>\n<p>Bei Schwierigkeiten der Bezahlungsm\u00f6glichkeit wenden Sie sich bitte telefonisch \u00fcber 0471-929285-0 oder per Mail an info@biozoon.de an uns. Vielen Dank.<\/p>\n","protected":false},"excerpt":{"rendered":"<p>Sie haben folgende M\u00f6glichkeiten \u00fcber unseren Onlineshop zu bezahlen: Scheck\/Vorkasse Bei Vorkasse geben wir Ihnen nach Absenden der Bestellung unsere Kontodaten bekannt. Bitte \u00fcberweisen Sie den angebenen Betrag auf dieses Konto; als Verwendungszweck geben Sie bitte Ihre Kundennummer des Onlineshops oder die Bestellnummer an. Die Kontodaten k\u00f6nnen Sie auch \u00fcber unser Impressum einsehen. Als Gewerbekunde [&hellip;]<\/p>\n","protected":false},"author":765,"featured_media":0,"parent":0,"menu_order":0,"comment_status":"closed","ping_status":"closed","template":"","meta":{"footnotes":""},"class_list":["post-522","page","type-page","status-publish","hentry"],"yoast_head":"<!-- This site is optimized with the Yoast SEO plugin v27.3 - https:\/\/yoast.com\/product\/yoast-seo-wordpress\/ -->\n<title>Zahlungsm\u00f6glichkeiten - Biozoon Shop<\/title>\n<meta name=\"robots\" content=\"index, follow, max-snippet:-1, max-image-preview:large, max-video-preview:-1\" \/>\n<link rel=\"canonical\" href=\"https:\/\/biozoon.de\/shop\/zahlungsmoeglichkeiten\/\" \/>\n<meta property=\"og:locale\" content=\"en_US\" \/>\n<meta property=\"og:type\" content=\"article\" \/>\n<meta property=\"og:title\" content=\"Zahlungsm\u00f6glichkeiten - Biozoon Shop\" \/>\n<meta property=\"og:description\" content=\"Sie haben folgende M\u00f6glichkeiten \u00fcber unseren Onlineshop zu bezahlen: Scheck\/Vorkasse Bei Vorkasse geben wir Ihnen nach Absenden der Bestellung unsere Kontodaten bekannt. Bitte \u00fcberweisen Sie den angebenen Betrag auf dieses Konto; als Verwendungszweck geben Sie bitte Ihre Kundennummer des Onlineshops oder die Bestellnummer an. Die Kontodaten k\u00f6nnen Sie auch \u00fcber unser Impressum einsehen. Als Gewerbekunde [&hellip;]\" \/>\n<meta property=\"og:url\" content=\"https:\/\/biozoon.de\/shop\/zahlungsmoeglichkeiten\/\" \/>\n<meta property=\"og:site_name\" content=\"Biozoon Shop\" \/>\n<meta property=\"article:publisher\" content=\"https:\/\/www.facebook.com\/pages\/category\/Food---Beverage\/biozoon-113514145340245\/\" \/>\n<meta property=\"article:modified_time\" content=\"2021-06-16T08:53:41+00:00\" \/>\n<meta name=\"twitter:card\" content=\"summary_large_image\" \/>\n<meta name=\"twitter:label1\" content=\"Est. reading time\" \/>\n\t<meta name=\"twitter:data1\" content=\"1 minute\" \/>\n<script type=\"application\/ld+json\" class=\"yoast-schema-graph\">{\"@context\":\"https:\\\/\\\/schema.org\",\"@graph\":[{\"@type\":\"WebPage\",\"@id\":\"https:\\\/\\\/biozoon.de\\\/shop\\\/zahlungsmoeglichkeiten\\\/\",\"url\":\"https:\\\/\\\/biozoon.de\\\/shop\\\/zahlungsmoeglichkeiten\\\/\",\"name\":\"Zahlungsm\u00f6glichkeiten - Biozoon Shop\",\"isPartOf\":{\"@id\":\"https:\\\/\\\/biozoon.de\\\/shop\\\/#website\"},\"datePublished\":\"2021-04-20T07:29:19+00:00\",\"dateModified\":\"2021-06-16T08:53:41+00:00\",\"breadcrumb\":{\"@id\":\"https:\\\/\\\/biozoon.de\\\/shop\\\/zahlungsmoeglichkeiten\\\/#breadcrumb\"},\"inLanguage\":\"en-US\",\"potentialAction\":[{\"@type\":\"ReadAction\",\"target\":[\"https:\\\/\\\/biozoon.de\\\/shop\\\/zahlungsmoeglichkeiten\\\/\"]}]},{\"@type\":\"BreadcrumbList\",\"@id\":\"https:\\\/\\\/biozoon.de\\\/shop\\\/zahlungsmoeglichkeiten\\\/#breadcrumb\",\"itemListElement\":[{\"@type\":\"ListItem\",\"position\":1,\"name\":\"Home\",\"item\":\"https:\\\/\\\/biozoon.de\\\/shop\\\/\"},{\"@type\":\"ListItem\",\"position\":2,\"name\":\"Zahlungsm\u00f6glichkeiten\"}]},{\"@type\":\"WebSite\",\"@id\":\"https:\\\/\\\/biozoon.de\\\/shop\\\/#website\",\"url\":\"https:\\\/\\\/biozoon.de\\\/shop\\\/\",\"name\":\"Biozoon Shop\",\"description\":\"\",\"potentialAction\":[{\"@type\":\"SearchAction\",\"target\":{\"@type\":\"EntryPoint\",\"urlTemplate\":\"https:\\\/\\\/biozoon.de\\\/shop\\\/?s={search_term_string}\"},\"query-input\":{\"@type\":\"PropertyValueSpecification\",\"valueRequired\":true,\"valueName\":\"search_term_string\"}}],\"inLanguage\":\"en-US\"}]}<\/script>\n<!-- \/ Yoast SEO plugin. -->","yoast_head_json":{"title":"Zahlungsm\u00f6glichkeiten - Biozoon Shop","robots":{"index":"index","follow":"follow","max-snippet":"max-snippet:-1","max-image-preview":"max-image-preview:large","max-video-preview":"max-video-preview:-1"},"canonical":"https:\/\/biozoon.de\/shop\/zahlungsmoeglichkeiten\/","og_locale":"en_US","og_type":"article","og_title":"Zahlungsm\u00f6glichkeiten - Biozoon Shop","og_description":"Sie haben folgende M\u00f6glichkeiten \u00fcber unseren Onlineshop zu bezahlen: Scheck\/Vorkasse Bei Vorkasse geben wir Ihnen nach Absenden der Bestellung unsere Kontodaten bekannt. Bitte \u00fcberweisen Sie den angebenen Betrag auf dieses Konto; als Verwendungszweck geben Sie bitte Ihre Kundennummer des Onlineshops oder die Bestellnummer an. Die Kontodaten k\u00f6nnen Sie auch \u00fcber unser Impressum einsehen. Als Gewerbekunde [&hellip;]","og_url":"https:\/\/biozoon.de\/shop\/zahlungsmoeglichkeiten\/","og_site_name":"Biozoon Shop","article_publisher":"https:\/\/www.facebook.com\/pages\/category\/Food---Beverage\/biozoon-113514145340245\/","article_modified_time":"2021-06-16T08:53:41+00:00","twitter_card":"summary_large_image","twitter_misc":{"Est. reading time":"1 minute"},"schema":{"@context":"https:\/\/schema.org","@graph":[{"@type":"WebPage","@id":"https:\/\/biozoon.de\/shop\/zahlungsmoeglichkeiten\/","url":"https:\/\/biozoon.de\/shop\/zahlungsmoeglichkeiten\/","name":"Zahlungsm\u00f6glichkeiten - Biozoon Shop","isPartOf":{"@id":"https:\/\/biozoon.de\/shop\/#website"},"datePublished":"2021-04-20T07:29:19+00:00","dateModified":"2021-06-16T08:53:41+00:00","breadcrumb":{"@id":"https:\/\/biozoon.de\/shop\/zahlungsmoeglichkeiten\/#breadcrumb"},"inLanguage":"en-US","potentialAction":[{"@type":"ReadAction","target":["https:\/\/biozoon.de\/shop\/zahlungsmoeglichkeiten\/"]}]},{"@type":"BreadcrumbList","@id":"https:\/\/biozoon.de\/shop\/zahlungsmoeglichkeiten\/#breadcrumb","itemListElement":[{"@type":"ListItem","position":1,"name":"Home","item":"https:\/\/biozoon.de\/shop\/"},{"@type":"ListItem","position":2,"name":"Zahlungsm\u00f6glichkeiten"}]},{"@type":"WebSite","@id":"https:\/\/biozoon.de\/shop\/#website","url":"https:\/\/biozoon.de\/shop\/","name":"Biozoon Shop","description":"","potentialAction":[{"@type":"SearchAction","target":{"@type":"EntryPoint","urlTemplate":"https:\/\/biozoon.de\/shop\/?s={search_term_string}"},"query-input":{"@type":"PropertyValueSpecification","valueRequired":true,"valueName":"search_term_string"}}],"inLanguage":"en-US"}]}},"lang":"de","translations":{"de":522,"en":1185},"pll_sync_post":[],"_links":{"self":[{"href":"https:\/\/biozoon.de\/shop\/wp-json\/wp\/v2\/pages\/522","targetHints":{"allow":["GET"]}}],"collection":[{"href":"https:\/\/biozoon.de\/shop\/wp-json\/wp\/v2\/pages"}],"about":[{"href":"https:\/\/biozoon.de\/shop\/wp-json\/wp\/v2\/types\/page"}],"author":[{"embeddable":true,"href":"https:\/\/biozoon.de\/shop\/wp-json\/wp\/v2\/users\/765"}],"replies":[{"embeddable":true,"href":"https:\/\/biozoon.de\/shop\/wp-json\/wp\/v2\/comments?post=522"}],"version-history":[{"count":4,"href":"https:\/\/biozoon.de\/shop\/wp-json\/wp\/v2\/pages\/522\/revisions"}],"predecessor-version":[{"id":1344,"href":"https:\/\/biozoon.de\/shop\/wp-json\/wp\/v2\/pages\/522\/revisions\/1344"}],"wp:attachment":[{"href":"https:\/\/biozoon.de\/shop\/wp-json\/wp\/v2\/media?parent=522"}],"curies":[{"name":"wp","href":"https:\/\/api.w.org\/{rel}","templated":true}]}}