{"id":516,"date":"2021-04-20T07:17:21","date_gmt":"2021-04-20T07:17:21","guid":{"rendered":"https:\/\/biozoon.de\/webshop\/?page_id=516"},"modified":"2025-08-07T13:28:29","modified_gmt":"2025-08-07T13:28:29","slug":"impressum","status":"publish","type":"page","link":"https:\/\/biozoon.de\/shop\/impressum\/","title":{"rendered":"Impressum"},"content":{"rendered":"<div class=\"one_half\">\n<p>\u00a9 biozoon gmbh, Bremerhaven<\/p>\n<p>Alle Rechte vorbehalten.<\/p>\n<p>Biozoon GmbH<br \/>\nNansenstra\u00dfe 8<br \/>\nD-27572 Bremerhaven<br \/>\nTel.: ++49 (0)471 929285-0<br \/>\nFax.: ++49 (0)471 929285-19<\/p>\n<p>email:<a href=\"mailto:info@biozoon.de\"> info@biozoon.de<\/a><\/p>\n<p>Internet: <a href=\"http:\/\/biozoon.de\/cms\/front_content.php\">www.biozoon.de<\/a><\/p>\n<p>Unsere Bankverbindung:<br \/>\nWeser Elbe Sparkasse Bremerhaven<\/p>\n<p>IBAN: DE37292500000001208292<br \/>\nSWIFT Code\/BIC: BRLADE 21 BRS<\/p>\n<p>Vertretungsberechtigter Gesch\u00e4ftsf\u00fchrer: Matthias K\u00fcck<br \/>\nRegistergericht: Amtsgericht Bremerhaven Registernummer: HRB 3474 BHV<br \/>\nUmsatzsteuer-IdNr.: DE 2200 554 69<\/p>\n<\/div>\n<div class=\"one_half last\">\n<h3>Fotografie:<\/h3>\n<p>Thomas Greinke<br \/>\n<a href=\"http:\/\/www.eyecatcher-design.info\/\">www.eyecatcher-design.info<\/a><\/p>\n<p>Katharina J\u00e4ger, Fotografische Werkstatt<br \/>\n<a href=\"http:\/\/www.fotografischewerkstatt.de\/\" target=\"_blank\" rel=\"noopener\">www.fotografischewerkstatt.de<\/a><\/p>\n<p>Biozoon GmbH, Bremerhaven<br \/>\n<a href=\"http:\/\/biozoon.de\/\">www.biozoon.de<\/a><\/p>\n<h3>Webseitengestaltung und Layout:<\/h3>\n<div><a href=\"mailto:koochmeshki@techranco.com\" target=\"_blank\" rel=\"noopener\">Techran<\/a><\/div>\n<h3>Haftungshinweis:<\/h3>\n<p>Trotz sorgf\u00e4ltiger inhaltlicher Kontrolle der Website kann die Biozoon GmbH keinerlei Haftung oder Gew\u00e4hr f\u00fcr die Richtigkeit der ver\u00f6ffentlichten Produktinformationen, Artikel, Pressemeldungen oder sonstiger Informationen \u00fcbernehmen, insbesondere dann nicht, wenn diese von dritter Seite stammen.<br \/>\nF\u00fcr den Inhalt der verlinkten Seiten sind ausschlie\u00dflich deren Betreiber verantwortlich.<\/p>\n<p>&nbsp;<\/p>\n<p><strong>Haftung f\u00fcr Inhalte<\/strong><\/p>\n<p>Als Diensteanbieter sind wir gem\u00e4\u00df \u00a7 7 Abs.1 TMG f\u00fcr eigene Inhalte auf diesen Seiten nach den allgemeinen Gesetzen verantwortlich. Nach \u00a7\u00a7 8 bis 10 TMG sind wir als Diensteanbieter jedoch nicht verpflichtet, \u00fcbermittelte oder gespeicherte fremde Informationen zu \u00fcberwachen oder nach Umst\u00e4nden zu forschen, die auf eine rechtswidrige T\u00e4tigkeit hinweisen.<\/p>\n<p>Verpflichtungen zur Entfernung oder Sperrung der Nutzung von Informationen nach den allgemeinen Gesetzen bleiben hiervon unber\u00fchrt. Eine diesbez\u00fcgliche Haftung ist jedoch erst ab dem Zeitpunkt<\/p>\n<p>&nbsp;<br \/>\n<strong>Streitschlichtung:<\/strong><\/p>\n<p>Wir sind nicht bereit oder verpflichtet, an Streitbeilegungsverfahren vor einer Verbraucherschlichtungsstelle teilzunehmen.\n<\/p><\/div>\n","protected":false},"excerpt":{"rendered":"<p>\u00a9 biozoon gmbh, Bremerhaven Alle Rechte vorbehalten. Biozoon GmbH Nansenstra\u00dfe 8 D-27572 Bremerhaven Tel.: ++49 (0)471 929285-0 Fax.: ++49 (0)471 929285-19 email: info@biozoon.de Internet: www.biozoon.de Unsere Bankverbindung: Weser Elbe Sparkasse Bremerhaven IBAN: DE37292500000001208292 SWIFT Code\/BIC: BRLADE 21 BRS Vertretungsberechtigter Gesch\u00e4ftsf\u00fchrer: Matthias K\u00fcck Registergericht: Amtsgericht Bremerhaven Registernummer: HRB 3474 BHV Umsatzsteuer-IdNr.: DE 2200 554 69 Fotografie: [&hellip;]<\/p>\n","protected":false},"author":765,"featured_media":0,"parent":0,"menu_order":0,"comment_status":"closed","ping_status":"closed","template":"","meta":{"footnotes":""},"class_list":["post-516","page","type-page","status-publish","hentry"],"yoast_head":"<!-- This site is optimized with the Yoast SEO plugin v27.3 - https:\/\/yoast.com\/product\/yoast-seo-wordpress\/ -->\n<title>Impressum - Biozoon Shop<\/title>\n<meta name=\"robots\" content=\"index, follow, max-snippet:-1, max-image-preview:large, max-video-preview:-1\" \/>\n<link rel=\"canonical\" href=\"https:\/\/biozoon.de\/shop\/impressum\/\" \/>\n<meta property=\"og:locale\" content=\"en_US\" \/>\n<meta property=\"og:type\" content=\"article\" \/>\n<meta property=\"og:title\" content=\"Impressum - Biozoon Shop\" \/>\n<meta property=\"og:description\" content=\"\u00a9 biozoon gmbh, Bremerhaven Alle Rechte vorbehalten. Biozoon GmbH Nansenstra\u00dfe 8 D-27572 Bremerhaven Tel.: ++49 (0)471 929285-0 Fax.: ++49 (0)471 929285-19 email: info@biozoon.de Internet: www.biozoon.de Unsere Bankverbindung: Weser Elbe Sparkasse Bremerhaven IBAN: DE37292500000001208292 SWIFT Code\/BIC: BRLADE 21 BRS Vertretungsberechtigter Gesch\u00e4ftsf\u00fchrer: Matthias K\u00fcck Registergericht: Amtsgericht Bremerhaven Registernummer: HRB 3474 BHV Umsatzsteuer-IdNr.: DE 2200 554 69 Fotografie: [&hellip;]\" \/>\n<meta property=\"og:url\" content=\"https:\/\/biozoon.de\/shop\/impressum\/\" \/>\n<meta property=\"og:site_name\" content=\"Biozoon Shop\" \/>\n<meta property=\"article:publisher\" content=\"https:\/\/www.facebook.com\/pages\/category\/Food---Beverage\/biozoon-113514145340245\/\" \/>\n<meta property=\"article:modified_time\" content=\"2025-08-07T13:28:29+00:00\" \/>\n<meta name=\"twitter:card\" content=\"summary_large_image\" \/>\n<meta name=\"twitter:label1\" content=\"Est. reading time\" \/>\n\t<meta name=\"twitter:data1\" content=\"1 minute\" \/>\n<script type=\"application\/ld+json\" class=\"yoast-schema-graph\">{\"@context\":\"https:\\\/\\\/schema.org\",\"@graph\":[{\"@type\":\"WebPage\",\"@id\":\"https:\\\/\\\/biozoon.de\\\/shop\\\/impressum\\\/\",\"url\":\"https:\\\/\\\/biozoon.de\\\/shop\\\/impressum\\\/\",\"name\":\"Impressum - Biozoon Shop\",\"isPartOf\":{\"@id\":\"https:\\\/\\\/biozoon.de\\\/shop\\\/#website\"},\"datePublished\":\"2021-04-20T07:17:21+00:00\",\"dateModified\":\"2025-08-07T13:28:29+00:00\",\"breadcrumb\":{\"@id\":\"https:\\\/\\\/biozoon.de\\\/shop\\\/impressum\\\/#breadcrumb\"},\"inLanguage\":\"en-US\",\"potentialAction\":[{\"@type\":\"ReadAction\",\"target\":[\"https:\\\/\\\/biozoon.de\\\/shop\\\/impressum\\\/\"]}]},{\"@type\":\"BreadcrumbList\",\"@id\":\"https:\\\/\\\/biozoon.de\\\/shop\\\/impressum\\\/#breadcrumb\",\"itemListElement\":[{\"@type\":\"ListItem\",\"position\":1,\"name\":\"Home\",\"item\":\"https:\\\/\\\/biozoon.de\\\/shop\\\/\"},{\"@type\":\"ListItem\",\"position\":2,\"name\":\"Impressum\"}]},{\"@type\":\"WebSite\",\"@id\":\"https:\\\/\\\/biozoon.de\\\/shop\\\/#website\",\"url\":\"https:\\\/\\\/biozoon.de\\\/shop\\\/\",\"name\":\"Biozoon Shop\",\"description\":\"\",\"potentialAction\":[{\"@type\":\"SearchAction\",\"target\":{\"@type\":\"EntryPoint\",\"urlTemplate\":\"https:\\\/\\\/biozoon.de\\\/shop\\\/?s={search_term_string}\"},\"query-input\":{\"@type\":\"PropertyValueSpecification\",\"valueRequired\":true,\"valueName\":\"search_term_string\"}}],\"inLanguage\":\"en-US\"}]}<\/script>\n<!-- \/ Yoast SEO plugin. -->","yoast_head_json":{"title":"Impressum - Biozoon Shop","robots":{"index":"index","follow":"follow","max-snippet":"max-snippet:-1","max-image-preview":"max-image-preview:large","max-video-preview":"max-video-preview:-1"},"canonical":"https:\/\/biozoon.de\/shop\/impressum\/","og_locale":"en_US","og_type":"article","og_title":"Impressum - Biozoon Shop","og_description":"\u00a9 biozoon gmbh, Bremerhaven Alle Rechte vorbehalten. Biozoon GmbH Nansenstra\u00dfe 8 D-27572 Bremerhaven Tel.: ++49 (0)471 929285-0 Fax.: ++49 (0)471 929285-19 email: info@biozoon.de Internet: www.biozoon.de Unsere Bankverbindung: Weser Elbe Sparkasse Bremerhaven IBAN: DE37292500000001208292 SWIFT Code\/BIC: BRLADE 21 BRS Vertretungsberechtigter Gesch\u00e4ftsf\u00fchrer: Matthias K\u00fcck Registergericht: Amtsgericht Bremerhaven Registernummer: HRB 3474 BHV Umsatzsteuer-IdNr.: DE 2200 554 69 Fotografie: [&hellip;]","og_url":"https:\/\/biozoon.de\/shop\/impressum\/","og_site_name":"Biozoon Shop","article_publisher":"https:\/\/www.facebook.com\/pages\/category\/Food---Beverage\/biozoon-113514145340245\/","article_modified_time":"2025-08-07T13:28:29+00:00","twitter_card":"summary_large_image","twitter_misc":{"Est. reading time":"1 minute"},"schema":{"@context":"https:\/\/schema.org","@graph":[{"@type":"WebPage","@id":"https:\/\/biozoon.de\/shop\/impressum\/","url":"https:\/\/biozoon.de\/shop\/impressum\/","name":"Impressum - Biozoon Shop","isPartOf":{"@id":"https:\/\/biozoon.de\/shop\/#website"},"datePublished":"2021-04-20T07:17:21+00:00","dateModified":"2025-08-07T13:28:29+00:00","breadcrumb":{"@id":"https:\/\/biozoon.de\/shop\/impressum\/#breadcrumb"},"inLanguage":"en-US","potentialAction":[{"@type":"ReadAction","target":["https:\/\/biozoon.de\/shop\/impressum\/"]}]},{"@type":"BreadcrumbList","@id":"https:\/\/biozoon.de\/shop\/impressum\/#breadcrumb","itemListElement":[{"@type":"ListItem","position":1,"name":"Home","item":"https:\/\/biozoon.de\/shop\/"},{"@type":"ListItem","position":2,"name":"Impressum"}]},{"@type":"WebSite","@id":"https:\/\/biozoon.de\/shop\/#website","url":"https:\/\/biozoon.de\/shop\/","name":"Biozoon Shop","description":"","potentialAction":[{"@type":"SearchAction","target":{"@type":"EntryPoint","urlTemplate":"https:\/\/biozoon.de\/shop\/?s={search_term_string}"},"query-input":{"@type":"PropertyValueSpecification","valueRequired":true,"valueName":"search_term_string"}}],"inLanguage":"en-US"}]}},"lang":"de","translations":{"de":516,"en":520},"pll_sync_post":[],"_links":{"self":[{"href":"https:\/\/biozoon.de\/shop\/wp-json\/wp\/v2\/pages\/516","targetHints":{"allow":["GET"]}}],"collection":[{"href":"https:\/\/biozoon.de\/shop\/wp-json\/wp\/v2\/pages"}],"about":[{"href":"https:\/\/biozoon.de\/shop\/wp-json\/wp\/v2\/types\/page"}],"author":[{"embeddable":true,"href":"https:\/\/biozoon.de\/shop\/wp-json\/wp\/v2\/users\/765"}],"replies":[{"embeddable":true,"href":"https:\/\/biozoon.de\/shop\/wp-json\/wp\/v2\/comments?post=516"}],"version-history":[{"count":10,"href":"https:\/\/biozoon.de\/shop\/wp-json\/wp\/v2\/pages\/516\/revisions"}],"predecessor-version":[{"id":7804,"href":"https:\/\/biozoon.de\/shop\/wp-json\/wp\/v2\/pages\/516\/revisions\/7804"}],"wp:attachment":[{"href":"https:\/\/biozoon.de\/shop\/wp-json\/wp\/v2\/media?parent=516"}],"curies":[{"name":"wp","href":"https:\/\/api.w.org\/{rel}","templated":true}]}}