{"id":21,"date":"2020-02-19T09:30:13","date_gmt":"2020-02-19T09:30:13","guid":{"rendered":"http:\/\/demo.techranco.online\/biozoon\/lohn-hersteller\/?page_id=21"},"modified":"2026-02-10T11:19:42","modified_gmt":"2026-02-10T11:19:42","slug":"herzlich-willkommen-bei-der-biozoon-gmbh","status":"publish","type":"page","link":"https:\/\/biozoon.de\/produkt-entwickler\/herzlich-willkommen-bei-der-biozoon-gmbh\/","title":{"rendered":"Herzlich Willkommen bei der biozoon food Innovation GmbH"},"content":{"rendered":"<div class=\"row\">\n<div class=\"col-lg-6\" data-aos=\"fade-right\" data-aos-duration=\"3000\">\n<p><strong>Ihrem kompetenten Ansprechpartner im Bereich der Produktentwicklung und Lohnabf\u00fcllung von Pulverprodukten.<\/strong><br \/>\nIm Jahr 2001 wurde das Unternehmen biozoon gegr\u00fcndet. Seither ist das Unternehmen kontinuierlich gewachsen und wir sind <strong>anerkannter Spezialist<\/strong> f\u00fcr die Entwicklung, Produktion und Vermarktung von hochleistungsf\u00e4higen Pulvermischungen zur Texturierung von Lebensmitteln.<\/p>\n<p>Seit 2016 steht dieses Know-how auch interessierten Dritten als <strong>Dienstleistung<\/strong> zur Verf\u00fcgung. Der Schwerpunkt liegt in der Entwicklung, Produktion und Abf\u00fcllung von funktionellen Pulvermischungen.<br \/>\n<br \/>\n<strong>Hierf\u00fcr verf\u00fcgen wir \u00fcber zwei Mischer:<\/strong><\/p>\n<ul>\n<li>Paddelmischer mit einem Volumen von 100L f\u00fcr 20-50 kg Batches<\/li>\n<li>Schneckenmischer mit einem Volumen von 1.100L f\u00fcr 150-500 kg Batches<\/li>\n<\/ul>\n<\/div>\n<div class=\"col-lg-6\" data-aos=\"fade-left\" data-aos-duration=\"3000\"><strong>biozoon<\/strong> ist <strong>DIN ISO 9001:2015<\/strong> zertifiziert, sowie zugelassener Betrieb f\u00fcr die Verarbeitung von biozertifizierten Rohstoffen nach EG-\u00d6ko-Verordnung (unsere Kontrollstellennummer ist: DE-\u00d6KO-007).<br \/>\nWir verf\u00fcgen \u00fcber ein ausgezeichnetes Netzwerk von Rohstofflieferanten und unsere SAP Warenwirtschaft erlaubt die R\u00fcckverfolgung der gesamter Lieferanten- und Produktionsketten.<br \/>\n<strong>Sie sind Gr\u00fcnder, haben eine tolle Idee und suchen jemanden, der mit Ihnen Ihre Idee(n) realisiert? Dann kontaktieren Sie uns! <\/strong>Einmalig ist unser spezieller <strong>Start-up Service<\/strong> im Bereich der Lohnherstellung und -abf\u00fcllung.Wir bieten Ihnen als <strong>Start-up<\/strong> folgende Dienstleistungen an:<\/p>\n<ul>\n<li>Bewertung der technischen Realisierbarkeit Ihrer Produktidee(n)<\/li>\n<li>Kostensch\u00e4tzung f\u00fcr die Produktentwicklung<\/li>\n<li>Produktentwicklung und Musterproduktion (bis zu 50kg Pulver)<\/li>\n<li>Support bei Erstellung der Produktlabel gem\u00e4\u00df LMIV (VO Nr. 1169\/2011) inklusive N\u00e4hrwertberechnung<\/li>\n<li>Kosteng\u00fcnstige Lohnabf\u00fcllung von Kleinstmengen (1- 1000 Einheiten) um den Markteintritt zu erleichter<\/li>\n<\/ul>\n<\/div>\n<\/div>\n","protected":false},"excerpt":{"rendered":"<p>Ihrem kompetenten Ansprechpartner im Bereich der Produktentwicklung und Lohnabf\u00fcllung von Pulverprodukten. Im Jahr 2001 wurde das Unternehmen biozoon gegr\u00fcndet. Seither ist das Unternehmen kontinuierlich gewachsen und wir sind anerkannter Spezialist f\u00fcr die Entwicklung, Produktion und Vermarktung von hochleistungsf\u00e4higen Pulvermischungen zur Texturierung von Lebensmitteln. Seit 2016 steht dieses Know-how auch interessierten Dritten als Dienstleistung zur Verf\u00fcgung.&hellip;<\/p>\n","protected":false},"author":2,"featured_media":0,"parent":0,"menu_order":0,"comment_status":"closed","ping_status":"closed","template":"","meta":{"footnotes":""},"class_list":["post-21","page","type-page","status-publish","hentry"],"yoast_head":"<!-- This site is optimized with the Yoast SEO plugin v26.9 - https:\/\/yoast.com\/product\/yoast-seo-wordpress\/ -->\n<title>Herzlich Willkommen bei der biozoon food Innovation GmbH - Ihr Produktentwickler<\/title>\n<meta name=\"robots\" content=\"index, follow, max-snippet:-1, max-image-preview:large, max-video-preview:-1\" \/>\n<link rel=\"canonical\" href=\"https:\/\/biozoon.de\/produkt-entwickler\/herzlich-willkommen-bei-der-biozoon-gmbh\/\" \/>\n<meta property=\"og:locale\" content=\"de_DE\" \/>\n<meta property=\"og:type\" content=\"article\" \/>\n<meta property=\"og:title\" content=\"Herzlich Willkommen bei der biozoon food Innovation GmbH - Ihr Produktentwickler\" \/>\n<meta property=\"og:description\" content=\"Ihrem kompetenten Ansprechpartner im Bereich der Produktentwicklung und Lohnabf\u00fcllung von Pulverprodukten. Im Jahr 2001 wurde das Unternehmen biozoon gegr\u00fcndet. Seither ist das Unternehmen kontinuierlich gewachsen und wir sind anerkannter Spezialist f\u00fcr die Entwicklung, Produktion und Vermarktung von hochleistungsf\u00e4higen Pulvermischungen zur Texturierung von Lebensmitteln. Seit 2016 steht dieses Know-how auch interessierten Dritten als Dienstleistung zur Verf\u00fcgung.&hellip;\" \/>\n<meta property=\"og:url\" content=\"https:\/\/biozoon.de\/produkt-entwickler\/herzlich-willkommen-bei-der-biozoon-gmbh\/\" \/>\n<meta property=\"og:site_name\" content=\"Ihr Produktentwickler\" \/>\n<meta property=\"article:modified_time\" content=\"2026-02-10T11:19:42+00:00\" \/>\n<meta name=\"twitter:card\" content=\"summary_large_image\" \/>\n<meta name=\"twitter:label1\" content=\"Gesch\u00e4tzte Lesezeit\" \/>\n\t<meta name=\"twitter:data1\" content=\"2\u00a0Minuten\" \/>\n<script type=\"application\/ld+json\" class=\"yoast-schema-graph\">{\"@context\":\"https:\/\/schema.org\",\"@graph\":[{\"@type\":\"WebPage\",\"@id\":\"https:\/\/biozoon.de\/produkt-entwickler\/herzlich-willkommen-bei-der-biozoon-gmbh\/\",\"url\":\"https:\/\/biozoon.de\/produkt-entwickler\/herzlich-willkommen-bei-der-biozoon-gmbh\/\",\"name\":\"Herzlich Willkommen bei der biozoon food Innovation GmbH - Ihr Produktentwickler\",\"isPartOf\":{\"@id\":\"https:\/\/biozoon.de\/produkt-entwickler\/#website\"},\"datePublished\":\"2020-02-19T09:30:13+00:00\",\"dateModified\":\"2026-02-10T11:19:42+00:00\",\"breadcrumb\":{\"@id\":\"https:\/\/biozoon.de\/produkt-entwickler\/herzlich-willkommen-bei-der-biozoon-gmbh\/#breadcrumb\"},\"inLanguage\":\"de\",\"potentialAction\":[{\"@type\":\"ReadAction\",\"target\":[\"https:\/\/biozoon.de\/produkt-entwickler\/herzlich-willkommen-bei-der-biozoon-gmbh\/\"]}]},{\"@type\":\"BreadcrumbList\",\"@id\":\"https:\/\/biozoon.de\/produkt-entwickler\/herzlich-willkommen-bei-der-biozoon-gmbh\/#breadcrumb\",\"itemListElement\":[{\"@type\":\"ListItem\",\"position\":1,\"name\":\"Startseite\",\"item\":\"https:\/\/biozoon.de\/produkt-entwickler\/\"},{\"@type\":\"ListItem\",\"position\":2,\"name\":\"Herzlich Willkommen bei der biozoon food Innovation GmbH\"}]},{\"@type\":\"WebSite\",\"@id\":\"https:\/\/biozoon.de\/produkt-entwickler\/#website\",\"url\":\"https:\/\/biozoon.de\/produkt-entwickler\/\",\"name\":\"Ihr Produktentwickler\",\"description\":\"\",\"potentialAction\":[{\"@type\":\"SearchAction\",\"target\":{\"@type\":\"EntryPoint\",\"urlTemplate\":\"https:\/\/biozoon.de\/produkt-entwickler\/?s={search_term_string}\"},\"query-input\":{\"@type\":\"PropertyValueSpecification\",\"valueRequired\":true,\"valueName\":\"search_term_string\"}}],\"inLanguage\":\"de\"}]}<\/script>\n<!-- \/ Yoast SEO plugin. -->","yoast_head_json":{"title":"Herzlich Willkommen bei der biozoon food Innovation GmbH - Ihr Produktentwickler","robots":{"index":"index","follow":"follow","max-snippet":"max-snippet:-1","max-image-preview":"max-image-preview:large","max-video-preview":"max-video-preview:-1"},"canonical":"https:\/\/biozoon.de\/produkt-entwickler\/herzlich-willkommen-bei-der-biozoon-gmbh\/","og_locale":"de_DE","og_type":"article","og_title":"Herzlich Willkommen bei der biozoon food Innovation GmbH - Ihr Produktentwickler","og_description":"Ihrem kompetenten Ansprechpartner im Bereich der Produktentwicklung und Lohnabf\u00fcllung von Pulverprodukten. Im Jahr 2001 wurde das Unternehmen biozoon gegr\u00fcndet. Seither ist das Unternehmen kontinuierlich gewachsen und wir sind anerkannter Spezialist f\u00fcr die Entwicklung, Produktion und Vermarktung von hochleistungsf\u00e4higen Pulvermischungen zur Texturierung von Lebensmitteln. Seit 2016 steht dieses Know-how auch interessierten Dritten als Dienstleistung zur Verf\u00fcgung.&hellip;","og_url":"https:\/\/biozoon.de\/produkt-entwickler\/herzlich-willkommen-bei-der-biozoon-gmbh\/","og_site_name":"Ihr Produktentwickler","article_modified_time":"2026-02-10T11:19:42+00:00","twitter_card":"summary_large_image","twitter_misc":{"Gesch\u00e4tzte Lesezeit":"2\u00a0Minuten"},"schema":{"@context":"https:\/\/schema.org","@graph":[{"@type":"WebPage","@id":"https:\/\/biozoon.de\/produkt-entwickler\/herzlich-willkommen-bei-der-biozoon-gmbh\/","url":"https:\/\/biozoon.de\/produkt-entwickler\/herzlich-willkommen-bei-der-biozoon-gmbh\/","name":"Herzlich Willkommen bei der biozoon food Innovation GmbH - Ihr Produktentwickler","isPartOf":{"@id":"https:\/\/biozoon.de\/produkt-entwickler\/#website"},"datePublished":"2020-02-19T09:30:13+00:00","dateModified":"2026-02-10T11:19:42+00:00","breadcrumb":{"@id":"https:\/\/biozoon.de\/produkt-entwickler\/herzlich-willkommen-bei-der-biozoon-gmbh\/#breadcrumb"},"inLanguage":"de","potentialAction":[{"@type":"ReadAction","target":["https:\/\/biozoon.de\/produkt-entwickler\/herzlich-willkommen-bei-der-biozoon-gmbh\/"]}]},{"@type":"BreadcrumbList","@id":"https:\/\/biozoon.de\/produkt-entwickler\/herzlich-willkommen-bei-der-biozoon-gmbh\/#breadcrumb","itemListElement":[{"@type":"ListItem","position":1,"name":"Startseite","item":"https:\/\/biozoon.de\/produkt-entwickler\/"},{"@type":"ListItem","position":2,"name":"Herzlich Willkommen bei der biozoon food Innovation GmbH"}]},{"@type":"WebSite","@id":"https:\/\/biozoon.de\/produkt-entwickler\/#website","url":"https:\/\/biozoon.de\/produkt-entwickler\/","name":"Ihr Produktentwickler","description":"","potentialAction":[{"@type":"SearchAction","target":{"@type":"EntryPoint","urlTemplate":"https:\/\/biozoon.de\/produkt-entwickler\/?s={search_term_string}"},"query-input":{"@type":"PropertyValueSpecification","valueRequired":true,"valueName":"search_term_string"}}],"inLanguage":"de"}]}},"_links":{"self":[{"href":"https:\/\/biozoon.de\/produkt-entwickler\/wp-json\/wp\/v2\/pages\/21","targetHints":{"allow":["GET"]}}],"collection":[{"href":"https:\/\/biozoon.de\/produkt-entwickler\/wp-json\/wp\/v2\/pages"}],"about":[{"href":"https:\/\/biozoon.de\/produkt-entwickler\/wp-json\/wp\/v2\/types\/page"}],"author":[{"embeddable":true,"href":"https:\/\/biozoon.de\/produkt-entwickler\/wp-json\/wp\/v2\/users\/2"}],"replies":[{"embeddable":true,"href":"https:\/\/biozoon.de\/produkt-entwickler\/wp-json\/wp\/v2\/comments?post=21"}],"version-history":[{"count":22,"href":"https:\/\/biozoon.de\/produkt-entwickler\/wp-json\/wp\/v2\/pages\/21\/revisions"}],"predecessor-version":[{"id":272,"href":"https:\/\/biozoon.de\/produkt-entwickler\/wp-json\/wp\/v2\/pages\/21\/revisions\/272"}],"wp:attachment":[{"href":"https:\/\/biozoon.de\/produkt-entwickler\/wp-json\/wp\/v2\/media?parent=21"}],"curies":[{"name":"wp","href":"https:\/\/api.w.org\/{rel}","templated":true}]}}