{"id":9,"date":"2020-02-19T09:27:44","date_gmt":"2020-02-19T09:27:44","guid":{"rendered":"http:\/\/demo.techranco.online\/biozoon\/lohn-hersteller\/?page_id=9"},"modified":"2020-05-06T11:08:43","modified_gmt":"2020-05-06T10:08:43","slug":"biozoon-gmbh","status":"publish","type":"page","link":"https:\/\/biozoon.de\/lohn-hersteller\/biozoon-gmbh\/","title":{"rendered":"Biozoon GmbH"},"content":{"rendered":"<p>Seit Gr\u00fcndung im Jahr 2001 ist das Unternehmen kontinuierlich gewachsen und anerkannter <strong>Spezialist <\/strong>f\u00fcr die Entwicklung, Produktion und Vermarktung von hochleistungsf\u00e4higen <strong>Pulvermischungen<\/strong> zur Texturierung von Lebensmitteln.<\/p>\n<p>Im Zuge unseres Wachstums und mit dem Bezug einer neuen Betriebst\u00e4tte 2016 haben wir unser Dienstleistungsportfolio um den Bereich <strong>Lohnabf\u00fcllung\/-fertigung<\/strong> von <strong>pulverf\u00f6rmigen Produkten<\/strong> im Bereich von 0,025 bis 20kg erweitert.<\/p>\n<p>Als <strong>handwerklich gepr\u00e4gtes Unternehmen<\/strong> liegt dabei unser Fokus auf das Abf\u00fcllen von Kleinserien (<em>1-10.000 St\u00fcck<\/em>), um Ihrem Unternehmen die Investitionen in eine entsprechende Infrastruktur zu ersparen. Damit sind wir kein konventioneller Lohnfertiger sondern <strong>Spezialist f\u00fcr die Nische<\/strong>, die f\u00fcr die <em>\u201eGro\u00dfen\u201c<\/em> nicht interessant ist. Als Manufaktur bieten wir insbesondere die <strong>effiziente Produktion<\/strong> von Klein(st)mengen an.<\/p>\n","protected":false},"excerpt":{"rendered":"<p>Seit Gr\u00fcndung im Jahr 2001 ist das Unternehmen kontinuierlich gewachsen und anerkannter Spezialist f\u00fcr die Entwicklung, Produktion und Vermarktung von hochleistungsf\u00e4higen Pulvermischungen zur Texturierung von Lebensmitteln. Im Zuge unseres Wachstums und mit dem Bezug einer neuen Betriebst\u00e4tte 2016 haben wir unser Dienstleistungsportfolio um den Bereich Lohnabf\u00fcllung\/-fertigung von pulverf\u00f6rmigen Produkten im Bereich von 0,025 bis 20kg&hellip;<\/p>\n","protected":false},"author":2,"featured_media":50,"parent":0,"menu_order":0,"comment_status":"closed","ping_status":"closed","template":"","meta":{"footnotes":""},"class_list":["post-9","page","type-page","status-publish","has-post-thumbnail","hentry"],"yoast_head":"<!-- This site is optimized with the Yoast SEO plugin v26.9 - https:\/\/yoast.com\/product\/yoast-seo-wordpress\/ -->\n<title>Biozoon GmbH - lohnhersteller<\/title>\n<meta name=\"robots\" content=\"index, follow, max-snippet:-1, max-image-preview:large, max-video-preview:-1\" \/>\n<link rel=\"canonical\" href=\"https:\/\/biozoon.de\/lohn-hersteller\/biozoon-gmbh\/\" \/>\n<meta property=\"og:locale\" content=\"de_DE\" \/>\n<meta property=\"og:type\" content=\"article\" \/>\n<meta property=\"og:title\" content=\"Biozoon GmbH - lohnhersteller\" \/>\n<meta property=\"og:description\" content=\"Seit Gr\u00fcndung im Jahr 2001 ist das Unternehmen kontinuierlich gewachsen und anerkannter Spezialist f\u00fcr die Entwicklung, Produktion und Vermarktung von hochleistungsf\u00e4higen Pulvermischungen zur Texturierung von Lebensmitteln. Im Zuge unseres Wachstums und mit dem Bezug einer neuen Betriebst\u00e4tte 2016 haben wir unser Dienstleistungsportfolio um den Bereich Lohnabf\u00fcllung\/-fertigung von pulverf\u00f6rmigen Produkten im Bereich von 0,025 bis 20kg&hellip;\" \/>\n<meta property=\"og:url\" content=\"https:\/\/biozoon.de\/lohn-hersteller\/biozoon-gmbh\/\" \/>\n<meta property=\"og:site_name\" content=\"lohnhersteller\" \/>\n<meta property=\"article:modified_time\" content=\"2020-05-06T10:08:43+00:00\" \/>\n<meta property=\"og:image\" content=\"https:\/\/biozoon.de\/lohn-hersteller\/wp-content\/uploads\/2020\/02\/about.png\" \/>\n\t<meta property=\"og:image:width\" content=\"822\" \/>\n\t<meta property=\"og:image:height\" content=\"625\" \/>\n\t<meta property=\"og:image:type\" content=\"image\/png\" \/>\n<meta name=\"twitter:card\" content=\"summary_large_image\" \/>\n<meta name=\"twitter:label1\" content=\"Gesch\u00e4tzte Lesezeit\" \/>\n\t<meta name=\"twitter:data1\" content=\"1\u00a0Minute\" \/>\n<script type=\"application\/ld+json\" class=\"yoast-schema-graph\">{\"@context\":\"https:\/\/schema.org\",\"@graph\":[{\"@type\":\"WebPage\",\"@id\":\"https:\/\/biozoon.de\/lohn-hersteller\/biozoon-gmbh\/\",\"url\":\"https:\/\/biozoon.de\/lohn-hersteller\/biozoon-gmbh\/\",\"name\":\"Biozoon GmbH - lohnhersteller\",\"isPartOf\":{\"@id\":\"https:\/\/biozoon.de\/lohn-hersteller\/#website\"},\"primaryImageOfPage\":{\"@id\":\"https:\/\/biozoon.de\/lohn-hersteller\/biozoon-gmbh\/#primaryimage\"},\"image\":{\"@id\":\"https:\/\/biozoon.de\/lohn-hersteller\/biozoon-gmbh\/#primaryimage\"},\"thumbnailUrl\":\"https:\/\/biozoon.de\/lohn-hersteller\/wp-content\/uploads\/2020\/02\/about.png\",\"datePublished\":\"2020-02-19T09:27:44+00:00\",\"dateModified\":\"2020-05-06T10:08:43+00:00\",\"breadcrumb\":{\"@id\":\"https:\/\/biozoon.de\/lohn-hersteller\/biozoon-gmbh\/#breadcrumb\"},\"inLanguage\":\"de\",\"potentialAction\":[{\"@type\":\"ReadAction\",\"target\":[\"https:\/\/biozoon.de\/lohn-hersteller\/biozoon-gmbh\/\"]}]},{\"@type\":\"ImageObject\",\"inLanguage\":\"de\",\"@id\":\"https:\/\/biozoon.de\/lohn-hersteller\/biozoon-gmbh\/#primaryimage\",\"url\":\"https:\/\/biozoon.de\/lohn-hersteller\/wp-content\/uploads\/2020\/02\/about.png\",\"contentUrl\":\"https:\/\/biozoon.de\/lohn-hersteller\/wp-content\/uploads\/2020\/02\/about.png\",\"width\":822,\"height\":625},{\"@type\":\"BreadcrumbList\",\"@id\":\"https:\/\/biozoon.de\/lohn-hersteller\/biozoon-gmbh\/#breadcrumb\",\"itemListElement\":[{\"@type\":\"ListItem\",\"position\":1,\"name\":\"Home\",\"item\":\"https:\/\/biozoon.de\/lohn-hersteller\/\"},{\"@type\":\"ListItem\",\"position\":2,\"name\":\"Biozoon GmbH\"}]},{\"@type\":\"WebSite\",\"@id\":\"https:\/\/biozoon.de\/lohn-hersteller\/#website\",\"url\":\"https:\/\/biozoon.de\/lohn-hersteller\/\",\"name\":\"lohnhersteller\",\"description\":\"\",\"potentialAction\":[{\"@type\":\"SearchAction\",\"target\":{\"@type\":\"EntryPoint\",\"urlTemplate\":\"https:\/\/biozoon.de\/lohn-hersteller\/?s={search_term_string}\"},\"query-input\":{\"@type\":\"PropertyValueSpecification\",\"valueRequired\":true,\"valueName\":\"search_term_string\"}}],\"inLanguage\":\"de\"}]}<\/script>\n<!-- \/ Yoast SEO plugin. -->","yoast_head_json":{"title":"Biozoon GmbH - lohnhersteller","robots":{"index":"index","follow":"follow","max-snippet":"max-snippet:-1","max-image-preview":"max-image-preview:large","max-video-preview":"max-video-preview:-1"},"canonical":"https:\/\/biozoon.de\/lohn-hersteller\/biozoon-gmbh\/","og_locale":"de_DE","og_type":"article","og_title":"Biozoon GmbH - lohnhersteller","og_description":"Seit Gr\u00fcndung im Jahr 2001 ist das Unternehmen kontinuierlich gewachsen und anerkannter Spezialist f\u00fcr die Entwicklung, Produktion und Vermarktung von hochleistungsf\u00e4higen Pulvermischungen zur Texturierung von Lebensmitteln. Im Zuge unseres Wachstums und mit dem Bezug einer neuen Betriebst\u00e4tte 2016 haben wir unser Dienstleistungsportfolio um den Bereich Lohnabf\u00fcllung\/-fertigung von pulverf\u00f6rmigen Produkten im Bereich von 0,025 bis 20kg&hellip;","og_url":"https:\/\/biozoon.de\/lohn-hersteller\/biozoon-gmbh\/","og_site_name":"lohnhersteller","article_modified_time":"2020-05-06T10:08:43+00:00","og_image":[{"width":822,"height":625,"url":"https:\/\/biozoon.de\/lohn-hersteller\/wp-content\/uploads\/2020\/02\/about.png","type":"image\/png"}],"twitter_card":"summary_large_image","twitter_misc":{"Gesch\u00e4tzte Lesezeit":"1\u00a0Minute"},"schema":{"@context":"https:\/\/schema.org","@graph":[{"@type":"WebPage","@id":"https:\/\/biozoon.de\/lohn-hersteller\/biozoon-gmbh\/","url":"https:\/\/biozoon.de\/lohn-hersteller\/biozoon-gmbh\/","name":"Biozoon GmbH - lohnhersteller","isPartOf":{"@id":"https:\/\/biozoon.de\/lohn-hersteller\/#website"},"primaryImageOfPage":{"@id":"https:\/\/biozoon.de\/lohn-hersteller\/biozoon-gmbh\/#primaryimage"},"image":{"@id":"https:\/\/biozoon.de\/lohn-hersteller\/biozoon-gmbh\/#primaryimage"},"thumbnailUrl":"https:\/\/biozoon.de\/lohn-hersteller\/wp-content\/uploads\/2020\/02\/about.png","datePublished":"2020-02-19T09:27:44+00:00","dateModified":"2020-05-06T10:08:43+00:00","breadcrumb":{"@id":"https:\/\/biozoon.de\/lohn-hersteller\/biozoon-gmbh\/#breadcrumb"},"inLanguage":"de","potentialAction":[{"@type":"ReadAction","target":["https:\/\/biozoon.de\/lohn-hersteller\/biozoon-gmbh\/"]}]},{"@type":"ImageObject","inLanguage":"de","@id":"https:\/\/biozoon.de\/lohn-hersteller\/biozoon-gmbh\/#primaryimage","url":"https:\/\/biozoon.de\/lohn-hersteller\/wp-content\/uploads\/2020\/02\/about.png","contentUrl":"https:\/\/biozoon.de\/lohn-hersteller\/wp-content\/uploads\/2020\/02\/about.png","width":822,"height":625},{"@type":"BreadcrumbList","@id":"https:\/\/biozoon.de\/lohn-hersteller\/biozoon-gmbh\/#breadcrumb","itemListElement":[{"@type":"ListItem","position":1,"name":"Home","item":"https:\/\/biozoon.de\/lohn-hersteller\/"},{"@type":"ListItem","position":2,"name":"Biozoon GmbH"}]},{"@type":"WebSite","@id":"https:\/\/biozoon.de\/lohn-hersteller\/#website","url":"https:\/\/biozoon.de\/lohn-hersteller\/","name":"lohnhersteller","description":"","potentialAction":[{"@type":"SearchAction","target":{"@type":"EntryPoint","urlTemplate":"https:\/\/biozoon.de\/lohn-hersteller\/?s={search_term_string}"},"query-input":{"@type":"PropertyValueSpecification","valueRequired":true,"valueName":"search_term_string"}}],"inLanguage":"de"}]}},"_links":{"self":[{"href":"https:\/\/biozoon.de\/lohn-hersteller\/wp-json\/wp\/v2\/pages\/9","targetHints":{"allow":["GET"]}}],"collection":[{"href":"https:\/\/biozoon.de\/lohn-hersteller\/wp-json\/wp\/v2\/pages"}],"about":[{"href":"https:\/\/biozoon.de\/lohn-hersteller\/wp-json\/wp\/v2\/types\/page"}],"author":[{"embeddable":true,"href":"https:\/\/biozoon.de\/lohn-hersteller\/wp-json\/wp\/v2\/users\/2"}],"replies":[{"embeddable":true,"href":"https:\/\/biozoon.de\/lohn-hersteller\/wp-json\/wp\/v2\/comments?post=9"}],"version-history":[{"count":4,"href":"https:\/\/biozoon.de\/lohn-hersteller\/wp-json\/wp\/v2\/pages\/9\/revisions"}],"predecessor-version":[{"id":159,"href":"https:\/\/biozoon.de\/lohn-hersteller\/wp-json\/wp\/v2\/pages\/9\/revisions\/159"}],"wp:featuredmedia":[{"embeddable":true,"href":"https:\/\/biozoon.de\/lohn-hersteller\/wp-json\/wp\/v2\/media\/50"}],"wp:attachment":[{"href":"https:\/\/biozoon.de\/lohn-hersteller\/wp-json\/wp\/v2\/media?parent=9"}],"curies":[{"name":"wp","href":"https:\/\/api.w.org\/{rel}","templated":true}]}}